{"id":4238,"date":"2025-10-08T12:22:16","date_gmt":"2025-10-08T12:22:16","guid":{"rendered":"https:\/\/megaroboticsacademy.com\/shop\/uncategorized\/pumpkin-seed-oil\/"},"modified":"2025-10-29T10:27:56","modified_gmt":"2025-10-29T10:27:56","slug":"pumpkin-seed-oil","status":"publish","type":"product","link":"https:\/\/airshiptrips.com\/ru\/shop\/natural-oils\/pumpkin-seed-oil\/","title":{"rendered":"\u041c\u0430\u0441\u043b\u043e \u0441\u0435\u043c\u044f\u043d \u0442\u044b\u043a\u0432\u044b"},"content":{"rendered":"<h3><b>\u041d\u0430\u0442\u0443\u0440\u0430\u043b\u044c\u043d\u043e\u0435 \u043c\u0430\u0441\u043b\u043e \u0441\u0435\u043c\u044f\u043d \u0442\u044b\u043a\u0432\u044b<br \/>\n<\/b><\/h3>\n<p>\u0420\u0435\u0448\u0438\u0432 \u043f\u0435\u0440\u0435\u0439\u0442\u0438 \u043a \u0437\u0434\u043e\u0440\u043e\u0432\u043e\u043c\u0443 \u043e\u0431\u0440\u0430\u0437\u0443 \u0436\u0438\u0437\u043d\u0438, \u043f\u0435\u0440\u0432\u044b\u043c \u0434\u0435\u043b\u043e\u043c \u0432\u044b \u0434\u043e\u043b\u0436\u043d\u044b \u043d\u0430\u0439\u0442\u0438 \u043d\u0430\u0442\u0443\u0440\u0430\u043b\u044c\u043d\u043e\u0435 \u043c\u0430\u0441\u043b\u043e \u0441\u0435\u043c\u044f\u043d \u0442\u044b\u043a\u0432\u044b \u0445\u043e\u043b\u043e\u0434\u043d\u043e\u0433\u043e \u043e\u0442\u0436\u0438\u043c\u0430. \u0420\u0435\u0433\u0443\u043b\u044f\u0440\u043d\u043e\u0435 \u0443\u043f\u043e\u0442\u0440\u0435\u0431\u043b\u0435\u043d\u0438\u0435 \u0442\u044b\u043a\u0432\u0435\u043d\u043d\u043e\u0433\u043e \u043c\u0430\u0441\u043b\u0430, \u044f\u0432\u043b\u044f\u044e\u0449\u0435\u0433\u043e\u0441\u044f \u043e\u0442\u043b\u0438\u0447\u043d\u044b\u043c \u0438\u0441\u0442\u043e\u0447\u043d\u0438\u043a\u043e\u043c \u043f\u0440\u0438\u0440\u043e\u0434\u043d\u044b\u0445 \u0430\u043d\u0442\u0438\u0431\u0438\u043e\u0442\u0438\u043a\u043e\u0432 \u0438 \u0430\u043d\u0442\u0438\u043e\u043a\u0441\u0438\u0434\u0430\u043d\u0442\u043e\u0432, \u043f\u043e\u043c\u043e\u0436\u0435\u0442 \u0447\u0435\u043b\u043e\u0432\u0435\u043a\u0443 \u043b\u044e\u0431\u043e\u0433\u043e \u0432\u043e\u0437\u0440\u0430\u0441\u0442\u0430 \u0443\u043a\u0440\u0435\u043f\u0438\u0442\u044c \u0441\u0432\u043e\u0439 \u0438\u043c\u043c\u0443\u043d\u0438\u0442\u0435\u0442 \u0438 \u043d\u0430\u0434\u0435\u0436\u043d\u043e \u0437\u0430\u0449\u0438\u0442\u0438\u0442\u044c \u0441\u0432\u043e\u0439 \u043e\u0440\u0433\u0430\u043d\u0438\u0437\u043c \u043e\u0442 \u0438\u043d\u0444\u0435\u043a\u0446\u0438\u043e\u043d\u043d\u044b\u0445, \u0430\u043b\u043b\u0435\u0440\u0433\u0438\u0447\u0435\u0441\u043a\u0438\u0445 \u0438 \u043e\u043d\u043a\u043e\u043b\u043e\u0433\u0438\u0447\u0435\u0441\u043a\u0438\u0445 \u0437\u0430\u0431\u043e\u043b\u0435\u0432\u0430\u043d\u0438\u0439. \u0422\u044b\u043a\u0432\u0435\u043d\u043d\u043e\u0435 \u043c\u0430\u0441\u043b\u043e \u043e\u0431\u043b\u0430\u0434\u0430\u0435\u0442 \u043c\u043e\u0449\u043d\u044b\u043c \u0430\u043d\u0442\u0438\u043e\u043a\u0441\u0438\u0434\u0430\u043d\u0442\u043d\u044b\u043c \u0441\u0432\u043e\u0439\u0441\u0442\u0432\u043e\u043c, \u0431\u043b\u0430\u0433\u043e\u0434\u0430\u0440\u044f \u0447\u0435\u043c\u0443 \u043e\u043a\u0430\u0437\u044b\u0432\u0430\u0435\u0442 \u043d\u0430 \u043e\u0440\u0433\u0430\u043d\u0438\u0437\u043c \u043e\u0431\u0449\u0435\u0443\u043a\u0440\u0435\u043f\u043b\u044f\u044e\u0449\u0435\u0435 \u0434\u0435\u0439\u0441\u0442\u0432\u0438\u0435, \u043f\u043e\u0432\u044b\u0448\u0430\u0435\u0442 \u0438\u043c\u043c\u0443\u043d\u0438\u0442\u0435\u0442 \u0438 \u0443\u0441\u043a\u043e\u0440\u044f\u0435\u0442 \u043e\u0431\u043c\u0435\u043d \u0432\u0435\u0449\u0435\u0441\u0442\u0432, \u043d\u043e\u0440\u043c\u0430\u043b\u0438\u0437\u0443\u0435\u0442 \u0440\u0430\u0431\u043e\u0442\u0443 \u043a\u0438\u0448\u0435\u0447\u043d\u0438\u043a\u0430 \u0438 \u0441\u043d\u0438\u0436\u0430\u0435\u0442 \u043a\u0438\u0441\u043b\u043e\u0442\u043d\u043e\u0441\u0442\u044c \u0436\u0435\u043b\u0443\u0434\u043a\u0430, \u0432\u044b\u0432\u043e\u0434\u0438\u0442 \u0442\u043e\u043a\u0441\u0438\u043d\u044b, \u0443\u043c\u0435\u043d\u044c\u0448\u0430\u0435\u0442 \u043e\u0442\u0435\u0447\u043d\u043e\u0441\u0442\u044c. \u041e\u0441\u043d\u043e\u0432\u043d\u044b\u0435 \u043e\u0431\u043b\u0430\u0441\u0442\u0438 \u043f\u0440\u0438\u043c\u0435\u043d\u0435\u043d\u0438\u044f:\u00a0 \u0446\u0438\u0440\u0440\u043e\u0437, \u0436\u0438\u0440\u043e\u0432\u0430\u044f \u0434\u0438\u0441\u0442\u0440\u043e\u0444\u0438\u044f, \u0430\u043b\u043a\u043e\u0433\u043e\u043b\u044c\u043d\u043e\u0435 \u043f\u043e\u0440\u0430\u0436\u0435\u043d\u0438\u0435 \u043f\u0435\u0447\u0435\u043d\u0438, \u0433\u0435\u043f\u0430\u0442\u0438\u0442, \u0445\u043e\u043b\u0435\u0446\u0438\u0441\u0442\u0438\u0442, \u043e\u0436\u0438\u0440\u0435\u043d\u0438\u0435, \u0434\u0438\u0441\u043a\u0438\u043d\u0435\u0437\u0438\u044f \u0436\u0435\u043b\u0447\u0435\u0432\u044b\u0432\u043e\u0434\u044f\u0449\u0438\u0445 \u043f\u0443\u0442\u0435\u0439, \u0438\u0437\u0436\u043e\u0433\u0430, \u0433\u0430\u0441\u0442\u0440\u0438\u0442 \u043e\u0441\u0442\u0440\u044b\u0439 \u0438 \u0445\u0440\u043e\u043d\u0438\u0447\u0435\u0441\u043a\u0438\u0439, \u044f\u0437\u0432\u0435\u043d\u043d\u0430\u044f \u0431\u043e\u043b\u0435\u0437\u043d\u044c \u0436\u0435\u043b\u0443\u0434\u043a\u0430 \u0438 \u0434\u0432\u0435\u043d\u0430\u0434\u0446\u0430\u0442\u0438\u043f\u0435\u0440\u0441\u0442\u043d\u043e\u0439 \u043a\u0438\u0448\u043a\u0438, \u043a\u043e\u043b\u0438\u0442, \u044d\u043d\u0442\u0435\u0440\u043e\u043a\u043e\u043b\u0438\u0442, \u0441\u0442\u043e\u043c\u0430\u0442\u0438\u0442, \u043f\u0430\u0440\u043e\u0434\u043e\u043d\u0442\u043e\u0437, \u0430\u0434\u0435\u043d\u043e\u043c\u0430 \u043f\u0440\u0435\u0434\u0441\u0442\u0430\u0442\u0435\u043b\u044c\u043d\u043e\u0439 \u0436\u0435\u043b\u0435\u0437\u044b, \u0441\u043d\u0438\u0436\u0435\u043d\u0438\u0435 \u043f\u043e\u043b\u043e\u0432\u043e\u0439 \u043f\u043e\u0442\u0435\u043d\u0446\u0438\u0438 \u0443 \u043c\u0443\u0436\u0447\u0438\u043d, \u0433\u0435\u043c\u043e\u0440\u0440\u043e\u0439, \u0437\u0430\u043f\u043e\u0440\u044b, \u043c\u0435\u0442\u0435\u043e\u0440\u0438\u0437\u043c, \u0433\u043b\u0438\u0441\u0442\u044b, \u0436\u0435\u043b\u0447\u0435\u043a\u0430\u043c\u0435\u043d\u043d\u0430\u044f \u0431\u043e\u043b\u0435\u0437\u043d\u044c.<\/p>\n<h3><b>\u041d\u0430\u0442\u0443\u0440\u0430\u043b\u044c\u043d\u043e\u0435 \u043c\u0430\u0441\u043b\u043e \u0441\u0435\u043c\u044f\u043d \u0442\u044b\u043a\u0432\u044b \u0434\u043b\u044f \u043f\u043e\u0447\u0435\u043a<br \/>\n<\/b><\/h3>\n<p>\u041f\u0438\u0442\u0430\u0442\u0435\u043b\u044c\u043d\u044b\u0435 \u0432\u0435\u0449\u0435\u0441\u0442\u0432\u0430 \u043d\u0430\u0442\u0443\u0440\u0430\u043b\u044c\u043d\u043e\u0433\u043e \u043c\u0430\u0441\u043b\u0430 \u0441\u0435\u043c\u044f\u043d \u0442\u044b\u043a\u0432\u044b \u0432\u043b\u0438\u044f\u044e\u0442 \u043d\u0430 \u043e\u0431\u0440\u0430\u0437\u043e\u0432\u0430\u043d\u0438\u0435 \u043a\u0430\u043c\u043d\u0435\u0439 \u0432 \u043f\u043e\u0447\u043a\u0430\u0445. \u0410\u043a\u0442\u0438\u0432\u043d\u044b\u0435 \u0432\u0435\u0449\u0435\u0441\u0442\u0432\u0430 \u0442\u044b\u043a\u0432\u0435\u043d\u043d\u043e\u0433\u043e \u043c\u0430\u0441\u043b\u0430 \u0443\u043c\u0435\u043d\u044c\u0448\u0430\u044e\u0442 \u0441\u0442\u0435\u043f\u0435\u043d\u044c \u0444\u043e\u0440\u043c\u0438\u0440\u043e\u0432\u0430\u043d\u0438\u044f \u043a\u0430\u043c\u043d\u0435\u0439, \u0447\u0442\u043e \u0444\u0430\u043a\u0442\u0438\u0447\u0435\u0441\u043a\u0438 \u043f\u0440\u0435\u043f\u044f\u0442\u0441\u0442\u0432\u0443\u0435\u0442 \u043e\u0431\u0440\u0430\u0437\u043e\u0432\u0430\u043d\u0438\u044e \u043a\u0430\u043c\u043d\u0435\u0439, \u0438 \u0443\u0432\u0435\u043b\u0438\u0447\u0438\u0432\u0430\u0435\u0442 \u043a\u043e\u043b\u0438\u0447\u0435\u0441\u0442\u0432\u043e \u0441\u043e\u0435\u0434\u0438\u043d\u0435\u043d\u0438\u0439, \u0432\u044b\u0432\u043e\u0434\u044f\u0449\u0438\u0445 \u043f\u0435\u0441\u043e\u043a,\u00a0 \u0447\u0442\u043e \u0442\u0430\u043a \u0436\u0435 \u043f\u0440\u0435\u043f\u044f\u0442\u0441\u0442\u0432\u0443\u0435\u0442 \u043e\u0431\u0440\u0430\u0437\u043e\u0432\u0430\u043d\u0438\u044e \u043a\u0430\u043c\u043d\u0435\u0439 \u0432 \u043f\u043e\u0447\u043a\u0430\u0445. \u041d\u0430\u0442\u0443\u0440\u0430\u043b\u044c\u043d\u043e\u0435 \u043c\u0430\u0441\u043b\u043e \u0441\u0435\u043c\u044f\u043d \u0442\u044b\u043a\u0432\u044b \u0441\u043f\u043e\u0441\u043e\u0431\u043d\u043e \u043f\u043e\u043c\u043e\u0447\u044c \u0441 \u0440\u0430\u0437\u043b\u0438\u0447\u043d\u044b\u043c\u0438 \u043f\u0440\u043e\u0431\u043b\u0435\u043c\u0430\u043c\u0438 \u0441 \u043f\u043e\u0447\u043a\u0430\u043c\u0438, \u0430 \u0442\u0430\u043a\u0436\u0435 \u043f\u0440\u0438 \u0437\u0430\u0431\u043e\u043b\u0435\u0432\u0430\u043d\u0438\u044f\u0445 \u043c\u043e\u0447\u0435\u0432\u044b\u0432\u043e\u0434\u044f\u0449\u0438\u0445 \u043f\u0443\u0442\u0435\u0439.<\/p>\n<h3><b>\u041c\u0430\u0441\u043b\u043e \u0441\u0435\u043c\u044f\u043d \u0442\u044b\u043a\u0432\u044b \u2013 \u043f\u0440\u0438\u0440\u043e\u0434\u043d\u0430\u044f \u0430\u043f\u0442\u0435\u043a\u0430<br \/>\n<\/b><\/h3>\n<p>\u041d\u0430\u0442\u0443\u0440\u0430\u043b\u044c\u043d\u043e\u0435 \u043c\u0430\u0441\u043b\u043e \u0441\u0435\u043c\u044f\u043d \u0442\u044b\u043a\u0432\u044b \u0445\u043e\u043b\u043e\u0434\u043d\u043e\u0433\u043e \u043e\u0442\u0436\u0438\u043c\u0430 \u043e\u0431\u043b\u0430\u0434\u0430\u0435\u0442 \u0438\u0434\u0435\u0430\u043b\u044c\u043d\u043e \u0441\u0431\u0430\u043b\u0430\u043d\u0441\u0438\u0440\u043e\u0432\u0430\u043d\u043d\u044b\u043c \u0441\u043e\u0441\u0442\u0430\u0432\u043e\u043c \u043f\u043e\u043b\u0438\u043d\u0435\u043d\u0430\u0441\u044b\u0449\u0435\u043d\u043d\u044b\u0445 \u0436\u0438\u0440\u043d\u044b\u0445 \u043a\u0438\u0441\u043b\u043e\u0442: \u043c\u0438\u0440\u0438\u0441\u0442\u0438\u043d\u043e\u0432\u043e\u0439, \u043f\u0430\u043b\u044c\u043c\u0438\u0442\u0438\u043d\u043e\u0432\u043e\u0439, \u043f\u0430\u043b\u044c\u043c\u0438\u0442\u043e\u043b\u0435\u0438\u043d\u043e\u0432\u043e\u0439, \u0441\u0442\u0435\u0430\u0440\u0438\u043d\u043e\u0432\u043e\u0439, \u043e\u043b\u0435\u0438\u043d\u043e\u0432\u043e\u0439, \u043b\u0438\u043d\u043e\u043b\u0435\u043d\u043e\u0432\u043e\u0439, \u0430\u0440\u0430\u0445\u0438\u0434\u043e\u043d\u043e\u0432\u043e\u0439, \u0433\u0430\u0434\u043e\u043b\u0435\u0438\u043d\u043e\u0432\u043e\u0439, \u0431\u0435\u0433\u0435\u043d\u043e\u0432\u043e\u0439, \u043a\u043e\u0442\u043e\u0440\u044b\u0435 \u0432 \u0442\u0430\u043a\u0438\u0445 \u043a\u043e\u043b\u0438\u0447\u0435\u0441\u0442\u0432\u0430\u0445 \u0432\u044b \u043d\u0435 \u043d\u0430\u0439\u0434\u0435\u0442\u0435 \u043d\u0438 \u0432 \u043a\u0430\u043a\u0438\u0445 \u0434\u0440\u0443\u0433\u0438\u0445 \u043c\u0430\u0441\u043b\u0430\u0445, \u043a\u0440\u043e\u043c\u0435\u00a0 \u043d\u0430\u0442\u0443\u0440\u0430\u043b\u044c\u043d\u043e\u0433\u043e \u043c\u0430\u0441\u043b\u0430 \u0441\u0435\u043c\u044f\u043d \u0442\u044b\u043a\u0432\u044b. \u042d\u0442\u043e \u043c\u0430\u0441\u043b\u043e \u0447\u0440\u0435\u0437\u0432\u044b\u0447\u0430\u0439\u043d\u043e \u0431\u043e\u0433\u0430\u0442\u043e \u0432\u0438\u0442\u0430\u043c\u0438\u043d\u0430\u043c\u0438 \u0438 \u043f\u0438\u0442\u0430\u0442\u0435\u043b\u044c\u043d\u044b\u043c\u0438 \u044d\u043b\u0435\u043c\u0435\u043d\u0442\u0430\u043c\u0438: \u0410, \u0415,\u00a0 B1, B2, B6, C, \u041a, P, PP, \u0444\u043e\u0441\u0444\u043e\u043b\u0438\u043f\u0438\u0434\u044b, \u0442\u043e\u043a\u043e\u0444\u0435\u0440\u043e\u043b, \u0444\u043b\u0430\u0432\u043e\u043d\u043e\u0438\u0434\u044b \u0438 \u043a\u0430\u0440\u043e\u0442\u0438\u043d\u043e\u0438\u0434\u044b, \u043c\u0430\u0433\u043d\u0438\u0439, \u0436\u0435\u043b\u0435\u0437\u043e, \u0441\u0435\u043b\u0435\u043d, \u0446\u0438\u043d\u043a.<\/p>\n<h3><b>\u041c\u0430\u0441\u043b\u043e \u0441\u0435\u043c\u044f\u043d \u0442\u044b\u043a\u0432\u044b \u2014 \u0430\u043d\u0442\u0438\u0433\u0435\u043b\u044c\u043c\u0438\u043d\u0442\u043d\u044b\u0435 \u0441\u0432\u043e\u0439\u0441\u0442\u0432\u0430<br \/>\n<\/b><\/h3>\n<p>\u041d\u0430\u0442\u0443\u0440\u0430\u043b\u044c\u043d\u043e\u0435 \u043c\u0430\u0441\u043b\u043e \u0441\u0435\u043c\u044f\u043d \u0442\u044b\u043a\u0432\u044b \u0438\u0437\u0432\u0435\u0441\u0442\u043d\u043e \u0432\u043f\u0435\u0447\u0430\u0442\u043b\u044f\u044e\u0449\u0438\u043c \u043a\u043e\u043b\u0438\u0447\u0435\u0441\u0442\u0432\u043e\u043c \u043a\u0443\u043a\u0443\u0440\u0431\u0438\u0442\u0438\u043d\u0430, \u044d\u0442\u043e \u0432\u0435\u0449\u0435\u0441\u0442\u0432\u043e \u043f\u0430\u0440\u0430\u043b\u0438\u0437\u0443\u0435\u0442 \u0433\u0435\u043b\u044c\u043c\u0438\u043d\u0442\u043e\u0432, \u043b\u0438\u0448\u0430\u044f \u0438\u0445 \u0432\u043e\u0437\u043c\u043e\u0436\u043d\u043e\u0441\u0442\u0438 \u043f\u0440\u0438\u043a\u0440\u0435\u043f\u0438\u0442\u044c\u0441\u044f \u043a \u0441\u0442\u0435\u043d\u043a\u0430\u043c \u043a\u0438\u0448\u0435\u0447\u043d\u0438\u043a\u0430\u00a0 \u0438\u043b\u0438 \u0436\u0435\u043b\u0447\u043d\u043e\u0433\u043e \u043f\u0443\u0437\u044b\u0440\u044f, \u0442\u0430\u043a\u0436\u0435 \u0442\u044b\u043a\u0432\u0435\u043d\u043d\u043e\u0435 \u043c\u0430\u0441\u043b\u043e \u043f\u0440\u0435\u043f\u044f\u0442\u0441\u0442\u0432\u0443\u0435\u0442 \u0440\u0430\u0437\u043c\u043d\u043e\u0436\u0435\u043d\u0438\u044e \u043f\u0430\u0440\u0430\u0437\u0438\u0442\u043e\u0432.<\/p>\n<h3><b>\u0422\u044b\u043a\u0432\u0435\u043d\u043d\u043e\u0435 \u043c\u0430\u0441\u043b\u043e \u0434\u043b\u044f \u043c\u0443\u0436\u0447\u0438\u043d<br \/>\n<\/b><\/h3>\n<p>\u041c\u0430\u0441\u043b\u043e \u0442\u044b\u043a\u0432\u044b\u00a0 \u0441\u043e\u0434\u0435\u0440\u0436\u0438\u0442 \u0443\u043d\u0438\u043a\u0430\u043b\u044c\u043d\u044b\u0439 \u043a\u043e\u043c\u043f\u043b\u0435\u043a\u0441 \u0432\u0435\u0449\u0435\u0441\u0442\u0432, \u043e\u0431\u043b\u0430\u0434\u0430\u044e\u0449\u0438\u0439 \u043c\u043e\u0447\u0435\u0433\u043e\u043d\u043d\u044b\u043c\u0438, \u0431\u0430\u043a\u0442\u0435\u0440\u0438\u0446\u0438\u0434\u043d\u044b\u043c\u0438, \u043f\u0440\u043e\u0442\u0438\u0432\u043e\u0432\u043e\u0441\u043f\u0430\u043b\u0438\u0442\u0435\u043b\u044c\u043d\u044b\u043c\u0438, \u043f\u0440\u043e\u0442\u0438\u0432\u043e\u043e\u043f\u0443\u0445\u043e\u043b\u0435\u0432\u044b\u043c\u0438 \u0438 \u0430\u043d\u0434\u0440\u043e\u0433\u0435\u043d\u043d\u044b\u043c\u0438 \u0441\u0432\u043e\u0439\u0441\u0442\u0432\u0430\u043c\u0438, \u043e\u043d\u043e \u043e\u043a\u0430\u0437\u044b\u0432\u0430\u0435\u0442 \u0431\u043b\u0430\u0433\u043e\u0442\u0432\u043e\u0440\u043d\u043e\u0435 \u0434\u0435\u0439\u0441\u0442\u0432\u0438\u0435 \u043d\u0430 \u0440\u0430\u0431\u043e\u0442\u0443 \u043f\u0440\u0435\u0434\u0441\u0442\u0430\u0442\u0435\u043b\u044c\u043d\u043e\u0439 \u0436\u0435\u043b\u0435\u0437\u044b, \u0443\u043b\u0443\u0447\u0448\u0430\u0435\u0442 \u044d\u0440\u0435\u043a\u0442\u0438\u043b\u044c\u043d\u0443\u044e \u0444\u0443\u043d\u043a\u0446\u0438\u044e \u0438 \u043d\u043e\u0440\u043c\u0430\u043b\u0438\u0437\u0443\u0435\u0442 \u043f\u0440\u043e\u0446\u0435\u0441\u0441 \u0441\u043f\u0435\u0440\u043c\u0430\u0442\u043e\u0433\u0435\u043d\u0435\u0437\u0430, \u0437\u0430\u0449\u0438\u0449\u0430\u0435\u0442 \u0442\u043a\u0430\u043d\u0438 \u0438 \u0441\u043e\u0441\u0443\u0434\u044b \u043c\u043e\u0447\u0435\u043f\u043e\u043b\u043e\u0432\u044b\u0445 \u043e\u0440\u0433\u0430\u043d\u043e\u0432 \u043e\u0442 \u0440\u0430\u0437\u0432\u0438\u0442\u0438\u044f \u0432 \u043d\u0438\u0445 \u0432\u043e\u0441\u043f\u0430\u043b\u0438\u0442\u0435\u043b\u044c\u043d\u044b\u0445 \u043f\u0440\u043e\u0446\u0435\u0441\u0441\u043e\u0432. \u041f\u043e\u044d\u0442\u043e\u043c\u0443 \u0442\u044b\u043a\u0432\u0435\u043d\u043d\u043e\u0435 \u043c\u0430\u0441\u043b\u043e \u0448\u0438\u0440\u043e\u043a\u043e \u043f\u0440\u0438\u043c\u0435\u043d\u044f\u0435\u0442\u0441\u044f\u00a0 \u0432 \u043f\u0440\u043e\u0444\u0438\u043b\u0430\u043a\u0442\u0438\u043a\u0435 \u043f\u0440\u043e\u0441\u0442\u0430\u0442\u0438\u0442\u0430, \u0430\u0434\u0435\u043d\u043e\u043c\u044b \u043f\u0440\u0435\u0434\u0441\u0442\u0430\u0442\u0435\u043b\u044c\u043d\u043e\u0439 \u0436\u0435\u043b\u0435\u0437\u044b, \u044d\u0440\u0435\u043a\u0442\u0438\u043b\u044c\u043d\u043e\u0439 \u0434\u0438\u0441\u0444\u0443\u043d\u043a\u0446\u0438\u0438, \u0437\u0430\u0431\u043e\u043b\u0435\u0432\u0430\u043d\u0438\u0439 \u043c\u043e\u0447\u0435\u0432\u043e\u0433\u043e \u043f\u0443\u0437\u044b\u0440\u044f \u0438 \u0443\u0440\u0435\u0442\u0440\u044b.<\/p>\n<h3><b>\u041c\u0430\u0441\u043b\u043e \u0441\u0435\u043c\u044f\u043d \u0442\u044b\u043a\u0432\u044b \u0434\u043b\u044f \u0436\u0435\u043d\u0449\u0438\u043d<br \/>\n<\/b><\/h3>\n<p>\u0411\u043b\u0430\u0433\u043e\u0434\u0430\u0440\u044f \u0432\u044b\u0441\u043e\u043a\u043e\u043c\u0443 \u0441\u043e\u0434\u0435\u0440\u0436\u0430\u043d\u0438\u044e \u0432\u0435\u0449\u0435\u0441\u0442\u0432, \u0441\u043f\u043e\u0441\u043e\u0431\u0441\u0442\u0432\u0443\u044e\u0449\u0438\u0445 \u043f\u043e\u0434\u0434\u0435\u0440\u0436\u0430\u043d\u0438\u044e \u0432 \u043d\u043e\u0440\u043c\u0435 \u0433\u043e\u0440\u043c\u043e\u043d\u0430\u043b\u044c\u043d\u043e\u0433\u043e \u0431\u0430\u043b\u0430\u043d\u0441\u0430\u00a0 \u0436\u0435\u043d\u0441\u043a\u043e\u0433\u043e \u043e\u0440\u0433\u0430\u043d\u0438\u0437\u043c\u0430, \u0430 \u0442\u0430\u043a\u0436\u0435 \u043d\u0430\u043b\u0438\u0447\u0438\u044e \u0432 \u0441\u043e\u0441\u0442\u0430\u0432\u0435 \u043a\u043e\u043c\u043f\u043e\u043d\u0435\u043d\u0442\u043e\u0432, \u043e\u0431\u043b\u0430\u0434\u0430\u044e\u0449\u0438\u0445 \u0440\u0430\u043d\u043e\u0437\u0430\u0436\u0438\u0432\u043b\u044f\u044e\u0449\u0438\u043c\u0438 \u0438 \u043f\u0440\u043e\u0442\u0438\u0432\u043e\u0432\u043e\u0441\u043f\u0430\u043b\u0438\u0442\u0435\u043b\u044c\u043d\u044b\u043c\u0438 \u0441\u0432\u043e\u0439\u0441\u0442\u0432\u0430\u043c\u0438, \u0442\u044b\u043a\u0432\u0435\u043d\u043d\u043e\u0435 \u043c\u0430\u0441\u043b\u043e \u043f\u0440\u0438\u043c\u0435\u043d\u044f\u0435\u0442\u0441\u044f \u043f\u0440\u0438 \u0442\u0430\u043a\u0438\u0445\u00a0 \u0433\u0438\u043d\u0435\u043a\u043e\u043b\u043e\u0433\u0438\u0447\u0435\u0441\u043a\u0438\u0445 \u0437\u0430\u0431\u043e\u043b\u0435\u0432\u0430\u043d\u0438\u044f\u0445 \u043a\u0430\u043a\u00a0\u0432\u0430\u0433\u0438\u043d\u0438\u0442,\u00a0\u044d\u0440\u043e\u0437\u0438\u044f \u0448\u0435\u0439\u043a\u0438 \u043c\u0430\u0442\u043a\u0438, \u044d\u043d\u0434\u043e\u0446\u0435\u0440\u0432\u0438\u0446\u0438\u0442 \u0438 \u0434\u0440. \u0421\u043e\u0434\u0435\u0440\u0436\u0430\u0449\u0438\u0435\u0441\u044f \u0432 \u0442\u044b\u043a\u0432\u0435\u043d\u043d\u043e\u043c \u043c\u0430\u0441\u043b\u0435 \u0431\u0435\u043b\u043a\u0438, \u0436\u0438\u0440\u044b, \u0432\u0438\u0442\u0430\u043c\u0438\u043d\u044b \u041a, \u04126 \u0438 \u04129, \u043c\u0430\u0433\u043d\u0438\u0439, \u0446\u0438\u043d\u043a, \u0436\u0435\u043b\u0435\u0437\u043e, \u043a\u0430\u043b\u044c\u0446\u0438\u0439, \u0444\u043e\u0441\u0444\u043e\u0440 \u0438 \u0434\u0440\u0443\u0433\u0438\u0435 \u043c\u0438\u043d\u0435\u0440\u0430\u043b\u044c\u043d\u044b\u0435 \u0432\u0435\u0449\u0435\u0441\u0442\u0432\u0430 \u043d\u0435\u043e\u0431\u0445\u043e\u0434\u0438\u043c\u044b \u0434\u043b\u044f \u043f\u043e\u043b\u043d\u043e\u0446\u0435\u043d\u043d\u043e\u0433\u043e \u0440\u0430\u0437\u0432\u0438\u0442\u0438\u044f \u0447\u0435\u043b\u043e\u0432\u0435\u0447\u0435\u0441\u043a\u043e\u0433\u043e \u044d\u043c\u0431\u0440\u0438\u043e\u043d\u0430 \u0438 \u0443\u0441\u043f\u0435\u0448\u043d\u043e\u0433\u043e \u0444\u043e\u0440\u043c\u0438\u0440\u043e\u0432\u0430\u043d\u0438\u044f \u0432 \u0434\u0430\u043b\u044c\u043d\u0435\u0439\u0448\u0435\u043c \u0440\u0430\u0441\u0442\u0443\u0449\u0435\u0433\u043e \u0434\u0435\u0442\u0441\u043a\u043e\u0433\u043e \u043e\u0440\u0433\u0430\u043d\u0438\u0437\u043c\u0430.<\/p>\n<h3><strong>\u041a\u0430\u043a \u0438\u0441\u043f\u043e\u043b\u044c\u0437\u043e\u0432\u0430\u0442\u044c \u043c\u0430\u0441\u043b\u043e \u0441\u0435\u043c\u044f\u043d \u0442\u044b\u043a\u0432\u044b<\/strong><\/h3>\n<ul>\n<li>\u0417\u0430\u0431\u043e\u043b\u0435\u0432\u0430\u043d\u0438\u044f \u043f\u0435\u0447\u0435\u043d\u0438, \u0437\u0430\u0431\u043e\u043b\u0435\u0432\u0430\u043d\u0438\u044f \u0436\u0435\u043b\u0443\u0434\u043a\u0430 (\u0432\u043a\u043b\u044e\u0447\u0430\u044f \u044f\u0437\u0432\u0435\u043d\u043d\u0443\u044e \u0431\u043e\u043b\u0435\u0437\u043d\u044c), \u0437\u0430\u0431\u043e\u043b\u0435\u0432\u0430\u043d\u0438\u044f \u0436\u0435\u043b\u0447\u043d\u043e\u0433\u043e \u043f\u0443\u0437\u044b\u0440\u044f, \u0434\u0438\u0441\u043a\u0438\u043d\u0435\u0437\u0438\u044f \u0436\u0435\u043b\u0447\u0435\u0432\u044b\u0432\u043e\u0434\u044f\u0449\u0438\u0445 \u043f\u0443\u0442\u0435\u0439 \u2014 1 \u0447.\u043b. 2 \u0440\u0430\u0437\u0430 \u0432 \u0434\u0435\u043d\u044c \u0437\u0430 1 \u0447\u0430\u0441 \u0434\u043e \u0435\u0434\u044b.<\/li>\n<li>\u041f\u0440\u0438 \u0438\u0437\u0436\u043e\u0433\u0435 \u2014 1 \u0447.\u043b. \u043d\u0435\u0437\u0430\u0432\u0438\u0441\u0438\u043c\u043e \u043e\u0442 \u043f\u0440\u0438\u0435\u043c\u0430 \u043f\u0438\u0449\u0438.<\/li>\n<li>\u0410\u0434\u0435\u043d\u043e\u043c\u0430 \u043f\u0440\u0435\u0434\u0441\u0442\u0430\u0442\u0435\u043b\u044c\u043d\u043e\u0439 \u0436\u0435\u043b\u0435\u0437\u044b, \u043f\u0440\u043e\u0441\u0442\u0430\u0442\u0438\u0442, \u0441\u043d\u0438\u0436\u0435\u043d\u0438\u0435 \u043f\u043e\u043b\u043e\u0432\u043e\u0439 \u0444\u0443\u043d\u043a\u0446\u0438\u0438 \u0443 \u043c\u0443\u0436\u0447\u0438\u043d, \u0433\u0435\u043c\u043e\u0440\u0440\u043e\u0439, \u0437\u0430\u043f\u043e\u0440\u044b, \u0433\u043b\u0438\u0441\u0442\u044b \u2014\u00a0\u00a02 \u0447.\u043b.\u0432 \u0434\u0435\u043d\u044c \u0438 \u043c\u0438\u043a\u0440\u043e\u043a\u043b\u0438\u0437\u043c\u044b 25-30 \u043c\u043b \u0438\u043b\u0438 \u0442\u0430\u043c\u043f\u043e\u043d\u044b 1-2 \u0440\u0430\u0437\u0430 \u0432 \u0434\u0435\u043d\u044c, \u0442\u0430\u043a\u0436\u0435 \u043f\u0440\u0438\u043c\u0435\u043d\u044f\u0442\u044c \u043f\u0440\u0438 \u043c\u0430\u0441\u0441\u0430\u0436\u0435 \u043f\u0440\u043e\u0441\u0442\u0430\u0442\u044b.<\/li>\n<li>\u0413\u0438\u043f\u0435\u0440\u043b\u0438\u043f\u0438\u0434\u0435\u043c\u0438\u044f, \u043f\u0440\u043e\u0444\u0438\u043b\u0430\u043a\u0442\u0438\u043a\u0430 \u0438 \u043b\u0435\u0447\u0435\u043d\u0438\u0435 \u0430\u0442\u0435\u0440\u043e\u0441\u043a\u043b\u0435\u0440\u043e\u0437\u0430 \u2014 1\u00a0\u0447.\u043b. 2 \u0440\u0430\u0437\u0430 \u0432 \u0434\u0435\u043d\u044c \u0437\u0430 1 \u0447\u0430\u0441 \u0434\u043e \u0435\u0434\u044b. \u041a\u0443\u0440\u0441 \u043f\u043e\u0432\u0442\u043e\u0440\u044f\u044e\u0442 2 \u0440\u0430\u0437\u0430 \u0432 \u0433\u043e\u0434 (1 \u043c\u0435\u0441\u044f\u0446)<\/li>\n<li>\u041f\u043e\u0441\u043b\u0435\u0434\u0441\u0442\u0432\u0438\u044f \u0430\u043b\u043a\u043e\u0433\u043e\u043b\u044c\u043d\u043e\u0433\u043e \u043e\u043f\u044c\u044f\u043d\u0435\u043d\u0438\u044f \u2014 \u043f\u0440\u0438\u043d\u044f\u0442\u044c\u00a02 \u0447.\u043b.<\/li>\n<li>\u041a\u043e\u043b\u044c\u043f\u0438\u0442, \u044d\u0440\u043e\u0437\u0438\u044f \u0448\u0435\u0439\u043a\u0438 \u043c\u0430\u0442\u043a\u0438 \u2014\u00a0\u00a02 \u0447.\u043b. \u0432 \u0434\u0435\u043d\u044c, \u0430 \u0442\u0430\u043a\u0436\u0435 2 \u0440\u0430\u0437\u0430 \u0432 \u0434\u0435\u043d\u044c \u0432\u0430\u0433\u0438\u043d\u0430\u043b\u044c\u043d\u044b\u0435 \u0442\u0430\u043c\u043f\u043e\u043d\u044b<\/li>\n<\/ul>\n","protected":false},"excerpt":{"rendered":"<p><b>\u0411\u0440\u0435\u043d\u0434:\u00a0<\/b>Nefertiti for natural oils and herbs<br \/>\n<b>\u0421\u0442\u0440\u0430\u043d\u0430 \u043f\u0440\u043e\u0438\u0441\u0445\u043e\u0436\u0434\u0435\u043d\u0438\u044f:<\/b>\u00a0\u0415\u0433\u0438\u043f\u0435\u0442<br \/>\n<b>\u0411\u043e\u0442\u0430\u043d\u0438\u0447\u0435\u0441\u043a\u043e\u0435 \u043d\u0430\u0437\u0432\u0430\u043d\u0438\u0435:<\/b>\u00a0\u0422\u044b\u0301\u043a\u0432\u0430 (\u043b\u0430\u0442. Cucurbita)<br \/>\n<strong>\u0421\u0435\u043c\u0435\u0439\u0441\u0442\u0432\u043e:<\/strong>\u00a0Cucurbits gourd<br \/>\n<b>INCI:<\/b>Cucurbita Pepo,\u00a0\u043c\u0430\u0441\u043b\u043e \u0441\u0435\u043c\u044f\u043d\u00a0 \u0442\u044b\u043a\u0432\u044b<br \/>\n<b>\u0414\u0440\u0443\u0433\u0438\u0435 \u043d\u0430\u0437\u0432\u0430\u043d\u0438\u044f:<\/b>\u00a0pumpkin, \u0433\u0430\u0440\u0431\u0443\u0437, pompoen, \u03ba\u03bf\u03bb\u03bf\u03ba\u03cd\u03b8\u03b9, zucca, moli\u016bgas, K\u00fcrbis, dynia, ab\u00f3bora, \u0433\u0430\u0440\u0431\u0443\u0437, citrouille,\u00a0\u5357\u74dc,\u00a0\u30ab\u30dc\u30c1\u30e3, kabak, \u0627\u0644\u064a\u0642\u0637\u064a\u0646<br \/>\n<b>\u0418\u0441\u043f\u043e\u043b\u044c\u0437\u0443\u0435\u043c\u044b\u0435 \u043a\u043e\u043c\u043f\u043e\u043d\u0435\u043d\u0442\u044b:<\/b>\u00a0\u0441\u0435\u043c\u0435\u043d\u0430<br \/>\n<strong>\u041c\u0435\u0442\u043e\u0434 \u043f\u0440\u043e\u0438\u0437\u0432\u043e\u0434\u0441\u0442\u0432\u0430:<\/strong>\u00a0\u0445\u043e\u043b\u043e\u0434\u043d\u044b\u0439 \u043e\u0442\u0436\u0438\u043c<br \/>\n<b>\u0417\u0430\u043f\u0430\u0445:<\/b>\u00a0\u043e\u0440\u0435\u0445\u043e\u0432\u044b\u0439 \u0441 \u043b\u0451\u0433\u043a\u043e\u0439 \u0433\u043e\u0440\u0447\u0438\u043d\u043a\u043e\u0439<br \/>\n<b>\u0412\u043d\u0435\u0448\u043d\u0438\u0439 \u0432\u0438\u0434:<\/b>\u00a0\u041e\u0442 \u0442\u0435\u043c\u043d\u043e-\u0437\u0435\u043b\u0435\u043d\u043e\u0433\u043e \u0434\u043e \u0442\u0435\u043c\u043d\u043e-\u043a\u0440\u0430\u0441\u043d\u043e\u0433\u043e<br \/>\n<b>\u0424\u0438\u0437\u0438\u0447\u0435\u0441\u043a\u043e\u0435 \u0441\u043e\u0441\u0442\u043e\u044f\u043d\u0438\u0435:<\/b>\u00a0\u0436\u0438\u0434\u043a\u043e\u0441\u0442\u044c<br \/>\n<b>\u041d\u0430\u0442\u0443\u0440\u0430\u043b\u044c\u043d\u044b\u0439:<\/b>\u00a0\u0414\u0430<br \/>\n<b>\u0427\u0438\u0441\u0442\u043e\u0442\u0430:<\/b>\u00a0100%\u00a0\u0447\u0438\u0441\u0442\u044b\u0439<br \/>\n<b>\u0421\u0435\u0440\u0442\u0438\u0444\u0438\u043a\u0430\u0442\u044b:<\/b>\u00a0ISO,\u00a0COA &amp; MSDS<br \/>\n<b>\u0414\u043e\u0441\u0442\u0430\u0432\u043a\u0430:<\/b>\u00a0\u0440\u0430\u0441\u0441\u0447\u0438\u0442\u044b\u0432\u0430\u0435\u0442\u0441\u044f \u043f\u0440\u0438 \u043e\u0444\u043e\u0440\u043c\u043b\u0435\u043d\u0438\u0438 \u0437\u0430\u043a\u0430\u0437\u0430<\/p>\n","protected":false},"featured_media":12084,"comment_status":"open","ping_status":"closed","template":"","meta":[],"product_brand":[],"product_cat":[142],"product_tag":[],"class_list":{"0":"post-4238","1":"product","2":"type-product","3":"status-publish","4":"has-post-thumbnail","6":"product_cat-natural-oils","8":"first","9":"instock","10":"sale","11":"shipping-taxable","12":"purchasable","13":"product-type-variable","14":"has-default-attributes"},"_links":{"self":[{"href":"https:\/\/airshiptrips.com\/ru\/wp-json\/wp\/v2\/product\/4238","targetHints":{"allow":["GET"]}}],"collection":[{"href":"https:\/\/airshiptrips.com\/ru\/wp-json\/wp\/v2\/product"}],"about":[{"href":"https:\/\/airshiptrips.com\/ru\/wp-json\/wp\/v2\/types\/product"}],"replies":[{"embeddable":true,"href":"https:\/\/airshiptrips.com\/ru\/wp-json\/wp\/v2\/comments?post=4238"}],"wp:featuredmedia":[{"embeddable":true,"href":"https:\/\/airshiptrips.com\/ru\/wp-json\/wp\/v2\/media\/12084"}],"wp:attachment":[{"href":"https:\/\/airshiptrips.com\/ru\/wp-json\/wp\/v2\/media?parent=4238"}],"wp:term":[{"taxonomy":"product_brand","embeddable":true,"href":"https:\/\/airshiptrips.com\/ru\/wp-json\/wp\/v2\/product_brand?post=4238"},{"taxonomy":"product_cat","embeddable":true,"href":"https:\/\/airshiptrips.com\/ru\/wp-json\/wp\/v2\/product_cat?post=4238"},{"taxonomy":"product_tag","embeddable":true,"href":"https:\/\/airshiptrips.com\/ru\/wp-json\/wp\/v2\/product_tag?post=4238"}],"curies":[{"name":"wp","href":"https:\/\/api.w.org\/{rel}","templated":true}]}}