{"id":4346,"date":"2025-10-08T12:22:18","date_gmt":"2025-10-08T12:22:18","guid":{"rendered":"https:\/\/megaroboticsacademy.com\/shop\/niet-gecategoriseerd\/aloe-vera-lotion\/"},"modified":"2025-10-29T10:58:32","modified_gmt":"2025-10-29T10:58:32","slug":"aloe-vera-lotion","status":"publish","type":"product","link":"https:\/\/airshiptrips.com\/nl\/shop\/natural-cosmetics\/aloe-vera-lotion\/","title":{"rendered":"Alo\u00eb Vera Lotion"},"content":{"rendered":"<h3><b>Actieve ingredi\u00ebnten en eigenschappen van Alo\u00eb Vera Lotion<\/b><b><br \/>\n<\/b><b><\/b><\/h3>\n<ul>\n<li><b><\/b>Alo\u00eb Vera bevat een uitgebalanceerde groep biologisch actieve stoffen.<\/li>\n<li>Tannines die antimicrobi\u00eble eigenschappen hebben (van belang bij behandeling van acne).<\/li>\n<li>Pectine helpt de drogere huid te hydrateren.<br \/>\n\u25cf Caroteno\u00efden zijn essentieel voor het behoud van een natuurlijke teint.<br \/>\n\u25cf Allanto\u00efne\u00a0heeft vele gunstige effecten op de huid: het verzacht het stratum corneum, bevordert de afscheiding van dode cellen en stimuleert de regeneratie van huidweefsel. Vernauwt de pori\u00ebn en verzacht de huid, ook schrale of verbrande huid.<br \/>\n\u25cf Vitaminecomplex (vitamine A, C, E, en B-groep vitamine), foliumzuur, mineralen zoals calcium, kalium, natrium, zink, koper, chroom, selenium voeden de cellen. Alo\u00eb Vera is een eersteklas antioxidant die het oxidatieproces remt en de vernietiging van cellen tegengaat, waardoor huidveroudering wordt vertraagd.<br \/>\n\u25cf Alo\u00eb Vera dringt 4 keer sneller in de huid dan water, hydrateert diep en voorkomt uitdroging, waardoor de optimale hoeveelheid vocht in de epidermislagen blijft.<br \/>\n\u25cf Beschermt en herstelt de natuurlijke huidbarri\u00e8re,\u00a0dit zorgt voor een verbeterde bloedcirculatie en verhoogde weerstand tegen schadelijke externe factoren.\u00a0Alo\u00eb Vera wordt snel opgenomen, maar cre\u00ebert tegelijkertijd een onzichtbare barri\u00e8re op de huid die gedurende de dag perfect beschermt tegen weersinvloeden en andere externe factoren.<br \/>\n\u25cf Geschikt voor alle huidtypes.<br \/>\n\u25cf Verstevigt de huid. Al na de eerste toepassing ziet de huid er frisser uit door een boost aan vitamines, antioxidanten en het nodige vocht te ontvangen.<br \/>\n<b><\/b><\/li>\n<\/ul>\n<h3><b>Toepassing van Alo\u00eb Vera lotion<br \/>\n<\/b><b><\/b><\/h3>\n<ul>\n<li>Alo\u00eb Vera heeft een gunstig effect op de opperhuid: het desinfecteert, kalmeert, verzacht, hydrateert, verlicht ontstekingen en irritaties, roodheid en jeuk, geneest kleine wondjes en krassen. Helpt bij brandwonden, snijwonden en insectenbeten. Dankzij de ontstekingsremmende eigenschappen vermindert Alo\u00eb Vera roodheid veroorzaakt door Uv-stralen, versnelt het de celregeneratie en vormt een beschermende laag zodat vocht in de cellen wordt vastgehouden \u2013 vocht dat vooral belangrijk is bij een beschadigde huid.<\/li>\n<li>Voor de droge en gevoelige huid wordt dagelijkse verzorging met Alo\u00eb Vera lotion aanbevolen, zowel in de ochtend als avond aanbrengen. Het kan eenvoudig gebruikt worden in plaats van een dagcr\u00e8me, want het past zich goed aan cosmetica aan.<\/li>\n<li>Ochtendbehandeling met Alo\u00eb Vera lotion beschermt tegen schadelijke omgevingsfactoren. Verzorging in de avond zorgt voor hydratatie en voeding voor de diepere lagen van de opperhuid.<\/li>\n<li>Alo\u00eb Vera lotion wordt aanbevolen voor een normale, vette en ontstoken huid. Het helpt om vergrote pori\u00ebn te reinigen, de huid te hydrateren, irritatie te verminderen en het ontstaan van mee-eters en acne te voorkomen.<\/li>\n<li>Alo\u00eb Vera is een redder in nood bij brandwonden. Bij verbranding of zonnebrand, breng je de Alo\u00eb Vera lotion aan op het aangetaste deel van de huid \u2013 het kalmeert de huid direct, het verzacht en heeft een verkoelend effect. De pijn zal snel verdwijnen en de volgende dag is de brandwond duidelijk minder zichtbaar.<\/li>\n<li>Alo\u00efne staat bekend om zijn zonwerende eigenschappen, waardoor het geschikt is om de huid te beschermen tegen directe blootstelling aan Uv-straling. Ideaal tijdens en na het zonnen. Door dagelijks gebruik van Alo\u00eb Vera behoudt je een egaal bruine kleur.<\/li>\n<li>Alo\u00eb Vera lotion heeft eigenschappen die beschadigde huidcellen snel weer herstellen, het verzacht ge\u00efrriteerde huid en cre\u00ebert een natuurlijk laagje dat beschermt tegen opnieuw ontsteken. Daarom is Alo\u00eb Vera lotion ideaal voor het verlichten van huidirritaties die ontstaan na het epileren of scheren.<\/li>\n<li>Het dragen van bijvoorbeeld huishoudelijke handschoenen, beschadigt de huid van de handen en kan leiden tot vroegtijdige veroudering. Door Alo\u00eb Vera Lotion aan te brengen blijven je handen lang mooi.<\/li>\n<li>Alo\u00eb Vera fungeert als de perfecte vochtinbrengende cr\u00e8me voor lichaam en gezicht. Breng na het douchen een dunne laag aan \u2013 de lotion wordt onmiddellijk opgenomen zonder een plakkerig gevoel achter te laten en maakt de huid erg glad en fluweelzacht.<\/li>\n<li>Alo\u00eb Vera helpt blauwe plekken snel te laten verdwijnen<\/li>\n<\/ul>\n<p>&nbsp;<\/p>\n<p><span style=\"color: #000000;\"><strong>\u00a0Over het algemeen biedt Alo\u00eb Vera Lotion veelzijdige verzorging voor alle huidtypes:<\/strong><\/span><\/p>\n<ul>\n<li>Het hydrateert, verzacht en beschermt de droge en normale huid.<\/li>\n<li>Het kalmeert en verlicht stress bij gevoelige huid.<\/li>\n<li>De revitaliserende werking verhoogt de elasticiteit van de rijpere huid.<\/li>\n<li>Het reinigt en ontsmet de vettige en problematische huid.<\/li>\n<li>Het verlicht ontstekingen.<\/li>\n<li>Het reinigt de huid van acne en mee-eters, en voorkomt dat nieuwe ontstaan.<\/li>\n<\/ul>\n","protected":false},"excerpt":{"rendered":"<p><b>Merk:<\/b>\u00a0Nefertiti for natural oils and herbs<br \/>\n<b>Land van herkomst:<\/b>\u00a0Egypte<br \/>\n<b>Botanische naam:<\/b>\u00a0Aloe barbadensis miller<br \/>\n<b>Familienaam:<\/b>\u00a0Asphodelaceae (Liliaceae)<br \/>\n<b>INCI:\u00a0<\/b>Aloe Barbadensis Leaf Juice<br \/>\n<b>Samenstelling:\u00a0<\/b>Alo\u00eb Vera bladsap, aroma oli\u00ebn, organische stabilisator<br \/>\n<b>Toepassing:<\/b>\u00a0cosmetisch<br \/>\n<b>Geur:<\/b>\u00a0frisse citrusbloesem<br \/>\n<b>Uiterlijk:<\/b>\u00a0roomwit<br \/>\n<b>Fysische toestand:<\/b>\u00a0vloeibaar<br \/>\n<b>Natuurlijk:<\/b>\u00a0ja<br \/>\n<b>Zuiverheid:<\/b>\u00a0100% puur<br \/>\n<b>Certificaten:<\/b>\u00a0ISO, COA &amp; MSDS<br \/>\n<b>Verzending:<\/b>\u00a0berekend bij het afrekenen<\/p>\n","protected":false},"featured_media":12167,"comment_status":"open","ping_status":"closed","template":"","meta":[],"product_brand":[],"product_cat":[182],"product_tag":[324,325,326,327,328],"class_list":{"0":"post-4346","1":"product","2":"type-product","3":"status-publish","4":"has-post-thumbnail","6":"product_cat-natural-cosmetics","7":"product_tag-aloe-vera-lotion","8":"product_tag-aloe-vera-lotion-benefits","9":"product_tag-aloe-vera-lotion-uses","10":"product_tag-natural-aloe-vera-lotion-for-acne","11":"product_tag-pure-aloe-vera-lotion","13":"first","14":"instock","15":"sale","16":"shipping-taxable","17":"purchasable","18":"product-type-variable","19":"has-default-attributes"},"_links":{"self":[{"href":"https:\/\/airshiptrips.com\/nl\/wp-json\/wp\/v2\/product\/4346","targetHints":{"allow":["GET"]}}],"collection":[{"href":"https:\/\/airshiptrips.com\/nl\/wp-json\/wp\/v2\/product"}],"about":[{"href":"https:\/\/airshiptrips.com\/nl\/wp-json\/wp\/v2\/types\/product"}],"replies":[{"embeddable":true,"href":"https:\/\/airshiptrips.com\/nl\/wp-json\/wp\/v2\/comments?post=4346"}],"wp:featuredmedia":[{"embeddable":true,"href":"https:\/\/airshiptrips.com\/nl\/wp-json\/wp\/v2\/media\/12167"}],"wp:attachment":[{"href":"https:\/\/airshiptrips.com\/nl\/wp-json\/wp\/v2\/media?parent=4346"}],"wp:term":[{"taxonomy":"product_brand","embeddable":true,"href":"https:\/\/airshiptrips.com\/nl\/wp-json\/wp\/v2\/product_brand?post=4346"},{"taxonomy":"product_cat","embeddable":true,"href":"https:\/\/airshiptrips.com\/nl\/wp-json\/wp\/v2\/product_cat?post=4346"},{"taxonomy":"product_tag","embeddable":true,"href":"https:\/\/airshiptrips.com\/nl\/wp-json\/wp\/v2\/product_tag?post=4346"}],"curies":[{"name":"wp","href":"https:\/\/api.w.org\/{rel}","templated":true}]}}