{"id":3985,"date":"2025-10-08T12:22:16","date_gmt":"2025-10-08T12:22:16","guid":{"rendered":"https:\/\/megaroboticsacademy.com\/shop\/niet-gecategoriseerd\/black-seed-oil-cold-pressed\/"},"modified":"2025-10-29T01:25:46","modified_gmt":"2025-10-29T01:25:46","slug":"black-seed-oil-cold-pressed","status":"publish","type":"product","link":"https:\/\/airshiptrips.com\/nl\/shop\/natural-oils\/black-seed-oil-cold-pressed\/","title":{"rendered":"Zwart Zaadolie"},"content":{"rendered":"<h3><b>Eigenschappen van pure zwart zaadolie<\/b><\/h3>\n<p>Zwart zaadolie is een krachtige immuun-modulator. De samenstelling van zwart zaadolie is indrukwekkend, het bevat vitamine A, B, C, E evenals calcium, fosfor, zink, ijzer, magnesium, mangaan, flavono\u00efden, omega-3, -6 en -9, etherische oli\u00ebn en essenti\u00eble aminozuren. Een van de belangrijkste eigenschappen is het vermogen om kanker te bestrijden, aangezien het de proliferatie (d.w.z. reproductie) van kankercellen vertraagt. Natuurlijke zwart zaadolie wordt toegepast bij de behandeling van aandoeningen zoals hepatitis, cirrose, reuma, aandoeningen aan de maag en twaalfvingerige darm, musculoskeletale aandoeningen, hart- en vaatziekten, nier- en blaasaandoeningen, bronchitis, bronchiale astma, verkoudheid, sinusitis en allerhande allergie\u00ebn. Het verbetert de spijsvertering en darmmotiliteit. Bovendien heeft deze olie antibacteri\u00eble, schimmelwerende en antivirale eigenschappen en helpt bij de behandeling van huidziekten.<\/p>\n<p><b>Natuurlijke zwart zaadolie voor diabetes<\/b><b><br \/>\n<\/b>Zwart zaadolie is de krachtigste natuurlijke remedie om het cholesterolgehalte in het bloed te verlagen. Het heeft eigenschappen die de bloedsuikerspiegel helpen verlagen en is daarom toepasbaar als natuurlijk middel bij diabetes (type 1 en 2).<\/p>\n<p><b>Zwart zaadolie voor algehele gezondheid<\/b><br \/>\nDeze olie wordt toegepast bij conceptie-problemen, voorkomt prostaat-disfunctie en het verbetert de seksuele functie van de man. Zwart zaadolie heeft het vermogen om nierstenen te vergruizen en het gruis uit de blaas te verwijderen. Zwart zaadolie herstelt ook het immuunsysteem en wordt gebruikt bij aandoeningen zoals sinusitis, droge hoest, astma, astmatische bronchitis, verkoudheid, tonsillitis. Deze olie is aanbevolen voor mensen met hoge bloeddruk.<\/p>\n<p><b>Zwart zaadolie als natuurlijke antioxidant<\/b><b><br \/>\n<\/b>Wetenschappelijke studies hebben aangetoond dat zwart zaad het natuurlijke vermogen heeft om het lichaam volledig te reinigen van schadelijke stoffen die achterblijven na het spijsverteringsproces en het te beschermen tegen schadelijke invloeden van buitenaf. De effecten van deze koudgeperste olie wordt bereikt door het aantal Natural Killer T (NKT) cellen te vergroten. Wetenschappers vergeleken de kracht van zwart zaadolie met de vijf krachtigste antibiotica, maar in tegenstelling tot antibiotica heeft het over het algemeen geen bijwerkingen op het lichaam.<\/p>\n<p><b>Pure zwart zaadolie voor de huid<\/b><br \/>\nZwart zaadolie is ideaal voor de behandeling van eczeem, psoriasis, neurodermitis, verschillende huidziekten, schimmelinfecties en elk type allergie. Het werkt effectief tegen acne en is een krachtig middel bij wondgenezing. Het verrijkt de huid met natuurlijke voedingsstoffen en vitamines.<\/p>\n<p><b>Natuurlijke zwart zaadolie voor psoriasis<\/b><b><br \/>\n<\/b>Psoriasis is een primaire huidaandoening die wordt veroorzaakt door een abnormale immuunrespons. Natuurlijke zwart zaadolie reguleert de activiteit van immuuncellen en verbetert het vermogen van het lichaam om de abnormale proliferatie van huidcellen te verminderen.<\/p>\n<p><b>Zwart zaadolie voor haar<\/b><b><br \/>\n<\/b>Zwart zaadolie is een sensatie geworden in de haarverzorging. Het gebruik ervan draagt \u200b\u200bbij aan de snelle haargroei en versterkt de haarzakjes.\u00a0Regelmatig gebruik helpt de vorming van roos en een jeukende hoofdhuid voorkomen.<\/p>\n<p><b>Contra-indicaties<\/b>: Consumeren van zwart zaadolie wordt afgeraden tijdens de zwangerschap. Niet aanbevolen voor pati\u00ebnten met orgaantransplantaties.<\/p>\n","protected":false},"excerpt":{"rendered":"<p><span style=\"font-weight: 400;\"><b>Merk:<\/b>\u00a0Nefertiti for natural oils and herbs<br \/>\n<b>Land van herkomst:<\/b>\u00a0Egypte<br \/>\n<b>Botanische naam:<\/b>\u00a0Nigella sativa<br \/>\n<b>Familienaam:<\/b>\u00a0Ranunculaceae<br \/>\n<b>INCI:\u00a0<\/b>Nigella Sativa (zwart) zaadolie<br \/>\n<b>Andere namen:<\/b>\u00a0Black Seed, \u062d\u0628\u0629 \u0627\u0644\u0628\u0631\u0643\u0629, Schwarzk\u00fcmmel, \u0447\u0435\u0440\u043d\u043e\u0433\u043e \u0442\u043c\u0438\u043d\u0430, \u0447\u043e\u0440\u043d\u043e\u0433\u043e \u043a\u043c\u0438\u043d\u0443, Cumin noir, Cumino nero, \u9ed1 \u5b5c\u7136<br \/>\n<b>Gebruikte delen:<\/b>\u00a0zaden<br \/>\n<b>Extractiemethode:<\/b>\u00a0koudgeperst<br \/>\n<b>Geur:<\/b>\u00a0kenmerkend pikant, karakteristiek voor zwart zaad<br \/>\n<b>Uiterlijk:<\/b>\u00a0lichtgeel tot amberkleurig<br \/>\n<b>Fysische toestand:<\/b>\u00a0vloeibaar<br \/>\n<b>Natuurlijk:<\/b>\u00a0ja<br \/>\n<b>Zuiverheid:<\/b>\u00a0100% puur<br \/>\n<b>Certificaten:<\/b>\u00a0ISO, COA &amp; MSDS<br \/>\n<b>Samenstelling:\u00a0<\/b>vitamine C, B1, B2 en B6; foliumzuur, biotine, b\u00e8tacaroteen; mineralen: magnesium, selenium, zink; aminozuren: valine, lysine, fenylalanine, tyrosine, arginine, glycine, serine, asparagine, etherische oli\u00ebn<br \/>\n<b>Verzending:<\/b>\u00a0berekend bij het afrekenen<\/span><\/p>\n","protected":false},"featured_media":11952,"comment_status":"open","ping_status":"closed","template":"","meta":[],"product_brand":[],"product_cat":[138],"product_tag":[],"class_list":{"0":"post-3985","1":"product","2":"type-product","3":"status-publish","4":"has-post-thumbnail","6":"product_cat-natural-oils","8":"first","9":"instock","10":"sale","11":"shipping-taxable","12":"purchasable","13":"product-type-variable","14":"has-default-attributes"},"_links":{"self":[{"href":"https:\/\/airshiptrips.com\/nl\/wp-json\/wp\/v2\/product\/3985","targetHints":{"allow":["GET"]}}],"collection":[{"href":"https:\/\/airshiptrips.com\/nl\/wp-json\/wp\/v2\/product"}],"about":[{"href":"https:\/\/airshiptrips.com\/nl\/wp-json\/wp\/v2\/types\/product"}],"replies":[{"embeddable":true,"href":"https:\/\/airshiptrips.com\/nl\/wp-json\/wp\/v2\/comments?post=3985"}],"wp:featuredmedia":[{"embeddable":true,"href":"https:\/\/airshiptrips.com\/nl\/wp-json\/wp\/v2\/media\/11952"}],"wp:attachment":[{"href":"https:\/\/airshiptrips.com\/nl\/wp-json\/wp\/v2\/media?parent=3985"}],"wp:term":[{"taxonomy":"product_brand","embeddable":true,"href":"https:\/\/airshiptrips.com\/nl\/wp-json\/wp\/v2\/product_brand?post=3985"},{"taxonomy":"product_cat","embeddable":true,"href":"https:\/\/airshiptrips.com\/nl\/wp-json\/wp\/v2\/product_cat?post=3985"},{"taxonomy":"product_tag","embeddable":true,"href":"https:\/\/airshiptrips.com\/nl\/wp-json\/wp\/v2\/product_tag?post=3985"}],"curies":[{"name":"wp","href":"https:\/\/api.w.org\/{rel}","templated":true}]}}