{"id":11683,"date":"2025-10-08T12:22:24","date_gmt":"2025-10-08T12:22:24","guid":{"rendered":"https:\/\/megaroboticsacademy.com\/shop\/niet-gecategoriseerd\/patchouli-oil\/"},"modified":"2025-11-22T19:13:58","modified_gmt":"2025-11-22T19:13:58","slug":"patchouli-oil","status":"publish","type":"product","link":"https:\/\/airshiptrips.com\/nl\/shop\/aroma-oils\/patchouli-oil\/","title":{"rendered":"Patchouli Olie"},"content":{"rendered":"<div class=\"woocommerce-tabs wc-tabs-wrapper\">\n<div id=\"tab-description\" class=\"woocommerce-Tabs-panel woocommerce-Tabs-panel--description panel entry-content wc-tab\" role=\"tabpanel\" aria-labelledby=\"tab-title-description\">\n<p>Patchouli wordt ook wel \u201cde geur van de zestiger jaren\u201d genoemd omdat het voor veel mensen een sterke associatie heeft met de Flower Power periode. De hippies (ook wel \u2018bloemenkinderen\u2019 genoemd) omarmden de symboliek van bloemen, ze droegen bloemen in hun haar en levendig gekleurde kleding met geborduurde bloemen, deelden bloemen uit als symbool van passief verzet en geweldloosheid. Ze besprenkelden hun kleding rijkelijk met patchouli olie die ze van hun reizen uit India hadden meegenomen.<br \/>\nHet aroma van de jaren zestig is muskusachtig, aards, exotisch.<\/p>\n<h3><b>Patchouli Oorsprong &amp; Kenmerken<\/b><\/h3>\n<p>Patchouli (Pogostemon cablin) is een meerjarig ruig kruid, een aromatisch exemplaar uit de familie Lamiaceae, gewoonlijk aangeduid als de \u201cmunt-\u201d of \u201cdode brandnetel\u201d -familie. De patchouli plant heeft een stevige, harige stengel, geurige donzige bladeren en witte bloemen met een paarsachtige waas. Het is inheems in tropische regio\u2019s van Azi\u00eb.<br \/>\nAl eeuwenlang wordt het aroma van patchouli geassocieerd met zakelijk succes, carri\u00e8regroei, stabiliteit en welvaart. Er wordt beweerd dat het geluk en rijkdom aantrekt. Patchouli is de oudst bekende etherische olie dat het seksueel functioneren stimuleert maar ook dat het de hormonale balans reguleert en het endocriene systeem herstelt.<\/p>\n<p>Patchouli olie wordt gewonnen uit gedroogde patchouli bloemen door middel van stoomdestillatie. Het aroma is absoluut uniek en zeer persistent \u2013 sensueel en diep, met opvallende scherpe en bittere tonen. Patchouli staat al lang bekend om zijn evenwichtige effect op emoties en als een uitstekende stemmingsverbeteraar.<\/p>\n<p>Traditioneel is patchouli een gunstig hulpmiddel gebleken bij wondgenezing en weefselherstel, het werd gebruikt als remedie bij huidontstekingen en littekens, hoofdpijn, koliek, spierspasmen, bacteri\u00eble en virale infecties, angst en depressie. Patchouli is inmiddels een populair aromatisch ingredi\u00ebnt geworden in cosmetische en persoonlijke verzorgingsproducten, maar ook wasmiddelen, luchtverfrissers en zelfs papieren handdoeken,.<\/p>\n<h3><b>Patchouli olie &amp; Voordelen<\/b><\/h3>\n<p>De geelbruine patchouli olie is enigszins stroperig een bedwelmend, zoet-kruidig ori\u00ebntaals aroma. De olie is lang houdbaar en de kwaliteit verbetert met de tijd \u2013 na zo\u2019n 5 jaar is de olie zeer stroperig en heeft een zwaar zoet aroma. Patchouli olie dient altijd in verdunde vorm (op de huid) te worden gebruikt, en zelfs in die kleine hoeveelheid houdt de intense geur lang aan.<\/p>\n<p>Patchouli olie heeft een zeer gunstige werking op de huid en helpt rimpels of kloven te verminderen. Patchouli etherische olie heeft decongestivum eigenschappen waardoor het een effectieve synergie is bij zware benen, spataderen en aambeien.<\/p>\n<p>De aangename geur van patchouli, die stimulerende en kalmerende eigenschappen heeft, maakt het tot een populaire olie in de aromatherapie. Interessant om te weten is dat een kleine hoeveelheid patchouli een stimulerend effect heeft op het zenuwstelsel, maar juist het tegenovergestelde effect geeft bij gebruik in grotere hoeveelheden \u2013 in dit geval heeft het een kalmerend effect.<\/p>\n<p><b>Patchouli olie voor de huid<\/b><b><br \/>\n<\/b>Patchouli zuivert de huid, bevordert een zachte, stralende teint en is heeft nog veel meer gunstige effecten op de huid. Het is een van de beste essenti\u00eble oli\u00ebn bij het behandelen van eczeem, dermatitis en acne. Patchouli olie is een veel gebruikt product om de tekenen van huidveroudering tegen te gaan en om rimpels, puistjes en andere kleine onvolkomenheden te voorkomen.<br \/>\nDe belangrijkste eigenschappen van patchouli olie zijn onder meer antiseptisch, samentrekkend (goed voor de vorming van littekenweefsel en wondgenezing) en stimulerend voor de spijsvertering. Verder kan deze olie worden gebruikt vanwege zijn diuretisch effect en om koorts te onderdrukken. Patchouli is geschikt voor gebruik als deodorant, tegen roos en om vet haar te behandelen, als natuurlijk muggenspray en om verlichting te geven bij insectenbeten.<br \/>\nPatchouli werkt ontstekingsremmend, antibacterieel en schimmelwerend, dit maakt het met name geschikt tegen huidschimmel \u2013 het is een verzachtende remedie bij de jeukende uitslag veroorzaakt door voetschimmel. Deze etherische olie bevordert celvernieuwing en wondgenezing. Patchouli is geschikt om huidaandoeningen zoals dermatitis, acne en een droge of gebarsten huid te behandelen.<br \/>\nHuidzwelling in geval van infecties en ontstekingen, is de natuurlijke beschermende reactie van het lichaam. De ontstekingsremmende eigenschappen van patchouli olie zorgen voor een decongestivum en pijnstillend effect.<\/p>\n<p><b>Patchouli olie als insecticide<\/b><br \/>\nPatchouli-olie kan als insecticide worden gebruikt, zoals gebleken is uit een aantal onderzoeken die het effect op verschillende soorten insecten beoordeeld hebben. Patchouli bleek een effectief middel om insecten af te weren, zelfs tegen motten in de kledingkast. Daarnaast kan het verlichting bieden bij insectenbeten.<\/p>\n<h3><b>Patchouli olie &amp; Aromatherapie<\/b><\/h3>\n<p>Zowel door middel van het inademen van het aroma, als door gebruik op de huid zodat de etherische patchouli olie wordt geabsorbeerd, worden signalen gestuurd naar het limbische gebied in de hersenen. Dit deel van de hersenen is betrokken bij het reguleren van emoties en be\u00efnvloedt het zenuwstelsel. In de aromatherapie worden etherische oli\u00ebn gebruikt omdat ze eigenschappen hebben die diverse biologische factoren kunnen be\u00efnvloeden, waaronder hartslag, stressniveaus, bloeddruk, ademhaling en immuunfunctie.<br \/>\nPatchouli in aromatherapie kan heilzaam zijn tegen stress, depressie en angst, spataderen, littekens, cellulitis en frigiditeit. Deze etherische olie helpt hoofdpijn, maagklachten en de symptomen van verkoudheid en griep te verlichten.<\/p>\n<p><b>Patchouli olie voor de geest<\/b><b><br \/>\n<\/b>De rijke, muskusachtig zoete geur van patchouli olie werkt aardend en brengt emoties in evenwicht. Afhankelijk van de dosering is het effect ervan kalmerend of stimulerend. Voor een dagdromer heeft patchouli een aardend effect, verbetert focus en concentratie, en houdt de geest helder. Daarnaast werkt deze olie rustgevend bij uitputting en andere stressgerelateerde klachten.<\/p>\n<p><b>Patchouli olie voor massage<\/b><b><br \/>\n<\/b>Verdund met de dragerolie van je voorkeur, kan patchouli olie de bloedsomloop in de benen stimuleren. Over het algemeen is patchouli olie een weldadige aanvulling op elke romantische, stimulerende of ontspannende massage. Met amandel- of jojoba als dragerolie, gecombineerd met een paar druppels patchouli en sandelhout olie, heb je het perfecte recept voor een verwarmende, romantische massage. Het afrodiserende effect van patchouli kan extra bijdragen aan de romantische stemming.<\/p>\n<p>&nbsp;<\/p>\n<\/div>\n<\/div>\n","protected":false},"excerpt":{"rendered":"<p><b>Merk:\u00a0<\/b>Nefertiti for natural oils and herbs<br \/>\n<b>Land van herkomst:\u00a0<\/b>Egypte<br \/>\n<b>Botanische naam:<\/b>\u00a0Pogostemon cablin<br \/>\n<b>Familie:<\/b>\u00a0Lamiaceae<br \/>\n<b>INCI:\u00a0<\/b>Pogostemon Cablin\u00a0Pure Aroma Olie<br \/>\n<b>Gebruikte delen:<\/b>\u00a0bladeren<br \/>\n<b>Extractiemethode:\u00a0<\/b>stoomdestillatie<br \/>\n<b>Geur:<\/b>\u00a0sterk zoet<br \/>\n<b>Uiterlijk:<\/b>\u00a0licht geel tot diep amber of bruin<br \/>\n<b>Fysische toestand:\u00a0<\/b>vloeibaar<br \/>\n<b>Natuurlijk:\u00a0<\/b>ja<br \/>\n<b>Zuiverheid:\u00a0<\/b>100% puur<br \/>\n<b>Certificaten:\u00a0<\/b>ISO &amp; MSDS<br \/>\n<b>Samenstelling:<\/b>\u00a0pure aroma olie<br \/>\n<b>Verzending:\u00a0<\/b>berekend bij het afrekenen<\/p>\n","protected":false},"featured_media":13579,"comment_status":"open","ping_status":"closed","template":"","meta":[],"product_brand":[],"product_cat":[203],"product_tag":[],"class_list":{"0":"post-11683","1":"product","2":"type-product","3":"status-publish","4":"has-post-thumbnail","6":"product_cat-aroma-oils","8":"first","9":"outofstock","10":"shipping-taxable","11":"purchasable","12":"product-type-variable","13":"has-default-attributes"},"_links":{"self":[{"href":"https:\/\/airshiptrips.com\/nl\/wp-json\/wp\/v2\/product\/11683","targetHints":{"allow":["GET"]}}],"collection":[{"href":"https:\/\/airshiptrips.com\/nl\/wp-json\/wp\/v2\/product"}],"about":[{"href":"https:\/\/airshiptrips.com\/nl\/wp-json\/wp\/v2\/types\/product"}],"replies":[{"embeddable":true,"href":"https:\/\/airshiptrips.com\/nl\/wp-json\/wp\/v2\/comments?post=11683"}],"wp:featuredmedia":[{"embeddable":true,"href":"https:\/\/airshiptrips.com\/nl\/wp-json\/wp\/v2\/media\/13579"}],"wp:attachment":[{"href":"https:\/\/airshiptrips.com\/nl\/wp-json\/wp\/v2\/media?parent=11683"}],"wp:term":[{"taxonomy":"product_brand","embeddable":true,"href":"https:\/\/airshiptrips.com\/nl\/wp-json\/wp\/v2\/product_brand?post=11683"},{"taxonomy":"product_cat","embeddable":true,"href":"https:\/\/airshiptrips.com\/nl\/wp-json\/wp\/v2\/product_cat?post=11683"},{"taxonomy":"product_tag","embeddable":true,"href":"https:\/\/airshiptrips.com\/nl\/wp-json\/wp\/v2\/product_tag?post=11683"}],"curies":[{"name":"wp","href":"https:\/\/api.w.org\/{rel}","templated":true}]}}