{"id":11477,"date":"2025-10-08T12:22:18","date_gmt":"2025-10-08T12:22:18","guid":{"rendered":"https:\/\/megaroboticsacademy.com\/shop\/niet-gecategoriseerd\/marjoram-oil\/"},"modified":"2025-11-22T17:17:14","modified_gmt":"2025-11-22T17:17:14","slug":"marjoram-oil","status":"publish","type":"product","link":"https:\/\/airshiptrips.com\/nl\/shop\/essential-oils\/marjoram-oil\/","title":{"rendered":"Marjolein Olie"},"content":{"rendered":"<div class=\"woocommerce-tabs wc-tabs-wrapper\">\n<div id=\"tab-description\" class=\"woocommerce-Tabs-panel woocommerce-Tabs-panel--description panel entry-content wc-tab\" role=\"tabpanel\" aria-labelledby=\"tab-title-description\">\n<h3><b>Voordelen van Marjolein Olie<\/b><\/h3>\n<p>Marjolein heeft krachtige bacteriedodende, antiseptische, pijn- en krampstillende effecten. Marjolein etherische olie heeft een breed scala aan kalmerende en ontspannende eigenschappen die rechtstreeks op het lichaam inwerken en de psychologische toestand van een persoon be\u00efnvloeden. De anti-hypertensieve en kalmerende eigenschappen maken essenti\u00eble olie van marjolein onmisbaar bij de complexe behandeling van verschillende ziekten. Het gebruik van essenti\u00eble olie van marjolein is effectief bij hoofdpijn, sinusitis, verkoudheid, stress, slapeloosheid en vermoeidheid.<\/p>\n<h3><b>Marjolein olie als pijnstiller<\/b><\/h3>\n<p>Marjolein etherische olie vermindert pijn die wordt veroorzaakt door bijvoorbeeld verkoudheid, koorts, ontstekingen, spierspanning en heeft geen bijwerkingen. Lokaal gebruikt, kan natuurlijke marjolein olie krampen en alle soorten spasmen verminderen of verlichten. De essenti\u00eble olie van marjolein zorgt voor een onmiddellijk en langdurig rustgevend effect bij elk gebruik. Onmisbaar bij het verlichten van hoofdpijn en migraine.<\/p>\n<h3><b>Marjolein olie bij verkoudheid<\/b><\/h3>\n<p>Natuurlijke marjolein olie wordt veel gebruikt om virale infecties, verkoudheid, griep en gerelateerde symptomen zoals hoest en verstopte neus te behandelen. Marjolein etherische olie is effectief bij het verlichten van hoest; bevordert de afscheiding van slijm en voorkomt de ophoping ervan in de sinussen, het strottenhoofd, de bronchi\u00ebn en longen. Inademing met essenti\u00eble olie van marjolein helpt de ademhaling te vergemakkelijken. Marjolein olie is uitstekend geschikt voor het verdrijven van neusslijm en voorkomt de vorming van nieuw slijm in de luchtwegen.<\/p>\n<h3><b>Marjolein etherische olie voor slaap<\/b><\/h3>\n<p>Bij gebruik in aromatherapie heeft essenti\u00eble olie van marjolein een kalmerend en ontspannend effect op de psychologische toestand van een persoon. Marjolein olie verlicht stress en angst gemakkelijk en langdurig en geeft een gevoel van welzijn zodat situaties van woede of depressie wordt vermeden. Marjolein etherische olie wordt aanbevolen voor koude en warme inademing; gebruik in sauna\u2019s, stoombaden, aromalampen.<\/p>\n<h3><b>Marjolein etherische olie tegen snurken<\/b><\/h3>\n<p>Essenti\u00eble olie van marjolein kan helpen bij snurken door de zwelling van de luchtwegen te verlichten en de elasticiteit van de spieren in de bovenste luchtwegen te behouden.<\/p>\n<h3><b>Marjolein etherische olie voor de huid<\/b><\/h3>\n<p>Natuurlijke marjolein olie heeft schimmelwerende en bacteriedodende effecten, het wordt aanbevolen voor uitwendig gebruik in de strijd tegen wratten en eelt wanneer het rechtstreeks op de aangetaste huid wordt aangebracht.<\/p>\n<\/div>\n<\/div>\n<section class=\"related-wrapper\"><\/section>\n","protected":false},"excerpt":{"rendered":"<p><b>Merk:<\/b>\u00a0Nefertiti for natural oils and herbs<br \/>\n<b>Land van herkomst:<\/b>\u00a0Cyprus en Zuid-Turkije<br \/>\n<b>Botanische naam:<\/b>\u00a0Origanum majorana<br \/>\n<b>Familienaam:<\/b>\u00a0Lamiaceae<br \/>\n<b>INCI:\u00a0<\/b>Origanum majorana bladolie<br \/>\n<b>Andere namen:<\/b>\u00a0Majoraan, symbool van geluk, wilde marjolein, Franse marjolein<br \/>\n<b>Gebruikte delen:<\/b>\u00a0plant<br \/>\n<b>Extractiemethode:<\/b>\u00a0stoomdestillatie<br \/>\n<b>Geur:<\/b>\u00a0zoet dennen- en citrusachtig<br \/>\n<b>Uiterlijk:<\/b>\u00a0geel tot donker geel<br \/>\n<b>Fysische toestand:<\/b>\u00a0vloeibaar<br \/>\n<b>Natuurlijk:<\/b>\u00a0ja<br \/>\n<b>Zuiverheid:<\/b>\u00a0100% puur<br \/>\n<b>Certificaten:<\/b>\u00a0ISO, COA &amp; MSDS<br \/>\n<b>Verzending:<\/b>\u00a0berekend bij het afrekenen<\/p>\n","protected":false},"featured_media":12638,"comment_status":"open","ping_status":"closed","template":"","meta":[],"product_brand":[],"product_cat":[191],"product_tag":[],"class_list":{"0":"post-11477","1":"product","2":"type-product","3":"status-publish","4":"has-post-thumbnail","6":"product_cat-essential-oils","8":"first","9":"instock","10":"sale","11":"shipping-taxable","12":"purchasable","13":"product-type-variable","14":"has-default-attributes"},"_links":{"self":[{"href":"https:\/\/airshiptrips.com\/nl\/wp-json\/wp\/v2\/product\/11477","targetHints":{"allow":["GET"]}}],"collection":[{"href":"https:\/\/airshiptrips.com\/nl\/wp-json\/wp\/v2\/product"}],"about":[{"href":"https:\/\/airshiptrips.com\/nl\/wp-json\/wp\/v2\/types\/product"}],"replies":[{"embeddable":true,"href":"https:\/\/airshiptrips.com\/nl\/wp-json\/wp\/v2\/comments?post=11477"}],"wp:featuredmedia":[{"embeddable":true,"href":"https:\/\/airshiptrips.com\/nl\/wp-json\/wp\/v2\/media\/12638"}],"wp:attachment":[{"href":"https:\/\/airshiptrips.com\/nl\/wp-json\/wp\/v2\/media?parent=11477"}],"wp:term":[{"taxonomy":"product_brand","embeddable":true,"href":"https:\/\/airshiptrips.com\/nl\/wp-json\/wp\/v2\/product_brand?post=11477"},{"taxonomy":"product_cat","embeddable":true,"href":"https:\/\/airshiptrips.com\/nl\/wp-json\/wp\/v2\/product_cat?post=11477"},{"taxonomy":"product_tag","embeddable":true,"href":"https:\/\/airshiptrips.com\/nl\/wp-json\/wp\/v2\/product_tag?post=11477"}],"curies":[{"name":"wp","href":"https:\/\/api.w.org\/{rel}","templated":true}]}}