{"id":11409,"date":"2025-10-08T12:22:17","date_gmt":"2025-10-08T12:22:17","guid":{"rendered":"https:\/\/megaroboticsacademy.com\/shop\/niet-gecategoriseerd\/sesame-oil\/"},"modified":"2025-11-22T16:17:23","modified_gmt":"2025-11-22T16:17:23","slug":"sesame-oil","status":"publish","type":"product","link":"https:\/\/airshiptrips.com\/nl\/shop\/natural-oils\/sesame-oil\/","title":{"rendered":"Sesamolie"},"content":{"rendered":"<h3><b>Voordelen van natuurlijke sesamolie<\/b><\/h3>\n<p>Natuurlijke sesamolie is bijzonder rijk aan vitamine A, B, C, D, E, K en micro-elementen (calcium, koper, fosfor, ijzer, magnesium en zink) en bevat een grote hoeveelheid\u00a0omega-3 en omega-6 zuren\u00a0en verzadigde, enkelvoudig onverzadigde en meervoudig onverzadigde vetzuren. Sesamolie is een natuurlijke bron van vitamine E, een bijzonder krachtig antioxidant dat het lichaam perfect reinigt van schadelijke vrije radicalen. Het verbetert de werking van het voortplantings-, endocriene en zenuwstelsel, normaliseert het lipidenmetabolisme, versterkt het immuunsysteem en vermindert het risico op kanker.<\/p>\n<h3><b>Natuurlijke sesamolie voor sterke botten en tanden<\/b><\/h3>\n<p>Sesamolie is de leider onder andere plantaardige oli\u00ebn wat betreft de hoeveelheid calcium in zijn samenstelling. Calcium helpt bij het herstellen van beschadigde botten en herstelt en onderhoudt de structuur van botten die zijn aangetast door verschillende soorten skeletaandoeningen of leeftijdsgebonden veranderingen. Natuurlijke sesamolie wordt gebruikt bij de complexe behandeling van vele ziekten van de botstructuur, waaronder osteoporose, osteochondrose, jicht, artritis, osteoartritis, reumato\u00efde artritis, tandbederf en parodontitis. Koudgeperste sesamolie in een hoeveelheid van slechts \u00e9\u00e9n eetlepel per dag kan het lichaam elke dag van calcium voorzien. Het is de beste natuurlijke remedie voor het voorkomen en behandelen van osteoporose. Regelmatige consumptie van sesamolie herstelt en onderhoudt de botstructuur. Deze koudgeperste olie wordt sterk aanbevolen bij botletsel, zowel voor ouderen als voor kinderen en adolescenten met een verhoogde lichaamsgroei.<\/p>\n<h3><b>Sesamolie voor mondgezondheid<\/b><\/h3>\n<p>Natuurlijke sesamolie heeft antibacteri\u00eble en ontstekingsremmende eigenschappen voor gingivitis, parodontitis en stomatitis. Sesamolie wordt gebruikt als gorgeldrank bij mond- en keelontstekingen.<\/p>\n<h3><b>Sesamolie voor de huid<\/b><\/h3>\n<p>Natuurlijke sesamolie verzacht de huid en voedt deze. Het is ideaal als basisolie voor massages, vooral voor de gevoelige babyhuid. Sesamolie wordt gebruikt om de door brandwonden beschadigde huidstructuur te herstellen. Het bevordert de genezing van wonden, gebarsten huid en kalmeert de ge\u00efrriteerde huid en sesamolie helpt de talgproductie te reguleren. Sesamolie heeft ontstekingsremmende, bacteriedodende en schimmelwerende eigenschappen en ondersteund wondgenezing. Het heeft een gunstige invloed op de conditie van de huid, nagels en haar.<\/p>\n<p>Sesamolie vertraagt veroudering van huidcellen, verbetert bloedstolling, verlaagt cholesterol, reinigt het spijsverteringssysteem van gifstoffen en zouten, stimuleert de spijsvertering, versterkt tandglazuur en tandvlees. Het wordt gebruikt voor de preventie van galstenen, leververvetting en bloedarmoede.<\/p>\n<h3><b>Natuurlijke sesamolie voor haar<\/b><\/h3>\n<p>Sesamolie wordt gemakkelijk door de huid opgenomen, stimuleert doorbloeding van de (hoofd)huid en daarmee ook haargroei. Zelfs door chemicali\u00ebn beschadigd haar kan met behulp van sesamolie regenereren. Sesamolie is een populair en veel gebruikt haarverzorgingsproduct. Als je je haarkleur wilt verbeteren en natuurlijk wilt houden, gebruik dan regelmatig natuurlijke sesamolie als haarmasker. Sesamolie voor verzorging van het haar helpt ook om vroegtijdig grijs worden te voorkomen, wat een van de belangrijkste voordelen is.<\/p>\n","protected":false},"excerpt":{"rendered":"<h2 style=\"font-weight: initial; font-size: 20px;\"><b>Merk:<\/b>\u00a0Nefertiti for natural oils and herbs<br \/>\n<b>Land van herkomst:<\/b>\u00a0Egypte<br \/>\n<b>Botanische naam:<\/b>\u00a0Sesamum indicum<br \/>\n<b>Familienaam:<\/b>\u00a0Pedaliaceae<br \/>\n<b>INCI:\u00a0<\/b>Sesamum Indicum (Sesam) zaadolie<br \/>\n<b>Andere namen:<\/b>\u00a0Sesame, \u0633\u0645\u0633\u0645, Sesamsamen, \u043a\u0443\u043d\u0436\u0443\u0442, \u041a\u0443\u043d\u0436\u0443\u0442\u043d\u0438\u0439, S\u00e9same Sesamo, \u829d\u9ebb<br \/>\n<b>Gebruikte delen:<\/b>\u00a0zaden<br \/>\n<b>Extractiemethode:<\/b>\u00a0koudgeperst<br \/>\n<b>Geur:<\/b>\u00a0nootachtig<br \/>\n<b>Uiterlijk:<\/b>\u00a0lichtgeel<br \/>\n<b>Fysische toestand:<\/b>\u00a0vloeibaar<br \/>\n<b>Natuurlijk:<\/b>\u00a0ja<br \/>\n<b>Zuiverheid:<\/b>\u00a0100% puur<br \/>\n<b>Certificaten:<\/b>\u00a0ISO, COA &amp; MSDS<br \/>\n<b>Samenstelling:\u00a0<\/b>vitamine A, B, C, E en K; calcium, koper, ijzer, magnesium, zink, omega 3 vetzuren, onverzadigde, meervoudig onverzadigde en verzadigde vetzuren<br \/>\n<b>Verzending:<\/b>\u00a0berekend bij het afrekenen<\/h2>\n","protected":false},"featured_media":12620,"comment_status":"open","ping_status":"closed","template":"","meta":[],"product_brand":[],"product_cat":[138],"product_tag":[],"class_list":{"0":"post-11409","1":"product","2":"type-product","3":"status-publish","4":"has-post-thumbnail","6":"product_cat-natural-oils","8":"first","9":"instock","10":"sale","11":"shipping-taxable","12":"purchasable","13":"product-type-variable","14":"has-default-attributes"},"_links":{"self":[{"href":"https:\/\/airshiptrips.com\/nl\/wp-json\/wp\/v2\/product\/11409","targetHints":{"allow":["GET"]}}],"collection":[{"href":"https:\/\/airshiptrips.com\/nl\/wp-json\/wp\/v2\/product"}],"about":[{"href":"https:\/\/airshiptrips.com\/nl\/wp-json\/wp\/v2\/types\/product"}],"replies":[{"embeddable":true,"href":"https:\/\/airshiptrips.com\/nl\/wp-json\/wp\/v2\/comments?post=11409"}],"wp:featuredmedia":[{"embeddable":true,"href":"https:\/\/airshiptrips.com\/nl\/wp-json\/wp\/v2\/media\/12620"}],"wp:attachment":[{"href":"https:\/\/airshiptrips.com\/nl\/wp-json\/wp\/v2\/media?parent=11409"}],"wp:term":[{"taxonomy":"product_brand","embeddable":true,"href":"https:\/\/airshiptrips.com\/nl\/wp-json\/wp\/v2\/product_brand?post=11409"},{"taxonomy":"product_cat","embeddable":true,"href":"https:\/\/airshiptrips.com\/nl\/wp-json\/wp\/v2\/product_cat?post=11409"},{"taxonomy":"product_tag","embeddable":true,"href":"https:\/\/airshiptrips.com\/nl\/wp-json\/wp\/v2\/product_tag?post=11409"}],"curies":[{"name":"wp","href":"https:\/\/api.w.org\/{rel}","templated":true}]}}