{"id":11372,"date":"2025-10-08T12:22:15","date_gmt":"2025-10-08T12:22:15","guid":{"rendered":"https:\/\/megaroboticsacademy.com\/shop\/niet-gecategoriseerd\/olive-oil\/"},"modified":"2025-11-22T15:49:16","modified_gmt":"2025-11-22T15:49:16","slug":"olive-oil","status":"publish","type":"product","link":"https:\/\/airshiptrips.com\/nl\/shop\/natural-oils\/olive-oil\/","title":{"rendered":"Olijfolie"},"content":{"rendered":"<h3><b>Voordelen van natuurlijke olijfolie<\/b><\/h3>\n<p>Natuurlijke olijfolie is alom bekend en wordt in bijna elke keuken ter wereld gebruikt. Olijfolie is rijker aan antioxidanten dan welke andere olie dan ook en beschermt tegen verschillende soorten kanker zoals borst-, prostaat-, endometrioom- en spijsverteringskanaal-kanker.<\/p>\n<p>&nbsp;<\/p>\n<h3><b>Helende eigenschappen van olijfolie<\/b><\/h3>\n<p>Regelmatige consumptie van natuurlijke olijfolie verlaagt het cholesterolgehalte en helpt bij het reguleren van zowel de systolische (maximale) als de diastolische (minimale) bloeddruk. Aanbevolen voor diabetici als een ideaal aanvulling op gezonde voeding dat helpt de bloedsuikerspiegel te reguleren. Natuurlijke olijfolie wordt gebruikt bij de complexe behandeling van osteoporose, het verhoogt de calciumopname en verbetert de mineralisatie van de botten.<\/p>\n<p>&nbsp;<\/p>\n<h3><b>Eigenschappen en samenstelling van olijfolie<\/b><\/h3>\n<p>Olijfolie is rijk aan meervoudig onverzadigde zuren en polyfenolen. Natuurlijke olijfolie is bevat een aanzienlijke hoeveelheid enkelvoudig onverzadigde vetten, meestal oliezuur, die het risico op borstkanker kunnen helpen verminderen. Bovendien bevat pure olijfolie een grote hoeveelheid waardevolle antioxidanten die niet in andere oli\u00ebn voorkomen en bekend staan als zeer krachtige antioxidanten. De samenstelling van verzadigde en onverzadigde vetzuren garandeert een uitstekende bescherming tegen hart- en vaatziekten.<\/p>\n<p>&nbsp;<\/p>\n<h3><b>Olijfolie in cosmetica<\/b><\/h3>\n<p>Natuurlijke olijfolie is zeer populair in de cosmetica-industrie. Het wordt veel gebruikt in mengsels van natuurlijke oli\u00ebn voor huid- en haarverzorging, en als ingredi\u00ebnt in cr\u00e8mes, shampoos, lotions en gezichts- en lichaamsreinigers. Ook voor de productie van natuurlijke zepen is olijfolie zeer bekend. Natuurlijke olijfolie is rijk aan vitamine A en E, die zorgen voor een jeugdige huid. De voedende werking van olijfolie maakt de huid van gezicht, hals, decollet\u00e9 en het hele lichaam glad en zijdezacht. Door olijfolie\u2019s unieke samenstelling wordt voldoende vocht vastgehouden in de huidcellen, zonder dat het de huidpori\u00ebn verstopt.<\/p>\n<p>&nbsp;<\/p>\n<h3><b>Olijfolie in de keuken<\/b><\/h3>\n<p>Natuurlijke olijfolie is een hoofdbestanddeel van mediterrane gerechten. Het wordt toegevoegd aan vlees, is een geweldige aanvulling op salades en wordt gebruikt in stoofschotels, pasta en rijst. Zelfgemaakte mayonaise kan worden gemaakt van geraffineerde olijfolie. Olijfolie is ook geschikt om in te bakken en kan verwarmd worden tot hoge temperaturen (tot 200\u00b0 C).<\/p>\n<p>&nbsp;<\/p>\n<h3><b>Natuurlijke olijfolie voor het haar<\/b><\/h3>\n<p>Olijfolie als haarverzorgingsproduct heeft een positief effect op je haar. Het haar wordt versterkt, krijgt een natuurlijke gezonde glans, het splijten van de haarpunten wordt verminderd en het voorkomt haaruitval.<\/p>\n<p>&nbsp;<\/p>\n<h3><b>Natuurlijke olijfolie voor de huid<\/b><\/h3>\n<p>Olijfolie kan worden gebruikt als gezichtsreiniger. Het is zeer effectief in het reinigen van de pori\u00ebn, verwijdert overtollig talg en is ook geschikt voor het verwijderen van watervaste make-up.<\/p>\n","protected":false},"excerpt":{"rendered":"<div class=\"woocommerce-product-details__short-description\">\n<p><b>Merk:<\/b>\u00a0Nefertiti for natural oils and herbs<br \/>\n<b>Land van herkomst:<\/b>\u00a0Egypte<br \/>\n<b>Botanische naam:<\/b>\u00a0Olea europaea<br \/>\n<b>Familienaam:<\/b>\u00a0Oleaceae<br \/>\n<b>INCI:\u00a0<\/b>Olea europaea (Olijf) olie<br \/>\n<b>Andere namen:<\/b>\u00a0Olive, \u0632\u064a\u062a\u0648\u0646, Olive, \u043e\u043b\u0438\u0432\u043a\u043e\u0432\u044b\u0439, \u041e\u043b\u0438\u0432\u043a\u043e\u0432\u0430, Oliva, \u6a44\u6984<br \/>\n<b>Gebruikte delen:<\/b>\u00a0vrucht<br \/>\n<b>Extractiemethode:<\/b>\u00a0koudgeperst<br \/>\n<b>Geur\/smaak:<\/b>\u00a0licht bitter en kruidig<br \/>\n<b>Uiterlijk:<\/b>\u00a0aards geel<br \/>\n<b>Fysische toestand:<\/b>\u00a0vloeibaar<br \/>\n<b>Natuurlijk:<\/b>\u00a0ja<br \/>\n<b>Zuiverheid:<\/b>\u00a0100% puur<br \/>\n<b>Certificaten:<\/b>\u00a0ISO, COA &amp; MSDS<br \/>\n<b>Samenstelling:\u00a0<\/b>meervoudig onverzadigde vetzuren, polyfenolen, antioxidanten<br \/>\n<b>Verzending:<\/b> berekend bij het afrekenen<\/p>\n<\/div>\n","protected":false},"featured_media":13684,"comment_status":"open","ping_status":"closed","template":"","meta":[],"product_brand":[],"product_cat":[138],"product_tag":[],"class_list":{"0":"post-11372","1":"product","2":"type-product","3":"status-publish","4":"has-post-thumbnail","6":"product_cat-natural-oils","8":"first","9":"outofstock","10":"shipping-taxable","11":"purchasable","12":"product-type-variable","13":"has-default-attributes"},"_links":{"self":[{"href":"https:\/\/airshiptrips.com\/nl\/wp-json\/wp\/v2\/product\/11372","targetHints":{"allow":["GET"]}}],"collection":[{"href":"https:\/\/airshiptrips.com\/nl\/wp-json\/wp\/v2\/product"}],"about":[{"href":"https:\/\/airshiptrips.com\/nl\/wp-json\/wp\/v2\/types\/product"}],"replies":[{"embeddable":true,"href":"https:\/\/airshiptrips.com\/nl\/wp-json\/wp\/v2\/comments?post=11372"}],"wp:featuredmedia":[{"embeddable":true,"href":"https:\/\/airshiptrips.com\/nl\/wp-json\/wp\/v2\/media\/13684"}],"wp:attachment":[{"href":"https:\/\/airshiptrips.com\/nl\/wp-json\/wp\/v2\/media?parent=11372"}],"wp:term":[{"taxonomy":"product_brand","embeddable":true,"href":"https:\/\/airshiptrips.com\/nl\/wp-json\/wp\/v2\/product_brand?post=11372"},{"taxonomy":"product_cat","embeddable":true,"href":"https:\/\/airshiptrips.com\/nl\/wp-json\/wp\/v2\/product_cat?post=11372"},{"taxonomy":"product_tag","embeddable":true,"href":"https:\/\/airshiptrips.com\/nl\/wp-json\/wp\/v2\/product_tag?post=11372"}],"curies":[{"name":"wp","href":"https:\/\/api.w.org\/{rel}","templated":true}]}}