{"id":11244,"date":"2025-10-08T12:22:18","date_gmt":"2025-10-08T12:22:18","guid":{"rendered":"https:\/\/megaroboticsacademy.com\/shop\/niet-gecategoriseerd\/bronzing-oil\/"},"modified":"2025-11-21T14:03:02","modified_gmt":"2025-11-21T14:03:02","slug":"bronzing-oil-for-face-and-body","status":"publish","type":"product","link":"https:\/\/airshiptrips.com\/nl\/shop\/natural-cosmetics\/bronzing-oil-for-face-and-body\/","title":{"rendered":"Bruinings Olie"},"content":{"rendered":"<div class=\"woocommerce-tabs wc-tabs-wrapper\">\n<div id=\"tab-description\" class=\"woocommerce-Tabs-panel woocommerce-Tabs-panel--description panel entry-content wc-tab\" role=\"tabpanel\" aria-labelledby=\"tab-title-description\">\n<h3><b>Vorteile von nat\u00fcrlichem Br\u00e4unungs\u00f6l f\u00fcr Gesicht und K\u00f6rper<\/b><\/h3>\n<p>Mit einer einzigartigen Formel bewahrt unsere Br\u00e4unungs\u00f6l Mischung nicht nur die Sch\u00f6nheit Ihrer Haut mit einer glamour\u00f6sen, lebendigen Bronzet\u00f6nung, sondern versorgt Ihre Haut auch aktiv mit Feuchtigkeit und N\u00e4hrstoffen. Die Br\u00e4unungs\u00f6l Mischung enth\u00e4lt wichtige Inhaltsstoffe f\u00fcr die Gesundheit der Haut wie Vitamin E (Anti-Aging), rotes Moschus \u00d6l (besonders intensive Bronzefarbe) und Jojoba\u00f6l (das Ihre Haut gesund h\u00e4lt und selbst die tiefsten Schichten mit Feuchtigkeit versorgt).<\/p>\n<p>Die Verwendung unserer Br\u00e4unungs\u00f6l Mischung stimuliert den Br\u00e4unungsprozess und sch\u00fctzt Ihre Haut vor den sch\u00e4dlichen Auswirkungen der UV-Strahlung. F\u00fcr einen intensiven, dunklen Bronzeton tragen Sie das Br\u00e4unungs\u00f6l auf Ihr Gesicht und Ihren ganzen K\u00f6rper auf. Wenn Sie eine hellere Bronzet\u00f6nung w\u00fcnschen, wird empfohlen, die Br\u00e4unungs\u00f6l Mischung mit einer feuchtigkeitsspendenden Lotion oder einem Sonnenschutzmittel zu mischen.<\/p>\n<h3><b>Nat\u00fcrliche Hautbr\u00e4unung mit \u00e4therischen \u00d6len<\/b><\/h3>\n<p>Diese einzigartige Mischung aus Br\u00e4unungs\u00f6len sch\u00fctzt Ihre Haut vor sch\u00e4dlichen Sonnenstrahlen und verleiht Ihrer Haut eine helle Bronzefarbe. Die Br\u00e4unungs\u00f6lmischung enth\u00e4lt nat\u00fcrliche \u00e4therische \u00d6le, die die Haut tief n\u00e4hren und mit Feuchtigkeit versorgen, um eine glattere, straffere Haut zu erhalten. So wird sichergestellt, dass Ihre Haut in nur wenigen Tagen eine \u00fcppige, herrlich strahlende Bronzebr\u00e4une bekommt.<\/p>\n<h3><b>Verwendung von nat\u00fcrlichem Br\u00e4unungs\u00f6l\u00a0<\/b><\/h3>\n<p>F\u00fcr Menschen mit empfindlicher und sehr heller Haut wird dringend empfohlen, unsere Br\u00e4unungs\u00f6l Mischung auf Gesicht und K\u00f6rper aufzutragen und nach 10 Minuten eine separate Schicht Schutzlotion oder Sonnenschutzmittel aufzutragen.<\/p>\n<\/div>\n<\/div>\n<section class=\"related-wrapper\"><\/section>\n","protected":false},"excerpt":{"rendered":"<p><b>Marke<\/b>: Nefertiti for natural Oils and herbs<br \/>\n<b>Herkunftsland<\/b>: \u00c4gypten<br \/>\n<b>Zusammensetzung<\/b>:\u00a0\u00e4therische \u00d6le aus Jojoba, Karottensamen, Sandelholz<br \/>\n<b>INCI<\/b>:\u00a0Br\u00e4unung-beschleunigen<br \/>\n<b>Anwendung<\/b>:\u00a0Kosmetik; SPF 12<br \/>\n<b>Duft<\/b>:\u00a0Nussartig mit leichter Kr\u00e4uternote<br \/>\n<b>Aussehen<\/b>:\u00a0Dunkler Bernstein<br \/>\n<b>Physikalischer Zustand<\/b>: Fl\u00fcssigkeit<br \/>\n<b>Nat\u00fcrlich<\/b>: Ja<br \/>\n<b>Reinheit<\/b>: 100 % rein<br \/>\n<b>Zertifiziert<\/b>: ISO, COA &amp; MSDS<br \/>\n<b>Versand<\/b>: Wird an der Kasse berechnet<\/p>\n","protected":false},"featured_media":12572,"comment_status":"open","ping_status":"closed","template":"","meta":[],"product_brand":[],"product_cat":[182],"product_tag":[],"class_list":{"0":"post-11244","1":"product","2":"type-product","3":"status-publish","4":"has-post-thumbnail","6":"product_cat-natural-cosmetics","8":"first","9":"instock","10":"sale","11":"purchasable","12":"product-type-variable","13":"has-default-attributes"},"_links":{"self":[{"href":"https:\/\/airshiptrips.com\/nl\/wp-json\/wp\/v2\/product\/11244","targetHints":{"allow":["GET"]}}],"collection":[{"href":"https:\/\/airshiptrips.com\/nl\/wp-json\/wp\/v2\/product"}],"about":[{"href":"https:\/\/airshiptrips.com\/nl\/wp-json\/wp\/v2\/types\/product"}],"replies":[{"embeddable":true,"href":"https:\/\/airshiptrips.com\/nl\/wp-json\/wp\/v2\/comments?post=11244"}],"wp:featuredmedia":[{"embeddable":true,"href":"https:\/\/airshiptrips.com\/nl\/wp-json\/wp\/v2\/media\/12572"}],"wp:attachment":[{"href":"https:\/\/airshiptrips.com\/nl\/wp-json\/wp\/v2\/media?parent=11244"}],"wp:term":[{"taxonomy":"product_brand","embeddable":true,"href":"https:\/\/airshiptrips.com\/nl\/wp-json\/wp\/v2\/product_brand?post=11244"},{"taxonomy":"product_cat","embeddable":true,"href":"https:\/\/airshiptrips.com\/nl\/wp-json\/wp\/v2\/product_cat?post=11244"},{"taxonomy":"product_tag","embeddable":true,"href":"https:\/\/airshiptrips.com\/nl\/wp-json\/wp\/v2\/product_tag?post=11244"}],"curies":[{"name":"wp","href":"https:\/\/api.w.org\/{rel}","templated":true}]}}