{"id":11205,"date":"2025-10-08T12:22:18","date_gmt":"2025-10-08T12:22:18","guid":{"rendered":"https:\/\/megaroboticsacademy.com\/shop\/niet-gecategoriseerd\/grape-seed-oil\/"},"modified":"2025-11-21T13:44:43","modified_gmt":"2025-11-21T13:44:43","slug":"grape-seed-oil-2","status":"publish","type":"product","link":"https:\/\/airshiptrips.com\/nl\/shop\/essential-oils\/grape-seed-oil-2\/","title":{"rendered":"Druivenpitolie"},"content":{"rendered":"<div class=\"woocommerce-tabs wc-tabs-wrapper\">\n<div id=\"tab-description\" class=\"woocommerce-Tabs-panel woocommerce-Tabs-panel--description panel entry-content wc-tab\" role=\"tabpanel\" aria-labelledby=\"tab-title-description\">\n<h3><b>Druivenpitolie \u2013 eigenschappen en toepassing<\/b><\/h3>\n<p>Essenti\u00eble druivenpitolie heeft antioxidante, regeneratieve en cytoprotectieve eigenschappen. Druivenpitolie is een onvervangbaar cosmetisch ingredi\u00ebnt bij de vervaardiging van producten die geschikt zijn voor de verzorging van een problematische huid. Essenti\u00eble druivenpitolie bevat veel meer linolzuur dan veel andere natuurlijke oli\u00ebn. Druivenpitolie wordt ook aanbevolen voor het verzorgen van de huid na het scheren.<\/p>\n<h3><b>Druivenpitolie voor de huid<\/b><\/h3>\n<p>Natuurlijke druivenpitolie heeft een mild samentrekkend effect, het helpt de huid te verstevigen en vergrote pori\u00ebn te verkleinen. De aanwezigheid van linolzuur in druivenpitolie, is zeer effectief bij de behandeling van huidaandoeningen zoals acne, dermatitis en eczeem. Linolzuur verzacht en voedt de huid, het wordt gemakkelijk door de huid opgenomen en zorgt ervoor dat deze een gezonde uitstraling krijgt; het wordt veel gebruikt in cosmetica.\u00a0Druivenpitolie is bij uitstek geschikt om de huid diep te hydrateren, het helpt rimpels te verminderen en striae te laten vervagen. Deze olie is buitengewoon rijk aan vitamine E, de zogenaamde \u201cjeugd-vitamine\u201d.\u00a0Natuurlijke druivenpitolie is een favoriet ingredi\u00ebnt in veel anti-verouderingscr\u00e8mes, en tegenwoordig ook in de zeer populaire voedingssupplementen, die dienen als aanvulling op voeding om een jeugdig en gezond uiterlijk van de huid te behouden. Deze olie staat bekend als een van de meest krachtige antioxidanten.<\/p>\n<h3><b>Druivenpitolie tegen rimpels<\/b><\/h3>\n<p>De verzachtende eigenschappen voor de huid, maken druivenpitolie tot een zeer geliefde toevoeging in huidverzorgingsproducten. Deze olie wordt aangetroffen in vele cosmetische producten zoals lippenbalsem, hand- en bodycr\u00e8mes, vochtinbrengende lotions,\u00a0zonnebrandcr\u00e8mes en lotions,\u00a0en in haarverzorgingsproducten. Natuurlijke druivenpitolie verbetert de elasticiteit van de huid en vertraagt \u200b\u200bhet verouderingsproces.\u00a0Al een kleine hoeveelheid druivenpitolie volstaat om fijne rimpels en striae te vervagen.<\/p>\n<h3><b>Antioxidante activiteit van druivenpitolie<\/b><\/h3>\n<p>Een belangrijke flavono\u00efde die in grote hoeveelheden in druivenpitolie wordt aangetroffen is oligomere procyanidine. Dit is een ongelooflijk krachtige antioxidant (sterker zelfs dan de vitaminen C en E!) dat beschermt tegen schade, voornamelijk veroorzaakt door vrije radicalen, aan lichaamscellen en weefsel. Vanwege die antioxidante eigenschappen kan druivenpitolie helpen om huidveroudering te vertragen door vrije radicalen in cellen te binden.<\/p>\n<h3><b>Eigenschappen van druivenpitolie<\/b><\/h3>\n<p>Natuurlijke druivenpitolie wordt gebruikt bij de complexe verzorging van een problematische huid, het helpt om beschadigde haarvaten en bloedvaten te versterken en regenereren. De actieve eigenschappen van deze olie staan bekend om het verbeteren van bloedcirculatie in aderen en kleine haarvaten. Om deze reden wordt het gebruik van druivenpitolie dan ook aanbevolen bij spataderen en aambeien. Druivenpitolie wordt gebruikt als drager-\/basisolie in aromatherapie.<\/p>\n<h3><b>Druivenpitolie voor massage<\/b><\/h3>\n<p>Druivenpitolie is een ideale basisolie voor zowel persoonlijke huidverzorging en in verschillende soorten massage, juist vanwege de zijdezachte, delicate en gladde consistentie. Het bevat veel antioxidanten, essenti\u00eble voedingsstoffen en enzymen die beschermen tegen beschadiging en veroudering van de huid. Natuurlijke druivenpitolie bevat linolzuur, een onverzadigd vetzuur dat een sleutelrol speelt bij het behoud van gezonde celmembranen. Druivenpitolie wordt geleidelijk door de huid opgenomen en laat een luchtig, vochtinbrengend laagje achter die helpt bij het intensief regenereren en herstructureren van beschadigd en gespannen huidweefsel.<\/p>\n<h3><b>Druivenpitolie voor het haar<\/b><\/h3>\n<p>Druivenpitolie wordt beschouwd als een van de beste cosmetische producten voor haarverzorging! Het functioneert als een natuurlijke conditioner voor het haar, de werking ervan doet op geen enkele onder voor olijfolie. Essenti\u00eble olie van druivenpitten hydrateert effectief zowel de hoofdhuid als het haar. Het haar wordt versterkt en de algehele conditie verbetert. Dankzij de aanwezige antioxidanten stimuleert druivenpitolie de haargroei en beschermt tegelijk tegen de schadelijke effecten van het milieu. Druivenpitolie helpt voor natuurlijk gezond haar.<\/p>\n<\/div>\n<\/div>\n","protected":false},"excerpt":{"rendered":"<p><b>Merk:<\/b>\u00a0Nefertiti for natural oils and herbs<br \/>\n<b>Land van herkomst:<\/b>\u00a0Egypt<br \/>\n<b>Botanische naam:<\/b>\u00a0Vitis Vinifera L.<br \/>\n<b>Familienaam:<\/b>\u00a0Rafflesiaceae<br \/>\n<b>INCI:\u00a0<\/b>Vitis Vinifera Druivenpitolie<br \/>\n<b>Andere namen:<\/b>\u00a0Muscat, Vitis vinifera, Asma, Auzum, Domestic Grape, European Grape, Grape, Grape Vine, I\u2019Nab, P\u2019U T\u2019Ao, P\u2019U T\u2019Ao Chiu, Raisin, Roseinekaerne, Tray, Vid, Vigne, Vine, Vite<br \/>\n<b>Gebruikte delen:<\/b>\u00a0zaden<br \/>\n<b>Extractiemethode:<\/b>\u00a0koudgeperst<br \/>\n<b>Geur:<\/b>\u00a0licht zoet<br \/>\n<b>Uiterlijk:<\/b>\u00a0bleekgeel<br \/>\n<b>Fysische toestand:<\/b>\u00a0vloeibaar<br \/>\n<b>Natuurlijk:<\/b>\u00a0ja<br \/>\n<b>Zuiverheid:<\/b>\u00a0100% puur<br \/>\n<b>Certificaten:<\/b>\u00a0ISO, COA &amp; MSDS<br \/>\n<b>Verzending:<\/b>\u00a0berekend bij het afrekenen<\/p>\n","protected":false},"featured_media":12554,"comment_status":"open","ping_status":"closed","template":"","meta":[],"product_brand":[],"product_cat":[191],"product_tag":[],"class_list":{"0":"post-11205","1":"product","2":"type-product","3":"status-publish","4":"has-post-thumbnail","6":"product_cat-essential-oils","8":"first","9":"instock","10":"sale","11":"shipping-taxable","12":"purchasable","13":"product-type-variable","14":"has-default-attributes"},"_links":{"self":[{"href":"https:\/\/airshiptrips.com\/nl\/wp-json\/wp\/v2\/product\/11205","targetHints":{"allow":["GET"]}}],"collection":[{"href":"https:\/\/airshiptrips.com\/nl\/wp-json\/wp\/v2\/product"}],"about":[{"href":"https:\/\/airshiptrips.com\/nl\/wp-json\/wp\/v2\/types\/product"}],"replies":[{"embeddable":true,"href":"https:\/\/airshiptrips.com\/nl\/wp-json\/wp\/v2\/comments?post=11205"}],"wp:featuredmedia":[{"embeddable":true,"href":"https:\/\/airshiptrips.com\/nl\/wp-json\/wp\/v2\/media\/12554"}],"wp:attachment":[{"href":"https:\/\/airshiptrips.com\/nl\/wp-json\/wp\/v2\/media?parent=11205"}],"wp:term":[{"taxonomy":"product_brand","embeddable":true,"href":"https:\/\/airshiptrips.com\/nl\/wp-json\/wp\/v2\/product_brand?post=11205"},{"taxonomy":"product_cat","embeddable":true,"href":"https:\/\/airshiptrips.com\/nl\/wp-json\/wp\/v2\/product_cat?post=11205"},{"taxonomy":"product_tag","embeddable":true,"href":"https:\/\/airshiptrips.com\/nl\/wp-json\/wp\/v2\/product_tag?post=11205"}],"curies":[{"name":"wp","href":"https:\/\/api.w.org\/{rel}","templated":true}]}}