{"id":10707,"date":"2025-10-08T12:22:56","date_gmt":"2025-10-08T12:22:56","guid":{"rendered":"https:\/\/megaroboticsacademy.com\/shop\/niet-gecategoriseerd\/grapefruit-oil\/"},"modified":"2025-11-18T20:14:13","modified_gmt":"2025-11-18T20:14:13","slug":"grapefruit-oil","status":"publish","type":"product","link":"https:\/\/airshiptrips.com\/nl\/shop\/aroma-oils\/grapefruit-oil\/","title":{"rendered":"Grapefruit Olie"},"content":{"rendered":"<div class=\"woocommerce-tabs wc-tabs-wrapper\">\n<div id=\"tab-description\" class=\"woocommerce-Tabs-panel woocommerce-Tabs-panel--description panel entry-content wc-tab\" role=\"tabpanel\" aria-labelledby=\"tab-title-description\">\n<p>Bitterzoet, sappig, kleurrijk \u2013 het uiterlijk van grapefruits is er in verschillende kleuren. Zelfs het vruchtvlees ervan is kleurrijk, vari\u00ebrend van geel of roze tot dieprood \u2013 hoe dieper de kleur van het vruchtvlees, hoe zoeter de smaak. Roodachtige vlekken op de dikke schil verraden die vruchten met donkerrood vruchtvlees. Dit exotische fruit dankt die mooie schakeringen aan de van nature aanwezige kleurstoffen caroteen en lycopeen. De soms bittere smaak is te wijten aan naringin.<\/p>\n<p>De heerlijk frisse, maar toch scherpe en bitterzoete geur van grapefruit verfrist de geest en zorgt voor een verkwikt gevoel en een positieve instelling. Een verrassende bijwerking werd in een onderzoek aangetoond: onder invloed van de grapefruit-geur ziet een vrouw er tot zes jaar jonger uitzien, in de beleving van mannen.<\/p>\n<h3><b>Grapefruit Oorsprong &amp; Kenmerken<\/b><\/h3>\n<p>Grapefruit (Citrus x Paradise) werd oorspronkelijk in Barbados gekweekt en is een hybride. Het is een kruising tussen de zoete sinaasappel (Citrus sinensis) en de pomelo (Citrus maxima). De naam is te danken aan de manier waarop ze aan de bomen groeien \u2013\u00a0 in trossen die op grote druiven lijken. Grapefruit, al een genot om te eten, is een echte gezondheidsfreak! De smaak en het aroma zijn slechts een fractie vergeleken met de gezonde voordelen die het te bieden heeft; dit onthult direct het geheim van de etherische olie die uit dit superfruit wordt verkregen. Etherische olie van grapefruit voedt het lichaam en doet huid en haar herleven. Het zit boordevol antioxidanten en is daarom een gunstige remedie bij verschillende aandoeningen.<\/p>\n<p>De samenstelling van grapefruit olie, zoals ge\u00efdentificeerd in verschillende onderzoeken, bestaat uit terpenen, sesquiterpenen en aldehyden. Limoneen is de meest voorkomende component in deze olie. De combinatie van deze ingredi\u00ebnten vertoont antioxidante en ontstekingsremmende activiteiten. Grapefruit olie heeft een frisse, citrusachtige geur, die bij het inhaleren een ware uitbarsting van frisheid afgeeft. De geur kalmeert lichaam en geest en heeft daarmee zijn sporen verdiend in de aromatherapie. Het wordt gebruikt (ook gecombineerd met andere etherische oli\u00ebn) om mentale stress en depressie te verlichten, bij de behandeling van postpartum-ziekte, na intens trauma of na een bevalling, en tijdens zware behandelingen zoals chemotherapie of bestralingstherapie.<\/p>\n<h3><b>Grapefruit olie &amp; Voordelen<\/b><\/h3>\n<p>Laten we er gewoon direct induiken!!<\/p>\n<p><b>Stimuleert het immuunsysteem<\/b><br \/>\nGrapefruit olie is rijk aan antioxidanten, waardoor het een van de beste boosters voor het immuunsysteem is. Het reinigt het lichaam van gifstoffen en vrije radicalen en zorgt voor een optimaal functioneren van de lymfeklieren. Het kan vroegtijdige veroudering, geheugenverlies en verlies van gezichtsvermogen voorkomen.<\/p>\n<p><b>Antibacterieel en antimicrobieel<\/b><br \/>\nDe sterke antibacteri\u00eble en antimicrobi\u00eble effecten van grapefruit olie vertoonden (in reageerbuisstudies) antimicrobi\u00eble eigenschappen tegen potentieel schadelijke bacteri\u00ebn zoals Staphylococcus aureus, Enterococcus faecalis en e-coli. Vergeleken met andere etherische oli\u00ebn, bleek dat grapefruit olie een van de krachtigste antimicrobi\u00eble effecten heeft tegen MRSA \u2013 een groep bacteri\u00ebn die vaak resistent is tegen gewone antibiotica.<\/p>\n<h3><b>Grapefruitolie voor huidverzorging<\/b><\/h3>\n<p><b>Behandelt acne<\/b><br \/>\nEssenti\u00eble olie van grapefruit kan bijdragen aan huidgezondheid door aandoeningen als acne te voorkomen en te behandelen. Vanwege de verfrissende geur en door de krachtige antibacteri\u00eble en antioxiderende werking, zijn de essenti\u00eble oli\u00ebn van citrusvruchten een favoriete toevoeging in veel verschillende verzorgingsproducten zoals gezichtslotions en cr\u00e8mes. De kracht van citrusoli\u00ebn is hun vermogen om de huid bacterievrij te houden, wat het genezingsproces van acne bevordert.<\/p>\n<p>Puistjes en acne ontstaat vaak door een ophoping van dode huidcellen, overtollig talg en\/of bacteri\u00ebn in de pori\u00ebn en haarzakjes. Grapefruit olie reinigt de huid diep en verwijdert het materiaal dat verstopte pori\u00ebn veroorzaakt, tegelijk helpt het om de productie van talg te verminderen, het reguleert talgklieractiviteit, en het voorkomt ophoping van bacteri\u00ebn die gebruikelijk de oorzaak zijn van zwellingen en infecties. Deze geweldige etherische olie reinigt en desinfecteert de huid en kan ook worden vermengd met je favoriete gezichtsreiniger. In combinatie met een dragerolie zullen de resultaten nog opvallender zijn.<\/p>\n<p><b>Gezichtsreiniger<\/b><br \/>\nAcne en puistjes zijn \u00e9\u00e9n ding, maar we hebben allemaal graag een schone huid om te voorkomen dat lelijke mee-eters, witte koppen en puistjes ontstaan. Grapefruit olie helpt de huid helder en fris te houden en de pori\u00ebn diep gezuiverd.<br \/>\nDe etherische olie van grapefruit leent zich ook prima om een geweldige toner voor je gezicht te maken. Als toner helpt het een vette huid te verminderen, grote pori\u00ebn te verkleinen en de huid strakker te maken.<\/p>\n<p><b>Vermindert cellulitis<\/b><br \/>\nGrapefruit olie is een van de meest populaire oli\u00ebn om cellulitis te behandelen. Het heeft ontgiftende, afslankende en circulatiebevorderende eigenschappen die helpen cellulitis te verminderen en voorkomt het vasthouden van vocht door het lichaam.<\/p>\n<p><b>Natuurlijke deodorant<\/b><br \/>\nTranspireren is een hele normale biologische functie van het lichaam, van belang bij het reguleren van de lichaamstemperatuur, maar ook om het lichaam af te koelen. Als gevolg van warm weer of lichamelijke inspanning, inclusief mentale inspanning of nervositeit, zweet je meer. We spreken van overmatig zweten als het lichaam, ook al is er nauwelijks activiteit, meer zweet produceert. Voor de vaak minder aangenaam geurende bijwerking van zweten zijn veel producten beschikbaar, die stuk voor stuk chemische componenten bevatten. Grapefruit olie daarentegen is bij uitstek geschikt als 100% natuurlijke deodorant omdat het helpt de zweetproductie te verminderen en de groei van geur-veroorzakende bacteri\u00ebn remt.<\/p>\n<p><b>Grapefruit olie en bloedcirculatie<\/b><br \/>\nHet doordringende aroma van grapefruit olie is ideaal tegen kramp, stijve spieren, gezwollen voeten, een kater, ochtendmisselijkheid en zelfs artritis. Het stimuleert de bloedcirculatie, voorkomt het vasthouden van vocht en verlicht lichamelijke stress die wordt veroorzaakt door ingeademde verontreinigende stoffen of door het drinken van alcoholische dranken. Menstruatiekrampen kunnen ook worden verlicht door een beetje grapefruit olie op het pijnlijke gebied te masseren.<\/p>\n<p>Grapefruit olie heeft verschillende eigenschappen die bloeddruk en stress kunnen helpen verlagen. Hoge bloeddruk (hypertensie) is een veel voorkomende aandoening die velen treft, waarvoor het gebruik van natuurlijke therapie\u00ebn in de mode is geraakt, in sommige gevallen om zodoende het gebruik van medicijnen te vermijden of verminderen. Een recente klinische studie heeft aangetoond dat onder andere het inademen van citrusoli\u00ebn onmiddellijke en langdurige effecten heeft op het verlagen van de bloeddruk en stress. Bovendien werd een afname vastgesteld van cortisol \u2013 een hormoon dat vrijkomt als reactie op stress. In een andere studie concludeerden onderzoekers dat het primair actieve ingredi\u00ebnt, limoneen, hieraan bijdraagt.<\/p>\n<h3><b>Grapefruit olie voor haarverzorging<\/b><\/h3>\n<p><b>Gezond haar<\/b><br \/>\nMasseer je haar met grapefruit olie om de haargroei te bevorderen en het haar gezond te houden. Het geeft je haar een glanzende, gezonde uitstraling. Een haarmasker wordt eenvoudig gemaakt door wat etherische olie van grapefruit te mengen met sinaasappel-, citroen- en salie-olie. Laat het masker na het aanbrengen 30 minuten intrekken voordat je het uitwast. Deze procedure reinigt de hoofdhuid effectief en geeft je haar veerkracht, vitaliteit en een algehele heerlijke geur.<\/p>\n<p><b>Zuivert het haar<\/b><br \/>\nDagelijkse invloeden op het haar door vervuiling, stof, pollen, chloor en andere luchtverontreinigingen, zijn reden genoeg om het haar regelmatig te reinigen. De toegevoegde chemicali\u00ebn in de gebruikelijke haarverzorgingsproducten, zoals haarsprays, cr\u00e8mes en gels, kunnen echter ook de haarzakjes verstoppen, waardoor het haar zijn glans verliest en er minder gezond uitziet. Als 100% natuurlijke reinigingsmethode kan een massage met grapefruit olie helpen om de ontstane onzuiverheden uit de haarzakjes te verwijderen, zonder het haar te beschadigen. Dit is ook een geweldige remedie bij een vettere hoofdhuid. Het verbluffende resultaat is zijdezacht haar dat gemakkelijk te borstelen en ontwarren is, plus een heerlijk schone hoofdhuid.<\/p>\n<p><b>Tegen roos<\/b><br \/>\nDe diep reinigende effecten van etherische grapefruit olie heeft ook een gunstig effect op het bestrijden van roos. Het bevordert gezonde haarzakjes en haargroei. Voeg eenvoudig een paar druppels grapefruit olie toe aan je favoriete shampoo en laat de magie zijn werk doen!<\/p>\n<p><b>Geurig haarwater<\/b><br \/>\nWilt je de geur van je haar verbeteren? Of hou je niet van de geur van je shampoo? Een verstuiver vullen met water met een paar druppels etherische olie van grapefruit is de ideale en natuurlijke manier om het haar te aromatiseren. Na het wassen en drogen op het haar sprayen en geniet van de verfrissend zoete geur.<\/p>\n<h3><b>Grapefruit olie &amp; Aromatherapie<\/b><\/h3>\n<p>Het jeugdige, ontspannende aroma van grapefruit-olie kan voor verschillende doeleinden worden gebruikt. Heb jij last van de winterblues? Zit je niet lekker in je vel? Voel je je lusteloos? Heb je een algehele boost nodig of wil je je concentratie en focus verhogen? Essenti\u00eble olie van grapefruit kan het antwoord zijn op al deze euvels en meer.<\/p>\n<p>Grapefruit olie stimuleert en verfrist de geest, verbetert de stofwisseling en stimuleert de vetverbranding. Deze olie heeft een ontgiftende werking op de organen, is samentrekkend voor de huid en activeert levenslustigheid met zijn frisse, bitterzoete aroma. Het is rijk aan antioxidanten en bestrijdt zo spanning, vermoeidheid, verkoudheid, stress en hoofdpijn. Het verdampen en inademen van grapefruit olie brengt het hormoonsysteem in evenwicht en verhoogt de concentratie.<\/p>\n<p><b>Angst en depressie<\/b><br \/>\nDoor zijn samenstelling kan grapefruit olie, in combinatie met andere etherische oli\u00ebn, de zenuwen kalmeren. Een massage met grapefruit olie helpt angst te bestrijden bij pati\u00ebnten die geopereerd moeten worden. Depressie kan effici\u00ebnt worden verlicht door grapefruit olie te gebruiken in aromatherapie. Deze etherische olie stimuleert de hersenen om hormonen te produceren die je humeur en geest verbeteren.<\/p>\n<p><b>Kan eetlust onderdrukken<\/b><br \/>\nOnderzoek wijst uit dat aromatherapie met grapefruit olie nuttig kan zijn om de eetlust te onderdrukken. Een andere studie wees uit dat de geur van grapefruit olie de eetlust vermindert door verhoogde activiteit in de maag-vagale zenuw bij knaagdieren. Deze zenuw speelt een belangrijke rol bij het stimuleren van de productie van maagsappen die nodig zijn voor de spijsvertering.<\/p>\n<p>Grapefruit olie kan worden verdampt of verdund met een dragerolie om plaatselijk op de huid aan te brengen. Om symptomen van verkoudheid en griep te verlichten, kan grapefruit olie worden gebruikt in een aromalamp of verdamper. Het inademen van de verspreide olie helpt blokkades in de luchtwegen op te heffen, het energieniveau te verhogen en je verfrist te voelen.<\/p>\n<h3><b>Veilig gebruik van grapefruit olie<\/b><\/h3>\n<p>Essenti\u00eble olie van grapefruit is niet giftig en veroorzaakt over het algemeen geen irritatie. Het wordt echter sterk afgeraden om direct op de huid aan te brengen vlak voor blootstelling aan de zon, aangezien het fototoxisch is. Deze olie is niet bedoeld voor consumptie en contact met de ogen dient te worden vermeden. Het inademen van verdampte grapefruit olie via een verdamper, geurverspreider of op een tissue vormt geen enkel risico.<\/p>\n<\/div>\n<\/div>\n<section class=\"related-wrapper\"><\/section>\n","protected":false},"excerpt":{"rendered":"<p><b>Merk:\u00a0<\/b>Nefertiti for natural oils and herbs<br \/>\n<b>Land van herkomst:\u00a0<\/b>Egypte<br \/>\n<b>Botanische naam:\u00a0<\/b>Citrus X paradise<br \/>\n<b>Familie:<\/b>\u00a0Rutaceae<br \/>\n<b>INCI:\u00a0<\/b>Citrus X Paradise\u00a0Pure Aroma Olie<br \/>\n<b>Gebruikte delen:<\/b>\u00a0schil<br \/>\n<b>Extractiemethode:\u00a0<\/b>stoomdestillatie<br \/>\n<b>Geur:<\/b>\u00a0scherp en verfrissend<br \/>\n<b>Uiterlijk:<\/b>\u00a0bleek geel tot licht robijnachtig<br \/>\n<b>Fysische toestand:\u00a0<\/b>vloeibaar<br \/>\n<b>Natuurlijk:\u00a0<\/b>ja<br \/>\n<b>Zuiverheid:\u00a0<\/b>100% puur<br \/>\n<b>Certificaten:\u00a0<\/b>ISO &amp; MSDS<br \/>\n<b>Samenstelling:<\/b>\u00a0pure aroma olie<br \/>\n<b>Verzending:\u00a0<\/b>berekend bij het afrekenen<\/p>\n","protected":false},"featured_media":12895,"comment_status":"open","ping_status":"closed","template":"","meta":[],"product_brand":[],"product_cat":[203],"product_tag":[],"class_list":{"0":"post-10707","1":"product","2":"type-product","3":"status-publish","4":"has-post-thumbnail","6":"product_cat-aroma-oils","8":"first","9":"instock","10":"shipping-taxable","11":"purchasable","12":"product-type-variable","13":"has-default-attributes"},"_links":{"self":[{"href":"https:\/\/airshiptrips.com\/nl\/wp-json\/wp\/v2\/product\/10707","targetHints":{"allow":["GET"]}}],"collection":[{"href":"https:\/\/airshiptrips.com\/nl\/wp-json\/wp\/v2\/product"}],"about":[{"href":"https:\/\/airshiptrips.com\/nl\/wp-json\/wp\/v2\/types\/product"}],"replies":[{"embeddable":true,"href":"https:\/\/airshiptrips.com\/nl\/wp-json\/wp\/v2\/comments?post=10707"}],"wp:featuredmedia":[{"embeddable":true,"href":"https:\/\/airshiptrips.com\/nl\/wp-json\/wp\/v2\/media\/12895"}],"wp:attachment":[{"href":"https:\/\/airshiptrips.com\/nl\/wp-json\/wp\/v2\/media?parent=10707"}],"wp:term":[{"taxonomy":"product_brand","embeddable":true,"href":"https:\/\/airshiptrips.com\/nl\/wp-json\/wp\/v2\/product_brand?post=10707"},{"taxonomy":"product_cat","embeddable":true,"href":"https:\/\/airshiptrips.com\/nl\/wp-json\/wp\/v2\/product_cat?post=10707"},{"taxonomy":"product_tag","embeddable":true,"href":"https:\/\/airshiptrips.com\/nl\/wp-json\/wp\/v2\/product_tag?post=10707"}],"curies":[{"name":"wp","href":"https:\/\/api.w.org\/{rel}","templated":true}]}}