{"id":10649,"date":"2025-10-08T12:23:27","date_gmt":"2025-10-08T12:23:27","guid":{"rendered":"https:\/\/megaroboticsacademy.com\/shop\/niet-gecategoriseerd\/eucalyptus-oil\/"},"modified":"2025-11-18T17:42:02","modified_gmt":"2025-11-18T17:42:02","slug":"eucalyptus-oil","status":"publish","type":"product","link":"https:\/\/airshiptrips.com\/nl\/shop\/aroma-oils\/eucalyptus-oil\/","title":{"rendered":"Eucalyptus Olie"},"content":{"rendered":"<div class=\"woocommerce-tabs wc-tabs-wrapper\">\n<div id=\"tab-description\" class=\"woocommerce-Tabs-panel woocommerce-Tabs-panel--description panel entry-content wc-tab\" role=\"tabpanel\" aria-labelledby=\"tab-title-description\">\n<p>De eucalyptusboom kan zich moeiteloos aanpassen aan verschillende omgevingen. Deze eigenschap is te danken aan de genetische samenstelling van de boom, deze eigenschap zorgt er tevens voor dat de boom gemakkelijk en snel hout produceert, waardoor hij sneller groeit. Soms wordt de eucalyptus aangeduid als een gomboom, hetgeen in feite een onjuist verwijzing is. De afscheiding uit de bast is echter een tannine-achtige substantie die kino wordt genoemd.<\/p>\n<p>Kino is een rode, aromatische, kleverige substantie die vrijkomt uit de bast, dat een samentrekkend effect heeft. De Aboriginals gebruikten het onder andere bij diarree en plaatselijk tegen keelpijn, koorts, wonden en zweren \u2013 de samentrekkende werking van tannine stopt het bloeden.<br \/>\nDe eucalyptusboom levert ook manna. Manna ontstaat door insectenschade, met als gevolg dat schors en bladeren een zoete eetbare substantie afscheiden \u2013 rode gom oftewel manna. Deze stof bevat veel suikers (arabinose, raffinose, dextrose en sucrose), heeft een aangename zoete smaak en is licht laxerend. Aboriginals raapten gevallen manna op of schraapten het van de bladeren, zwaar bedekte bladeren werden geplet en gebakken, voor toepassing in verschillende remedies.<\/p>\n<p>De eucalyptus globulus is de meest voorkomende onder de 800 soorten eucalyptus. Het vermogen van deze boom om de anofelische mug, die verantwoordelijk is voor malaria, te bestrijden, heeft de bijnaam \u201cFever Tree\u201d opgeleverd. De waardevolle larvicide verbindingen in eucalyptus maken de verkregen essenti\u00eble olie ervan een potenti\u00eble bron tegen malariavectoren en een ideaal alternatief voor synthetische insecticiden.<\/p>\n<h3><b>Eucalyptus Oorsprong &amp; Kenmerken<\/b><\/h3>\n<p>De naam Eucalyptus is afgeleid van het Griekse \u2018eu\u2019 (goed) en \u2018calyptos\u2019 (bedekt) \u2013 verwijzend naar het operculum, de \u201cdop\u201d op de bloemen, dat de meeldraden beschermt.<br \/>\nOnder gunstige omstandigheden kan de snelgroeiende eucalyptusboom meer dan 110 meter hoog worden. De boom komt oorspronkelijk uit Australi\u00eb, waar ongeveer driekwart van de vegetatie wordt gevormd door eucalyptusbomen en struiken. Ze groeien overal in Australi\u00eb, behalve in de droogste gebieden, waar de Acacia zijn plaats inneemt. Na in de 19e eeuw in Europa te zijn ge\u00efntroduceerd als sierboom, ontwikkelde de eucalyptusboom bepaalde kenmerken die niet het niet had in zijn geboortegrond \u2013 de boom scheidt namelijk chemicali\u00ebn af die de omringende grond vergiftigen, waardoor andere planten niet in zijn directe omgeving kunnen groeien.<\/p>\n<p>Het uiterlijk van stam en schors kent een verscheidenheid aan textuur en vorm \u2013 vari\u00ebrend van schilferend tot glad, geribbeld of gespleten, en hebben zelfs prachtige kleuren, van wit en grijs tot roze in sommige soorten. De talrijke fraaie bloemen zijn divers gekleurd en bevatten veel nectar, de vrucht is een kleine houtachtige capsule.<br \/>\nTijdens de groei verandert zowel de vorm als de kleur van de bladeren. Jong blad is blauwachtig en rond, zonder steel, ze groeien tegenover elkaar en zijn naar boven gericht. In de loop van hun levensjaren verandert het uiterlijk tot langwerpig en sikkelvormig, de textuur wordt leerachtig en de kleur groen. Om olie- of waterverlies door verdamping te minimaliseren, gaan de geharde bladeren hangen zodat ze beschermt zijn tegen zonlicht. Hoewel het hoge gehalte aan vluchtige oli\u00ebn in de bladeren de eucalyptus kwetsbaar maakt voor bosbranden, bieden andere speciale aanpassingen in schors en stam bescherming.<\/p>\n<p>In de eucalyptus-teelt wordt beweerd: hoe beter het hout, des te minder olie de boom bevat \u2013 aan de andere kant is het hout van een boom die veel goede olie produceert van weinig belang. Er zijn ongeveer 10 tot 20 soorten van de laatste.<\/p>\n<h3><b>Eucalyptusolie &amp; Voordelen<\/b><\/h3>\n<p>Tegenwoordig worden eucalyptusbomen over de hele wereld gekweekt en gebruikt voor hun helende eigenschappen. Het hoge cineol-gehalte is verantwoordelijk voor de scherpere geur van de eucalyptus globulus, in vergelijking met die van andere eucalyptussoorten. De olie van dit geslacht is de meest bekende en wordt gebruikt als ingredi\u00ebnt voor veel producten, waaronder tandpasta, hoestsiroop en kauwgom.<\/p>\n<p>Eucalyptusolie wordt gewonnen door gedroogde bladeren en twijgen te pletten en destilleren. Deze olie heeft is lichtgele tot kleurloos en de aanwezige vluchtige aldehyden kunnen de slijmvliezen irriteren. Het is een ontsmettende olie en zeer effectief tegen voetschimmel, ontstekingen, verkoudheid, ruwe of droge handen. Etherische olie van eucalyptus is alleen geschikt voor uitwendig gebruik.<\/p>\n<p><b>Verlicht symptomen van griep en verkoudheid<\/b><br \/>\nEucalyptusolie wordt sinds lang gebruikt om hoest te verlichten en is een van de actieve ingredi\u00ebnten in vrij verkrijgbare hoestsiropen en populaire rub-producten, die op keel-, hals- en borststreek kunnen worden aangebracht om de symptomen van verkoudheid of griep te verlichten. Eucalyptusolie kan hoesten tot zwijgen brengen en inademen van verdampte olie helpt het slijm in de luchtwegen los te maken en te verwijderen. Een rub met eucalyptusolie heeft hetzelfde effect. Deze eigenschappen kunnen ook gunstig zijn om de symptomen van astma te verminderen.<\/p>\n<p><b>Desinfecteert wonden<\/b><br \/>\nIn de voetsporen van de Australische Aboriginals, die eucalyptusbladeren gebruikten om wonden te behandelen en infectie te voorkomen, is eucalyptusolie in verdunde vorm geschikt voor gebruik op de huid. Deze etherische olie kan helpen ontstekingen te voorkomen en te bestrijden, en huidgenezing te bevorderen. Het is geschikt voor de behandeling van oppervlakkige snijwonden, kleine brandwonden of andere verwondingen.<\/p>\n<p><b>Vermindert koortsblaasjes<\/b><br \/>\nDe ontstekingsremmende eigenschappen van eucalyptus kunnen de symptomen van herpes verlichten. Het aanbrengen van eucalyptusolie op een koortslip kan de pijn verminderen en het genezingsproces versnellen.<\/p>\n<p><b>Pijn verlichten<\/b><b><br \/>\n<\/b>Onderzoek suggereert dat eucalyptusolie gewrichtspijn verlicht. In feite bevatten veel populaire vrij verkrijgbare cr\u00e8mes en zalven, ontworpen om pijn te verzachten door aandoeningen zoals artrose en reumato\u00efde artritis, essenti\u00eble olie van eucalyptus. Eucalyptusolie helpt bij het verminderen van pijn en ontstekingen die gepaard gaan met veel aandoeningen. Het kan ook helpen bij rugpijn of bij herstel van gewrichts- of spierblessures.<\/p>\n<p><b>Insectenwerend<\/b><br \/>\nAls een effectief en 100% natuurlijk alternatief voor de gebruikelijke insectenwerende middelen, is eucalyptusolie bij uitstek geschikt om muggen en andere bijtende insecten op afstand te houden.<\/p>\n<p><b>Verfrist de adem<\/b><br \/>\nVanwege de antibacteri\u00eble eigenschappen kan eucalyptusolie worden gebruikt om de ziektekiemen te bestrijden die een onaangename mondgeur veroorzaken. Gangbare mondspoelingen en tandpasta\u2019s bevatten deze olie al als actief ingredi\u00ebnt. Gebruik deze olie verdund als mondwater of tandpasta, het kan de vorming van tandplak helpen voorkomen en het tandvlees beschermen tegen bacteri\u00eble infecties.<\/p>\n<h3><b>Eucalyptusolie &amp; Aromatherapie<\/b><\/h3>\n<p>Essenti\u00eble olie van eucalyptus is een zuiverende, reinigende, verhelderende olie die het immuunsysteem versterkt en ideaal is voor gebruik op de huid, in aromatherapie en ook als oppervlaktereiniger en verfrisser van kleding.<\/p>\n<p>De verkoelende geur van eucalyptusolie verlicht mentale uitputting doordat het de bloedtoevoer naar de hersenen bevordert en de geest stimuleert en verjongt. Bij sinuscongestie kan het verspreiden van eucalyptusdamp gedurende de nacht in de slaapkamer de neusholtes vrijmaken en schadelijke bacteri\u00ebn in de lucht wegnemen.<\/p>\n<\/div>\n<\/div>\n","protected":false},"excerpt":{"rendered":"<p><b>Merk:\u00a0<\/b>Nefertiti for natural oils and herbs<br \/>\n<b>Land van herkomst:\u00a0<\/b>Egypte<br \/>\n<b>Botanische naam:\u00a0<\/b>Eucalyptus Globulus<br \/>\n<b>Familie:<\/b>\u00a0Myrtaceae<br \/>\n<b>INCI:\u00a0<\/b>Eucalyptus Globulus Pure Aroma Olie<br \/>\n<b>Gebruikte delen:<\/b>\u00a0bladeren<br \/>\n<b>Extractiemethode:\u00a0<\/b>stoomdestillatie<br \/>\n<b>Geur:<\/b>\u00a0mint- en kamferachtig \u2013 scherp en doordringend<br \/>\n<b>Uiterlijk:<\/b>\u00a0kleurloos<br \/>\n<b>Fysische toestand:\u00a0<\/b>vloeibaar<br \/>\n<b>Natuurlijk:\u00a0<\/b>ja<br \/>\n<b>Zuiverheid:\u00a0<\/b>100% puur<br \/>\n<b>Certificaten:\u00a0<\/b>ISO &amp; MSDS<br \/>\n<b>Samenstelling:<\/b>\u00a0pure aroma olie<br \/>\n<b>Verzending:\u00a0<\/b>berekend bij het afrekenen<\/p>\n","protected":false},"featured_media":12854,"comment_status":"open","ping_status":"closed","template":"","meta":[],"product_brand":[],"product_cat":[203],"product_tag":[],"class_list":{"0":"post-10649","1":"product","2":"type-product","3":"status-publish","4":"has-post-thumbnail","6":"product_cat-aroma-oils","8":"first","9":"instock","10":"shipping-taxable","11":"purchasable","12":"product-type-variable","13":"has-default-attributes"},"_links":{"self":[{"href":"https:\/\/airshiptrips.com\/nl\/wp-json\/wp\/v2\/product\/10649","targetHints":{"allow":["GET"]}}],"collection":[{"href":"https:\/\/airshiptrips.com\/nl\/wp-json\/wp\/v2\/product"}],"about":[{"href":"https:\/\/airshiptrips.com\/nl\/wp-json\/wp\/v2\/types\/product"}],"replies":[{"embeddable":true,"href":"https:\/\/airshiptrips.com\/nl\/wp-json\/wp\/v2\/comments?post=10649"}],"wp:featuredmedia":[{"embeddable":true,"href":"https:\/\/airshiptrips.com\/nl\/wp-json\/wp\/v2\/media\/12854"}],"wp:attachment":[{"href":"https:\/\/airshiptrips.com\/nl\/wp-json\/wp\/v2\/media?parent=10649"}],"wp:term":[{"taxonomy":"product_brand","embeddable":true,"href":"https:\/\/airshiptrips.com\/nl\/wp-json\/wp\/v2\/product_brand?post=10649"},{"taxonomy":"product_cat","embeddable":true,"href":"https:\/\/airshiptrips.com\/nl\/wp-json\/wp\/v2\/product_cat?post=10649"},{"taxonomy":"product_tag","embeddable":true,"href":"https:\/\/airshiptrips.com\/nl\/wp-json\/wp\/v2\/product_tag?post=10649"}],"curies":[{"name":"wp","href":"https:\/\/api.w.org\/{rel}","templated":true}]}}