{"id":10562,"date":"2025-10-08T12:22:24","date_gmt":"2025-10-08T12:22:24","guid":{"rendered":"https:\/\/megaroboticsacademy.com\/shop\/niet-gecategoriseerd\/lotus-oil\/"},"modified":"2025-11-18T16:53:05","modified_gmt":"2025-11-18T16:53:05","slug":"lotus-oil","status":"publish","type":"product","link":"https:\/\/airshiptrips.com\/nl\/shop\/aroma-oils\/lotus-oil\/","title":{"rendered":"Lotus Olie"},"content":{"rendered":"<div class=\"woocommerce-tabs wc-tabs-wrapper\">\n<div id=\"tab-description\" class=\"woocommerce-Tabs-panel woocommerce-Tabs-panel--description panel entry-content wc-tab\" role=\"tabpanel\" aria-labelledby=\"tab-title-description\">\n<p>Ontwapenend, magisch en sereen\u2026. dat is wat de lotusbloem vertegenwoordigt voor veel mensen over de hele wereld. De invloed van lotusbloemen reikt ver, door de tijd heen en wereldwijd verspreid. Voor de oude Egyptenaren was de lotusbloem symbool voor wedergeboorte, maar ook in het hindoe\u00efsme en boeddhisme heeft de symbolische betekenis van de lotusbloem zijn plaats. In het hindoe\u00efsme staat de lotusbloem voornamelijk voor welvaart, en in het boeddhisme symboliseert het zuiverheid en verlichting. Het boeddhisme verhaalt dat Boeddha werd geboren uit een lotusbloem.<\/p>\n<h3><b>Lotus Oorsprong &amp; Kenmerken<\/b><\/h3>\n<p>Lotusbloem zit vol symboliek!<br \/>\nDe diepere betekenis van de lotusbloem is onlosmakelijk verbonden met zijn groei en bloeiwijze. De zaden van de bloem nestelen zich in moerassige grond. Afhankelijk van hoe diep het water is, kunnen de wortel-stelen van de lotusbloem tot 5,5 meter lang worden en stoppen met groeien zodra ze het wateroppervlak bereiken. Eenmaal aan de oppervlakte ontwikkelen en groeien de bladeren, die wel 60 cm in omtrek kunnen worden. De bloeiende lotusbloem kan een doorsnee van 25 cm bereiken en bloeit met het ritme van de dag \u2013 de bloembladen gaan \u2019s morgens open en sluiten zich weer bij het vallen van de avond.<\/p>\n<p>Tegenwoordig staat de lotusbloem voor puurheid. Dit verwijst naad de hydrofobe (dat letterlijk \u201cwatervrees\u201d betekent) eigenschap van de bloem \u2013 de waterafstotende eigenschap van de bloembladen. Ondanks hun groei en bestaan \u200b\u200bin moerassige gebieden, hecht water of modder zich wonderlijk genoeg nooit aan de bladeren. Dit zogenaamde zelfreinigende vermogen wordt het \u201clotuseffect\u201d genoemd. Een ander bijzonder kenmerk van de lotusbloem is dat een zich eenmaal geopende bloem, een heel jaar bloeit. Hierdoor symboliseert de lotusbloem ook het leven zelf. Rijpe zaden vinden hun weg in het water doordat de bloem zich voorover buigt om ze te laten vallen. De zaden blijven heel lang, soms honderden jaren, kiembaar.<\/p>\n<p>De complete cyclus, vanaf de tijd dat de zaden zich nestelen tot het moment waarop de bloem zich opent, symboliseert innerlijke groei en de weg naar verlichting. De bloem komt in al haar puurheid tevoorschijn uit de duisternis, die heeft echter geen blijvende invloed nadat ze eenmaal het licht heeft gevonden. Dit symboliseert op zijn beurt menselijke verlichting, de duisternis vertegenwoordigt hierin het verleden. Eenmaal boven het wateroppervlak verenigt de lotusbloem zich met alle vier de elementen. Waar het voorheen alleen verbonden was met aarde en water, is het nu door te bloeien ook verbonden met lucht en vuur (de zon). Het ontstaan van de ultieme verbinding \u2013 eenheid en balans met de natuur.<\/p>\n<p>Zelfs elk van de verschillende kleuren van de lotusbloem heeft zijn eigen associaties en betekenis. De witte bloem symboliseert vrede, puurheid en perfectie, en staat voor het nastreven van een vastgesteld, zelfgekozen doel. Roze drukt menselijke groei en contact met de ziel uit, het symboliseert specifiek de weg van onbewust leven (het donkere moeras) over het levenspad (de stengel) naar verlichting (de bloeiende bloem). Rood wordt geassocieerd met liefde en passie, maar ook met groei, loyaliteit en vriendschap. De paarse lotus symboliseert het Achtvoudige Pad dat naar verlichting leidt. Om deze reden wordt de paarse lotus vaak afgebeeld met acht bloembladen. De blauw gekleurde bloem wordt geassocieerd met de geest, met kennis, wijsheid en leren. De vrucht van de blauwe lotus is altijd geheel of gedeeltelijk verborgen onder de bloembladen en symboliseert de oneindigheid van spirituele groei<\/p>\n<h3><b>Lotusolie &amp; Voordelen<\/b><\/h3>\n<p>Lotusolie, de roze absolue, wordt gewonnen uit de rode lotusbloemen van de Nelumbo nucifera. De geur is warm en kruidig exotisch, en staat bekend als krachtig afrodisiacum. Het is een ideale aanvulling op harmonische huidmassage-oli\u00ebn.<\/p>\n<p>Lotus etherische olie wordt gebruikt in veel huidverzorgingsproducten zoals in bad- en bodylotions, als massageolie en in aromatherapie. De rijke geur geeft een gevoel van rust, en inspireert het lichaam om dieper te ademen. De oude Romeinen gebruikten lotusolie al om ademhalingsproblemen zoals astma te behandelen. De kalmerende effecten verhogen het gevoel van rust. Lotusolie wordt beschouwd als een van de meest kostbare attributen in aromatherapie vanwege het tijdrovende extractieproces.<\/p>\n<p>Deze olie dient altijd in verdunde vorm op de huid te worden aangebracht. Een paar druppels lotusolie vermengd met een dragerolie of lotion helpt rimpels, roodheid en huidirritaties te verminderen. De olie regenereert de huid en stimuleert de vorming van nieuw weefsel.<\/p>\n<p><b>Lotusolie voor de huid<\/b><br \/>\nDe belangrijkste bestanddelen van essenti\u00eble lotusolie zijn fosfor, linolzuur, vitamine C en B, ijzer, prote\u00efne en vele andere. Veel van die heilzame stoffen helpen de huid haar natuurlijke schoonheid te behouden. De verkoelende en verzachtende eigenschappen van lotusolie bevorderen de huidconditie en verbeteren de textuur van de huid.<br \/>\nBovendien kan de adstringerende verbinding van lotusolie zeer effectief zijn bij het genezen of onder controle houden van puistjes en acne. Deze olie kan daarom een echte uitkomst zijn voor tieners en enkele volwassenen die moeite hebben om van deze vervelende huidaandoening af te komen.<\/p>\n<p><b>Neutraliseert vrije radicalen<\/b><br \/>\nVrije radicalen kunnen enorme schade aanrichten in ons lichaam. Ze kunnen kanker veroorzaken en een vroeg verouderingsproces van het lichaam in gang zetten of versnellen. De aanwezigheid van flavono\u00efden en polysacchariden in lotusolie werkt als een antioxidant, maakt het een ontstekingsremmend middel en hydrateert het lichaam. Deze eigenschappen van lotusolie kunnen vrije radicalen neutraliseren en het lichaam beschermen tegen de celbeschadiging die ze kunnen veroorzaken.<\/p>\n<p><b>Voorkomt vroegtijdige huidveroudering<\/b><b><br \/>\n<\/b>Zoals eerder vermeld, het voorkomen van vroegtijdige huidveroudering, dat zich uit in rimpels, sproeten, doffe teint en andere huidproblemen, is een van de voordelen van lotusolie. Opgemerkt moet worden dat een onstabiele stemming, stress, slechte gewoonten zoals roken of drinken als de hoofdoorzaken worden gezien van vroegtijdige huidveroudering. Daartegenover dragen gezonde leefgewoonten juist positief bij aan een mooie huid. Bovendien kan het gebruik van lotusolie helpen bij de huidverzorging doordat het ervoor zorgt dat gifstoffen worden geneutraliseerd. Dit heeft een gezonde, stralende, gladde en jeugdig ogende huid als resultaat.<br \/>\nLotusolie kan worden gemengd met andere essenti\u00eble oli\u00ebn zoals citrus, sandelhout of bloemenolie, zodat je eenvoudig je eigen favoriete huidverzorgings-olie kunt cre\u00ebren.<\/p>\n<h3><b>Lotusolie &amp; Aromatherapie<\/b><\/h3>\n<p>Nu we dan zoveel meer weten over de \u201cheilige\u201d lotus, is het waarschijnlijk geen echte verrassing dat essenti\u00eble lotusolie een veel gebruikte olie is in de aromatherapie. Het staat bekend als effectief middel om de luchtwegen te kalmeren en helpt milde aandoeningen zoals verkoudheid, griep en koorts te verlichten.<br \/>\nBijkomende voordelen van lotusolie zijn de kalmerende effecten die het heeft op het zenuwstelsel en het voorkomen van stress. Dit kan wordt simpelweg bereikt worden door lotusolie door verdamping in de lucht te verspreiden om te worden ingeademd, dan fungeert het bovendien tegelijk als luchtverfrisser in huis.<\/p>\n<p>Lotusolie heeft cardio-tonische eigenschappen, die hoge bloeddruk verlagen en rust in brengt. Deze verzachtende eigenschappen maken lotus tot de ideale olie voor rusteloze mensen, het zorgt voor fysieke en mentale harmonie, zoals geen enkele andere olie dat kan. De juiste dosering (ca. 2-3 druppels per 50 ml. drager-\/basisolie) is belangrijk aangezien alleen de correcte verhouding zorgt voor balans en harmonie. Een grotere hoeveelheid lotusolie kan eerder een verdovend effect hebben. Door het vermogen om bij mentale uitputting en vermoeidheid te helpen, en tegelijkertijd de innerlijke kracht te bevorderen, maakt het aroma van lotusolie ons zelfbewuster en creatiever, en kan een einde maken aan het eventueel voorkomende nachtmerries. Het biedt rust en vergroot mentale helderheid, verbetert de concentratie en helpt bij de persoonlijke ontwikkeling.<\/p>\n<h3><b>Gebruik van Lotusolie<\/b><\/h3>\n<p>Verdund met een dragerolie, kan het plaatselijk op de huid worden aangebracht. Daarnaast kan lotusolie worden gebruikt als badolie of toegevoegd aan elk gewenst badproduct, of als massageolie om de huid te stimuleren en tegelijkertijd ontspanning te bieden. Op deze manier geniet u in \u00e9\u00e9n keer van alle voordelen van lotusolie, zowel wat betreft de aromatherapeutische effecten, maar ook als remedie tegen huiduitslag, huidirritaties, rimpels, depressies, prikkelbaarheid, stress en frigiditeit.<\/p>\n<\/div>\n<\/div>\n","protected":false},"excerpt":{"rendered":"<p><b>Merk:\u00a0<\/b>Nefertiti for natural oils and herbs<br \/>\n<b>Land van herkomst:\u00a0<\/b>Egypte<br \/>\n<b>Botanische naam:<\/b>\u00a0Nelumbo nucifera<br \/>\n<b>Familie:<\/b>\u00a0Nelumbonaceae<br \/>\n<b>INCI:\u00a0<\/b>Nelumbo Nucifera\u00a0Pure Aroma Olie<br \/>\n<b>Gebruikte delen:<\/b>\u00a0bloesems<br \/>\n<b>Extractiemethode:\u00a0<\/b>stoomdestillatie<br \/>\n<b>Geur:<\/b>\u00a0licht en fris bloemig, met een zoete en poederachtige kwaliteit<br \/>\n<b>Uiterlijk:<\/b>\u00a0geel<br \/>\n<b>Fysische toestand:\u00a0<\/b>vloeibaar<br \/>\n<b>Natuurlijk:\u00a0<\/b>ja<br \/>\n<b>Zuiverheid:\u00a0<\/b>100% puur<br \/>\n<b>Certificaten:\u00a0<\/b>ISO &amp; MSDS<br \/>\n<b>Samenstelling:<\/b>\u00a0pure aroma olie<br \/>\n<b>Verzending:\u00a0<\/b>berekend bij het afrekenen<\/p>\n","protected":false},"featured_media":12776,"comment_status":"open","ping_status":"closed","template":"","meta":[],"product_brand":[],"product_cat":[203],"product_tag":[],"class_list":{"0":"post-10562","1":"product","2":"type-product","3":"status-publish","4":"has-post-thumbnail","6":"product_cat-aroma-oils","8":"first","9":"instock","10":"shipping-taxable","11":"purchasable","12":"product-type-variable","13":"has-default-attributes"},"_links":{"self":[{"href":"https:\/\/airshiptrips.com\/nl\/wp-json\/wp\/v2\/product\/10562","targetHints":{"allow":["GET"]}}],"collection":[{"href":"https:\/\/airshiptrips.com\/nl\/wp-json\/wp\/v2\/product"}],"about":[{"href":"https:\/\/airshiptrips.com\/nl\/wp-json\/wp\/v2\/types\/product"}],"replies":[{"embeddable":true,"href":"https:\/\/airshiptrips.com\/nl\/wp-json\/wp\/v2\/comments?post=10562"}],"wp:featuredmedia":[{"embeddable":true,"href":"https:\/\/airshiptrips.com\/nl\/wp-json\/wp\/v2\/media\/12776"}],"wp:attachment":[{"href":"https:\/\/airshiptrips.com\/nl\/wp-json\/wp\/v2\/media?parent=10562"}],"wp:term":[{"taxonomy":"product_brand","embeddable":true,"href":"https:\/\/airshiptrips.com\/nl\/wp-json\/wp\/v2\/product_brand?post=10562"},{"taxonomy":"product_cat","embeddable":true,"href":"https:\/\/airshiptrips.com\/nl\/wp-json\/wp\/v2\/product_cat?post=10562"},{"taxonomy":"product_tag","embeddable":true,"href":"https:\/\/airshiptrips.com\/nl\/wp-json\/wp\/v2\/product_tag?post=10562"}],"curies":[{"name":"wp","href":"https:\/\/api.w.org\/{rel}","templated":true}]}}