{"id":10367,"date":"2025-10-08T12:23:06","date_gmt":"2025-10-08T12:23:06","guid":{"rendered":"https:\/\/megaroboticsacademy.com\/shop\/niet-gecategoriseerd\/yoghurt-and-cucumber-cream\/"},"modified":"2025-11-18T11:53:35","modified_gmt":"2025-11-18T11:53:35","slug":"yoghurt-and-cucumber-cream","status":"publish","type":"product","link":"https:\/\/airshiptrips.com\/nl\/shop\/creams-nl\/yoghurt-and-cucumber-cream\/","title":{"rendered":"Yoghurt en komkommercr\u00e8me"},"content":{"rendered":"<div class=\"woocommerce-tabs wc-tabs-wrapper\">\n<div id=\"tab-description\" class=\"woocommerce-Tabs-panel woocommerce-Tabs-panel--description panel entry-content wc-tab\" role=\"tabpanel\" aria-labelledby=\"tab-title-description\">\n<p>De perfecte mix voor elk huidtype, met de kalmerende eigenschappen van zowel yoghurt als komkommer maken deze cr\u00e8me vooral gunstig voor ieder die in meer of mindere mate ongemak ondervindt van acne en pigmentvlekken, maar ook uitermate geschikt voor een ontstoken, ge\u00efrriteerde of gevoelige huid.<\/p>\n<p>De yoghurt en komkommer werken samen om de huid te exfoli\u00ebren, vuil en dode huidcellen te verwijderen, de huid te reinigen en te hydrateren. De adstringerende en ontstekingsremmende eigenschappen van komkommer bevorderen celregeneratie, terwijl yoghurt kalmerend en hydraterende effecten heeft, eventuele bacteri\u00ebn neutraliseert, de pH-balans herstelt en de huid weer laat stralen.<\/p>\n<p>Het hoge zinkgehalte in yoghurt werkt ontstekingsremmend en bevordert productie van huidcellen en stimuleert weefsel-regeneratie. Daarnaast reguleert het de talgproductie en helpt acne en puistjes te behandelen. Het aanwezige calcium, een belangrijk bestanddeel van de opperhuid, voorkomt vochtverlies en uitdrogen van de huid; de vitamines B2, B5 en B12 zorgen voor een stralende en gezonde huid, hydrateren, beschermen tegen vrije radicalen en helpen ook bij celregeneratie; het melkzuur werkt exfoli\u00ebrend en als geweldige vochtinbrengende cr\u00e8me, die tegelijk de tekenen van veroudering tegengaat, aanwezige rimpels verzacht en de vorming van nieuwe lijntjes en rimpels voorkomt; en probiotica is effectief in het bestrijden van bacteri\u00ebn.<\/p>\n<p>Komkommer bevat een hoog gehalte aan vitamine C, dat de productie van collageen bevordert, en zit boordevol voedingsstoffen zoals water, kalium, sulfaat en vitamine A, antioxidanten en polysacchariden. Deze combinatie is bij uitstek geschikt om de door zon verbrande of ge\u00efrriteerde huid te kalmeren, een doffe teint te verhelderen, puistjes en littekens te laten vervagen, en de algehele huidtextuur te verbeteren.<br \/>\nDe belangrijkste voordelen van deze geconcentreerde yoghurt-komkommer mix zijn:<\/p>\n<h3><b>Vochtinbrengend, verheldert en herstelt<\/b><\/h3>\n<p>Een \u200b\u200bdoffe en vermoeide huid fleuren onmiddellijk op en komen weer tot leven door de vochtinbrengende effecten van deze cr\u00e8me. Het verbetert de elasticiteit en stevigheid van de huid en beschermt daarnaast tegen schade door vrije radicalen. De productie van collageen wordt gestimuleerd en de huid beschermd tegen vroegtijdige veroudering.<\/p>\n<h3><b>Behandelt inflammatoire huidaandoeningen<\/b><\/h3>\n<p>De ontstekingsremmende en mild samentrekkende eigenschappen, gecombineerd met het hoge gehalte aan zink, verminderen zwelling, roodheid en wallen. Ge\u00efrriteerde, beschadigde, schrale en door de zon \/ wind verbrande huid wordt gekalmeerd. Deze effecten kunnen ook bij huidaandoeningen zoals eczeem en rosacea van voordeel zijn.<\/p>\n<h3><b>Infectievrije huid<\/b><\/h3>\n<p>De schimmelwerende en antibacteri\u00eble eigenschappen neutraliseren schimmelinfecties. Acne en puistjes worden gekalmeerd door de ontstekingsremmende eigenschappen, de bacteri\u00ebn worden vernietigd en talgproductie wordt in evenwicht gehouden, waardoor het ontstaan van nieuwe puistjes wordt voorkomen. Bovendien worden pori\u00ebn verkleind en verstopping van pori\u00ebn tegengegaan. Dit komt het algehele uiterlijk van de huid ten goede en een vetvrije wordt bevorderd.<\/p>\n<h3><b>Verheldert pigmentatie, ouderdomsvlekken en littekens<\/b><\/h3>\n<p>De natuurlijke exfoli\u00ebrende eigenschappen helpen de bovenste huidlaag te reinigen en te ontdoen van dode huidcellen. Het verschijnen van puistjes, littekens pigment- en ouderdomsvlekken worden effectief verminderd, terwijl celregeneratie en huidherstel wordt gestimuleerd. Een verzachtende en verhelderde cr\u00e8me voor een egale huid.<\/p>\n<h3><b>V-bescherming<\/b><\/h3>\n<p>Deze cr\u00e8me helpt de negatieve uitwerking van UV-stralen op de huid te minimaliseren, cre\u00ebert een neutraliserende barri\u00e8re waar de zon niet doorheen kan en beschermt tegen door de zon veroorzaakte pigmentvlekken, zonnebrand en huidveroudering. Bedenk wel dat de noodzaak van voldoende SPF-bescherming tijdens blootstelling aan de zon onverminderd blijft bestaan.<\/p>\n<\/div>\n<\/div>\n<section class=\"related-wrapper\"><\/section>\n","protected":false},"excerpt":{"rendered":"<p>Yoghurt en Komkommer, de perfecte combinatie voor het reinigen, hydrateren en scrubben van de huid. Enerzijds is het samentrekkend en ontstekingsremmend, en tegelijkertijd rustgevend, antibacterieel en herstelt het de pH-balans in de huid. Ga voor een gezonde uitstraling!<\/p>\n","protected":false},"featured_media":12506,"comment_status":"open","ping_status":"closed","template":"","meta":[],"product_brand":[],"product_cat":[194,182],"product_tag":[],"class_list":{"0":"post-10367","1":"product","2":"type-product","3":"status-publish","4":"has-post-thumbnail","6":"product_cat-creams-nl","7":"product_cat-natural-cosmetics","9":"first","10":"instock","11":"shipping-taxable","12":"purchasable","13":"product-type-simple"},"_links":{"self":[{"href":"https:\/\/airshiptrips.com\/nl\/wp-json\/wp\/v2\/product\/10367","targetHints":{"allow":["GET"]}}],"collection":[{"href":"https:\/\/airshiptrips.com\/nl\/wp-json\/wp\/v2\/product"}],"about":[{"href":"https:\/\/airshiptrips.com\/nl\/wp-json\/wp\/v2\/types\/product"}],"replies":[{"embeddable":true,"href":"https:\/\/airshiptrips.com\/nl\/wp-json\/wp\/v2\/comments?post=10367"}],"wp:featuredmedia":[{"embeddable":true,"href":"https:\/\/airshiptrips.com\/nl\/wp-json\/wp\/v2\/media\/12506"}],"wp:attachment":[{"href":"https:\/\/airshiptrips.com\/nl\/wp-json\/wp\/v2\/media?parent=10367"}],"wp:term":[{"taxonomy":"product_brand","embeddable":true,"href":"https:\/\/airshiptrips.com\/nl\/wp-json\/wp\/v2\/product_brand?post=10367"},{"taxonomy":"product_cat","embeddable":true,"href":"https:\/\/airshiptrips.com\/nl\/wp-json\/wp\/v2\/product_cat?post=10367"},{"taxonomy":"product_tag","embeddable":true,"href":"https:\/\/airshiptrips.com\/nl\/wp-json\/wp\/v2\/product_tag?post=10367"}],"curies":[{"name":"wp","href":"https:\/\/api.w.org\/{rel}","templated":true}]}}