{"id":10361,"date":"2025-10-08T12:23:06","date_gmt":"2025-10-08T12:23:06","guid":{"rendered":"https:\/\/megaroboticsacademy.com\/shop\/niet-gecategoriseerd\/pomegranate-and-peach-cream\/"},"modified":"2025-11-18T11:46:14","modified_gmt":"2025-11-18T11:46:14","slug":"granaatappel-en-perzikcreme","status":"publish","type":"product","link":"https:\/\/airshiptrips.com\/nl\/shop\/creams-nl\/granaatappel-en-perzikcreme\/","title":{"rendered":"Granaatappel en perzikcr\u00e8me"},"content":{"rendered":"<div class=\"woocommerce-tabs wc-tabs-wrapper\">\n<div id=\"tab-description\" class=\"woocommerce-Tabs-panel woocommerce-Tabs-panel--description panel entry-content wc-tab\" role=\"tabpanel\" aria-labelledby=\"tab-title-description\">\n<p>De fantastische mix van granaatappel en perzik is een ideale combinatie voor om de huid te verjongen, het zit boordevol gezonde vitamines, antioxidanten, mineralen en essenti\u00eble vetzuren die de gezondheid van de huid volledig ondersteunen, de vorming van collageen stimuleren, ontstekingen tegengaan en de huidherstel bevorderen. Deze cr\u00e8me vervangt een onzuivere en vermoeid ogende, doffe huid door een fris ogende en strakke huid.<\/p>\n<p>Granaatappel is een super vrucht, vol met vitamine C en E, anthocyanen, ellagitannines, ellaginezuur, foliumzuur en vele andere plantaardige polyfenolen; terwijl ook perzik boordevol voedingsstoffen en vitamines zit die goed zijn voor de huid, waaronder kalium, zink, b\u00e8tacaroteen, selenium en magnesium, plus vitamine A, C en K. Deze voortreffelijke combinatie maakt het tot een krachtige antioxidant, is zowel ontstekingsremmend als kankerwerend en de antimicrobi\u00eble stoffen stimuleren huidvernieuwing, bestrijden vrije radicalen bestrijden en herstellen de natuurlijke pH-balans van de huid. Het is geschikt voor elk huidtype om die in topconditie te houden door de herstellende, verjongende en aanvullende werking,<br \/>\nDe belangrijkste effecten van deze geconcentreerde granaatappel-perzik mix zijn:<br \/>\n<b><\/b><\/p>\n<h3><b>Vochtinbrengend, verheldert, herstelt en beschermt<\/b><\/h3>\n<p>Deze cr\u00e8me dringt diep in de huid door, is voedend en houdt vocht vast, herstelt de droge of schilferige huid en houdt tegelijkertijd de talgproductie onder controle en gaat het ontstaan van een vette huid tegen. Bevat zeer actieve antioxidanten, deze zorgt dat het huidweefsel in goede conditie blijft en stimuleert de productie van collageen en elastine om de huid soepel en stevig te houden, slappe huid te verstevigen en de tekenen van veroudering tegen te gaan. De vernieuwing van huidcellen wordt versneld, wat resulteert in een stralende huid.<\/p>\n<h3><b>Behandelt inflammatoire huidaandoeningen<\/b><\/h3>\n<p>De ontstekingsremmende en anti microbi\u00eble eigenschappen in combinatie met het aanwezige zink en kalium verminderen ontstekingen, terwijl de beschadigde huid wordt beschermd en hersteld en huidvernieuwing wordt gestimuleerd. Huidaandoeningen zoals eczeem en rosacea worden vaak veroorzaakt door schade die ontstaat door vrije radicalen. Deze cr\u00e8me is rijk aan antioxidanten en kan verdere symptomen verminderen en voorkomen, terwijl de groei van nieuwe huidcellen wordt gestimuleerd en helpt beschadigde huidcellen te herstellen.<\/p>\n<h3><b>Infectie vrije huid<\/b><\/h3>\n<p>Natuurlijke antimicrobi\u00eble componenten verzachten irritaties, tegelijk bestrijden en vernietigen ze bacteri\u00ebn of schimmels op de huid. Acne en puistjes, vaak veroorzaakt door ge\u00efnfecteerde, verstopte pori\u00ebn, worden gekalmeerd door de ontstekingsremmende eigenschappen, bacteri\u00ebn worden vernietigd en de talgproductie wordt gereguleerd. Dit voorkomt het ontstaan van nieuwe puistjes. De regeneratie en doorbloeding van de huid wordt gestimuleerd, hetgeen huidherstel en wondgenezing initieert.<\/p>\n<h3><b>Verminderd verkleuring, pigmentvlekken, littekens<\/b><\/h3>\n<p>De cr\u00e8me bevordert de regeneratie van de huid, voorkomt dat dode huidcellen op het huidoppervlak blijven zitten, helpt bij het genezen van littekens en het vervagen van verkleuring, puistjes en andere onvolkomenheden, terwijl de huid wordt verstevigd. Dit resulteert in een helderdere gezond glanzende huid.<\/p>\n<h3><b>UV-bescherming<\/b><\/h3>\n<p>De anti-oxidante en anti-carcinogene eigenschappen helpen de negatieve effecten van UV-stralen te minimaliseren, een neutraliserende barri\u00e8re wordt gecre\u00eberd waar de zon niet kan doordringen en die bescherming biedt tegen door de zon veroorzaakte pigmentatie, zonnebrand en huidveroudering. Ook hydrateert en herstelt het de huid na blootstelling aan de zon. Houd er rekening mee dat, gedurende blootstelling aan de zon, de noodzaak van voldoende SPF-bescherming van kracht blijft.<\/p>\n<\/div>\n<\/div>\n","protected":false},"excerpt":{"rendered":"<p>Diepe, complete huidverzorging met twee supervruchten die de huid in topvorm houden. Een droge, schilferige, dof uitziende huid is iets uit het verleden, het is tijd voor huidherstel en -vernieuwing, een verjongd uiterlijk en een gezonde stralende huid.<\/p>\n","protected":false},"featured_media":12502,"comment_status":"open","ping_status":"closed","template":"","meta":[],"product_brand":[],"product_cat":[194,182],"product_tag":[],"class_list":{"0":"post-10361","1":"product","2":"type-product","3":"status-publish","4":"has-post-thumbnail","6":"product_cat-creams-nl","7":"product_cat-natural-cosmetics","9":"first","10":"instock","11":"shipping-taxable","12":"purchasable","13":"product-type-simple"},"_links":{"self":[{"href":"https:\/\/airshiptrips.com\/nl\/wp-json\/wp\/v2\/product\/10361","targetHints":{"allow":["GET"]}}],"collection":[{"href":"https:\/\/airshiptrips.com\/nl\/wp-json\/wp\/v2\/product"}],"about":[{"href":"https:\/\/airshiptrips.com\/nl\/wp-json\/wp\/v2\/types\/product"}],"replies":[{"embeddable":true,"href":"https:\/\/airshiptrips.com\/nl\/wp-json\/wp\/v2\/comments?post=10361"}],"wp:featuredmedia":[{"embeddable":true,"href":"https:\/\/airshiptrips.com\/nl\/wp-json\/wp\/v2\/media\/12502"}],"wp:attachment":[{"href":"https:\/\/airshiptrips.com\/nl\/wp-json\/wp\/v2\/media?parent=10361"}],"wp:term":[{"taxonomy":"product_brand","embeddable":true,"href":"https:\/\/airshiptrips.com\/nl\/wp-json\/wp\/v2\/product_brand?post=10361"},{"taxonomy":"product_cat","embeddable":true,"href":"https:\/\/airshiptrips.com\/nl\/wp-json\/wp\/v2\/product_cat?post=10361"},{"taxonomy":"product_tag","embeddable":true,"href":"https:\/\/airshiptrips.com\/nl\/wp-json\/wp\/v2\/product_tag?post=10361"}],"curies":[{"name":"wp","href":"https:\/\/api.w.org\/{rel}","templated":true}]}}