{"id":10356,"date":"2025-10-08T12:23:06","date_gmt":"2025-10-08T12:23:06","guid":{"rendered":"https:\/\/megaroboticsacademy.com\/shop\/niet-gecategoriseerd\/lemon-cream\/"},"modified":"2025-11-18T11:39:46","modified_gmt":"2025-11-18T11:39:46","slug":"lemon-cream","status":"publish","type":"product","link":"https:\/\/airshiptrips.com\/nl\/shop\/creams-nl\/lemon-cream\/","title":{"rendered":"Citroen Cr\u00e8me"},"content":{"rendered":"<div class=\"woocommerce-tabs wc-tabs-wrapper\">\n<div id=\"tab-description\" class=\"woocommerce-Tabs-panel woocommerce-Tabs-panel--description panel entry-content wc-tab\" role=\"tabpanel\" aria-labelledby=\"tab-title-description\">\n<p>Citroen bevat een magische combinatie van essenti\u00eble vitamines, mineralen en huid-minnende ingredi\u00ebnten zoals b\u00e8tacaroteen, vitamine B, C en K, foliumzuur, kalium, calcium, natrium, fosfor, magnesium, zink, ijzer, mangaan, koper en selenium. Daarnaast zijn ook de aanwezige citronol, kamfeen, citral, aldehyden, terpineol, limoneen en linalylacetaat, essentieel voor een stralende, gezonde huid. Samen bieden ze ontstekingsremmende, antimicrobi\u00eble, antibacteri\u00eble, antiseptische, anti-reumatische, antivirale en anti-sclerotische voordelen.<\/p>\n<p>De perfecte cr\u00e8me voor verzorging van de vette huid! Het reguleert de talgproductie en heeft van nature een samentrekkend effect, het verkleind de pori\u00ebn en reinigt verstopte pori\u00ebn \u2013 een perfecte acne-bestrijder. Het is tevens geschikt voor de andere huidtypes. De magische eigenschappen van citroen brengen de pH-waarde van de huid in evenwicht, verbeteren de elasticiteit van de huid, bestrijden vrije radicalen, verminderen huidpigmentatie en littekenvorming, kalmeren en versterken de huid, inclusief het ontsierende uiterlijk van cellulitis en spataderen, en werkt als een tonicum tegen tekenen van huidveroudering.<\/p>\n<h3><b>Acne en Huidpigmentatie<\/b><\/h3>\n<p>De natuurlijke samentrekkende, antibacteri\u00eble en schimmelwerende eigenschappen van citroen maakt het tot een geweldig middel bij de behandeling van de voor acne gevoelige huid. Pori\u00ebn worden verkleind, terwijl een zuur genaamd L-ascorbine een uitdrogend effect heeft op de huid, overtollige olie wordt verwijder om zodoende de kans op verstopte en ge\u00efnfecteerde pori\u00ebn te minimaliseren. Daarnaast worden de in de huid aanwezige bacteri\u00ebn gedood, bestaande ontstekingen geremd en het ontstaan van nieuwe voorkomen, en worden dode huidcellen verwijderd. De schimmelwerende eigenschappen zijn effectief tegen uitslag veroorzaakt door candida.<\/p>\n<h3><b>Huidgenezing<\/b><\/h3>\n<p>Wondgenezing wordt gestimuleerd doordat de bloedcirculatie in de huid radicaal wordt verbeterd. Dit kan met name gunstige uitwerkingen hebben voor mensen die lijden aan diabetische voetpijn en ulcera.<\/p>\n<h3><b>Vermindert pigment- en ouderdomsvlekken en littekens<\/b><\/h3>\n<p>De combinatie van vitamine C en citroenzuur zijn bij uitstek geschikt voor het oplichten en verhelderen van de huid. Aanwezige sproeten, pigment- en ouderdomsvlekken vervagen. Vitamine C is als antioxidant in staat vrije radicalen te neutraliseren en stimuleert de productie van collageen. Dit bevordert verjonging van de huid, terwijl het citroenzuur een exfoli\u00ebrende werking heeft en de teint egaliseert.<\/p>\n<h3><b>Antiveroudering<\/b><\/h3>\n<p>De exfoli\u00ebrende en collageenbevorderende eigenschappen van vitamine C en citroenzuur zijn ook krachtige ingredi\u00ebnten in de bestrijding van de tekenen van veroudering. Deze herstellen, verstevigen, liften en vernieuwen de huid waardoor de huid van gezicht, nek, borst, benen en armen strakker wordt.<\/p>\n<h3><b>Bestrijdt cellulitis, kalmeert spataderen<\/b><\/h3>\n<p>Citroen stimuleert de bloedsomloop en versnelt het lipolytische proces, het stimuleert actief de afbraak van cellulitis voor een stevigere en gladdere huid. Vitamine K helpt het uiterlijk van spataderen te vervagen. Het kan ook het verschijnen van spataderen tegen gaan.<\/p>\n<\/div>\n<\/div>\n<section class=\"related-wrapper\"><\/section>\n","protected":false},"excerpt":{"rendered":"<p>Citroen heeft van nature samentrekkende eigenschappen en een uitstekend middel dat de bloedcirculatie stimuleert en talgproductie reguleert. Ook stimuleert het de genezing van wonden, en het egaliseert de huidtint. Door de huid te verstevigen en strakker te maken, bevordert het de verjonging van de huid.<\/p>\n","protected":false},"featured_media":12498,"comment_status":"open","ping_status":"closed","template":"","meta":[],"product_brand":[],"product_cat":[194,182],"product_tag":[],"class_list":{"0":"post-10356","1":"product","2":"type-product","3":"status-publish","4":"has-post-thumbnail","6":"product_cat-creams-nl","7":"product_cat-natural-cosmetics","9":"first","10":"instock","11":"shipping-taxable","12":"purchasable","13":"product-type-simple"},"_links":{"self":[{"href":"https:\/\/airshiptrips.com\/nl\/wp-json\/wp\/v2\/product\/10356","targetHints":{"allow":["GET"]}}],"collection":[{"href":"https:\/\/airshiptrips.com\/nl\/wp-json\/wp\/v2\/product"}],"about":[{"href":"https:\/\/airshiptrips.com\/nl\/wp-json\/wp\/v2\/types\/product"}],"replies":[{"embeddable":true,"href":"https:\/\/airshiptrips.com\/nl\/wp-json\/wp\/v2\/comments?post=10356"}],"wp:featuredmedia":[{"embeddable":true,"href":"https:\/\/airshiptrips.com\/nl\/wp-json\/wp\/v2\/media\/12498"}],"wp:attachment":[{"href":"https:\/\/airshiptrips.com\/nl\/wp-json\/wp\/v2\/media?parent=10356"}],"wp:term":[{"taxonomy":"product_brand","embeddable":true,"href":"https:\/\/airshiptrips.com\/nl\/wp-json\/wp\/v2\/product_brand?post=10356"},{"taxonomy":"product_cat","embeddable":true,"href":"https:\/\/airshiptrips.com\/nl\/wp-json\/wp\/v2\/product_cat?post=10356"},{"taxonomy":"product_tag","embeddable":true,"href":"https:\/\/airshiptrips.com\/nl\/wp-json\/wp\/v2\/product_tag?post=10356"}],"curies":[{"name":"wp","href":"https:\/\/api.w.org\/{rel}","templated":true}]}}