{"id":10343,"date":"2025-10-08T12:23:06","date_gmt":"2025-10-08T12:23:06","guid":{"rendered":"https:\/\/megaroboticsacademy.com\/shop\/niet-gecategoriseerd\/chocolate-cream\/"},"modified":"2025-11-18T11:32:06","modified_gmt":"2025-11-18T11:32:06","slug":"chocolate-cream","status":"publish","type":"product","link":"https:\/\/airshiptrips.com\/nl\/shop\/creams-nl\/chocolate-cream\/","title":{"rendered":"Chocolade cr\u00e8me"},"content":{"rendered":"<div class=\"woocommerce-tabs wc-tabs-wrapper\">\n<div id=\"tab-description\" class=\"woocommerce-Tabs-panel woocommerce-Tabs-panel--description panel entry-content wc-tab\" role=\"tabpanel\" aria-labelledby=\"tab-title-description\">\n<p>Chocolade wordt gemaakt van cacaobonen, dit zijn de gedroogde, gefermenteerde zaden van de cacaoboom (Theobroma cacao). Het zit boordevol vitamine B1, B2, B3, B5, B9 en E, essenti\u00eble mineralen zoals magnesium, calcium, zwavel, zink, ijzer, koper, kalium, plus b\u00e8tacaroteen, omega 6 vetzuren en polyfenolen (flavono\u00efden genaamd) met geweldige antioxidante eigenschappen. Chocolade is niet alleen een superfood voor het lichaam, maar ook een krachtpatser voor de huid.<\/p>\n<p>Deze cr\u00e8me is bij uitstek geschikt voor de droge huid, de huidvriendelijke ingredi\u00ebnten van chocolade helpen de huid gezond te houden. Daarnaast stimuleert het aroma ervan het zenuwstelsel, vermindert stresshormonen en bevordert een gevoel van welzijn.<\/p>\n<h3><b>Vochtregulerend en revitaliseert doffe huid<\/b><\/h3>\n<p>Volgeladen met vetzuren die de huid voeden, de bloedcirculatie bevordert, vernieuwing van de huid stimuleert en met verzachtende eigenschappen wordt de vochtbalans behouden en de huidbarri\u00e8re versterkt. De huid voelt zacht en verzorgd en ziet er stralend uit.<\/p>\n<h3><b>Vermindert ontstaan van cellulitis<\/b><\/h3>\n<p>De verbeterde bloedcirculatie van de huid heeft een verstevigend effect op de huid en helpt het vetweefsel af te breken, waardoor het ontstaan van cellulitis verminderd wordt.<\/p>\n<h3><b>Verzacht huidirritatie<\/b><\/h3>\n<p>Chocolade is een natuurlijke ontstekingsremmer, geschikt voor zelfs de meest gevoelige huid en kan irritaties helpen verzachten. De van nature aanwezige vitamine E herstelt de vochtbalans in de huid en hydrateert, waardoor genezing van een door eczeem of dermatitis aangetaste huid wordt bevorderd. Magnesium helpt eventuele roodheid van de huid te kalmeren en zink is berucht om zijn kalmerende eigenschappen voor de huid.\u00a0 Acne of puistjes komen hiermee goed aan bod.<\/p>\n<h3><b>Krachtige antioxidant<\/b><\/h3>\n<p>Chocolade, een van de rijkste bronnen van antioxidanten, beschermt de huid tegen de schade veroorzaakt door vrije radicalen, voorkomt schade aan de huidcellen, stimuleert de doorbloeding van de huid en regeneratie van huidcellen, en herstelt de gezonde uitstraling. Cacao, de grondstof van chocolade, is beter dan andere antioxidanten om de huid te beschermen tegen blauw licht (het licht dat door onze telefoons, computers, tablets, tv\u2019s, e.d. wordt uitgestraald).<\/p>\n<h3><b>Beschermt tegen schade door UV-stralen<\/b><\/h3>\n<p>Flavonals bieden een natuurlijke bescherming tegen de schadelijke effecten van UV-stralen en beperken het ontstaan van o.a. pigmentvlekken, kanker, verbranding en voortijdige huidveroudering.<\/p>\n<h3><b>Antiveroudering<\/b><\/h3>\n<p>Helpt voortijdige veroudering voorkomen en pak reeds toegebrachte schade aan. Chocolade bevordert celgroei, de productie van collageen en elastine, vermindert fijne lijntjes en rimpels en werkt als een vasodilatator zodat de bloedcirculatie in de huid wordt bevorderd. Dit op zijn beurt bevordert genezing en vernieuwing van de huid, waardoor deze er stralender en jeugdiger uitziet. Een wetenschappelijke studie aan de Seoul National University in Korea testte het vermogen van cacao om rimpels te voorkomen. De zeer positieve resultaten (gepubliceerd in de Journal of Investigative Dermatology) die dit opleverde, bevestigen dat cacao kan helpen om gezondheid van de huid te ondersteunen en het ontstaan van rimpels aanzienlijk te verminderen. Bovendien werd bevestigd dat het bloedcirculatie verhoogt en de huiddichtheid en hydratatie verbetert.<\/p>\n<h3><b>Verminder pigmentvlekken, littekens en striae<\/b><\/h3>\n<p>Doordat huidvernieuwing wordt gestimuleerd, vermindert het ontstaan van pigmentvlekken, littekens en striae significant.<\/p>\n<\/div>\n<\/div>\n<section class=\"related-wrapper\"><\/section>\n","protected":false},"excerpt":{"rendered":"<p>Chocolade, een echte krachtpatser in de huidverzorging, boordevol vitamines, mineralen en huidvriendelijke ingredi\u00ebnten. Een cr\u00e8me die het zenuwstelsel stimuleert, stresshormoon verlaagt en het bevorderen van een gevoel van welzijn, maakt het helemaal af.<\/p>\n","protected":false},"featured_media":12494,"comment_status":"open","ping_status":"closed","template":"","meta":[],"product_brand":[],"product_cat":[194,182],"product_tag":[],"class_list":{"0":"post-10343","1":"product","2":"type-product","3":"status-publish","4":"has-post-thumbnail","6":"product_cat-creams-nl","7":"product_cat-natural-cosmetics","9":"first","10":"instock","11":"shipping-taxable","12":"purchasable","13":"product-type-variable","14":"has-default-attributes"},"_links":{"self":[{"href":"https:\/\/airshiptrips.com\/nl\/wp-json\/wp\/v2\/product\/10343","targetHints":{"allow":["GET"]}}],"collection":[{"href":"https:\/\/airshiptrips.com\/nl\/wp-json\/wp\/v2\/product"}],"about":[{"href":"https:\/\/airshiptrips.com\/nl\/wp-json\/wp\/v2\/types\/product"}],"replies":[{"embeddable":true,"href":"https:\/\/airshiptrips.com\/nl\/wp-json\/wp\/v2\/comments?post=10343"}],"wp:featuredmedia":[{"embeddable":true,"href":"https:\/\/airshiptrips.com\/nl\/wp-json\/wp\/v2\/media\/12494"}],"wp:attachment":[{"href":"https:\/\/airshiptrips.com\/nl\/wp-json\/wp\/v2\/media?parent=10343"}],"wp:term":[{"taxonomy":"product_brand","embeddable":true,"href":"https:\/\/airshiptrips.com\/nl\/wp-json\/wp\/v2\/product_brand?post=10343"},{"taxonomy":"product_cat","embeddable":true,"href":"https:\/\/airshiptrips.com\/nl\/wp-json\/wp\/v2\/product_cat?post=10343"},{"taxonomy":"product_tag","embeddable":true,"href":"https:\/\/airshiptrips.com\/nl\/wp-json\/wp\/v2\/product_tag?post=10343"}],"curies":[{"name":"wp","href":"https:\/\/api.w.org\/{rel}","templated":true}]}}