{"id":10337,"date":"2025-10-08T12:23:06","date_gmt":"2025-10-08T12:23:06","guid":{"rendered":"https:\/\/megaroboticsacademy.com\/shop\/niet-gecategoriseerd\/carrot-and-honey-cream\/"},"modified":"2025-11-18T11:26:01","modified_gmt":"2025-11-18T11:26:01","slug":"carrot-and-honey-cream","status":"publish","type":"product","link":"https:\/\/airshiptrips.com\/nl\/shop\/creams-nl\/carrot-and-honey-cream\/","title":{"rendered":"Wortel en honingcr\u00e8me"},"content":{"rendered":"<div class=\"woocommerce-tabs wc-tabs-wrapper\">\n<div id=\"tab-description\" class=\"woocommerce-Tabs-panel woocommerce-Tabs-panel--description panel entry-content wc-tab\" role=\"tabpanel\" aria-labelledby=\"tab-title-description\">\n<h3><b>Wortel en honingcr\u00e8me<\/b><\/h3>\n<p>De perfecte voedende en beschermende combinatie voor een gezonde, stralende huid. Deze extreem zachte cr\u00e8me is geschikt voor alle huidtypes, inclusief de beschadigde, ge\u00efrriteerde, gevoelige, droge en rijpere huid. Maar zeker ook geschikt voor de vettere tienerhuid die vatbaar is voor acne. Een geweldige krachtpatser onder de huidverzorgingsproducten, speciaal voor de huid die lijdt onder de humeurigheid van het weer, zowel bij streng winterweer als zomerse hitte.<\/p>\n<p>Deze twee superfoods, wortel en honing, bevatten tezamen een verbazingwekkende reeks essenti\u00eble vitamines, mineralen en voedingsstoffen, waaronder vitamine A, C, E en K, aminozuren, inhibine, biotine, folacine, b\u00e8tacaroteen, calcium, koper, ijzer, magnesium, mangaan, fosfor, kalium, natrium en zink. Door de natuurlijke antiseptische, antioxiderende, antimicrobi\u00eble, antibiotische en ontstekingsremmende eigenschappen, worden puistjes en huidaandoeningen zoals acne, veroudering, pigmentvlekken en droogheid voorkomen en de vochtbalans van de huid hersteld, resulterend in een jonger ogende huid die straalt van gezondheid.<\/p>\n<h3><b>Goed voor de droge en rijpe huid<\/b><\/h3>\n<p>Honing is van natuurlijk verzachtend, kan diep in de huid doordringen zodat die van binnenuit gevoed en gehydrateerd wordt. Een droge huid wordt vaak veroorzaakt door een tekort aan kalium; wortel als rijke kaliumbron is dus een welkome aanvulling in deze mix die celvernieuwing van de huid stimuleert, dode cellen van het huidoppervlak wegneemt en de huid er zichtbaar helderder en gladder uit laat zien. Huidaandoeningen zoals eczeem of andere vormen van atopische dermatitis profiteren van de ontstekingsremmende, verzachtende, beschermende en genezende eigenschappen, de huid wordt gekalmeerd en hersteld.<\/p>\n<p>Deze cr\u00e8me zit boordevol antioxidanten die schade door vrije radicalen zowel kunnen voorkomen als herstellen. Tegelijk stimuleert het de productie van collageen om de elasticiteit van de huid te behouden en huidvernieuwing te versnellen. Het is een perfect wapen tegen huidveroudering en bevordert een strakke, stevige en jeugdige huid.<\/p>\n<h3><b>Goed voor de vette en acne-gevoelige huid<\/b><\/h3>\n<p>Deze cr\u00e8me bevat van nature elementen, waaronder zink, die de talgproductie reguleren en kunnen helpen om acne en puistjes te behandelen die worden veroorzaakt door een teveel aan talg en verstopte pori\u00ebn. De ontstekingsremmende, antibacteri\u00eble en antiseptische eigenschappen zorgen ervoor dat acne of puistjes veroorzakende bacteri\u00ebn vernietigd en pori\u00ebn gereinigd worden. De huid wordt op natuurlijke wijze gehydrateerd, de pori\u00ebn verkleind en de celvernieuwing van de huid gestimuleerd voor een heldere en egale huid.<\/p>\n<h3><b>Littekens en vlekken<\/b><\/h3>\n<p>De natuurlijke, exfoli\u00ebrende eigenschappen helpen de bovenste laag van de huid te ontdoen van dode huidcellen en voorkomen effectief het verschijnen van puistjes, pigment- of ouderdomsvlekken, terwijl celregeneratie en weefselgroei worden gestimuleerd voor versneld wondherstel en littekens te minimaliseren, de huid te egaliseren en te verhelderen.<\/p>\n<h3><b>Zon bescherming<\/b><\/h3>\n<p>B\u00e8tacaroteen uit wortelen helpt de immuniteit van het lichaam tegen schadelijke ultraviolette straling te versterken en de huid te beschermen tegen schade veroorzaakt door overmatige blootstelling, zoals pigmentvlekken, kanker, zonnebrand en veroudering. Bovendien hydrateert en herstelt het de huid na blootstelling aan de zon, en krachtige antioxidanten beschermen en keren bestaande schade, waardoor het huidweefsel effectief wordt hersteld. Honing zorgt voor een diepe voeding en vermindert ontstekingen van de lichtere huid. Dit is een krachtige combinatie waar het gaat om het beschermen en verzorgen van de huid, zowel\u00a0 tijdens als na blootstelling aan de zon.<\/p>\n<\/div>\n<\/div>\n","protected":false},"excerpt":{"rendered":"<p>Wortelen en honing, beide superfoods, gecombineerd om de huid te voeden en te beschermen tegen puistjes, acne, veroudering, pigmentvlekken en uitdroging. Balanceert en verjongt, en zorgt voor een gezonde stralende huid.<\/p>\n","protected":false},"featured_media":12488,"comment_status":"open","ping_status":"closed","template":"","meta":[],"product_brand":[],"product_cat":[194,182],"product_tag":[],"class_list":{"0":"post-10337","1":"product","2":"type-product","3":"status-publish","4":"has-post-thumbnail","6":"product_cat-creams-nl","7":"product_cat-natural-cosmetics","9":"first","10":"instock","11":"shipping-taxable","12":"purchasable","13":"product-type-simple"},"_links":{"self":[{"href":"https:\/\/airshiptrips.com\/nl\/wp-json\/wp\/v2\/product\/10337","targetHints":{"allow":["GET"]}}],"collection":[{"href":"https:\/\/airshiptrips.com\/nl\/wp-json\/wp\/v2\/product"}],"about":[{"href":"https:\/\/airshiptrips.com\/nl\/wp-json\/wp\/v2\/types\/product"}],"replies":[{"embeddable":true,"href":"https:\/\/airshiptrips.com\/nl\/wp-json\/wp\/v2\/comments?post=10337"}],"wp:featuredmedia":[{"embeddable":true,"href":"https:\/\/airshiptrips.com\/nl\/wp-json\/wp\/v2\/media\/12488"}],"wp:attachment":[{"href":"https:\/\/airshiptrips.com\/nl\/wp-json\/wp\/v2\/media?parent=10337"}],"wp:term":[{"taxonomy":"product_brand","embeddable":true,"href":"https:\/\/airshiptrips.com\/nl\/wp-json\/wp\/v2\/product_brand?post=10337"},{"taxonomy":"product_cat","embeddable":true,"href":"https:\/\/airshiptrips.com\/nl\/wp-json\/wp\/v2\/product_cat?post=10337"},{"taxonomy":"product_tag","embeddable":true,"href":"https:\/\/airshiptrips.com\/nl\/wp-json\/wp\/v2\/product_tag?post=10337"}],"curies":[{"name":"wp","href":"https:\/\/api.w.org\/{rel}","templated":true}]}}