{"id":10207,"date":"2025-10-08T12:22:18","date_gmt":"2025-10-08T12:22:18","guid":{"rendered":"https:\/\/megaroboticsacademy.com\/shop\/niet-gecategoriseerd\/hair-food-oil\/"},"modified":"2025-11-17T22:35:39","modified_gmt":"2025-11-17T22:35:39","slug":"hair-food-oil","status":"publish","type":"product","link":"https:\/\/airshiptrips.com\/nl\/shop\/natural-cosmetics\/hair-food-oil\/","title":{"rendered":"Haar-voedende Olie"},"content":{"rendered":"<div class=\"woocommerce-tabs wc-tabs-wrapper\">\n<div id=\"tab-description\" class=\"woocommerce-Tabs-panel woocommerce-Tabs-panel--description panel entry-content wc-tab\" role=\"tabpanel\" aria-labelledby=\"tab-title-description\">\n<h3><b>Voordelen van natuurlijke haar-voedende olie<\/b><\/h3>\n<p>Natuurlijke haarolie is \u200b\u200bzeer zorgvuldig samengesteld van een aantal hoogwaardige natuurlijke oli\u00ebn. Natuurlijke vochtinbrengende ingredi\u00ebnten verhogen de activiteit van de natuurlijke haar-voedende olie om beschadigd haar diep te voeden en te herstellen. De mix van kruiden in deze olie heeft een natuurlijke beschermende SPF en kan worden gebruikt om het haar te beschermen tegen de schadelijke effecten van UV-straling. Een indrukwekkende cocktail van zorgvuldig geselecteerde ingredi\u00ebnten om het haar te voeden en te behandelen met alle noodzakelijke heilzame voedingsstoffen, permanent vocht en volume van het haar te waarborgen, en biedt de herstellende eigenschappen die essentieel zijn voor gezond haar.<\/p>\n<h3><b>Natuurlijke Olie mix als conditioner<\/b><\/h3>\n<p>Deze natuurlijke mix van oli\u00ebn is geweldig voor diepe conditionering en versteviging van het haar, en om het een verzorgde en gezonde uitstraling te geven. Onze mix van natuurlijke oli\u00ebn is een zeer effectieve vochtinbrengende cr\u00e8me voor droog, broos en beschadigd haar. Het mengsel voedt en hydrateert het haar en cre\u00ebert een laag om te helpen beschermen tegen schadelijke omgevingsfactoren.<\/p>\n<h3><b>Natuurlijke mix van oli\u00ebn voor haarverzorging<\/b><\/h3>\n<p>Dit mengsel van uitgelezen oli\u00ebn heeft een uitstekend effect op het haar. Door de lichte textuur, wordt het eenvoudig perfect uitgewassen, wordt niet vettig\u00a0en verzwaart het haar niet. Het oliecomplex voorkomt haaruitval, versterkt de haarzakjes, gaat roos tegen, helpt broos en droog haar te voorkomen, bestrijdt gespleten haarpunten en herstelt de structuur van beschadigd en gekleurd haar. Deze olie bestrijdt schimmelinfecties en huidirritaties en helpt grijs haar te voorkomen vanwege de hoge biologische activiteit. Deze oliemix stimuleert de natuurlijke haargroei en kan worden gebruikt om maximale haardichtheid en lengte te bereiken. Bij regelmatig gebruik van de blend krijgt het haar glans en zijde-zachtheid, wordt het haar aanzienlijk versterkt en dichter, gladder en elastischer.<\/p>\n<h3><b>Voedende eigenschappen van natuurlijk haar-olie<\/b><\/h3>\n<p>Deze natuurlijke haarolie zit boordevol essenti\u00eble\u00a0vitamines zoals vitamine A, B, D en E. Het bevat ook eiwitten, aminozuren, ijzer, koper, magnesium en foliumzuur. Dit zijn de voedingsstoffen die onze haar-olie tot een ideaal product maken dat schade kan voorkomen en gezonde haargroei kan bevorderen.<\/p>\n<h3><b>Toepassing van natuurlijke haar-olie<\/b><\/h3>\n<p>Masseer de hoofdhuid met een kleine hoeveelheid olie en verdeel gelijkmatig over de gehele lengte van het haar, 30 minuten voor het shamponeren.<\/p>\n<\/div>\n<\/div>\n","protected":false},"excerpt":{"rendered":"<p><b>Merk:<\/b>\u00a0Nefertiti for natural oils and herbs<br \/>\n<b>Land van herkomst:<\/b>\u00a0Egypte<br \/>\n<b>Samenstelling:<\/b>\u00a0rucola-olie, zwart zaadolie, arganolie, tarwekiemolie, kokosolie, etherische oli\u00ebn<br \/>\n<b>INCI:\u00a0<\/b>mengsel van natuurlijke oli\u00ebn voor haarverzorging<br \/>\n<b>Toepassing:<\/b>\u00a0cosmetisch, haarverzorging<br \/>\n<b>Geur:<\/b>\u00a0aards kruidachtig<br \/>\n<b>Uiterlijk:<\/b>\u00a0donkergroen tot bruin<br \/>\n<b>Fysische toestand:<\/b>\u00a0vloeibaar<br \/>\n<b>Natuurlijk:<\/b>\u00a0ja<br \/>\n<b>Zuiverheid:<\/b>\u00a0100% puur<br \/>\n<b>Certificaten:<\/b>\u00a0ISO, COA &amp; MSDS<br \/>\n<b>Verzending:<\/b>\u00a0berekend bij het afrekenen<\/p>\n","protected":false},"featured_media":12396,"comment_status":"open","ping_status":"closed","template":"","meta":[],"product_brand":[],"product_cat":[182],"product_tag":[],"class_list":{"0":"post-10207","1":"product","2":"type-product","3":"status-publish","4":"has-post-thumbnail","6":"product_cat-natural-cosmetics","8":"first","9":"instock","10":"sale","11":"shipping-taxable","12":"purchasable","13":"product-type-variable","14":"has-default-attributes"},"_links":{"self":[{"href":"https:\/\/airshiptrips.com\/nl\/wp-json\/wp\/v2\/product\/10207","targetHints":{"allow":["GET"]}}],"collection":[{"href":"https:\/\/airshiptrips.com\/nl\/wp-json\/wp\/v2\/product"}],"about":[{"href":"https:\/\/airshiptrips.com\/nl\/wp-json\/wp\/v2\/types\/product"}],"replies":[{"embeddable":true,"href":"https:\/\/airshiptrips.com\/nl\/wp-json\/wp\/v2\/comments?post=10207"}],"wp:featuredmedia":[{"embeddable":true,"href":"https:\/\/airshiptrips.com\/nl\/wp-json\/wp\/v2\/media\/12396"}],"wp:attachment":[{"href":"https:\/\/airshiptrips.com\/nl\/wp-json\/wp\/v2\/media?parent=10207"}],"wp:term":[{"taxonomy":"product_brand","embeddable":true,"href":"https:\/\/airshiptrips.com\/nl\/wp-json\/wp\/v2\/product_brand?post=10207"},{"taxonomy":"product_cat","embeddable":true,"href":"https:\/\/airshiptrips.com\/nl\/wp-json\/wp\/v2\/product_cat?post=10207"},{"taxonomy":"product_tag","embeddable":true,"href":"https:\/\/airshiptrips.com\/nl\/wp-json\/wp\/v2\/product_tag?post=10207"}],"curies":[{"name":"wp","href":"https:\/\/api.w.org\/{rel}","templated":true}]}}