{"id":10193,"date":"2025-10-08T12:23:29","date_gmt":"2025-10-08T12:23:29","guid":{"rendered":"https:\/\/megaroboticsacademy.com\/shop\/niet-gecategoriseerd\/handal-ointment-colocynth\/"},"modified":"2025-11-17T22:02:39","modified_gmt":"2025-11-17T22:02:39","slug":"handal-ointment-colocynth","status":"publish","type":"product","link":"https:\/\/airshiptrips.com\/nl\/shop\/creams-nl\/handal-ointment-colocynth\/","title":{"rendered":"Handal cr\u00e8me (Colocynth)"},"content":{"rendered":"<div class=\"woocommerce-tabs wc-tabs-wrapper\">\n<div id=\"tab-description\" class=\"woocommerce-Tabs-panel woocommerce-Tabs-panel--description panel entry-content wc-tab\" role=\"tabpanel\" aria-labelledby=\"tab-title-description\">\n<h3><b>Te gebruiken bij<\/b>:<\/h3>\n<ul>\n<li aria-level=\"1\">Ontstekingsaandoeningen van de gewrichten (artritis, polyartritis, artrose, jicht, artrose, osteochondrose).<\/li>\n<li aria-level=\"1\">Ischias en spit.<\/li>\n<li aria-level=\"1\">Aandoeningen aan extra-articulaire weefsels (tendovaginitis, bursitis, reumatische laesies van zachte weefsels) en zenuwpijn.<\/li>\n<li aria-level=\"1\">Intervertebrale hernia.<\/li>\n<li aria-level=\"1\">Sportblessures (verstuikingen, ligamentrupturen of kneuzingen).<\/li>\n<li aria-level=\"1\">Spierpijn en krampen.<\/li>\n<li aria-level=\"1\">Vermoeidheid na grote fysieke inspanning.<\/li>\n<\/ul>\n<h3><b>Gebruiksaanwijzing<\/b><\/h3>\n<p>Aanbrengen op de getroffen locatie en enkele minuten inmasseren.<br \/>\nAanbevolen behandeling: 2 tot 3 maal daags.<\/p>\n<h3><b>Actieve ingredi\u00ebnten<\/b><\/h3>\n<p>Handal (colocynth, coloquint), sheaboter, zwarte komijnolie, marjolein olie, eucalyptus olie, venkel olie, mosterdolie, chilipeper olie.<\/p>\n<\/div>\n<\/div>\n","protected":false},"excerpt":{"rendered":"<p>Colocynth is een plant waarvan de vruchten lijken op kleine pompoenen. De plant is giftig en is alleen geschikt voor uitwendig gebruik.<br \/>\nDe cr\u00e8me die uit deze plant wordt gewonnen is een 100% natuurlijk product met alleen natuurlijke en essenti\u00eble oli\u00ebn. Het is een zeer effectief middel om pijn en ontstekingen in gewrichten en spieren te verlichten.<\/p>\n","protected":false},"featured_media":12373,"comment_status":"open","ping_status":"closed","template":"","meta":[],"product_brand":[],"product_cat":[194,182],"product_tag":[],"class_list":{"0":"post-10193","1":"product","2":"type-product","3":"status-publish","4":"has-post-thumbnail","6":"product_cat-creams-nl","7":"product_cat-natural-cosmetics","9":"first","10":"instock","11":"shipping-taxable","12":"purchasable","13":"product-type-variable","14":"has-default-attributes"},"_links":{"self":[{"href":"https:\/\/airshiptrips.com\/nl\/wp-json\/wp\/v2\/product\/10193","targetHints":{"allow":["GET"]}}],"collection":[{"href":"https:\/\/airshiptrips.com\/nl\/wp-json\/wp\/v2\/product"}],"about":[{"href":"https:\/\/airshiptrips.com\/nl\/wp-json\/wp\/v2\/types\/product"}],"replies":[{"embeddable":true,"href":"https:\/\/airshiptrips.com\/nl\/wp-json\/wp\/v2\/comments?post=10193"}],"wp:featuredmedia":[{"embeddable":true,"href":"https:\/\/airshiptrips.com\/nl\/wp-json\/wp\/v2\/media\/12373"}],"wp:attachment":[{"href":"https:\/\/airshiptrips.com\/nl\/wp-json\/wp\/v2\/media?parent=10193"}],"wp:term":[{"taxonomy":"product_brand","embeddable":true,"href":"https:\/\/airshiptrips.com\/nl\/wp-json\/wp\/v2\/product_brand?post=10193"},{"taxonomy":"product_cat","embeddable":true,"href":"https:\/\/airshiptrips.com\/nl\/wp-json\/wp\/v2\/product_cat?post=10193"},{"taxonomy":"product_tag","embeddable":true,"href":"https:\/\/airshiptrips.com\/nl\/wp-json\/wp\/v2\/product_tag?post=10193"}],"curies":[{"name":"wp","href":"https:\/\/api.w.org\/{rel}","templated":true}]}}