{"id":9800,"date":"2025-10-08T12:22:28","date_gmt":"2025-10-08T12:22:28","guid":{"rendered":"https:\/\/megaroboticsacademy.com\/shop\/be-kategorijos\/lettuce-seed-oil\/"},"modified":"2025-11-16T11:41:52","modified_gmt":"2025-11-16T11:41:52","slug":"lettuce-seed-oil","status":"publish","type":"product","link":"https:\/\/airshiptrips.com\/lt\/shop\/natural-oils\/lettuce-seed-oil\/","title":{"rendered":"Lapini\u0173 salot\u0173 s\u0117kl\u0173 aliejus"},"content":{"rendered":"<h3><strong>Raminantis ir atpalaiduojantis poveikis<\/strong><\/h3>\n<p>Lapini\u0173 salot\u0173 s\u0117kl\u0173 aliejus yra gerai \u017einomas d\u0117l savo sedacini\u0173 (raminan\u010di\u0173) savybi\u0173. Lengvai susidoroja su simptomais, susijusiais su miego ritmo sutrikimais, padeda nuo nemigos ken\u010diantiems \u017emon\u0117ms . \u0160is aliejus suteikia raminam\u0105j\u012f poveik\u012f \u00a0po patirto streso ir atpalaiduoja nerv\u0173 sistem\u0105.<\/p>\n<h3><strong>Raumen\u0173 ir fantominiai skausmai<\/strong><\/h3>\n<p>Lapini\u0173 salot\u0173 s\u0117kl\u0173 aliejus padeda suma\u017einti raumen\u0173 skausm\u0105 po sportin\u0117s ar pasikartojusios traumos, s\u0105nari\u0173 deformacijos atvejais ir ma\u017eina nervin\u012f tik\u0105. Lapini\u0173 salot\u0173 s\u0117kl\u0173 aliejus pasi\u017eymi skausm\u0105 mal\u0161inan\u010diu ir prie\u0161u\u017edegiminiu poveikiu.<\/p>\n<h3><strong>Vitaminai ir mineralai<\/strong><\/h3>\n<p>Idealus vitamino A, vitamino K ir kalio \u0161altinis. Did\u017eiausia vitamino A koncentracija aptinkama tamsiai \u017ealios spalvos salot\u0173 s\u0117klose. Taip pat sud\u0117tyje yra nedidelis kiekis skaidul\u0173, angliavandeni\u0173, baltym\u0173, vitamino C, kalcio, gele\u017eies ir vario. Lapni\u0173 salot\u0173 s\u0117kl\u0173 aliejuje aptinkamas didelis kiekis folio r\u016bg\u0161ties, kuri reguliuoja med\u017eiag\u0173 apykait\u0105 ir dalyvauja nerv\u0173 ir kraujodaros sistem\u0173 veiklos aktyvavime.<\/p>\n<h3><strong>Stipri<\/strong><strong>\u00a0nerv\u0173 sistema<\/strong><\/h3>\n<p>Lapini\u0173 salot\u0173 s\u0117kl\u0173 aliejuje yra vitamin\u0173 A, C, B grup\u0117s vitamin\u0173, kalio, kalcio, folio r\u016bg\u0161ties, magnio, gele\u017eies ir jodo. \u0160i unikali sud\u0117tis stiprina nerv\u0173 sistem\u0105, padeda nusiraminti ir lengviau reaguoti \u012f stresines situacijas. Lapini\u0173 salot\u0173 s\u0117kl\u0173 aliejus yra gerai \u017einomas d\u0117l savo sedacini\u0173 savybi\u0173. \u0160is aliejus rekomenduojamas naudoti kompleksiniame nerv\u0173 i\u0161sekimo gydyme, depresijos simptomams palengvinti nerviniam tikui \u0161alinti. Itin rekomenduojamas nemigos gydymui. Lapini\u0173 salot\u0173 aliejus suteikia raminant\u012f poveik\u012f \u00a0po streso ir atpalaiduoja nerv\u0173 sistem\u0105.<\/p>\n<h3><strong>Dietinis<\/strong><strong>\u00a0produktas<\/strong><\/h3>\n<p>Reguliarus lapini\u0173 s\u0117kl\u0173 salot\u0173 aliejaus vartojimas reguliuoja riebal\u0173 apykait\u0105. Tai padeda subalansuoti cholesterolio kiek\u012f kraujyje, kas yra ypatingai svarbu ateroskleroz\u0117s ir hipertenzijos prevencijai.<\/p>\n<h3><strong>Miego sutrikimai<\/strong><\/h3>\n<p>Lapini\u0173 salot\u0173 s\u0117kl\u0173 aliejus suteikia raminam\u0105j\u012f poveik\u012f ir u\u017etikrina sveik\u0105 mieg\u0105 pacientams, ken\u010diantiems nuo nemigos. \u0160io aliejaus vartojimas taip pat u\u017etikrina raminant\u012f ir atpalaiduojant\u012f poveik\u012f po streso ir \u012ftemptos dienos.<\/p>\n","protected":false},"excerpt":{"rendered":"<p><b>Gamintojas:<\/b>\u00a0Nefertiti nat\u016bral\u016bs aliejai ir vaista\u017eol\u0117s\u00a0~<br \/>\n<b>Pristatymo kaina:<\/b>\u00a0apskai\u010diuojama atsiskaitant u\u017e pirkinius<br \/>\n<b>Kilm\u0117s \u0161alis:<\/b>\u00a0Egiptas<br \/>\n<b>Botaninis pavadinimas:<\/b>\u00a0S\u0117jamoji salota (lot. Lactuca sativa).<br \/>\n<b>\u0160eima:<\/b>\u00a0Astriniai<br \/>\n<b>INCI:<\/b>\u00a0Lactuca sativa Lettuce seed Oil<br \/>\n<b>Kiti pavadinimai:<\/b>\u00a0Locika sal\u00e0t, Havesalat, Laitue cultiv\u00e9e, Salade, Gr\u00fcner Salat, lattuga, abirako\u00a0<b>Naudojamos dalys:<\/b>\u00a0s\u0117klos<br \/>\n<b>I\u0161gavimo metodas:<\/b>\u00a0garin\u0117 distiliacija<br \/>\n<b>Kvapas:<\/b>\u00a0\u0161velnus \u017eemi\u0161kas<br \/>\n<b>Spalva:<\/b>\u00a0\u017ealsvai geltona<br \/>\n<b>Fizin\u0117 b\u016bkl\u0117:<\/b>\u00a0skystis<br \/>\n<b>Nat\u016bralus:<\/b>\u00a0Taip<br \/>\n<b>Grynumas:<\/b>\u00a0100%<br \/>\n<b>ISO sertifikatas:<\/b>\u00a0sertifikuota<\/p>\n","protected":false},"featured_media":12257,"comment_status":"open","ping_status":"closed","template":"","meta":[],"product_brand":[],"product_cat":[141],"product_tag":[],"class_list":{"0":"post-9800","1":"product","2":"type-product","3":"status-publish","4":"has-post-thumbnail","6":"product_cat-natural-oils","8":"first","9":"instock","10":"sale","11":"shipping-taxable","12":"purchasable","13":"product-type-variable","14":"has-default-attributes"},"_links":{"self":[{"href":"https:\/\/airshiptrips.com\/lt\/wp-json\/wp\/v2\/product\/9800","targetHints":{"allow":["GET"]}}],"collection":[{"href":"https:\/\/airshiptrips.com\/lt\/wp-json\/wp\/v2\/product"}],"about":[{"href":"https:\/\/airshiptrips.com\/lt\/wp-json\/wp\/v2\/types\/product"}],"replies":[{"embeddable":true,"href":"https:\/\/airshiptrips.com\/lt\/wp-json\/wp\/v2\/comments?post=9800"}],"wp:featuredmedia":[{"embeddable":true,"href":"https:\/\/airshiptrips.com\/lt\/wp-json\/wp\/v2\/media\/12257"}],"wp:attachment":[{"href":"https:\/\/airshiptrips.com\/lt\/wp-json\/wp\/v2\/media?parent=9800"}],"wp:term":[{"taxonomy":"product_brand","embeddable":true,"href":"https:\/\/airshiptrips.com\/lt\/wp-json\/wp\/v2\/product_brand?post=9800"},{"taxonomy":"product_cat","embeddable":true,"href":"https:\/\/airshiptrips.com\/lt\/wp-json\/wp\/v2\/product_cat?post=9800"},{"taxonomy":"product_tag","embeddable":true,"href":"https:\/\/airshiptrips.com\/lt\/wp-json\/wp\/v2\/product_tag?post=9800"}],"curies":[{"name":"wp","href":"https:\/\/api.w.org\/{rel}","templated":true}]}}