{"id":8428,"date":"2025-10-08T12:22:23","date_gmt":"2025-10-08T12:22:23","guid":{"rendered":"https:\/\/megaroboticsacademy.com\/shop\/be-kategorijos\/anti-wrinkle-oil\/"},"modified":"2025-11-03T15:41:22","modified_gmt":"2025-11-03T15:41:22","slug":"anti-wrinkle-oil","status":"publish","type":"product","link":"https:\/\/airshiptrips.com\/lt\/shop\/cosmetics\/anti-wrinkle-oil\/","title":{"rendered":"Nat\u016brali\u0173 aliej\u0173 mi\u0161inys nuo rauk\u0161li\u0173"},"content":{"rendered":"<h3><span style=\"color: #000000;\">Kaip tai veikia<\/span><\/h3>\n<p>M\u016bs\u0173 oda n\u0117ra apsaugota nuo \u0161alutinio aplinkos poveikio ir kasdien jai \u012ftakos turi daugyb\u0117 \u017ealing\u0173 faktori\u0173, toki\u0173 kaip: ultarvioletiniai saul\u0117s spinduliai, aplinkos u\u017eter\u0161tumas, chemikalais ir modifikuotais priedais u\u017eter\u0161tas maistas, nev\u0117dinamos patalpos, stresas, ir hormoninis disbalansas bei hormoninio fono pakitimai. Metams b\u0117gant odos l\u0105steli\u0173 regeneracija sul\u0117t\u0117ja, kas s\u0105lygoja rauk\u0161li\u0173 formavim\u0105si. Oda praranda elastingum\u0105, sveik\u0105 i\u0161vaizd\u0105 ir patrauklum\u0105.<\/p>\n<h3><span style=\"color: #000000;\">Naudingos savyb\u0117s<\/span><\/h3>\n<p>Su pasidid\u017eiavimu pristatome unikal\u0173 nat\u016brali\u0173 aliej\u0173 mi\u0161in\u012f, kurio sud\u0117tis pasiekusi gamintojus i\u0161 Egipto faraon\u0173 laik\u0173. \u0160is aliej\u0173 mi\u0161inys \u012fsigeria \u012f od\u0105 geriau nei sunk\u016bs matinantys kremai, tuo pa\u010diu u\u017etikrindamas ideal\u0173 gili\u0173j\u0173 odos sluoksni\u0173 maitinim\u0105 ir dr\u0117kinim\u0105. Sud\u0117tin\u0117s nat\u016brali\u0173 aliej\u0173 nuo rauk\u0161li\u0173 mi\u0161inio dalys aktyvizuoja kolageno sintez\u0119 odoje. Tai stabdo rauk\u0161li\u0173 formavim\u0105si ir lygina jau atsiradusias tiek mimikos, tiek ir am\u017eiaus rauk\u0161les. Oda atgauna stangrum\u0105, patrauklum\u0105 ir atrodo \u017eymiai jaunesn\u0117. \u0160is aliej\u0173 mi\u0161inys lengvai pa\u0161alina alergines odos reakcijas, ramina ir gydo pa\u017eeist\u0105 od\u0105. Skatina odos l\u0105steli\u0173 atsinaujinim\u0105 ir stimuliuoja kraujotakos proces\u0105 mink\u0161tuosiuose audiniuose.<\/p>\n<h3><span style=\"color: #000000;\">Patogus naudoti<\/span><\/h3>\n<p>Ypating\u0105 svarb\u0105 \u0161io aliej\u0173 mi\u0161inio panaudojimui turi jo unikali prasiskverbimo \u012f giliuosius odos sluoksnius savyb\u0117. Taip pat svarbu, kad aliej\u0173 mi\u0161in\u012f u\u017etepus ant odos jis nepalieka riebal\u0173 p\u0117dsako, tod\u0117l rekomenduojamas naudoti vietoj maitinan\u010dio kremo. Tinka vis\u0173 tip\u0173 odai ir niekada nesukelia alergini\u0173 odos reakcij\u0173.<\/p>\n<h3><span style=\"color: #000000;\">Kaip naudoti<\/span><\/h3>\n<p>Ryte ir vakare nedidelis aliej\u0173 mi\u0161inio nuo rauk\u0161li\u0173 kiekis tepamas ant \u0161variai nupraustos ir dar truput\u012f dr\u0117gnos veido, kaklo ir dekolte odos. \u0160velniai \u012fmasa\u017euojamas sukamaisiais judesiais netempiant ir nespaud\u017eiant odos. Aliej\u0173 mi\u0161inio liku\u010diai po de\u0161imties minu\u010di\u0173 nuimami popieriniu rank\u0161luos\u010diu. Nat\u016brali\u0173 aliej\u0173 mi\u0161inys naudojamas ryte ir vakare trij\u0173 savai\u010di\u0173 b\u0117gyje, po to rekomenduojama bent 7 dien\u0173 pertrauka. Pertraukos metu rekomenduojama od\u0105 pri\u017ei\u016br\u0117ti tik neskiestu jojoba (simondsij\u0173) aliejumi.<\/p>\n","protected":false},"excerpt":{"rendered":"<p><b>Gamintojas:<\/b>\u00a0Nefertiti nat\u016bral\u016bs aliejai ir vaista\u017eol\u0117s<br \/>\n<b>Pristatymo kaina:<\/b>\u00a0apskai\u010diuojama atsiskaitant u\u017e pirkinius<br \/>\n<b>Kilm\u0117s \u0161alis:<\/b>\u00a0Egiptas<br \/>\n<b>Botanin\u0117 sud\u0117tis:<\/b>\u00a0Argano aliejus, Jojobos aliejus, Migdol\u0173 aliejus, Kvie\u010di\u0173 gemal\u0173 aliejus, nat\u016bral\u016bs eteriniai aliejai.<br \/>\n<b>Naudojimas:<\/b>\u00a0kosmetika; anti-sen\u0117jimo, nuo rauk\u0161li\u0173<br \/>\n<b>INCI:<\/b>\u00a0odos anti-sen\u0117jimo nat\u016brali\u0173 aliej\u0173 mi\u0161inys<br \/>\n<b>Spalva:<\/b>\u00a0tamsi geltona link gintarin\u0117s<br \/>\n<b>Kvapas:<\/b>\u00a0\u017eemi\u0161kas su \u0161velniomis rie\u0161ut\u0173 natomis<br \/>\n<b>Fizin\u0117 b\u016bkl\u0117:<\/b>\u00a0skystis<br \/>\n<b>Nat\u016bralus:<\/b>\u00a0Taip<br \/>\n<b>Grynumas:<\/b>\u00a0100%<br \/>\n<b>ISO sertifikatas:<\/b>\u00a0sertifikuota<\/p>\n","protected":false},"featured_media":12230,"comment_status":"open","ping_status":"closed","template":"","meta":[],"product_brand":[],"product_cat":[180],"product_tag":[],"class_list":{"0":"post-8428","1":"product","2":"type-product","3":"status-publish","4":"has-post-thumbnail","6":"product_cat-cosmetics","8":"first","9":"instock","10":"sale","11":"shipping-taxable","12":"purchasable","13":"product-type-variable","14":"has-default-attributes"},"_links":{"self":[{"href":"https:\/\/airshiptrips.com\/lt\/wp-json\/wp\/v2\/product\/8428","targetHints":{"allow":["GET"]}}],"collection":[{"href":"https:\/\/airshiptrips.com\/lt\/wp-json\/wp\/v2\/product"}],"about":[{"href":"https:\/\/airshiptrips.com\/lt\/wp-json\/wp\/v2\/types\/product"}],"replies":[{"embeddable":true,"href":"https:\/\/airshiptrips.com\/lt\/wp-json\/wp\/v2\/comments?post=8428"}],"wp:featuredmedia":[{"embeddable":true,"href":"https:\/\/airshiptrips.com\/lt\/wp-json\/wp\/v2\/media\/12230"}],"wp:attachment":[{"href":"https:\/\/airshiptrips.com\/lt\/wp-json\/wp\/v2\/media?parent=8428"}],"wp:term":[{"taxonomy":"product_brand","embeddable":true,"href":"https:\/\/airshiptrips.com\/lt\/wp-json\/wp\/v2\/product_brand?post=8428"},{"taxonomy":"product_cat","embeddable":true,"href":"https:\/\/airshiptrips.com\/lt\/wp-json\/wp\/v2\/product_cat?post=8428"},{"taxonomy":"product_tag","embeddable":true,"href":"https:\/\/airshiptrips.com\/lt\/wp-json\/wp\/v2\/product_tag?post=8428"}],"curies":[{"name":"wp","href":"https:\/\/api.w.org\/{rel}","templated":true}]}}