{"id":8390,"date":"2025-10-08T12:22:18","date_gmt":"2025-10-08T12:22:18","guid":{"rendered":"https:\/\/megaroboticsacademy.com\/shop\/be-kategorijos\/pain-relief-oil\/"},"modified":"2025-10-31T22:24:13","modified_gmt":"2025-10-31T22:24:13","slug":"pain-oil","status":"publish","type":"product","link":"https:\/\/airshiptrips.com\/lt\/shop\/cosmetics\/pain-oil\/","title":{"rendered":"Aliej\u0173 mi\u0161inys nuo reumatizmo"},"content":{"rendered":"<h3><span style=\"color: #000000;\"><strong>Nauda sveikatai<\/strong><\/span><\/h3>\n<p>Stipriu skausm\u0105 mal\u0161inan\u010diu poveikiu pasi\u017eymintis aliej\u0173 mi\u0161inys nuo reumatizmo ne tik mal\u0161ina \u012fvairaus pob\u016bd\u017eio skausmus. \u0160is aliej\u0173 mi\u0161inys taip pat turi ilgalaik\u012f gydom\u0105j\u012f poveik\u012f. Rekomenduojamas naudoti masa\u017ein\u0117s terapijos metu arba kaip atskira priemon\u0117 lokaliniam skausmo mal\u0161inimui. Mal\u0161ina raumen\u0173 ir s\u0105nari\u0173 skausm\u0105, ma\u017eina skausm\u0105 nugaros srityje. Atpalaiduoja raumenis traukuli\u0173 priepuoli\u0173 metu, intensyvina kraujotak\u0105 ir atpalaiduoja viso k\u016bno \u012ftamp\u0105. Naudojamas reumatizmo ir limfadenopatijos (limfini\u0173 mazg\u0173 padid\u0117jimo) gydymui. Rekomenduojamas podagros, stuburo i\u0161var\u017e\u0173 sukelt\u0173 skausm\u0173 ir \u012fvairaus pob\u016bd\u017eio skausm\u0173 palengvinimui bei mal\u0161inimui. \u0160is aliej\u0173 mi\u0161inys ypatingai efektyvus sportini\u0173 traum\u0173 ir raumen\u0173 skausmo mal\u0161inimui.<\/p>\n<h3><span style=\"color: #000000;\"><strong>Aliejaus mi\u0161inio nuo reumatizmo panaudojimas manualin\u0117je terapijoje<\/strong><\/span><\/h3>\n<p>Puikiausia priemon\u0117 atpalaiduojan\u010diam masa\u017eui. Lengvai \u0161alina spazmus, mal\u0161ina skausm\u0105, ma\u017eina patinim\u0105. Labai pla\u010diai naudojama manualin\u0117s terapijos specialist\u0173. \u0160is aliej\u0173 mi\u0161inys palengvina masa\u017eist\u0173 darb\u0105, o taip pat pagreitina pacient\u0173 gijimo proces\u0105.<\/p>\n<h3><span style=\"color: #000000;\"><strong>Panaudojimas nam\u0173 s\u0105lygomis<\/strong><\/span><\/h3>\n<p>Geriausias efektas pasiekiamas naudojant aliej\u0173 mi\u0161in\u012f nuo reumatizmo naktini\u0173 kompres\u0173 pavidalu. Tam imamas nedidelis kiekis \u0161i\u0173 aliej\u0173 mi\u0161inio ir \u012fmasa\u017euojamas \u012f skaudan\u010dias vietas, arba nat\u016bralios medviln\u0117s med\u017eiagos kompresas suvilgomas aliej\u0173 mi\u0161iniu. Apvyniojama taip pat nat\u016bralia med\u017eiaga ir paliekama nak\u010diai. Nugaros ir stuburo skausm\u0173 palengvinimui \u00a0aliej\u0173 mi\u0161inys nuo reumatizmo tur\u0117t\u0173 b\u016bti \u012fmasa\u017euotas lengvais sukamaisiais judesiais, tiesiai \u012f skaudamas vietas. Po proced\u016bros nerekomenduojamas didesnis fizinis kr\u016bvis ir staig\u016bs temperat\u016bros pakitimai.<\/p>\n","protected":false},"excerpt":{"rendered":"<p><b>Gamintojas:<\/b>\u00a0Nefertiti nat\u016bral\u016bs aliejai ir vaista\u017eol\u0117s<br \/>\n<b>Pristatymo kaina:<\/b>\u00a0apskai\u010diuojama atsiskaitant u\u017e pirkinius<br \/>\n<b>Kilm\u0117s \u0161alis:<\/b>\u00a0Egiptas<br \/>\n<b>Botanin\u0117 sud\u0117tis:<\/b>\u00a0Eukalipto aliejus, mair\u016bno aliejus, juod\u0173j\u0173 s\u0117kl\u0173 aliejus, pankolio aliejus, sandalmed\u017eio aliejus, eteriniai aliejai.<br \/>\n<b>Naudojimas:<\/b>\u00a0nuskausminantis; prie\u0161u\u017edegiminis<br \/>\n<b>INCI:<\/b>\u00a0Nat\u016brali\u0173 aliej\u0173 mi\u0161inys nuo reumatizmo<br \/>\n<b>Spalva:<\/b>\u00a0nuo tamsiai \u017ealios iki tamsiai gintarin\u0117s<br \/>\n<b>Kvapas:<\/b>\u00a0\u0161vie\u017eias medienos su mentolo natomis<br \/>\n<b>Fizin\u0117 b\u016bkl\u0117:<\/b>\u00a0skystis<br \/>\n<b>Nat\u016bralus:<\/b>\u00a0Taip<br \/>\n<b>Grynumas:<\/b>\u00a0100%<br \/>\n<b>ISO sertifikatas:<\/b>\u00a0sertifikuota<\/p>\n","protected":false},"featured_media":12203,"comment_status":"open","ping_status":"closed","template":"","meta":[],"product_brand":[],"product_cat":[180],"product_tag":[],"class_list":{"0":"post-8390","1":"product","2":"type-product","3":"status-publish","4":"has-post-thumbnail","6":"product_cat-cosmetics","8":"first","9":"instock","10":"sale","11":"shipping-taxable","12":"purchasable","13":"product-type-variable","14":"has-default-attributes"},"_links":{"self":[{"href":"https:\/\/airshiptrips.com\/lt\/wp-json\/wp\/v2\/product\/8390","targetHints":{"allow":["GET"]}}],"collection":[{"href":"https:\/\/airshiptrips.com\/lt\/wp-json\/wp\/v2\/product"}],"about":[{"href":"https:\/\/airshiptrips.com\/lt\/wp-json\/wp\/v2\/types\/product"}],"replies":[{"embeddable":true,"href":"https:\/\/airshiptrips.com\/lt\/wp-json\/wp\/v2\/comments?post=8390"}],"wp:featuredmedia":[{"embeddable":true,"href":"https:\/\/airshiptrips.com\/lt\/wp-json\/wp\/v2\/media\/12203"}],"wp:attachment":[{"href":"https:\/\/airshiptrips.com\/lt\/wp-json\/wp\/v2\/media?parent=8390"}],"wp:term":[{"taxonomy":"product_brand","embeddable":true,"href":"https:\/\/airshiptrips.com\/lt\/wp-json\/wp\/v2\/product_brand?post=8390"},{"taxonomy":"product_cat","embeddable":true,"href":"https:\/\/airshiptrips.com\/lt\/wp-json\/wp\/v2\/product_cat?post=8390"},{"taxonomy":"product_tag","embeddable":true,"href":"https:\/\/airshiptrips.com\/lt\/wp-json\/wp\/v2\/product_tag?post=8390"}],"curies":[{"name":"wp","href":"https:\/\/api.w.org\/{rel}","templated":true}]}}