{"id":4364,"date":"2025-10-08T12:22:18","date_gmt":"2025-10-08T12:22:18","guid":{"rendered":"https:\/\/megaroboticsacademy.com\/shop\/be-kategorijos\/aloe-vera-lotion\/"},"modified":"2025-10-29T11:01:48","modified_gmt":"2025-10-29T11:01:48","slug":"aloe-vera-lotion","status":"publish","type":"product","link":"https:\/\/airshiptrips.com\/lt\/shop\/cosmetics\/aloe-vera-lotion\/","title":{"rendered":"Aloe Vera"},"content":{"rendered":"<h3><strong><span style=\"color: #000000;\">Sud\u0117tin\u0117s dalys ir kosmetinis panaudojimas<\/span><\/strong><\/h3>\n<p>Aloe Vera sud\u0117tyje gausu alantoino, vitamino C, antioksidanto \u2013 viatmino E, B grup\u0117s vitamin\u0173 ir beta karotino (vitamino A). \u0160ie komponentai nepakei\u010diami sveikai ir gra\u017eiai odai palaikyti. Aloe Vera \u012feina \u012f nesuskai\u010diuojamos daugyb\u0117s kosmetini\u0173 preparat\u0173 sud\u0117t\u012f, nes pasi\u017eymi itin stipriu apsaugos nuo \u017ealing\u0173 saul\u0117s spinduli\u0173 poveikiu. Aloe Vera naudojama prakti\u0161kai vis\u0173 od\u0105 dr\u0117kinan\u010di\u0173 krem\u0173 ir losjon\u0173 sud\u0117\u010diai praturtinti.<\/p>\n<h3><span style=\"color: #000000;\"><strong>Kaip tai veikia<\/strong><\/span><\/h3>\n<p>Unikali\u0173 dr\u0117kinan\u010di\u0173 savybi\u0173 d\u0117ka Aloe Vera epitelizuoja vir\u0161utinius odos sluoksnius ir padeda gydyti saul\u0117s nudegim\u0173 pa\u017eeist\u0105 od\u0105. Puikiausiai atstato dr\u0117gm\u0117s tr\u016bkum\u0105 vir\u0161utiniuose odos sluoksniuose ir padengia od\u0105 apsaugine pl\u0117vele. Pa\u017eeista oda ir negil\u016bs \u012fbr\u0117\u017eimai naudojant Aloe Vera gyja \u017eymiai grei\u010diau, nes ji pasi\u017eymi itin stipriomis antioksidantin\u0117mis savyb\u0117mis. Gamtin\u0117s apsaugin\u0117s Aloe Vera sud\u0117tin\u0117s dalys stabdo odos saus\u0117jimo ir surag\u0117jimo procesus.<\/p>\n<h3><span style=\"color: #000000;\"><strong>Puikiausia priemon\u0117 naudojimui prie\u0161 saul\u0117s vonias ir po j\u0173<\/strong><\/span><\/h3>\n<p>Aloe reikt\u0173 pavadinti \u0161velniausiu preparatu raminan\u010diu ir dr\u0117kinan\u010diu od\u0105 po saul\u0117s voni\u0173. \u0160is losjonas naudojamas kaip pirma pagalbos priemon\u0117 po buitini\u0173 ir saul\u0117s nudegim\u0173. Efektyviai ramina per\u0161t\u0117jim\u0105 ir nie\u017eul\u012f, ramina ir regeneruoja od\u0105. Nat\u016bralus v\u0117sinantis poveikis greitai nuramina ir \u0161alina nemalonius poj\u016b\u010dius atsirandan\u010dius po odos nudegim\u0173. Gr\u012f\u017eus i\u0161 papl\u016bdimio pirmiausia patariama i\u0161simaudyti du\u0161e, kad nuplautum\u0117te nuo j\u016bros vandens likusi\u0105 drusk\u0105 ar papl\u016bdimio sm\u0117l\u012f, ir dar dr\u0117gn\u0105 viso k\u016bno od\u0105 i\u0161tepkite Aloe Vera geliu. Idealiai dr\u0117kina ir stangrina od\u0105. I\u0161kart po saul\u0117s voni\u0173 naudojama Aloe Vera padeda gra\u017e\u0173 ir lyg\u0173 \u012fdeg\u012f i\u0161saugoti \u017eymiai ilgesn\u012f laikotarp\u012f.<\/p>\n<h3><span style=\"color: #000000;\"><strong>Odos lig\u0173 gydymas<\/strong><\/span><\/h3>\n<p>Reguliarus Aloe Vera naudojimas skatina negili\u0173 \u017eaizd\u0173 gijim\u0105 ir l\u0117tina rand\u0173 formavim\u0105si. Aloe Vera losjonas rekomenduojamas kapiliar\u0173 i\u0161sipl\u0117timo gydymui. \u0160is losjonas turi intensyv\u0173 raminant\u012f poveik\u012f ir efektyviai ma\u017eina odos u\u017edegimus, mal\u0161ina nie\u017eul\u012f\u00a0 ir skatina greitesn\u012f odos gijim\u0105.<\/p>\n<h3><span style=\"color: #000000;\"><strong>Akn\u0117s gydymas<\/strong><\/span><\/h3>\n<p>Aloe Vera sud\u0117tyje sutinkami du svarb\u016bs fitohormonai: auksinas ir giberelinas. \u0160ie fitohormonai stimuliuoja rizogenez\u0119, stimuliuojan\u010di\u0105 \u017eaizd\u0173 gijim\u0105, silpninan\u010di\u0105 u\u017edegiminius procesus ir mal\u0161ina odos u\u017edegim\u0105. Giberilinas savo ruo\u017etu veikia kaip augimo hormonas, stimuliuojantis odos l\u0105steli\u0173 atsinaujinim\u0105. \u0160is procesas skatina odos sluoksni\u0173 atsinaujinim\u0105 ir minimizuoja\u00a0 rand\u0173 formavim\u0105si.<\/p>\n<h3><span style=\"color: #000000;\"><strong>Aloe Vera odos jaunystei<\/strong><\/span><\/h3>\n<p>Aloe Vera l\u0117tina am\u017eiaus rauk\u0161li\u0173 atsiradim\u0105. Saugo od\u0105 nuo dr\u0117gm\u0117s praradimo, stangrina ir suteikia jai sveik\u0105 i\u0161vaizd\u0105. Aloe Vera sud\u0117tyje daugyb\u0117 antioksidant\u0173, \u012fskaitant: beta-karotin\u0105 (vitamin\u0105 A), vitamin\u0105 C, vitamin\u0105 E. Tai u\u017etikrina \u0161io preparato efektyvum\u0105 i\u0161laikyti reikiam\u0105 dr\u0117gm\u0117s kiek\u012f odoje ir u\u017etikrinti odos elastingum\u0105 bei puiki\u0105 sveik\u0105 i\u0161vaizd\u0105.<\/p>\n","protected":false},"excerpt":{"rendered":"<p><b>Gamintojas:<\/b>\u00a0Nefertiti nat\u016bral\u016bs aliejai ir vaista\u017eol\u0117s<br \/>\n<b>Pristatymo kaina:<\/b>\u00a0apskai\u010diuojama atsiskaitant u\u017e pirkinius<br \/>\n<b>Kilm\u0117s \u0161alis:<\/b>\u00a0Egiptas<br \/>\n<b>Botanin\u0117 sud\u0117tis:<\/b>\u00a0Aloe Vera lap\u0173 sultys, aromatiniai aliejai, organinis stabilizatorius.<br \/>\n<b>Naudojimas:<\/b>\u00a0kosmetika; SPF 6<br \/>\n<b>INCI:<\/b>\u00a0Aloe Barbadensis lap\u0173 sultys (ir)<br \/>\n<b>Spalva:<\/b>\u00a0kremin\u0117 balta<br \/>\n<b>Kvapas:<\/b>\u00a0\u0161vie\u017eias citrusini\u0173 ir g\u0117li\u0173<br \/>\n<b>Fizin\u0117 b\u016bkl\u0117:<\/b>\u00a0\u0161velnios tekst\u016bros neriebus kremas<br \/>\n<b>Nat\u016bralus:<\/b>\u00a0Taip<br \/>\n<b>Grynumas:<\/b>\u00a0100%<br \/>\n<b>ISO sertifikatas:<\/b>\u00a0sertifikuota<\/p>\n","protected":false},"featured_media":12166,"comment_status":"open","ping_status":"closed","template":"","meta":[],"product_brand":[],"product_cat":[180],"product_tag":[334,335,336,337,338],"class_list":{"0":"post-4364","1":"product","2":"type-product","3":"status-publish","4":"has-post-thumbnail","6":"product_cat-cosmetics","7":"product_tag-aloe-vera-lotion","8":"product_tag-aloe-vera-lotion-benefits","9":"product_tag-aloe-vera-lotion-uses","10":"product_tag-natural-aloe-vera-lotion-for-acne","11":"product_tag-pure-aloe-vera-lotion","13":"first","14":"instock","15":"sale","16":"shipping-taxable","17":"purchasable","18":"product-type-variable","19":"has-default-attributes"},"_links":{"self":[{"href":"https:\/\/airshiptrips.com\/lt\/wp-json\/wp\/v2\/product\/4364","targetHints":{"allow":["GET"]}}],"collection":[{"href":"https:\/\/airshiptrips.com\/lt\/wp-json\/wp\/v2\/product"}],"about":[{"href":"https:\/\/airshiptrips.com\/lt\/wp-json\/wp\/v2\/types\/product"}],"replies":[{"embeddable":true,"href":"https:\/\/airshiptrips.com\/lt\/wp-json\/wp\/v2\/comments?post=4364"}],"wp:featuredmedia":[{"embeddable":true,"href":"https:\/\/airshiptrips.com\/lt\/wp-json\/wp\/v2\/media\/12166"}],"wp:attachment":[{"href":"https:\/\/airshiptrips.com\/lt\/wp-json\/wp\/v2\/media?parent=4364"}],"wp:term":[{"taxonomy":"product_brand","embeddable":true,"href":"https:\/\/airshiptrips.com\/lt\/wp-json\/wp\/v2\/product_brand?post=4364"},{"taxonomy":"product_cat","embeddable":true,"href":"https:\/\/airshiptrips.com\/lt\/wp-json\/wp\/v2\/product_cat?post=4364"},{"taxonomy":"product_tag","embeddable":true,"href":"https:\/\/airshiptrips.com\/lt\/wp-json\/wp\/v2\/product_tag?post=4364"}],"curies":[{"name":"wp","href":"https:\/\/api.w.org\/{rel}","templated":true}]}}