{"id":4298,"date":"2025-10-08T12:22:27","date_gmt":"2025-10-08T12:22:27","guid":{"rendered":"https:\/\/megaroboticsacademy.com\/shop\/be-kategorijos\/fenugreek-helba-oil\/"},"modified":"2025-10-29T10:50:35","modified_gmt":"2025-10-29T10:50:35","slug":"helba-fenugreek-oil","status":"publish","type":"product","link":"https:\/\/airshiptrips.com\/lt\/shop\/natural-oils\/helba-fenugreek-oil\/","title":{"rendered":"O\u017erag\u0117s aliejus"},"content":{"rendered":"<h3>Moters sveikata<\/h3>\n<p>Helba (Trigonella foenum-graecum L.) pasaulyje pla\u010diai \u017einoma kaip nat\u016bralus fitoestrogen\u0173 (med\u017eiagos, kuri\u0173 yra augaluose ir kuri\u0173 strukt\u016bra labai pana\u0161i \u012f moteri\u0161kus lytinius hormonus) \u0161altinis. Helba turtinga diosgeninu, kuris savo strukt\u016bra ir poveikiu moters organizmui yra artimiausias moteri\u0161kam hormonui \u2013 estrogenui. Reguliarus helba aliejaus vartojimas kompensuoja moteri\u0161kojo lytinio hormono \u2013 estrogeno deficit\u0105 moters organizme. Nuo antikini\u0173 laik\u0173 helba naudojama moteri\u0161k\u0173 lig\u0173 profilaktikai ir gydymui. \u0160is aliejus atkuria ir palaiko moteri\u0161k\u0173 hormon\u0173 balans\u0105. Apsaugo nuo gerybini\u0173 augli\u0173 formavimosi ir pristabdo jau atsiradusi\u0173 augli\u0173 pl\u0117tim\u0105si moteri\u0161kuose lytiniuose organuose. Reguliarus helba aliejaus vartojimas reguliuoja i\u0161sibalansavus\u012f menstruacij\u0173 cikl\u0105, palengvina skausmus menstruacij\u0173 dienomis. Rekomenduojamas vis\u0173 su moteri\u0161k\u0105ja hormon\u0173 sistema susijusi\u0173 susirgim\u0173 profilaktikai ir gydymui. Ryt\u0173 \u0161alyse po gimdymo moterys vartoja helba n\u0117\u0161tumo nualinto organizmo funkcij\u0173 atstatymui. Helba turi stipr\u0173 teigiam\u0105 poveik\u012f laktacijai. Viduram\u017ei\u0173 laikais ryt\u0173 \u0161ali\u0173 haremuose moterys vartodavo helba k\u016bno form\u0173 suapvalinimui. Reguliarus helba vartojimas gali padidinti libido.<\/p>\n<h3><strong>Menopauz\u0117<\/strong><\/h3>\n<p>Helba yra tiesiog nepakei\u010diama menopauz\u0117s metu. Palaiko moteri\u0161k\u0105 sveikat\u0105, labai palengvina pereinam\u0105j\u012f laikotarp\u012f ir puikiai \u0161alina nemalonius menopauz\u0117s periodo simptomus. Atkuria ir palaiko moters hormon\u0173 sistemos balans\u0105. Padeda i\u0161laikyti sveik\u0105 ir patraukli\u0105 odos spalv\u0105 ir i\u0161vaizd\u0105. Atpalaiduoja streso varginam\u0105 organizm\u0105 ir gerina moters gyvenimo kokyb\u0119 \u0161iuo moteriai nelengvu laikotarpiu. Naudojama kompleksinio nevaisngumo gydymo, kurio prie\u017eastis lemia hormoninio fono sutrikimai, metu.<\/p>\n<h3><strong>Biologi\u0161kai aktyvus komponentai<\/strong><\/h3>\n<p>Helba sud\u0117tyje randama saponin\u0173, eterini\u0173 aliej\u0173, alkaloid\u0173 (cholino ir trigonelline), galaktomanan\u0173 polisacharido, emogenino, diosgenino, tigogenino ir neotigogeno. Helba aliejus yra turtingas baltym\u0173 ir angliavandeni\u0173, taip pat kalio, fosforo, gele\u017eies, magnio, folio r\u016bg\u0161ties, vitamin\u0173 B1, B2, C, PP.<\/p>\n<h3><strong>Helba medicinoje<\/strong><\/h3>\n<p>Liaudies medicinoje Helba pla\u010diai naudojama kv\u0117pavimo tak\u0173 lig\u0173, toki\u0173 kaip: per\u0161alimo ir virusini\u0173 lig\u0173, plau\u010di\u0173, bronchito, laringito, kosulio, ir bronchin\u0117s astmos gydymui. Helba puikiai valo skrand\u012f, \u017earnyn\u0105 ir inkstus nuo susikaupusi\u0173 \u0161lak\u0173 ir toksin\u0173. Reguliariai vartojamas helba aliejus padengia skrand\u017eio ir \u017earnyno sieneles apsaugine pl\u0117vele. Helba turi lengv\u0105 poveik\u012f cukraus kiekio ir cholesterolio kiekio kraujyje suma\u017einimui. Saugo organizm\u0105 nuo \u017ealingo laisv\u0173j\u0173 radikal\u0173 poveikio ir rekomenduojama esant anemijai ir bendram organizmo i\u0161sekimui.<\/p>\n<h3><strong>Oda ir plaukai<\/strong><\/h3>\n<p>Plauk\u0173 kauk\u0117s helba aliejaus pagrindu turi stipr\u0173 stimuliuojant\u012f poveik\u012f plauk\u0173 augimui. Helba naudojama praturinti kai kurias kosmetines priemones skirtas sausos ir pa\u017eeistos odos prie\u017ei\u016brai.<\/p>\n","protected":false},"excerpt":{"rendered":"<p><b>Gamintojas:<\/b>\u00a0Nefertiti nat\u016bral\u016bs aliejai ir vaista\u017eol\u0117s<br \/>\n<b>Pristatymo kaina:<\/b>\u00a0apskai\u010diuojama atsiskaitant u\u017e pirkinius<br \/>\n<b>Kilm\u0117s \u0161alis:<\/b>\u00a0Pietry\u010di\u0173 Europa, \u0160iaur\u0117s Afrika, Vakar\u0173 Azija<br \/>\n<b>Botaninis pavadinimas:<\/b>\u00a0Vaistin\u0117 o\u017erag\u0117 (lot. Trigonella foenum-graecum).<br \/>\n<b>\u0160eima:<\/b>\u00a0Pupiniai<br \/>\n<b>INCI:<\/b>\u00a0Hydrolyzed Trigonella Foenum-Graecum Seed Oil<br \/>\n<b>Kiti pavadinimai:<\/b>\u00a0Bird\u2019s Foot, Bockshornklee, Greek Hayseed, Goat\u00e2\u20ac\u2122s Horn, Methi, O\u017ekarag\u0117, kupranugari\u0173 \u017eol\u0117, graikininis \u0161ienas, F\u00e9nugrec, Foin grec, Graines de f\u00e9nugrec, S\u00e9negrain, Trigonelle, malaj. Kelabet, kin. Hu lu ba.<br \/>\n<b>Naudojamos dalys:<\/b>\u00a0s\u0117klos<br \/>\n<b>I\u0161gavimo metodas:<\/b>\u00a0garin\u0117 distiliacija<br \/>\n<b>Kvapas:<\/b>\u00a0specifinis s\u0117kloms b\u016bdingas kvapas<br \/>\n<b>Spalva:<\/b>\u00a0sodri geltona<br \/>\n<b>Fizin\u0117 b\u016bkl\u0117:<\/b>\u00a0skystis<br \/>\n<b>Nat\u016bralus:<\/b>\u00a0Taip<br \/>\n<b>Grynumas:<\/b>\u00a0100%<br \/>\n<b>ISO sertifikatas:<\/b>\u00a0sertifikuota<\/p>\n","protected":false},"featured_media":12119,"comment_status":"open","ping_status":"closed","template":"","meta":[],"product_brand":[],"product_cat":[141],"product_tag":[],"class_list":{"0":"post-4298","1":"product","2":"type-product","3":"status-publish","4":"has-post-thumbnail","6":"product_cat-natural-oils","8":"first","9":"instock","10":"sale","11":"shipping-taxable","12":"purchasable","13":"product-type-variable","14":"has-default-attributes"},"_links":{"self":[{"href":"https:\/\/airshiptrips.com\/lt\/wp-json\/wp\/v2\/product\/4298","targetHints":{"allow":["GET"]}}],"collection":[{"href":"https:\/\/airshiptrips.com\/lt\/wp-json\/wp\/v2\/product"}],"about":[{"href":"https:\/\/airshiptrips.com\/lt\/wp-json\/wp\/v2\/types\/product"}],"replies":[{"embeddable":true,"href":"https:\/\/airshiptrips.com\/lt\/wp-json\/wp\/v2\/comments?post=4298"}],"wp:featuredmedia":[{"embeddable":true,"href":"https:\/\/airshiptrips.com\/lt\/wp-json\/wp\/v2\/media\/12119"}],"wp:attachment":[{"href":"https:\/\/airshiptrips.com\/lt\/wp-json\/wp\/v2\/media?parent=4298"}],"wp:term":[{"taxonomy":"product_brand","embeddable":true,"href":"https:\/\/airshiptrips.com\/lt\/wp-json\/wp\/v2\/product_brand?post=4298"},{"taxonomy":"product_cat","embeddable":true,"href":"https:\/\/airshiptrips.com\/lt\/wp-json\/wp\/v2\/product_cat?post=4298"},{"taxonomy":"product_tag","embeddable":true,"href":"https:\/\/airshiptrips.com\/lt\/wp-json\/wp\/v2\/product_tag?post=4298"}],"curies":[{"name":"wp","href":"https:\/\/api.w.org\/{rel}","templated":true}]}}