{"id":4161,"date":"2025-10-08T12:22:16","date_gmt":"2025-10-08T12:22:16","guid":{"rendered":"https:\/\/megaroboticsacademy.com\/shop\/be-kategorijos\/jojoba-oil\/"},"modified":"2025-10-29T10:18:06","modified_gmt":"2025-10-29T10:18:06","slug":"jojoba-oil","status":"publish","type":"product","link":"https:\/\/airshiptrips.com\/lt\/shop\/essential-oils\/jojoba-oil\/","title":{"rendered":"Jojoba aliejus"},"content":{"rendered":"<p><strong>Jojoba aliejaus privalumai<\/strong><\/p>\n<p>Jojoba aliejaus (Simmondsia chinensis L.) sud\u0117tyje yra unikalus biologini\u0173 ir mineralini\u0173 komponent\u0173 kompleksas. Visi \u0161ie komponentai b\u016btini gra\u017eios, sveikos ir jaunos odos prie\u017ei\u016brai ir palaikymui. Jojoba aliejus tobulai saugo od\u0105 nuo \u017ealingo aplinkos poveikio ir sul\u0117tina odos sen\u0117jimo procesus.<\/p>\n<p><strong>Kaip tai veikia<\/strong><\/p>\n<p>Su am\u017eiumi, kolageno sintez\u0117 \u017emogaus odoje susilpn\u0117ja, fibroblast\u0173 aktyvumas suma\u017e\u0117ja, oda suglemba ir pradeda atsirasti rauk\u0161li\u0173. D\u0117l kolageno tr\u016bkumo oda praranda savo tvirtum\u0105 ir elastingum\u0105, suma\u017e\u0117ja odos tonusas. Kolageno sintez\u0117s procesas suaktyvinamas \u00a0didelio kiekio baltym\u0173, \u012feinan\u010di\u0173 \u012f jojob\u0105 aliejaus sud\u0117t\u012f d\u0117ka. \u0160ie procesai turi tiesiogin\u012f poveik\u012f odos stangrumo ir elastingumo palaikymui. Mokslininkai \u012frod\u0117, kad simondsij\u0173 aliejus, skirtingai nei kiti kosmetiniai aliejai turi did\u017eiausi\u0105 pralaidum\u0105 \u012f gilesnius odos sluoksnius. D\u0117l \u0161i\u0173 savybi\u0173, mokslininkai pavadino jojoba (Simondsij\u0173) aliej\u0173 \u00a0\u201eskystu va\u0161ku\u201d. \u00a0Jojoba aliejaus poveikis paai\u0161kinamas sustiprintu odos l\u0105steli\u0173 regeneracijos procesu, kas i\u0161 tikro \u017eenkliai suma\u017eina odos sen\u0117jimo proces\u0105. Reguliariai naudojant jojob\u0105 aliej\u0173 odos prie\u017ei\u016brai, sul\u0117t\u0117ja rauk\u0161li\u0173 formavimosi procesas, ir nyksta jau susiformavusios mimikos ir am\u017eiaus rauk\u0161l\u0117s, skaist\u0117ja ir jaun\u0117ja oda.<\/p>\n<p><strong>Apsauga nuo saul\u0117s<\/strong><\/p>\n<p>Be vis\u0173 gro\u017eio palaikymo savybi\u0173 jojoba aliejus dar pasi\u017eymi apsauginiu faktoriumi, tai vadinamasis ketvirtasis apsaugos nuo \u017ealing\u0173 saul\u0117s spinduli\u0173 faktorius, kuris optimizuoja vitamino D pasisavinim\u0105 ir dalinai saugo nuo \u017ealingojo saul\u0117s spinduli\u0173 poveikio.<\/p>\n<p><strong>Rekomenduojama<\/strong><\/p>\n<p>Savo tobulai subalansuotos kompozicijos d\u0117ka jojoba aliejus puikiai tinka vis\u0173 tip\u0173 odai ir vis\u0173 am\u017eiaus grupi\u0173 vartotojams. Jojoba aliejus niekada neu\u017ekem\u0161a odos por\u0173, kas leid\u017eia odai kv\u0117puoti. Jojoba aliejus \u00a0nepalieka riebal\u0173 p\u0117dsak\u0173 ant odos ir susigeria \u012f giliuosius odos sluoksnius. Saugo od\u0105 nuo \u012fvairi\u0173 pa\u017eeidim\u0173, padeda naikinti strijas ir negilius randus.<\/p>\n<p><strong>Jojoba aliejus plauk\u0173 prie\u017ei\u016brai<\/strong><\/p>\n<p>Jojoba aliejaus naudojimas plauk\u0173 prie\u017ei\u016brai u\u017etikrina sveik\u0105 ir gra\u017ei\u0105 plauk\u0173 i\u0161vaizd\u0105 ir stabdo plauk\u0173 galiuk\u0173 \u0161akojim\u0105si.<\/p>\n<p><strong>Jojoba aliejaus panaudojimas kosmetin\u0117se priemon\u0117se<\/strong><\/p>\n<p>Ypatingai rekomenduojama simondsij\u0173 aliejumi praturtinti visus gro\u017eio proced\u016broms naudojamus produktus veidui, k\u016bnui ir plaukams. Jojoba aliejus ramina sudirgusi\u0105 po skutimosi od\u0105. Juo praturtinami losjonai, kremai, balzamai ir \u0161amp\u016bnai ir tai padidina \u0161i\u0173 kosmetini\u0173 priemoni\u0173 veiksmingum\u0105.<\/p>\n<p><strong>Masa\u017einis aliejus<\/strong><\/p>\n<p>Tinkamiausia baz\u0117 masa\u017einio aliejaus mi\u0161iniui. Jojoba aliejus gali b\u016bti naudojamas neskiestas arba mi\u0161inyje su kitais nat\u016braliais aliejais.<\/p>\n","protected":false},"excerpt":{"rendered":"<div class=\"woocommerce-product-gallery woocommerce-product-gallery--with-images woocommerce-product-gallery--columns-4 images\" data-columns=\"4\"><b>Gamintojas:<\/b>\u00a0Nefertiti nat\u016bral\u016bs aliejai ir vaista\u017eol\u0117s<br \/>\n<b>Pristatymo kaina:<\/b>\u00a0apskai\u010diuojama atsiskaitant u\u017e pirkinius<br \/>\n<b>Kilm\u0117s \u0161alis:<\/b>\u00a0Pietvakarin\u0117 \u0160iaur\u0117s Amerika<br \/>\n<b>Botaninis pavadinimas:<\/b>\u00a0Kinin\u0117 simondsija (lot. Simmondsia chinensis)<br \/>\n<b>\u0160eima:<\/b>\u00a0Simondsijiniai<br \/>\n<b>INCI:<\/b>\u00a0Simmondsia Chinensis Seed Oil<br \/>\n<b>Kiti pavadinimai:<\/b>\u00a0o\u017ekos rie\u0161utas, elnio rie\u0161utas, kiaul\u0117s rie\u0161ut\u0117lis, laukinis rie\u0161utas, kavos uoga, pilkojo kr\u016bmo rie\u0161utas, tribriaun\u0117 pupa, ir t.t..<br \/>\n<b>Naudojamos dalys:<\/b>\u00a0vaisius- tribriaun\u0117 pupel\u0117<br \/>\n<b>I\u0161gavimo metodas:<\/b>\u00a0\u0161altas spaudimas<br \/>\n<b>Kvapas:<\/b>\u00a0bekvapis<br \/>\n<b>Spalva:<\/b>\u00a0\u0161viesi geltona<br \/>\n<b>Fizin\u0117 b\u016bkl\u0117:<\/b>\u00a0skystis<br \/>\n<b>Nat\u016bralus:<\/b>\u00a0Taip<br \/>\n<b>Grynumas:<\/b>\u00a0100%<br \/>\n<b>ISO sertifikatas:<\/b>\u00a0sertifikuota<\/div>\n","protected":false},"featured_media":12040,"comment_status":"open","ping_status":"closed","template":"","meta":[],"product_brand":[],"product_cat":[189,180],"product_tag":[],"class_list":{"0":"post-4161","1":"product","2":"type-product","3":"status-publish","4":"has-post-thumbnail","6":"product_cat-essential-oils","7":"product_cat-cosmetics","9":"first","10":"instock","11":"sale","12":"shipping-taxable","13":"purchasable","14":"product-type-variable","15":"has-default-attributes"},"_links":{"self":[{"href":"https:\/\/airshiptrips.com\/lt\/wp-json\/wp\/v2\/product\/4161","targetHints":{"allow":["GET"]}}],"collection":[{"href":"https:\/\/airshiptrips.com\/lt\/wp-json\/wp\/v2\/product"}],"about":[{"href":"https:\/\/airshiptrips.com\/lt\/wp-json\/wp\/v2\/types\/product"}],"replies":[{"embeddable":true,"href":"https:\/\/airshiptrips.com\/lt\/wp-json\/wp\/v2\/comments?post=4161"}],"wp:featuredmedia":[{"embeddable":true,"href":"https:\/\/airshiptrips.com\/lt\/wp-json\/wp\/v2\/media\/12040"}],"wp:attachment":[{"href":"https:\/\/airshiptrips.com\/lt\/wp-json\/wp\/v2\/media?parent=4161"}],"wp:term":[{"taxonomy":"product_brand","embeddable":true,"href":"https:\/\/airshiptrips.com\/lt\/wp-json\/wp\/v2\/product_brand?post=4161"},{"taxonomy":"product_cat","embeddable":true,"href":"https:\/\/airshiptrips.com\/lt\/wp-json\/wp\/v2\/product_cat?post=4161"},{"taxonomy":"product_tag","embeddable":true,"href":"https:\/\/airshiptrips.com\/lt\/wp-json\/wp\/v2\/product_tag?post=4161"}],"curies":[{"name":"wp","href":"https:\/\/api.w.org\/{rel}","templated":true}]}}