{"id":4094,"date":"2025-10-08T12:22:26","date_gmt":"2025-10-08T12:22:26","guid":{"rendered":"https:\/\/megaroboticsacademy.com\/shop\/be-kategorijos\/rucola-seed-oil\/"},"modified":"2025-10-29T09:45:21","modified_gmt":"2025-10-29T09:45:21","slug":"rucola-seed-oil","status":"publish","type":"product","link":"https:\/\/airshiptrips.com\/lt\/shop\/natural-oils\/rucola-seed-oil\/","title":{"rendered":"Rukola s\u0117kl\u0173 aliejus"},"content":{"rendered":"<h3><strong>Vyri\u0161ka j\u0117ga<\/strong><\/h3>\n<p>Rukola aliejus yra gerai \u017einoma ir am\u017ei\u0173 patikrinta senov\u0117s Egipto priemon\u0117 vyr\u0173 erekcin\u0117s funkcijos (vyri\u0161kos potencijos) stiprinimui. Iki \u0161i\u0173 dien\u0173 s\u0117kmingai naudojama erekcijos disfunkcijos profilaktikai ir gydymui. Vidinis rukola aliejaus vartojimas u\u017etikrina proceso prailginim\u0105 ir didina jaudul\u012f skatindamas kraujo pritek\u0117jim\u0105 i \u017eemutin\u012f duben\u012f.\u00a0Naudingos sud\u0117tin\u0117s dalys\u00a0Rukola s\u0117kl\u0173 aliejaus sud\u0117tyje gausu augalin\u0117s kilm\u0117s gele\u017eies, kas padidina hemoglobino kiek\u012f kraujyje ir padeda organizmui geriau pasisavinti kalc\u012f. Rukola s\u0117kl\u0173 aliejuje esantis didelis vitamino C kiekis padeda gele\u017eies absorbcijai, tod\u0117l reguliarus \u0161io aliejaus vartojimas rekomenduojamas kompleksiname anemijos (ma\u017eakraujyst\u0117s) gydyme.<\/p>\n<h3><strong>Jud\u0117jimo lengvumas<\/strong><\/h3>\n<p>Rukola s\u0117kl\u0173 aliejaus sud\u0117tyje yra nema\u017eas kiekis kalcio, kuris normalizuoja skys\u010di\u0173 balans\u0105 organizme ir reguliuoja raumen\u0173 susitraukimus, bei didina sanari\u0173 lankstum\u0105. Kalcis taip pat \u012ftakoja kremzli\u0173 stiprinim\u0105 ir pristabdo j\u0173 susid\u0117v\u0117jim\u0105.<\/p>\n<h3><strong>Stipri nerv\u0173 sistema<\/strong><\/h3>\n<p>Rukola aliejaus sud\u0117tyje esanti vitamin\u0173 B grup\u0117 u\u017etikrina nerv\u0173 sistemos stabilum\u0105 ir palaiko raumen\u0173 tonus\u0105. Puikiai subalansuota mikroelement\u0173 kompozicija padeda palaikyti stabil\u0173 organizmo skys\u010di\u0173 balans\u0105, apsaugodama nuo drusk\u0173 pertekliaus organizme kaupimosi ir skatina blogojo cholesterolio pasi\u0161alinim\u0105 i\u0161 organizmo.<\/p>\n<h3><strong>Dietinis produktas<\/strong><\/h3>\n<p>Reguliarus rukola s\u0117kl\u0173 aliejaus vartojimas daro didel\u0119 \u012ftak\u0105 k\u016bno svorio reguliavimui ir tod\u0117l yra da\u017enai naudojamas \u012fvairiose diet\u0173 programose. Efektyviai skatina metabolizm\u0105 ir vir\u0161kinamojo trakto veikl\u0105. Rukola s\u0117kl\u0173 aliejus geba labai \u0161velniai paveikti s\u0105stingio procesus \u017earnyne ir skatina \u017earnyno valym\u0105si nuo susikaupusi\u0173 toksini\u0173 med\u017eiag\u0173. Kadangi rukola s\u0117kl\u0173 aliejuje randamas atitinkamas kiekis jodo, \u0161is aliejus yra rekomenduojamas skydliauk\u0117s lig\u0173 profilaktikai.<\/p>\n<h3><strong>Plauk\u0173 slinkimui sustabdyti<\/strong><\/h3>\n<p>Rukola s\u0117kl\u0173 aliejus puikiai kovoja su plauk\u0173 slinkimu. Stiprina ir maitina plauko folikulus, aktyvina j\u0173 veikl\u0105. Plauk\u0173 stiprinimui rekomeduojamas kompleksinis (vidinis ir i\u0161orinis) \u0161io aliejaus vartojimas vartojimas.<\/p>\n","protected":false},"excerpt":{"rendered":"<p><span style=\"font-size: 12pt;\"><b>Gamintojas:<\/b>\u00a0Nefertiti nat\u016bral\u016bs aliejai ir vaista\u017eol\u0117s<br \/>\n<b>Pristatymo kaina:<\/b>\u00a0apskai\u010diuojama atsiskaitant u\u017e pirkinius<br \/>\n<b>Kilm\u0117s \u0161alis:<\/b>\u00a0Vidur\u017eemio regionas<br \/>\n<b>Botaninis pavadinimas:<\/b>\u00a0S\u0117jamoji gra\u017egarst\u0117 (lot. Eruca sativa)<br \/>\n<b>\u0160eima:<\/b>\u00a0Bastutiniai<br \/>\n<b>INCI:<\/b>\u00a0Eruca sativa Rucola (Rocket) seed oil<br \/>\n<b>Kiti pavadinimai:<\/b>\u00a0rocket, roquette, eruca, rucoli, rugula, colewort, roquette, \u062c\u0631\u062c\u064a\u0631 , arugula, S\u0117jamoji gra\u017egarst\u0117.<br \/>\n<b>Naudojamos dalys:<\/b>\u00a0s\u0117klos<br \/>\n<b>I\u0161gavimo metodas:<\/b>\u00a0\u0161altas spaudimas<br \/>\n<b>Kvapas:<\/b>\u00a0Silpnas \u017eemi\u0161kas<br \/>\n<b>Spalva:<\/b>\u00a0Nuo geltonos iki \u017ealios<br \/>\n<b>Fizin\u0117 b\u016bkl\u0117:<\/b>\u00a0skystis<br \/>\n<b>Nat\u016bralus:<\/b>\u00a0Taip<br \/>\n<b>Grynumas:<\/b>\u00a0100%<br \/>\n<b>ISO sertifikatas:<\/b>\u00a0sertifikuota<\/span><\/p>\n","protected":false},"featured_media":11993,"comment_status":"open","ping_status":"closed","template":"","meta":[],"product_brand":[],"product_cat":[141],"product_tag":[],"class_list":{"0":"post-4094","1":"product","2":"type-product","3":"status-publish","4":"has-post-thumbnail","6":"product_cat-natural-oils","8":"first","9":"instock","10":"sale","11":"shipping-taxable","12":"purchasable","13":"product-type-variable","14":"has-default-attributes"},"_links":{"self":[{"href":"https:\/\/airshiptrips.com\/lt\/wp-json\/wp\/v2\/product\/4094","targetHints":{"allow":["GET"]}}],"collection":[{"href":"https:\/\/airshiptrips.com\/lt\/wp-json\/wp\/v2\/product"}],"about":[{"href":"https:\/\/airshiptrips.com\/lt\/wp-json\/wp\/v2\/types\/product"}],"replies":[{"embeddable":true,"href":"https:\/\/airshiptrips.com\/lt\/wp-json\/wp\/v2\/comments?post=4094"}],"wp:featuredmedia":[{"embeddable":true,"href":"https:\/\/airshiptrips.com\/lt\/wp-json\/wp\/v2\/media\/11993"}],"wp:attachment":[{"href":"https:\/\/airshiptrips.com\/lt\/wp-json\/wp\/v2\/media?parent=4094"}],"wp:term":[{"taxonomy":"product_brand","embeddable":true,"href":"https:\/\/airshiptrips.com\/lt\/wp-json\/wp\/v2\/product_brand?post=4094"},{"taxonomy":"product_cat","embeddable":true,"href":"https:\/\/airshiptrips.com\/lt\/wp-json\/wp\/v2\/product_cat?post=4094"},{"taxonomy":"product_tag","embeddable":true,"href":"https:\/\/airshiptrips.com\/lt\/wp-json\/wp\/v2\/product_tag?post=4094"}],"curies":[{"name":"wp","href":"https:\/\/api.w.org\/{rel}","templated":true}]}}