{"id":4003,"date":"2025-10-08T12:22:16","date_gmt":"2025-10-08T12:22:16","guid":{"rendered":"https:\/\/megaroboticsacademy.com\/shop\/be-kategorijos\/black-seed-oil-cold-pressed\/"},"modified":"2025-10-29T01:29:26","modified_gmt":"2025-10-29T01:29:26","slug":"black-seed-oil","status":"publish","type":"product","link":"https:\/\/airshiptrips.com\/lt\/shop\/natural-oils\/black-seed-oil\/","title":{"rendered":"Juod\u0173j\u0173 s\u0117kl\u0173 aliejus"},"content":{"rendered":"<p><strong>Kaip tai veikia<\/strong><\/p>\n<p>Daugybe tyrim\u0173 \u012frod\u0117 juod\u0173j\u0173 s\u0117kl\u0173 aliejaus geb\u0117jim\u0105 i\u0161valyti orgnizm\u0105 nuo kenksming\u0173 med\u017eag\u0173, kurios patenka i\u0161 aplinkos ir kaupiasi \u017emogaus organizme vir\u0161kinimo proceso metu. Juod\u0173j\u0173 s\u0117kl\u0173 poveikis \u017emogaus organizmui ai\u0161kinamas T-limfocit\u0173 skai\u010diaus ir aktyvumo padid\u0117jimu. Mokslininkai lygina juod\u0173j\u0173 s\u0117kl\u0173 poveik\u012f su penki\u0173 stipriausi\u0173 antibiotik\u0173 (ko- trimoxazole, gentamicin, ampicillin, tetraciklin, nalidikso r\u016bg\u0161ties) poveikiu. Ta\u010diau skirtingai nei antibiotikai juod\u0173j\u0173 s\u0117kl\u0173 aliejus neturi bendro \u017ealingo poveikio organizmui.<\/p>\n<h3><strong>Susirgim\u0173 kategorijos<\/strong><\/h3>\n<p>Juod\u0173j\u0173 s\u0117kl\u0173 aliejus rekomenduojamas onkologini\u0173 lig\u0173 profilaktikai ir gydymui. Naudojamas kompleksiniame \u0161i\u0173 lig\u0173 gydyme: funkcinis kepen\u0173 nepakankamumas (hepatitas, ciroz\u0117); \u017earnyno ir dvylikapir\u0161t\u0117s \u017earnos ligos; reumatizmas; kaul\u0173-raumen\u0173 sistemos ligos; vir\u0161kinimo sutrikimai. Juod\u0173j\u0173 s\u0117kl\u0173 aliejus pasi\u017eymi antibakterin\u0117mis, prie\u0161grybelin\u0117mis, antivirusin\u0117mis savyb\u0117mis. Pripa\u017eintas stipriausiu nat\u016braliu produktu galin\u010diu suma\u017einanti blogojo cholesterolio kiek\u012f kraujyje. Juod\u0173j\u0173 s\u0117kl\u0173 aliejus naudojamas cukrinio diabeto (I ir II tipo) gydymui nes reguliuoja cukraus kiek\u012f kraujyje. Keletas tyrim\u0173 parod\u0117 juod\u0173j\u0173 s\u0117kl\u0173 geb\u0117jim\u0105\u00a0 pagerinti vyr\u0173 seksualin\u0119 funkcij\u0105 ir u\u017ekirsti keli\u0105 prostatos disfunkcijai. Aliejus \u0161velniai pa\u0161alina akmenis (iki 1 cm) i\u0161 inkst\u0173 ir \u0161lapimo p\u016bsl\u0117s. Gydo kv\u0117pavimo sistemos ligas: sinusitas, kosulys, astma, bronchin\u0117 astma, per\u0161alimas, sinusitas, tonzilitas ir tt.\u00a0 Juod\u0173j\u0173 s\u0117kl\u0173 \u00a0aliejus yra pla\u010diai naudojamas odos lig\u0173 ir vis\u0173 tip\u0173 alergijos gydymui.<\/p>\n<h3><strong>Kontraindikacijos<\/strong><\/h3>\n<p>Vidinis juod\u0173j\u0173 s\u0117kl\u0173 aliejaus vartojimas yra drau\u017eiamas n\u0117\u0161tumo metu, taip pat \u017emon\u0117ms turintiems implantuotus vidinius organus.<\/p>\n","protected":false},"excerpt":{"rendered":"<p><span style=\"font-weight: 400;\"><b>Gamintojas:<\/b>\u00a0Nefertiti nat\u016bral\u016bs aliejai ir vaista\u017eol\u0117s<br \/>\n<b>Pristatymo kaina:<\/b>\u00a0apskai\u010diuojama atsiskaitant u\u017e pirkinius<br \/>\n<b>Kilm\u0117s \u0161alis:<\/b>\u00a0Egiptas<br \/>\n<b>Botaninis pavadinimas:<\/b>\u00a0S\u0117jamoji juodgr\u016bd\u0117 (lot. Nigella sativa).<br \/>\n<b>\u0160eima:<\/b>\u00a0V\u0117dryniniai<br \/>\n<b>INCI:<\/b>\u00a0Nigella Sativa (Black Cumin) Seed Oil<br \/>\n<b>Kiti pavadinimai:<\/b>\u00a0juodasis kmynas, juodgr\u016bd\u0117, fennel, nigella, nutmeg, rom\u0117ni\u0161ka kalendra, kalonji, Schwarzhuemmel, Charnushka, Kaladuru, kalond\u017eis, etc.<br \/>\n<b>Naudojamos dalys:<\/b>\u00a0s\u0117klos<br \/>\n<b>I\u0161gavimo metodas:<\/b>\u00a0\u0161altas spaudimas<br \/>\n<b>Kvapas:<\/b>\u00a0specifinis \u0161velniai kartus<br \/>\n<b>Spalva:<\/b>\u00a0\u0161viesi link sodresn\u0117s geltonos<br \/>\n<b>Fizin\u0117 b\u016bkl\u0117:<\/b>\u00a0skystis<br \/>\n<b>Nat\u016bralus:<\/b>\u00a0Taip<br \/>\n<b>Grynumas:<\/b>\u00a0100%<br \/>\n<b>ISO sertifikatas:<\/b>\u00a0sertifikuota<\/span><\/p>\n","protected":false},"featured_media":11951,"comment_status":"open","ping_status":"closed","template":"","meta":[],"product_brand":[],"product_cat":[141],"product_tag":[],"class_list":{"0":"post-4003","1":"product","2":"type-product","3":"status-publish","4":"has-post-thumbnail","6":"product_cat-natural-oils","8":"first","9":"instock","10":"sale","11":"shipping-taxable","12":"purchasable","13":"product-type-variable","14":"has-default-attributes"},"_links":{"self":[{"href":"https:\/\/airshiptrips.com\/lt\/wp-json\/wp\/v2\/product\/4003","targetHints":{"allow":["GET"]}}],"collection":[{"href":"https:\/\/airshiptrips.com\/lt\/wp-json\/wp\/v2\/product"}],"about":[{"href":"https:\/\/airshiptrips.com\/lt\/wp-json\/wp\/v2\/types\/product"}],"replies":[{"embeddable":true,"href":"https:\/\/airshiptrips.com\/lt\/wp-json\/wp\/v2\/comments?post=4003"}],"wp:featuredmedia":[{"embeddable":true,"href":"https:\/\/airshiptrips.com\/lt\/wp-json\/wp\/v2\/media\/11951"}],"wp:attachment":[{"href":"https:\/\/airshiptrips.com\/lt\/wp-json\/wp\/v2\/media?parent=4003"}],"wp:term":[{"taxonomy":"product_brand","embeddable":true,"href":"https:\/\/airshiptrips.com\/lt\/wp-json\/wp\/v2\/product_brand?post=4003"},{"taxonomy":"product_cat","embeddable":true,"href":"https:\/\/airshiptrips.com\/lt\/wp-json\/wp\/v2\/product_cat?post=4003"},{"taxonomy":"product_tag","embeddable":true,"href":"https:\/\/airshiptrips.com\/lt\/wp-json\/wp\/v2\/product_tag?post=4003"}],"curies":[{"name":"wp","href":"https:\/\/api.w.org\/{rel}","templated":true}]}}