{"id":11888,"date":"2025-10-08T12:22:19","date_gmt":"2025-10-08T12:22:19","guid":{"rendered":"https:\/\/megaroboticsacademy.com\/shop\/be-kategorijos\/peppermint-oil\/"},"modified":"2025-11-22T21:42:56","modified_gmt":"2025-11-22T21:42:56","slug":"peppermint-oil","status":"publish","type":"product","link":"https:\/\/airshiptrips.com\/lt\/shop\/aroma-oils\/peppermint-oil\/","title":{"rendered":"M\u0117t\u0173 aliejus"},"content":{"rendered":"<h2>Kv\u0117pavimo tak\u0173 ligos<\/h2>\n<p>Veiksmingai mal\u0161ina kosul\u012f ir palengvina kv\u0117pavim\u0105, atpalaiduoja raumenis ir kv\u0117pavimo takus. Da\u017enai naudojamas virusini\u0173 ir u\u017edegimini\u0173 susirgim\u0173 gydymui.<\/p>\n<h2><\/h2>\n<h2>Mal\u0161ina skausm\u0105<\/h2>\n<p>\u0160alti kompresai paruo\u0161ti naudojant eterin\u012f m\u0117t\u0173 aliej\u0173 padeda numal\u0161inti pilvo skausmus, ma\u017eina raumen\u0173 spazmus. Kompleksiniame kv\u0117pavimo tak\u0173 lig\u0173\u00a0 gydyme da\u017eniau naudojami \u0161ilti kompresai praturtinti m\u0117t\u0173 aliejumi. Tai padeda lengvai numal\u0161inti kosul\u012f ir palengvina kv\u0117pavim\u0105, taip pat padeda i\u0161sivaduoti nuo raumen\u0173 spazm\u0173 sukelto kr\u016btin\u0117s skausmo. Galvos skausmui numal\u0161inti m\u0117t\u0173 aliejumi lokaliai tepama kaktos vidurin\u0117 dalis ir smilkiniai.<\/p>\n<h3><\/h3>\n<h3>Aromaterapija<\/h3>\n<p>M\u0117t\u0173 aliejus pla\u010diai naudojamas visose aromaterapijos srityse: aromalempose (kvap\u0173 lempose), inhaliatoriuose, saunoje, pirtyje. Gana da\u017enai m\u0117t\u0173 aliejus naudojamas patalp\u0173 oro gaivinimui. Kai kurios klinikos naudoja m\u0117t\u0173 aliej\u0173 poopercinio periodo pykinimo jausmui mal\u0161inti ir bendrai pacient\u0173 savijautai gerinti. Graikijoje m\u0117t\u0173 aromatas vadinamas svetingumo kvapu ir yra nepamainomas patalp\u0173 oro gaivinime.<\/p>\n<h3><\/h3>\n<h3>Gydomasis poveikis<\/h3>\n<p>\u0160irdies ritmo sutrikim\u0173 kompleksiniame gydyme rekomenduojamos \u0161iltos vonios su m\u0117t\u0173 aliejumi. Per\u0161alimo ir virusini\u0173 susirgim\u0173 simptom\u0173 mal\u0161inimui bei auk\u0161tos temperat\u016bros ma\u017einimui rekomenduojami m\u0117t\u0173 aliejumi praturtinti kompresai ir \u0161iltos vonios su j\u016bros druska.<\/p>\n<h3><\/h3>\n<h3><strong>Odos prie\u017ei\u016bra<\/strong><\/h3>\n<p>M\u0117t\u0173 aliejus rekomenduojamas riebios ir suerzintos odos prie\u017ei\u016brai. Mal\u0161ina alergines rekacijas, atsiradusias stresini\u0173 situacij\u0173 ar nervinio i\u0161sekimo pasekoje, taip pat \u017ealingo aplinkos poveikio sukeltas alergines reakcijas. M\u0117t\u0173 aliejus naudojamas kompleksiniame u\u017edegimini\u0173 odos proces\u0173 ir kapiliar\u0173 i\u0161sipl\u0117timo gydyme. Padeda lokaliai gydant akn\u0119, patinimus, sumu\u0161imus. Pastariaisiais atvejais rekomenduojama naudoti m\u0117t\u0173 aliejumi praturtintus kompresus.<\/p>\n<p><strong>D\u0117mesio!<\/strong><\/p>\n<p>Eteriniai aliejai nerekomenduojami n\u0117\u0161tumo laikotarpiu.<\/p>\n","protected":false},"excerpt":{"rendered":"<p>Mentha L. Eterinis m\u0117t\u0173 aliejus pasi\u017eymi antiseptin\u0117mis, tonizuojan\u010diomis, stimuliuojan\u010diomis, bei atsikos\u0117jim\u0105 lengvinan\u010diomis savyb\u0117mis. Palengvina kv\u0117pavim\u0105, mal\u0161ina galvos skausm\u0105. Naudojamas daugelio lig\u0173 prevencijai ir gydymui, toki\u0173 kaip: \u0161irdies ir kraujagysli\u0173 sistemos, kv\u0117pavimo tak\u0173, nerv\u0173 sistemos ir kt. Dar naudojamas kosmetologijoje ir masa\u017eini\u0173 priemoni\u0173 gamybai.<\/p>\n","protected":false},"featured_media":13231,"comment_status":"open","ping_status":"closed","template":"","meta":[],"product_brand":[],"product_cat":[201],"product_tag":[],"class_list":{"0":"post-11888","1":"product","2":"type-product","3":"status-publish","4":"has-post-thumbnail","6":"product_cat-aroma-oils","8":"first","9":"instock","10":"shipping-taxable","11":"purchasable","12":"product-type-variable","13":"has-default-attributes"},"_links":{"self":[{"href":"https:\/\/airshiptrips.com\/lt\/wp-json\/wp\/v2\/product\/11888","targetHints":{"allow":["GET"]}}],"collection":[{"href":"https:\/\/airshiptrips.com\/lt\/wp-json\/wp\/v2\/product"}],"about":[{"href":"https:\/\/airshiptrips.com\/lt\/wp-json\/wp\/v2\/types\/product"}],"replies":[{"embeddable":true,"href":"https:\/\/airshiptrips.com\/lt\/wp-json\/wp\/v2\/comments?post=11888"}],"wp:featuredmedia":[{"embeddable":true,"href":"https:\/\/airshiptrips.com\/lt\/wp-json\/wp\/v2\/media\/13231"}],"wp:attachment":[{"href":"https:\/\/airshiptrips.com\/lt\/wp-json\/wp\/v2\/media?parent=11888"}],"wp:term":[{"taxonomy":"product_brand","embeddable":true,"href":"https:\/\/airshiptrips.com\/lt\/wp-json\/wp\/v2\/product_brand?post=11888"},{"taxonomy":"product_cat","embeddable":true,"href":"https:\/\/airshiptrips.com\/lt\/wp-json\/wp\/v2\/product_cat?post=11888"},{"taxonomy":"product_tag","embeddable":true,"href":"https:\/\/airshiptrips.com\/lt\/wp-json\/wp\/v2\/product_tag?post=11888"}],"curies":[{"name":"wp","href":"https:\/\/api.w.org\/{rel}","templated":true}]}}