{"id":11865,"date":"2025-10-08T12:22:23","date_gmt":"2025-10-08T12:22:23","guid":{"rendered":"https:\/\/megaroboticsacademy.com\/shop\/be-kategorijos\/lemon-oil\/"},"modified":"2025-11-22T21:35:05","modified_gmt":"2025-11-22T21:35:05","slug":"lemon-aroma-oil","status":"publish","type":"product","link":"https:\/\/airshiptrips.com\/lt\/shop\/aroma-oils\/lemon-aroma-oil\/","title":{"rendered":"Citrin\u0173 eterinis aliejus"},"content":{"rendered":"<h3><strong>Apra\u0161ymas<\/strong><\/h3>\n<p><strong>Naudingosios savyb\u0117s<\/strong><\/p>\n<p>Po daugeli\u0173 atlikt\u0173 tyrim\u0173 buvo nustatyta, kad citrin\u0173 aliejus yra vienas i\u0161 stipriausi\u0173 nat\u016brali\u0173 antimikrobini\u0173 preparat\u0173. Eterinis citrin\u0173 aliejus gana da\u017enai patariama naudoti kompleksiniame infekcini\u0173 lig\u0173 gydyme. Jis rekomenduojamas burnos ertm\u0117s skalavimui , ypatingai efektyvus gydant chalitoz\u0119 (nemalonus burnos kvapas). Grei\u010diausias ir efektyviausias terapijos b\u016bdas naudojant citrin\u0173 aliej\u0173 gariniu pavidalu, tai yra juo kv\u0117puojant. Vieni tinkamiausi\u0173 inhaliacij\u0173 b\u016bd\u0173 b\u016bt\u0173: gar\u0173 lempos, kar\u0161tos ar \u0161altos inhaliacijos, ar tiesiog indas su kar\u0161tu vandeniu \u012f kur\u012f \u012fla\u0161inta keletas la\u0161\u0173 eterinio citrin\u0173 aliejaus. \u0160is b\u016bdas stimuliuoja med\u017eiag\u0173 apykait\u0105 ir gerina vir\u0161kinim\u0105. Citrin\u017eoli\u0173 aliejus greitai ir efektyviai mal\u0161ina tro\u0161kul\u012f.<\/p>\n<h3><\/h3>\n<h3>Aromaterapija<\/h3>\n<p>Aromaterapijoje eterin\u012f citrin\u017eoli\u0173 aliej\u0173 rekomenduojama naudoti \u0161iais b\u016bdais: pirtis, sauna, inhaliatoriai, bei aromalempos (kvap\u0173 lempos). Tereikia kelet\u0105 la\u0161\u0173 \u0161io aliejaus \u012fla\u0161inti \u012f pasirinkt\u0105 priemon\u0119 ar patalp\u0105 ir ugnies, gar\u0173, ar elektrini\u0173 preparat\u0173 veikiamos citrin\u0173 aliejaus molekul\u0117s pasklinda ore, veikdamos vis\u0105 \u017emogaus organizm\u0105. Citrin\u0173 aliejaus panaudojimas aromaterapijos seanso metu stiprina periferin\u0119 nerv\u0173 sistem\u0105, kas savo ruo\u017etu suaktyvina med\u017eiag\u0173 apykait\u0105 bei degina riebalus. \u0160ios savyb\u0117s padeda atsikratyti anstvorio ir naudojamaos daugelyje dietini\u0173 program\u0173.<\/p>\n<h3><\/h3>\n<h3>Odos prie\u017ei\u016bra<\/h3>\n<p>Citrin\u0173 aliejus taip pat gerai \u017einomas kaip puiki priemon\u0117 riebios ir problemin\u0117s odos prie\u017ei\u016brai. Naudojamas daugelio kosmetini\u0173 priemoni\u0173, skirt\u0173 riebios ir problemin\u0117s odos prie\u017ei\u016brai gamyboje. \u0160is aliejus pasi\u017eymi antiseptin\u0117mis, balinan\u010diomis ir valan\u010diomis savyb\u0117mis. Nam\u0173 s\u0105lygomis galima pasigaminti puik\u0173 valom\u0105j\u012f citrin\u0173 vanden\u012f riebios odos prie\u017ei\u016brai: tereikia keletu la\u0161\u0173 citrin\u0173 aliejaus praturtinti norim\u0105 kiek\u012f distiliuoto vandens.<\/p>\n<h3><\/h3>\n<h3>Kitas panaudojimas<\/h3>\n<p>Citrin\u0173 aliej\u0173 taip apt galima panaudoti burnos skalavimui, beje toks skalavimo skystis efektyviai balina dantis ir \u0161alina dant\u0173 apna\u0161as. Citrin\u0173 aliejumi galima praturtinti skalbini\u0173 skalavimui skirtas priemones. Dar \u0161is aliejus naudojamas daugelio anticeliulitini\u0173 preparat\u0173 gamyboje.<\/p>\n<h3><\/h3>\n<h3>Masa\u017einis aliejus<\/h3>\n<p>Citrin\u0173 aliejus naudojamas kaip vienas i\u0161 masa\u017eini\u0173 aliej\u0173 sudedam\u0173j\u0173 dali\u0173.<\/p>\n<h3><\/h3>\n<h3>D\u0117mesio!<\/h3>\n<p>Eteriniai aliejai nerekomenduojami n\u0117\u0161tumo laikotarpiu.<\/p>\n","protected":false},"excerpt":{"rendered":"<p>Citrin\u0173 aliejus gerai \u017einomas kaip vienas i\u0161 veiksmingiausi\u0173 nat\u016brali\u0173 antioksidant\u0173, pasi\u017eymintis geb\u0117jimu pa\u0161alinti toksinus i\u0161 viso \u017emogaus k\u016bno imtinai. Efektyviai naudojamas visose aromaterapijos sferose. Stimuliuoja limfodrena\u017e\u0105, mal\u0161ina tro\u0161kul\u012f, sugr\u0105\u017eina prarastas k\u016bno j\u0117gas ir jaunina organizm\u0105. \u0160is aliejus naudojamas riebios odos prie\u017ei\u016brai.<\/p>\n","protected":false},"featured_media":13213,"comment_status":"open","ping_status":"closed","template":"","meta":[],"product_brand":[],"product_cat":[201],"product_tag":[],"class_list":{"0":"post-11865","1":"product","2":"type-product","3":"status-publish","4":"has-post-thumbnail","6":"product_cat-aroma-oils","8":"first","9":"instock","10":"shipping-taxable","11":"purchasable","12":"product-type-variable","13":"has-default-attributes"},"_links":{"self":[{"href":"https:\/\/airshiptrips.com\/lt\/wp-json\/wp\/v2\/product\/11865","targetHints":{"allow":["GET"]}}],"collection":[{"href":"https:\/\/airshiptrips.com\/lt\/wp-json\/wp\/v2\/product"}],"about":[{"href":"https:\/\/airshiptrips.com\/lt\/wp-json\/wp\/v2\/types\/product"}],"replies":[{"embeddable":true,"href":"https:\/\/airshiptrips.com\/lt\/wp-json\/wp\/v2\/comments?post=11865"}],"wp:featuredmedia":[{"embeddable":true,"href":"https:\/\/airshiptrips.com\/lt\/wp-json\/wp\/v2\/media\/13213"}],"wp:attachment":[{"href":"https:\/\/airshiptrips.com\/lt\/wp-json\/wp\/v2\/media?parent=11865"}],"wp:term":[{"taxonomy":"product_brand","embeddable":true,"href":"https:\/\/airshiptrips.com\/lt\/wp-json\/wp\/v2\/product_brand?post=11865"},{"taxonomy":"product_cat","embeddable":true,"href":"https:\/\/airshiptrips.com\/lt\/wp-json\/wp\/v2\/product_cat?post=11865"},{"taxonomy":"product_tag","embeddable":true,"href":"https:\/\/airshiptrips.com\/lt\/wp-json\/wp\/v2\/product_tag?post=11865"}],"curies":[{"name":"wp","href":"https:\/\/api.w.org\/{rel}","templated":true}]}}