{"id":11668,"date":"2025-10-08T12:22:28","date_gmt":"2025-10-08T12:22:28","guid":{"rendered":"https:\/\/megaroboticsacademy.com\/shop\/be-kategorijos\/chamomile-oil\/"},"modified":"2025-11-22T19:10:15","modified_gmt":"2025-11-22T19:10:15","slug":"chamomile-oil","status":"publish","type":"product","link":"https:\/\/airshiptrips.com\/lt\/shop\/aroma-oils\/chamomile-oil\/","title":{"rendered":"Ramun\u0117li\u0173 aliejus"},"content":{"rendered":"<h3><strong>Apra\u0161ymas<\/strong><\/h3>\n<h3>Nauda sveikatai<\/h3>\n<p>Eetrinis ramun\u0117li\u0173 aliejus pelnytai priskiriamas gamtini\u0173 antiseptik\u0173 grupei ir puikiai mal\u0161ina u\u017edegiminius simptomus. Kai kuriose gydomosiose ir kosmetin\u0117se proced\u016brose ramun\u0117li\u0173 aliejus, kaip nat\u016bralus produktas, pakei\u010dia cheminius antiseptikus. Tai s\u0105lygoja itin stiprus antibaktericidinis \u0161io aliejaus poveikis. Ramun\u0117li\u0173 aliejus \u017einomas kaip vienas i\u0161 poluliariausi\u0173 ingridient\u0173 kosmetini\u0173 produkt\u0173, skirt\u0173 jautrios odos prie\u017ei\u016brai, gamyboje.<\/p>\n<p>Aromaterapija<\/p>\n<p>Geriausiai ramun\u0117li\u0173 aliej\u0173 charakterizuoja jo raminan\u010dios savyb\u0117s. Labai da\u017enai \u0161is aliejus naudojamas aromalempose (kvap\u0173 lempos), vonioje, saunoje, sukurdamas raminan\u010di\u0105 ir atpalaiduojan\u010di\u0105 atmosfer\u0105 patalpoje. Puikiai atpalaiduoja viso k\u016bno raumenis ir \u0161alina streso pasekmes. U\u017etikrina gil\u0173 ir ram\u0173 mieg\u0105.<\/p>\n<p>Skausmo mal\u0161inimas<\/p>\n<p>Naudojant ramun\u0117li\u0173 aliej\u0173 \u0161iltiems ar \u0161altiems kompresams galima lengvai numal\u0161inti skrand\u017eio ir \u017earnyno skausmus. Taip pat tokie kompresai padeda nuimti spazmus ir dieglius, sukeltus \u017earnyno veiklos sutrikim\u0173.<\/p>\n<p>Masa\u017einis aliejus<\/p>\n<p>Eterinis ramun\u0117li\u0173 aliejus naudojamas aliej\u0173 mi\u0161iniams, skirtiems atpalaiduojan\u010diam k\u016bno masa\u017eui praturtinti. Manoma, kad \u0161io aliejaus panaudojimas skatina vir\u0161kinimo proces\u0105.<\/p>\n<p>Eterinis ramun\u0117li\u0173 aliejus rekomenduojamas apsinuodijimo ir vir\u0161kinimo sutrikim\u0173 simptom\u0173 \u0161alinimui. Skatina med\u017eiag\u0173 apykait\u0105 ir gerina apetit\u0105.<\/p>\n<p>D\u0117mesio!<\/p>\n<p>Eteriniai aliejai nerekomenduojami n\u0117\u0161tumo laikotarpiu.<\/p>\n<p>&nbsp;<\/p>\n","protected":false},"excerpt":{"rendered":"<p>Tai pats \u0161velniausias aromaterapijoje naudojamas aliejus. Rekomenduojamas jautrios veido ir k\u016bno odos, bei plauk\u0173 prie\u017ei\u016brai. Lyginant su daugybe raminant\u012f ir atpalaiduojant\u012f poveik\u012f turin\u010di\u0173 aliej\u0173, ramun\u0117li\u0173 aliejus pripa\u017e\u012fstamas vienu i\u0161 veiksmingiausi\u0173. Paisi\u017eymi ypatingai veiksmingomis antiseptin\u0117mis, raminan\u010diomis, bei mink\u0161tinan\u010diomis savyb\u0117mis, kuri\u0173 d\u0117ka puikiai \u017einomas ir pla\u010diai naudojamas prakti\u0161kai visose nat\u016bralios medicinos srityse.<\/p>\n","protected":false},"featured_media":13554,"comment_status":"open","ping_status":"closed","template":"","meta":[],"product_brand":[],"product_cat":[201],"product_tag":[],"class_list":{"0":"post-11668","1":"product","2":"type-product","3":"status-publish","4":"has-post-thumbnail","6":"product_cat-aroma-oils","8":"first","9":"outofstock","10":"sale","11":"shipping-taxable","12":"purchasable","13":"product-type-variable","14":"has-default-attributes"},"_links":{"self":[{"href":"https:\/\/airshiptrips.com\/lt\/wp-json\/wp\/v2\/product\/11668","targetHints":{"allow":["GET"]}}],"collection":[{"href":"https:\/\/airshiptrips.com\/lt\/wp-json\/wp\/v2\/product"}],"about":[{"href":"https:\/\/airshiptrips.com\/lt\/wp-json\/wp\/v2\/types\/product"}],"replies":[{"embeddable":true,"href":"https:\/\/airshiptrips.com\/lt\/wp-json\/wp\/v2\/comments?post=11668"}],"wp:featuredmedia":[{"embeddable":true,"href":"https:\/\/airshiptrips.com\/lt\/wp-json\/wp\/v2\/media\/13554"}],"wp:attachment":[{"href":"https:\/\/airshiptrips.com\/lt\/wp-json\/wp\/v2\/media?parent=11668"}],"wp:term":[{"taxonomy":"product_brand","embeddable":true,"href":"https:\/\/airshiptrips.com\/lt\/wp-json\/wp\/v2\/product_brand?post=11668"},{"taxonomy":"product_cat","embeddable":true,"href":"https:\/\/airshiptrips.com\/lt\/wp-json\/wp\/v2\/product_cat?post=11668"},{"taxonomy":"product_tag","embeddable":true,"href":"https:\/\/airshiptrips.com\/lt\/wp-json\/wp\/v2\/product_tag?post=11668"}],"curies":[{"name":"wp","href":"https:\/\/api.w.org\/{rel}","templated":true}]}}