{"id":11485,"date":"2025-10-08T12:22:18","date_gmt":"2025-10-08T12:22:18","guid":{"rendered":"https:\/\/megaroboticsacademy.com\/shop\/be-kategorijos\/marjoram-oil\/"},"modified":"2025-11-22T17:21:07","modified_gmt":"2025-11-22T17:21:07","slug":"marjoram-oil","status":"publish","type":"product","link":"https:\/\/airshiptrips.com\/lt\/shop\/essential-oils\/marjoram-oil\/","title":{"rendered":"Mair\u016bno aliejus"},"content":{"rendered":"<h3><strong>Nauda sveikatai<\/strong><\/h3>\n<p>Eterinis mair\u016bno aliejus pasi\u017eymi itin pla\u010diu gydomuoju poveikiu. Jis gerai \u017einomas kaip puikus analgetikas, taip pat turintis prie\u0161u\u017edegimini\u0173, diuretini\u0173, antiseptini\u0173, antivirusini\u0173, ir antibakterini\u0173 savybi\u0173. Rekomenduojamas kaip efektyvi hipotenzin\u0117 priemon\u0117 turinti \u0161veln\u0173 raminam\u0105j\u012f poveik\u012f. Palengvina atsikos\u0117jim\u0105 ir i\u0161lygina kv\u0117pavimo ritm\u0105. Greitai ir ilgam laikui pa\u0161alina galvos skausm\u0105. Gydomosios eterinio mair\u016bno aliejaus savyb\u0117s u\u017etikrina jo efektyvum\u0105 daugelio susirgim\u0173 kompleksiniame gydyme. \u0160is aliejus efektyvus gydant galvos skausm\u0105, sinusit\u0105, per\u0161alimo ligas, bronchit\u0105, astm\u0105, stres\u0105 ir nemig\u0105. Lengvai atpalaiduoja raumen\u0173 ir s\u0105nari\u0173 skausmus, bendr\u0105 k\u016bno nuovarg\u012f.<\/p>\n<h3><strong>Skausm\u0105 mal\u0161inancios savyb\u0117s<\/strong><\/h3>\n<p>Eterinis mair\u016bno aliejus mal\u0161ina skausm\u0105, silpnina u\u017edegiminius procesus, ir ma\u017eina simptomus atsirandan\u010dius d\u0117l per\u0161alimo ir virusini\u0173 lig\u0173 poveikio. Mal\u0161ina raumen\u0173 \u012ftamp\u0105, dant\u0173 skausm\u0105 ir \u0161altkr\u0117t\u012f, nesukeldamas jokio \u017ealingo \u0161alutinio poveikio \u017emogaus organizmui.<\/p>\n<h3><strong>Atpalaiduoja spazmus<\/strong><\/h3>\n<p>Eterinis mair\u016bno aliejus atpalaiduoja vis\u0173 tip\u0173 spazmus. \u00a0\u017denkliai palengvina kv\u0117pavimo sistemos\u00a0 lig\u0173 sukeliamus simptomus; silpnina \u017earnyno ir gal\u016bni\u0173 raumen\u0173 spazmus. Jis greitai ir efektyviai mal\u0161ina galvos skausm\u0105, silpnina migrenos priepuolius, ir padeda ilg\u0105 laik\u0105 i\u0161laikyti pasiekt\u0105 efekt\u0105.<\/p>\n<h3><strong>Infekcijos<\/strong><\/h3>\n<p>Eterinis mair\u016bno aliejus ypa\u010d rekomenduojamas kovoje su virusin\u0117mis ir per\u0161alimo ligomis, taip pat \u0161i\u0173 lig\u0173 komplikacijomis (per\u0161alimas, gripas, virusin\u0117s kv\u0117pavimo tak\u0173 infekcijos, epideminis parotitas-kiaulyt\u0117, tymai ir pan.).<\/p>\n<h3><strong>Kv\u0117pavimo sistema<\/strong><\/h3>\n<p>Eterinis mair\u016bno aliejus pripa\u017eintas itin efektyvia priemone kosulio gydymui. Naudojamas kv\u0117pavimo takuose ir rykl\u0117je susikaupusi\u0173 gleivi\u0173 \u0161alinimui. \u0160is aliejus vis da\u017eniau yra naudojamas kompleksiniame\u00a0 virusini\u0173 infekcij\u0173 ir nosiarykl\u0117s, bei bronch\u0173 ir plau\u010di\u0173 lig\u0173 gydyme. Eterinio mair\u016bno aliejaus panaudojimas \u017eymiai palengvina kv\u0117pavim\u0105. Taip pat efektyviai valo nosies gleives ir apsaugo nuo nauj\u0173 gleivi\u0173 kaupimosi kv\u0117pavimo takuose.<\/p>\n<h3><strong>Sedatyvinis poveikis aromaterapijoje<\/strong><\/h3>\n<p>Eterinis mair\u016bno aliejus pasi\u017eymi ypatingu sedatyviniu (raminan\u010diu) ir atpalaiduojan\u010diu poveikiu, kuris pripa\u017e\u012fstamas kone svarbiausiu veiksniu aromaterapijoje. Pa\u0161alina nerimo jausm\u0105, ma\u017eina stres\u0105 centrin\u0117je nerv\u0173 sistemoje ir visame k\u016bne. Suteikia pilnatv\u0117s jausm\u0105, mal\u0161ina pyk\u010dio ar li\u016bdesio priepuolius. Naudojamas tiek \u0161altoms, tiek ir kar\u0161toms inhaliacijoms; juo tepama nosies ertm\u0117; naudojamas saunoje, vonioje, pirtyje, ir kvap\u0173 lempose (aromalempose).<\/p>\n<h3><strong>Problemati\u0161kai odai<\/strong><\/h3>\n<p>I\u0161ori\u0161kai naudojamas karp\u0173 ir nuospaud\u0173 \u0161alinimui. Tepama tiesiogiai ant karpos i\u0161augos ar pa\u017eeistos odos, nelie\u010diant odos aplink.<\/p>\n<h3><strong>Kontraindikacijos<\/strong><\/h3>\n<p>Eterinio mair\u016bno aliejaus naudojimas\u00a0 nerekomenduojamas n\u0117\u0161tumo metu<\/p>\n","protected":false},"excerpt":{"rendered":"<p><b>Gamintojas:<\/b>\u00a0Nefertiti nat\u016bral\u016bs aliejai ir vaista\u017eol\u0117s<br \/>\n<b>Pristatymo kaina:<\/b>\u00a0apskai\u010diuojama atsiskaitant u\u017e pirkinius<br \/>\n<b>Kilm\u0117s \u0161alis:<\/b>\u00a0Kipras ir Pietin\u0117 Turkija<br \/>\n<b>Botaninis pavadinimas:<\/b>\u00a0Kvapusis mair\u016bnas (lot. Origanum majorana).<br \/>\n<b>\u0160eima:<\/b>\u00a0Notreliniai<br \/>\n<b>INCI:<\/b>\u00a0Origanum majorana Leaf Oil<br \/>\n<b>Kiti pavadinimai:<\/b>\u00a0majorane, laim\u0117s simbolis, laukinis mair\u016bnas, pranc\u016bzi\u0161kasis mair\u016bnas, \u0645\u0631\u062f\u0642\u0648\u0634\u00a0<b>Naudojamos dalys:<\/b>\u00a0ant\u017eemin\u0117 augalo dalis<br \/>\n<b>I\u0161gavimo metodas:<\/b>\u00a0garin\u0117 distiliacija<br \/>\n<b>Kvapas:<\/b>\u00a0salsvas pu\u0161ies su citrusin\u0117mis-vaisin\u0117mis natomis<br \/>\n<b>Spalva:<\/b>\u00a0Nuo gelsvos iki tamsiai geltonos<br \/>\n<b>Fizin\u0117 b\u016bkl\u0117:<\/b>\u00a0skystis<br \/>\n<b>Nat\u016bralus:<\/b>\u00a0Taip<br \/>\n<b>Grynumas:<\/b>\u00a0100%<br \/>\n<b>ISO sertifikatas:<\/b>\u00a0sertifikuota<\/p>\n","protected":false},"featured_media":12637,"comment_status":"open","ping_status":"closed","template":"","meta":[],"product_brand":[],"product_cat":[189],"product_tag":[],"class_list":{"0":"post-11485","1":"product","2":"type-product","3":"status-publish","4":"has-post-thumbnail","6":"product_cat-essential-oils","8":"first","9":"instock","10":"sale","11":"shipping-taxable","12":"purchasable","13":"product-type-variable","14":"has-default-attributes"},"_links":{"self":[{"href":"https:\/\/airshiptrips.com\/lt\/wp-json\/wp\/v2\/product\/11485","targetHints":{"allow":["GET"]}}],"collection":[{"href":"https:\/\/airshiptrips.com\/lt\/wp-json\/wp\/v2\/product"}],"about":[{"href":"https:\/\/airshiptrips.com\/lt\/wp-json\/wp\/v2\/types\/product"}],"replies":[{"embeddable":true,"href":"https:\/\/airshiptrips.com\/lt\/wp-json\/wp\/v2\/comments?post=11485"}],"wp:featuredmedia":[{"embeddable":true,"href":"https:\/\/airshiptrips.com\/lt\/wp-json\/wp\/v2\/media\/12637"}],"wp:attachment":[{"href":"https:\/\/airshiptrips.com\/lt\/wp-json\/wp\/v2\/media?parent=11485"}],"wp:term":[{"taxonomy":"product_brand","embeddable":true,"href":"https:\/\/airshiptrips.com\/lt\/wp-json\/wp\/v2\/product_brand?post=11485"},{"taxonomy":"product_cat","embeddable":true,"href":"https:\/\/airshiptrips.com\/lt\/wp-json\/wp\/v2\/product_cat?post=11485"},{"taxonomy":"product_tag","embeddable":true,"href":"https:\/\/airshiptrips.com\/lt\/wp-json\/wp\/v2\/product_tag?post=11485"}],"curies":[{"name":"wp","href":"https:\/\/api.w.org\/{rel}","templated":true}]}}