{"id":11464,"date":"2025-10-08T12:22:17","date_gmt":"2025-10-08T12:22:17","guid":{"rendered":"https:\/\/megaroboticsacademy.com\/shop\/be-kategorijos\/wheat-germ-oil\/"},"modified":"2025-11-22T17:09:58","modified_gmt":"2025-11-22T17:09:58","slug":"wheat-germ-oil","status":"publish","type":"product","link":"https:\/\/airshiptrips.com\/lt\/shop\/natural-oils\/wheat-germ-oil\/","title":{"rendered":"Kvie\u010di\u0173 gemal\u0173 aliejus"},"content":{"rendered":"<p><strong>Chemin\u0117 sud\u0117tis<\/strong><\/p>\n<p>Kvie\u010di\u0173 gemal\u0173 aliejus pasi\u017eymi gan tir\u0161ta strukt\u016brine sud\u0117timi ir i\u0161siskiria sitpriu aromatu ir ry\u0161kia spalva. \u0160io aliejaus sud\u0117tyje daugyb\u0117 nauding\u0173 riebi\u0173j\u0173 r\u016bg\u0161\u010di\u0173, vitamino E, Beta-karotino, lecitino, B grup\u0117s vitaminai, vitaminas A, folin\u0117 r\u016bg\u0161tis, baltymai, mikrolementai (cinkas, gele\u017eis, kalis, siera, fosforas).<\/p>\n<h3><strong>Nauda odos sveikatai<\/strong><\/h3>\n<p>Labiausiai kvie\u010di\u0173 gemal\u0173 aliejus rekomenduojamas rimt\u0173 odos lig\u0173, toki\u0173 kaip egzema ir psoriaz\u0117 gydymui ir reguliariai naudojant turi ilgalaik\u012f teigiam\u0105 poveik\u012f j\u0173 simptomams \u0161alinti. Taip pat \u0161is aliejus puikiai gydo odos nudegimus ir nedideles odos opas. I\u0161oriniam naudojimui kvie\u010di\u0173 gemal\u0173 aliej\u0173 reikt\u0173 pavadinti tinkamiausiu sausos ir brand\u017eios odos prie\u017ei\u016brai. Kvie\u010di\u0173 gemal\u0173 aliejaus naudojimas stimuliuoja kraujo cirkuliacij\u0105 odos audiniuose ir skatina l\u0105steli\u0173 regeneracij\u0105 ir kolageno sintez\u0119. Efektyviai naikina \u017ealingo aplinkos ir UV spinduli\u0173 poveikio sukeltus odos pa\u017eeidimus, stabdo odos sen\u0117jim\u0105. Kompresai arba kauk\u0117s paruo\u0161ti kvie\u010di\u0173 gemal\u0173 aliejaus pagrindu gydo dermatit\u0105, lygina odos rauk\u0161les ir naikina negilius randus. Reguliarus kvie\u010di\u0173 gemal\u0173 aliejaus naudojimas atitolina odos sen\u0117jim\u0105, reguliuoja odos pigmentacijos proces\u0105 ir saugo od\u0105 nuo rauk\u0161li\u0173 formavimosi.<\/p>\n<p><strong>Medicininis panaudojimas<\/strong><\/p>\n<p>Vidinis kvie\u010di\u0173 gemal\u0173 aliejaus vartojimas pagerina \u0161irdies kraujagysli\u0173 sistemos funkcin\u0119 veikl\u0105. Po daugyb\u0117s atlikt\u0173 tyrim\u0173 buvo \u012frodytas \u0161iame aliejuje gausiai randamo oktakosanolio (ma\u017eina ma\u017eo tankio ir didina didelio tankio cholesterolio kiek\u012f) teigiamas poveikis \u0161irdies ir kraujagysli\u0173 sistemos funkcijai gerinti. Oktakosanolis u\u017etikrina cholesterolio balans\u0105 ir apsaugo \u017emogaus organizm\u0105 nuo ateroskleroz\u0117s atsiradimo. Kvie\u010di\u0173 gemal\u0173 aliejus taip pat labai gerai \u017einomas kaip efektyvus antioksidantas ir vartojamas organizmo apsaugai nuo \u017ealingo aplinkos poveikio u\u017etikrinti.<\/p>\n<h3><strong>Kasdienin\u0117 odos prie\u017ei\u016bra<\/strong><\/h3>\n<p>Prabangi sausos ir jautrios odos prie\u017ei\u016bra u\u017etikrinama i\u0161skirtinai reguliariai naudojant kvie\u010di\u0173 gemal\u0173 aliej\u0173. Jis naudojamas neskiestas ir tepamas tiesiogiai ant problemati\u0161kos odos ar tiesiog veido ir kaklo odos sri\u010di\u0173. Kvie\u010di\u0173 gemal\u0173 aliejumi galima praturtinti visas odos prie\u017ei\u016brai skirtas priemones. Puikiai atstato pa\u017eeistos odos strukt\u016br\u0105, suteikia odai elastingumo, lygina rauk\u0161les, jaunina ir dr\u0117kina od\u0105. Kvie\u010di\u0173 gemal\u0173 aliejuje esantis did\u017eiulis vitamino E kiekis patvirtina jo antioksidacines ir apsaugines savybes, atitolinan\u010dias ir sul\u0117tinan\u010dias odos sen\u0117jimo proces\u0105, bei stabdan\u010dias u\u017edegiminius procesus. Puikiai tinka rank\u0173 odos prie\u017ei\u016brai<\/p>\n","protected":false},"excerpt":{"rendered":"<h2>Kvie\u010di\u0173 gemal\u0173 aliejus<\/h2>\n<p><b>Gamintojas:<\/b>\u00a0Nefertiti nat\u016bral\u016bs aliejai ir vaista\u017eol\u0117s<br \/>\n<b>Pristatymo kaina:<\/b>\u00a0apskai\u010diuojama atsiskaitant u\u017e pirkinius<br \/>\n<b>Kilm\u0117s \u0161alis:<\/b>\u00a0Pietvakari\u0173 Azija<br \/>\n<b>Botaninis pavadinimas:<\/b>\u00a0Kvietys (lot. Triticum).<br \/>\n<b>\u0160eima:<\/b>\u00a0Migliniai<br \/>\n<b>INCI:<\/b>\u00a0Triticum vulgare (Wheat) Germ Oil)<br \/>\n<b>Kiti pavadinimai:<\/b>\u00a0Triticum aestivum, wheat oil, Triticum durum, Triticum aestivum Linn, \u062c\u0631\u062b\u0648\u0645\u0629 \u0627\u0644\u0642\u0645\u062d<br \/>\n<b>Naudojamos dalys:<\/b>\u00a0daiginti gr\u016bdai<br \/>\n<b>I\u0161gavimo metodas:<\/b>\u00a0ma\u017eos temperat\u016bros ekstrahavimas<br \/>\n<b>Kvapas:<\/b>\u00a0\u0161velnus \u017eemi\u0161kas<br \/>\n<b>Spalva:<\/b>\u00a0gintarin\u0117 link rudos<br \/>\n<b>Fizin\u0117 b\u016bkl\u0117:<\/b>\u00a0skystis<br \/>\n<b>Nat\u016bralus:<\/b>\u00a0Taip<br \/>\n<b>Grynumas:<\/b>\u00a0100%<br \/>\n<b>ISO sertifikatas:<\/b>\u00a0sertifikuota<\/p>\n","protected":false},"featured_media":12644,"comment_status":"open","ping_status":"closed","template":"","meta":[],"product_brand":[],"product_cat":[141],"product_tag":[],"class_list":{"0":"post-11464","1":"product","2":"type-product","3":"status-publish","4":"has-post-thumbnail","6":"product_cat-natural-oils","8":"first","9":"instock","10":"sale","11":"shipping-taxable","12":"purchasable","13":"product-type-variable","14":"has-default-attributes"},"_links":{"self":[{"href":"https:\/\/airshiptrips.com\/lt\/wp-json\/wp\/v2\/product\/11464","targetHints":{"allow":["GET"]}}],"collection":[{"href":"https:\/\/airshiptrips.com\/lt\/wp-json\/wp\/v2\/product"}],"about":[{"href":"https:\/\/airshiptrips.com\/lt\/wp-json\/wp\/v2\/types\/product"}],"replies":[{"embeddable":true,"href":"https:\/\/airshiptrips.com\/lt\/wp-json\/wp\/v2\/comments?post=11464"}],"wp:featuredmedia":[{"embeddable":true,"href":"https:\/\/airshiptrips.com\/lt\/wp-json\/wp\/v2\/media\/12644"}],"wp:attachment":[{"href":"https:\/\/airshiptrips.com\/lt\/wp-json\/wp\/v2\/media?parent=11464"}],"wp:term":[{"taxonomy":"product_brand","embeddable":true,"href":"https:\/\/airshiptrips.com\/lt\/wp-json\/wp\/v2\/product_brand?post=11464"},{"taxonomy":"product_cat","embeddable":true,"href":"https:\/\/airshiptrips.com\/lt\/wp-json\/wp\/v2\/product_cat?post=11464"},{"taxonomy":"product_tag","embeddable":true,"href":"https:\/\/airshiptrips.com\/lt\/wp-json\/wp\/v2\/product_tag?post=11464"}],"curies":[{"name":"wp","href":"https:\/\/api.w.org\/{rel}","templated":true}]}}