{"id":11398,"date":"2025-10-08T12:22:16","date_gmt":"2025-10-08T12:22:16","guid":{"rendered":"https:\/\/megaroboticsacademy.com\/shop\/be-kategorijos\/hazelnut-oil\/"},"modified":"2025-11-22T16:11:05","modified_gmt":"2025-11-22T16:11:05","slug":"hazelnut-oil","status":"publish","type":"product","link":"https:\/\/airshiptrips.com\/lt\/shop\/essential-oils\/hazelnut-oil\/","title":{"rendered":"Lazdyno rie\u0161ut\u0173 aliejus"},"content":{"rendered":"<h3><strong>Onkologini\u0173 lig\u0173 profilaktika ir gydymas<\/strong><\/h3>\n<p>Naujausi tyrimai \u012frod\u0117, kad lazdyno rie\u0161ut\u0173 aliejaus vartojimas padeda suma\u017einti v\u0117\u017eini\u0173 l\u0105steli\u0173 proliferacij\u0105 (l\u0105steli\u0173 populiacijos augimas dalijimosi b\u016bdu). Ilgalaikis reguliarus lazdyno rie\u0161ut\u0173 aliejaus vartojimas \u017eenkliai suma\u017eina prie\u0161v\u0117\u017eini\u0173 ir v\u0117\u017eini\u0173 l\u0105steli\u0173 dauginim\u0105si. \u0160is aliejus s\u0117kmingai naudojamas kompleksiniame onkologini\u0173 lig\u0173 gydyme.<\/p>\n<h3><\/h3>\n<h3><strong>Sveikatos prie\u017ei\u016bra<\/strong><\/h3>\n<p>Reguliarus vidinis lazdyno rie\u0161ut\u0173 aliejaus vartojimas gerina savijaut\u0105 ir vis\u0173 \u017emogaus organ\u0173 b\u016bkl\u0119. Lazdyno rie\u0161ut\u0173 aliejaus sud\u0117tyje yra subalansuotas baltym\u0173, kurie katalizuoja biochemines reakcijas ir reguliuoja med\u017eiag\u0173 apykaitos proces\u0105, kiekis. Skatindamos\u00a0 strukt\u016brin\u0119 ir mechanin\u0119 l\u0105steli\u0173 funkcij\u0105, \u0161ios sud\u0117tin\u0117s lazdyno rie\u0161ut\u0173 aliejaus dalys skatina nauj\u0173 ir sveik\u0173 l\u0105steli\u0173 susidarym\u0105.<\/p>\n<h3><\/h3>\n<h3><strong>Chemin\u0117 sud\u0117tis ir jos privalumai<\/strong><\/h3>\n<p>Lazdyno rie\u0161ut\u0173 aliejuje randamas didelis kiekis kalio, taip reikalingo vis\u0173 \u017emogaus mink\u0161t\u0173j\u0173 audini\u0173 normaliam funkcionavimui. Lazdyn\u0173 rie\u0161ut\u0173 aliejuje randama ir kalcio, stiprinan\u010dio kaul\u0173 ir dant\u0173 strukt\u016br\u0105, nago plok\u0161tel\u0119 ir kraujagysli\u0173 sieneles. Lazdyno rie\u0161ut\u0173 aliejus naudojamas kompleksiniame ven\u0173 varikoz\u0117s ir kraujagysli\u0173 i\u0161sipl\u0117timo gydyme. \u0160io aliejaus sud\u0117tyje esantis kalcis taip pat palaiko\u00a0 mink\u0161t\u0173j\u0173 audini\u0173 stabilumo funkcij\u0105. Tik dviej\u0173 arbatini\u0173 \u0161auk\u0161teli\u0173 lazdyno rie\u0161ut\u0173 aliejus pakanka kad organizmas gaut\u0173 b\u016btin\u0105 gele\u017eies ir magnio paros norm\u0105, reguliuoja\u010di\u0105 nervini\u0173 impuls\u0173 ir raumen\u0173 susitraukim\u0173 transmisij\u0105. B\u016btina pa\u017eym\u0117ti kad lazdyno rie\u0161ut\u0173 aliejus savo sud\u0117tyje taip turi nema\u017eai vario, fosforo, sieros ir vitamino A, taip pat B grup\u0117s vitamin\u0173. Tai tiesiog nepakei\u010diami ingridientai gydant \u0161irdies-kraujagysli\u0173 ligas, chroni\u0161k\u0105 nuovarg\u012f, hipertonij\u0105, flebit\u0105 ir skydliauk\u0117s hiperplazij\u0105. Lazdyno rie\u0161ut\u0173 aliejus pasi\u017eymi dideliu vitamino E kiekiu.<\/p>\n<h3><\/h3>\n<h3><strong>Antioksidantas<\/strong><\/h3>\n<p>Lazdyno rie\u0161ut\u0173 aliejus pripa\u017eintas puikiu vitamino E \u0161altiniu kas pateisina jo, kaip stipraus antioksidanto poveik\u012f. Reguliarus \u0161io aliejaus vartojimas sul\u0117tina organizmo sen\u0117jimo proces\u0105 ir apsaugo nuo \u017ealingo laisv\u0173j\u0173 radikal\u0173, i\u0161\u0161aukian\u010di\u0173 sveik\u0173j\u0173\u00a0 l\u0105steli\u0173 naikinim\u0105, poveikio. Lazdyno rie\u0161ut\u0173 aliejus l\u0117tina odos l\u0105steli\u0173 sen\u0117jim\u0105.<\/p>\n<h3><\/h3>\n<h3><strong>Problemati\u0161kos odos prie\u017ei\u016bra<\/strong><\/h3>\n<p>Lazdyno rie\u0161ut\u0173 aliejus rekomenduojamas problemati\u0161kos odos prie\u017ei\u016brai, nes jame esan\u010dios riebalin\u0117s r\u016bg\u0161tys (ypa\u010d linolio r\u016bg\u0161tis) pasi\u017eymi od\u0105 mink\u0161tinan\u010diomis ir dr\u0117kinan\u010diomis savyb\u0117mis. Problemati\u0161kos odos prie\u017ei\u016brai \u0161is aliejus naudojamas neskiestas. Riebios odos prie\u017ei\u016brai lazdyno rie\u0161ut\u0173 aliejumi yra praturtinamos kosmetin\u0117s priemon\u0117s. \u0160is aliejus turi savyb\u0119 sutraukti odos poras. Lazdyno rie\u0161ut\u0173 aliejus dar rekomenduojamas ro\u017ein\u0117s gydymui.<\/p>\n","protected":false},"excerpt":{"rendered":"<h2>Lazdyno rie\u0161ut\u0173 aliejus.<\/h2>\n<p><b>Gamintojas:<\/b>\u00a0Nefertiti nat\u016bral\u016bs aliejai ir vaista\u017eol\u0117s<br \/>\n<b>Pristatymo kaina:<\/b>\u00a0apskai\u010diuojama atsiskaitant u\u017e pirkinius<br \/>\n<b>Kilm\u0117s \u0161alis:<\/b>\u00a0Europa ir Vakar\u0173 Azija, nuo Brit\u0173 sal\u0173 \u012f pietus iki Iberijos, Graikijos, Turkijos ir Kipro, \u012f \u0161iaur\u0119 iki centrin\u0117s Skandinavijos, centriniai Uralo kalnai, Kaukazas<br \/>\n<b>Botaninis pavadinimas:<\/b>\u00a0lazdynas (lot. Corylus avellana).<br \/>\n<b>\u0160eima:<\/b>\u00a0Ber\u017einiai<br \/>\n<b>INCI:<\/b>\u00a0Corylus Avellana (Hazel) Seed Oil<br \/>\n<b>Kiti pavadinimai:<\/b>\u00a0Filbert, cobnut, \u041b\u0456\u0449\u0438\u043d\u0430, F\u0131nd\u0131k, Leszczyna, \u0444\u0443\u043d\u0434\u0443\u043a, \u65e5\u672c\u8a9e: \u30cf\u30b7\u30d0\u30df\u5c5e<br \/>\n<b>Naudojamos dalys:<\/b>\u00a0rie\u0161utai<br \/>\n<b>I\u0161gavimo metodas:<\/b>\u00a0garin\u0117 distiliacija<br \/>\n<b>Kvapas:<\/b>\u00a0\u0161velnus rie\u0161ut\u0173<br \/>\n<b>Spalva:<\/b>\u00a0\u0161viesi geltona<br \/>\n<b>Fizin\u0117 b\u016bkl\u0117:<\/b>\u00a0skystis<br \/>\n<b>Nat\u016bralus:<\/b>\u00a0Taip<br \/>\n<b>Grynumas:<\/b>\u00a0100%<br \/>\n<b>ISO sertifikatas:<\/b>\u00a0sertifikuota<\/p>\n","protected":false},"featured_media":13589,"comment_status":"open","ping_status":"closed","template":"","meta":[],"product_brand":[],"product_cat":[189],"product_tag":[],"class_list":{"0":"post-11398","1":"product","2":"type-product","3":"status-publish","4":"has-post-thumbnail","6":"product_cat-essential-oils","8":"first","9":"outofstock","10":"shipping-taxable","11":"purchasable","12":"product-type-variable","13":"has-default-attributes"},"_links":{"self":[{"href":"https:\/\/airshiptrips.com\/lt\/wp-json\/wp\/v2\/product\/11398","targetHints":{"allow":["GET"]}}],"collection":[{"href":"https:\/\/airshiptrips.com\/lt\/wp-json\/wp\/v2\/product"}],"about":[{"href":"https:\/\/airshiptrips.com\/lt\/wp-json\/wp\/v2\/types\/product"}],"replies":[{"embeddable":true,"href":"https:\/\/airshiptrips.com\/lt\/wp-json\/wp\/v2\/comments?post=11398"}],"wp:featuredmedia":[{"embeddable":true,"href":"https:\/\/airshiptrips.com\/lt\/wp-json\/wp\/v2\/media\/13589"}],"wp:attachment":[{"href":"https:\/\/airshiptrips.com\/lt\/wp-json\/wp\/v2\/media?parent=11398"}],"wp:term":[{"taxonomy":"product_brand","embeddable":true,"href":"https:\/\/airshiptrips.com\/lt\/wp-json\/wp\/v2\/product_brand?post=11398"},{"taxonomy":"product_cat","embeddable":true,"href":"https:\/\/airshiptrips.com\/lt\/wp-json\/wp\/v2\/product_cat?post=11398"},{"taxonomy":"product_tag","embeddable":true,"href":"https:\/\/airshiptrips.com\/lt\/wp-json\/wp\/v2\/product_tag?post=11398"}],"curies":[{"name":"wp","href":"https:\/\/api.w.org\/{rel}","templated":true}]}}