{"id":11378,"date":"2025-10-08T12:22:15","date_gmt":"2025-10-08T12:22:15","guid":{"rendered":"https:\/\/megaroboticsacademy.com\/shop\/be-kategorijos\/olive-oil\/"},"modified":"2025-11-22T15:54:42","modified_gmt":"2025-11-22T15:54:42","slug":"olive-oil","status":"publish","type":"product","link":"https:\/\/airshiptrips.com\/lt\/shop\/natural-oils\/olive-oil\/","title":{"rendered":"Alyvuogi\u0173 aliejus"},"content":{"rendered":"","protected":false},"excerpt":{"rendered":"<h3>Alyvuogi\u0173 aliejus<\/h3>\n<p><b>Gamintojas:<\/b>\u00a0Nefertiti nat\u016bral\u016bs aliejai ir vaista\u017eol\u0117s<br \/>\n<b>Pristatymo kaina:<\/b>\u00a0apskai\u010diuojama atsiskaitant u\u017e pirkinius<br \/>\n<b>Kilm\u0117s \u0161alis:<\/b>\u00a0Vidur\u017eemio j\u016bros regionas, Azija ir Afrika<br \/>\n<b>Botaninis pavadinimas:<\/b>\u00a0Europinis alyvmedis (lot. Olea europa)<br \/>\n<b>\u0160eima:<\/b>\u00a0Alyvmediniai<br \/>\n<b>INCI:<\/b>\u00a0Olea Europaea (Olive) Extra virgin Olive Oil<br \/>\n<b>Kiti pavadinimai:<\/b>\u00a0Zeytun \u0632\u064a\u062a\u0648\u0646 , maslina, oastre, \u6728\u7280\u6984, Olijf, \u00d6lbaum Olivenbaum, \u30aa\u30ea\u30fc\u30d6.<br \/>\n<b>Naudojamos dalys:<\/b>\u00a0vaisiai<br \/>\n<b>I\u0161gavimo metodas:<\/b>\u00a0\u0161altas spaudimas<br \/>\n<b>Kvapas:<\/b>\u00a0\u0161velnus kartokas skonis<br \/>\n<b>Spalva:<\/b>\u00a0\u017eemi\u0161kai geltona<br \/>\n<b>Fizin\u0117 b\u016bkl\u0117:<\/b>\u00a0skystis<br \/>\n<b>Nat\u016bralus:<\/b>\u00a0Taip<br \/>\n<b>Grynumas:<\/b>\u00a0100%<br \/>\n<b>ISO sertifikatas:<\/b>\u00a0sertifikuota<\/p>\n<p><span style=\"font-size: 12pt;\">\u00a0<\/span><\/p>\n","protected":false},"featured_media":13683,"comment_status":"open","ping_status":"closed","template":"","meta":[],"product_brand":[],"product_cat":[141],"product_tag":[],"class_list":{"0":"post-11378","1":"product","2":"type-product","3":"status-publish","4":"has-post-thumbnail","6":"product_cat-natural-oils","8":"first","9":"outofstock","10":"shipping-taxable","11":"purchasable","12":"product-type-variable","13":"has-default-attributes"},"_links":{"self":[{"href":"https:\/\/airshiptrips.com\/lt\/wp-json\/wp\/v2\/product\/11378","targetHints":{"allow":["GET"]}}],"collection":[{"href":"https:\/\/airshiptrips.com\/lt\/wp-json\/wp\/v2\/product"}],"about":[{"href":"https:\/\/airshiptrips.com\/lt\/wp-json\/wp\/v2\/types\/product"}],"replies":[{"embeddable":true,"href":"https:\/\/airshiptrips.com\/lt\/wp-json\/wp\/v2\/comments?post=11378"}],"wp:featuredmedia":[{"embeddable":true,"href":"https:\/\/airshiptrips.com\/lt\/wp-json\/wp\/v2\/media\/13683"}],"wp:attachment":[{"href":"https:\/\/airshiptrips.com\/lt\/wp-json\/wp\/v2\/media?parent=11378"}],"wp:term":[{"taxonomy":"product_brand","embeddable":true,"href":"https:\/\/airshiptrips.com\/lt\/wp-json\/wp\/v2\/product_brand?post=11378"},{"taxonomy":"product_cat","embeddable":true,"href":"https:\/\/airshiptrips.com\/lt\/wp-json\/wp\/v2\/product_cat?post=11378"},{"taxonomy":"product_tag","embeddable":true,"href":"https:\/\/airshiptrips.com\/lt\/wp-json\/wp\/v2\/product_tag?post=11378"}],"curies":[{"name":"wp","href":"https:\/\/api.w.org\/{rel}","templated":true}]}}