{"id":11355,"date":"2025-10-08T12:22:17","date_gmt":"2025-10-08T12:22:17","guid":{"rendered":"https:\/\/megaroboticsacademy.com\/shop\/be-kategorijos\/flax-seed-oil\/"},"modified":"2025-11-22T15:44:40","modified_gmt":"2025-11-22T15:44:40","slug":"flax-seed-oil","status":"publish","type":"product","link":"https:\/\/airshiptrips.com\/lt\/shop\/natural-oils\/flax-seed-oil\/","title":{"rendered":"Lin\u0173 s\u0117men\u0173 aliejus"},"content":{"rendered":"","protected":false},"excerpt":{"rendered":"<h2>Lin\u0173 s\u0117men\u0173 aliejus<\/h2>\n<p><b>Gamintojas:<\/b>\u00a0Nefertiti nat\u016bral\u016bs aliejai ir vaista\u017eol\u0117s<br \/>\n<b>Pristatymo kaina:<\/b>\u00a0apskai\u010diuojama atsiskaitant u\u017e pirkinius<br \/>\n<b>Kilm\u0117s \u0161alis:<\/b>\u00a0Indija<br \/>\n<b>Botaninis pavadinimas:<\/b>\u00a0S\u0117jamasis linas (lot. Linum usitatissimum)<br \/>\n<b>\u0160eima:<\/b>\u00a0Lininiai<br \/>\n<b>INCI:<\/b>\u00a0Linum Usitatissimum Seed Oil<br \/>\n<b>Kiti pavadinimai:<\/b>\u00a0Aceite de Linaza, Acide Alpha-Linol\u00e9nique, Acide Gras Om\u00e9ga 3, Acide Gras N-3, ALA, Aliviraaii, Alpha-Linolenic Acid, Alasi, Brown Flaxseed Oil, Brown-Seeded Flax Oil, Common Flax Oil, Echter Lein, Flachs, Flachssamen, Golden Flax Oil, Graine de Lin, Huile de Lin, Kattan, Keten, Lin, Lin Commun, Lin Ol\u00e9agineux, Linho, Lino, Lino Comune, Lino Mazzese, Lino Usuale, Linseed Flax Oil, Linseed Oil, Linum crepitans, Linum humile, Linum usitatissimum, Malsag, Saatlein, Ta Ma, Tisii.<br \/>\n<b>Naudojamos dalys:<\/b>\u00a0s\u0117klos<br \/>\n<b>I\u0161gavimo metodas:<\/b>\u00a0\u0161altas spaudimas<br \/>\n<b>Kvapas:<\/b>\u00a0\u0161velnus rie\u0161utinis \u017eem\u0117s aromatas su \u017euv\u0173 tauk\u0173 natomis<br \/>\n<b>Spalva:<\/b>\u00a0nuo \u0161viesiai gelsvos iki gintarin\u0117s<br \/>\n<b>Fizin\u0117 b\u016bkl\u0117:<\/b>\u00a0skystis<br \/>\n<b>Nat\u016bralus:<\/b>\u00a0Taip<br \/>\n<b>Grynumas:<\/b>\u00a0100%<br \/>\n<b>ISO sertifikatas:<\/b>\u00a0sertifikuota<\/p>\n","protected":false},"featured_media":13665,"comment_status":"open","ping_status":"closed","template":"","meta":[],"product_brand":[],"product_cat":[141],"product_tag":[],"class_list":{"0":"post-11355","1":"product","2":"type-product","3":"status-publish","4":"has-post-thumbnail","6":"product_cat-natural-oils","8":"first","9":"outofstock","10":"shipping-taxable","11":"purchasable","12":"product-type-variable","13":"has-default-attributes"},"_links":{"self":[{"href":"https:\/\/airshiptrips.com\/lt\/wp-json\/wp\/v2\/product\/11355","targetHints":{"allow":["GET"]}}],"collection":[{"href":"https:\/\/airshiptrips.com\/lt\/wp-json\/wp\/v2\/product"}],"about":[{"href":"https:\/\/airshiptrips.com\/lt\/wp-json\/wp\/v2\/types\/product"}],"replies":[{"embeddable":true,"href":"https:\/\/airshiptrips.com\/lt\/wp-json\/wp\/v2\/comments?post=11355"}],"wp:featuredmedia":[{"embeddable":true,"href":"https:\/\/airshiptrips.com\/lt\/wp-json\/wp\/v2\/media\/13665"}],"wp:attachment":[{"href":"https:\/\/airshiptrips.com\/lt\/wp-json\/wp\/v2\/media?parent=11355"}],"wp:term":[{"taxonomy":"product_brand","embeddable":true,"href":"https:\/\/airshiptrips.com\/lt\/wp-json\/wp\/v2\/product_brand?post=11355"},{"taxonomy":"product_cat","embeddable":true,"href":"https:\/\/airshiptrips.com\/lt\/wp-json\/wp\/v2\/product_cat?post=11355"},{"taxonomy":"product_tag","embeddable":true,"href":"https:\/\/airshiptrips.com\/lt\/wp-json\/wp\/v2\/product_tag?post=11355"}],"curies":[{"name":"wp","href":"https:\/\/api.w.org\/{rel}","templated":true}]}}