{"id":11343,"date":"2025-10-08T12:22:28","date_gmt":"2025-10-08T12:22:28","guid":{"rendered":"https:\/\/megaroboticsacademy.com\/shop\/be-kategorijos\/pomegranate-honey\/"},"modified":"2025-11-21T16:02:14","modified_gmt":"2025-11-21T16:02:14","slug":"pomegranate-honey","status":"publish","type":"product","link":"https:\/\/airshiptrips.com\/lt\/shop\/honey\/pomegranate-honey\/","title":{"rendered":"Granat\u0173 medus"},"content":{"rendered":"<div class=\"woocommerce-tabs wc-tabs-wrapper\">\n<div id=\"tab-description\" class=\"woocommerce-Tabs-panel woocommerce-Tabs-panel--description panel entry-content wc-tab\" role=\"tabpanel\" aria-labelledby=\"tab-title-description\">\n<h3><strong>Produkto apra\u0161ymas<\/strong><\/h3>\n<p>Nauda sveikatai<\/p>\n<p>Granat\u0173 medus pla\u010diai naudojamas anemijos prevencijai ir kompleksiniam gydymui. Rekomenduojamas vaikams ir paaugliams intensyvaus organizmo augimo laikotarpiu; moterims n\u0117\u0161tumo metu; kr\u016btimi maitinan\u010dioms moterims. Padeda nuo pasikartojan\u010di\u0173 kraujavim\u0173 ken\u010diantiems ir ypa\u010d turintiems gele\u017eies deficit\u0105 (suma\u017e\u0117jus\u012f eritrocit\u0173 kiek\u012f kraujyje) \u017emon\u0117ms. Suma\u017e\u0117jus hemoglobino kiekiui organizme krenta deguonies lygis ir \u017emogus pradeda jausti deguonies bad\u0105. Granat\u0173 medus skatina raudon\u0173j\u0173 kraujo k\u016bneli\u0173 formavim\u0105si ir \u0161ie apr\u016bpina \u017emogaus organizmo l\u0105steles deguonimi.<\/p>\n<h3><\/h3>\n<h3>Nat\u016bralus energetikas<\/h3>\n<p>Granat\u0173 medus pripa\u017eintas nat\u016braliu energijos \u0161altiniu tod\u0117l jis labai da\u017enai naudojamas daugelyje dietini\u0173 program\u0173 kaip nekenksmingas cukraus pakaitalas. Kai kurie tyrimai parod\u0117 kad granat\u0173 medus gali tur\u0117ti \u012ftakos sportiniams rezultatams.<\/p>\n<h3><\/h3>\n<h3>Sud\u0117tis<\/h3>\n<p>Granat\u0173 med\u0173 bit\u0117s surenka granatmed\u017ei\u0173 plantacijose \u0161i\u0173 med\u017ei\u0173 \u017eyd\u0117jimo laikotarpiu. \u0160is medus ypa\u010d turtingas sveikatai ypa\u010d svarbiais mikroelementais: vitaminais C ir E, B grup\u0117s vitaminais, kalciu, manganu, variu, ir daugybe antioksidant\u0173. Puikus efektas pasiekiamas naudojant granat\u0173 med\u0173 daugelio infekcini\u0173 lig\u0173 gydyme. Palngvina simptomus gydant ateroskleroz\u0119, spindulin\u0119 lig\u0105, infekcin\u012f hepatit\u0105, taip pat kai kuriuos gerybinius auglius.<\/p>\n<h3><\/h3>\n<h3>Rekomenduojama<\/h3>\n<p>Susirgim\u0173 profilaktikai vartoti po 1-2 arbatinius \u0161auk\u0161telius granat\u0173 medaus per dien\u0105. Lig\u0173 gydymui nuo 3 arbatini\u0173 \u0161auk\u0161teli\u0173 paros laikotarpyje.<\/p>\n<\/div>\n<\/div>\n","protected":false},"excerpt":{"rendered":"<p>Energijos \u0161altinis. Pasi\u017eymi stipriomis antibakterin\u0117mis ir prie\u0161grybelin\u0117mis savyb\u0117mis ir palaiko glikogen\u0173 balans\u0105. Padeda \u017emogaus organizmui apsisaugoti nuo \u017ealingo laisv\u0173j\u0173 radikal\u0173 poveikio ir \u0161alina toksinus. Aktyvina raudon\u0173j\u0173 kraujo k\u016bneli\u0173 proliferacij\u0105 ir rekomenduojamas kompleksianiame anemijos gydyme.<\/p>\n","protected":false},"featured_media":13562,"comment_status":"closed","ping_status":"closed","template":"","meta":[],"product_brand":[],"product_cat":[183],"product_tag":[],"class_list":{"0":"post-11343","1":"product","2":"type-product","3":"status-publish","4":"has-post-thumbnail","6":"product_cat-honey","8":"first","9":"instock","10":"shipping-taxable","11":"purchasable","12":"product-type-simple"},"_links":{"self":[{"href":"https:\/\/airshiptrips.com\/lt\/wp-json\/wp\/v2\/product\/11343","targetHints":{"allow":["GET"]}}],"collection":[{"href":"https:\/\/airshiptrips.com\/lt\/wp-json\/wp\/v2\/product"}],"about":[{"href":"https:\/\/airshiptrips.com\/lt\/wp-json\/wp\/v2\/types\/product"}],"replies":[{"embeddable":true,"href":"https:\/\/airshiptrips.com\/lt\/wp-json\/wp\/v2\/comments?post=11343"}],"wp:featuredmedia":[{"embeddable":true,"href":"https:\/\/airshiptrips.com\/lt\/wp-json\/wp\/v2\/media\/13562"}],"wp:attachment":[{"href":"https:\/\/airshiptrips.com\/lt\/wp-json\/wp\/v2\/media?parent=11343"}],"wp:term":[{"taxonomy":"product_brand","embeddable":true,"href":"https:\/\/airshiptrips.com\/lt\/wp-json\/wp\/v2\/product_brand?post=11343"},{"taxonomy":"product_cat","embeddable":true,"href":"https:\/\/airshiptrips.com\/lt\/wp-json\/wp\/v2\/product_cat?post=11343"},{"taxonomy":"product_tag","embeddable":true,"href":"https:\/\/airshiptrips.com\/lt\/wp-json\/wp\/v2\/product_tag?post=11343"}],"curies":[{"name":"wp","href":"https:\/\/api.w.org\/{rel}","templated":true}]}}