{"id":11339,"date":"2025-10-08T12:22:19","date_gmt":"2025-10-08T12:22:19","guid":{"rendered":"https:\/\/megaroboticsacademy.com\/shop\/be-kategorijos\/marjoram-honey\/"},"modified":"2025-11-21T15:57:34","modified_gmt":"2025-11-21T15:57:34","slug":"marjoram-honey","status":"publish","type":"product","link":"https:\/\/airshiptrips.com\/lt\/shop\/honey\/marjoram-honey\/","title":{"rendered":"Mair\u016bno medus"},"content":{"rendered":"<div class=\"woocommerce-tabs wc-tabs-wrapper\">\n<div id=\"tab-description\" class=\"woocommerce-Tabs-panel woocommerce-Tabs-panel--description panel entry-content wc-tab\" role=\"tabpanel\" aria-labelledby=\"tab-title-description\">\n<h3>Naudingosios savyb\u0117s<\/h3>\n<p>Pasi\u017eymi unikaliu ir itin \u0161velniu skoniu ir aromatu ir veikia atpalaiduojan\u010diai. Mair\u016bno medus s\u0117kmingai naudojamas nervin\u0117s \u012ftampos suma\u017einimui, pasi\u017eymi puikiu raminan\u010diu poveikiu, mal\u0161ina galvos skausm\u0105, \u0161alina galvos svaigim\u0105. Padeda gydyti skrand\u017eio ir \u017earnyno opas. Mair\u016bno medus stimuliuoja vir\u0161kinimo proces\u0105 ir valo \u017emogaus organizm\u0105 nuo \u0161lak\u0173.<\/p>\n<h3><\/h3>\n<h3>Virusin\u0117s infekcijos<\/h3>\n<p>Mair\u016bno medus puikiausiai tinka virusini\u0173 ir per\u0161alimo lig\u0173 gydymui. Mal\u0161ina kosul\u012f, gydo slog\u0105, o taip pat padeda astmos priepuoli\u0173 metu. Pasi\u017eymi antiseptin\u0117mis savyb\u0117mis, tod\u0117l rekomenduojamas kompleksiniame infekcini\u0173 burnos ertm\u0117s lig\u0173 gydyme. Puikus rezultatas pasiekiamas naudojant mair\u016bno med\u0173 sinusito gydymui.<\/p>\n<h3><\/h3>\n<h3>Antioksidantas<\/h3>\n<p>Daugyb\u0117s maisting\u0173j\u0173 ir nauding\u0173j\u0173 med\u017eiag\u0173, esan\u010di\u0173 mair\u016bno medaus sud\u0117tyje d\u0117ka, ger\u0117ja sveikata ir organizmo geb\u0117jimas apsisaugoti nuo \u017ealingo aplinkos poveikio \u017emogaus organizmui.<\/p>\n<h3><\/h3>\n<h3>Alergija<\/h3>\n<p>Mair\u016bno medus rekomenduojamas sezonini\u0173 alergij\u0173 laikotarpiu.<\/p>\n<p>&nbsp;<\/p>\n<h3>Miego ritmo sutrikimai<\/h3>\n<p>Nemigos gydymui: rekomenduojama 20 minu\u010di\u0173 prie\u0161 mieg\u0105 i\u0161gert\u012f puodel\u012f \u0161iltos vaista\u017eoli\u0173 arbatos, pagardintos dviem arbatiniais \u0161auk\u0161teliais mair\u016bno medaus. Tokia miela proced\u016bra u\u017etikrins sveik\u0105 ir gil\u0173 mieg\u0105.<\/p>\n<\/div>\n<\/div>\n","protected":false},"excerpt":{"rendered":"<p>Mair\u016bno medus pasi\u017eymi itin efektyviu poveikiu depresijos ir neurastenijos gydyme. Rekomenduojamas nemigos ir psichologinio pob\u016bd\u017eio nervin\u0117s sistemos sutrikim\u0173 gydymui. Pasi\u017eymi puikiomis prie\u0161grybelin\u0117mis ir antibakterin\u0117mis savyb\u0117mis. Rekomenduojamas virusini\u0173 ir per\u0161alimo lig\u0173 prevencijai ir gydymui.<\/p>\n","protected":false},"featured_media":13565,"comment_status":"closed","ping_status":"closed","template":"","meta":[],"product_brand":[],"product_cat":[183],"product_tag":[],"class_list":{"0":"post-11339","1":"product","2":"type-product","3":"status-publish","4":"has-post-thumbnail","6":"product_cat-honey","8":"first","9":"outofstock","10":"shipping-taxable","11":"purchasable","12":"product-type-simple"},"_links":{"self":[{"href":"https:\/\/airshiptrips.com\/lt\/wp-json\/wp\/v2\/product\/11339","targetHints":{"allow":["GET"]}}],"collection":[{"href":"https:\/\/airshiptrips.com\/lt\/wp-json\/wp\/v2\/product"}],"about":[{"href":"https:\/\/airshiptrips.com\/lt\/wp-json\/wp\/v2\/types\/product"}],"replies":[{"embeddable":true,"href":"https:\/\/airshiptrips.com\/lt\/wp-json\/wp\/v2\/comments?post=11339"}],"wp:featuredmedia":[{"embeddable":true,"href":"https:\/\/airshiptrips.com\/lt\/wp-json\/wp\/v2\/media\/13565"}],"wp:attachment":[{"href":"https:\/\/airshiptrips.com\/lt\/wp-json\/wp\/v2\/media?parent=11339"}],"wp:term":[{"taxonomy":"product_brand","embeddable":true,"href":"https:\/\/airshiptrips.com\/lt\/wp-json\/wp\/v2\/product_brand?post=11339"},{"taxonomy":"product_cat","embeddable":true,"href":"https:\/\/airshiptrips.com\/lt\/wp-json\/wp\/v2\/product_cat?post=11339"},{"taxonomy":"product_tag","embeddable":true,"href":"https:\/\/airshiptrips.com\/lt\/wp-json\/wp\/v2\/product_tag?post=11339"}],"curies":[{"name":"wp","href":"https:\/\/api.w.org\/{rel}","templated":true}]}}