{"id":11336,"date":"2025-10-08T12:22:19","date_gmt":"2025-10-08T12:22:19","guid":{"rendered":"https:\/\/megaroboticsacademy.com\/shop\/be-kategorijos\/black-seed-honey\/"},"modified":"2025-11-21T15:51:18","modified_gmt":"2025-11-21T15:51:18","slug":"black-seed-honey","status":"publish","type":"product","link":"https:\/\/airshiptrips.com\/lt\/shop\/honey\/black-seed-honey\/","title":{"rendered":"Juod\u0173j\u0173 s\u0117kl\u0173 medus"},"content":{"rendered":"<div class=\"woocommerce-tabs wc-tabs-wrapper\">\n<div id=\"tab-description\" class=\"woocommerce-Tabs-panel woocommerce-Tabs-panel--description panel entry-content wc-tab\" role=\"tabpanel\" aria-labelledby=\"tab-title-description\">\n<h3>Virusin\u0117s infekcijos<\/h3>\n<p>Juod\u0173j\u0173 s\u0117kl\u0173 medus efektyvus daugelio lig\u0173 kompleksiniame gydyme ir turi ypatingai stipr\u0173 efekt\u0105 \u0161i\u0173 lig\u0173 prevencijai: vir\u0161utini\u0173 kv\u0117pavimo tak\u0173 infekcijos, rinitas, sinusitas, sausas kosulys, astma, bronchitas. \u0160alina \u0161i\u0173 lig\u0173 simptomus, skatina prakaito i\u0161siskyrim\u0105 ir pagreitina gijimo proces\u0105.<\/p>\n<h3><\/h3>\n<h3>Antioksidantas<\/h3>\n<p>Veikia kaip \u0161velnus antioksidantas, valo organizm\u0105 (kraujotakos sistem\u0105, kepenis, inkstus, tul\u017eies p\u016bsl\u0119), skatina toksin\u0173 pasi\u0161alinim\u0105 i\u0161 organizmo. Juod\u0173j\u0173 s\u0117kl\u0173 medus turi \u012ftakos v\u0117\u017eini\u0173 l\u0105steli\u0173 prolifercijos sul\u0117tinimui ir ma\u017eina onkologini\u0173 lig\u0173 atsiradimo rizik\u0105. Rekomenduojamas kaip geriausias cukraus pakaitalas.<\/p>\n<h3><\/h3>\n<h3>Naudingosios savyb\u0117s<\/h3>\n<p>Juod\u0173j\u0173 s\u0117kl\u0173 medus padeda skrand\u017eio ir \u017earnyno infekcij\u0173 gydymui. Palengvina diar\u0117jos simptomus, mal\u0161ina kosul\u012f, ma\u017eina gele\u017eies stygi\u0173 kraujyje. \u0160io medaus sud\u0117tyje daugyb\u0117 vitamin\u0173, mineral\u0173, baltym\u0173, organini\u0173 komponent\u0173 ir amino r\u016bg\u0161\u010di\u0173. Skatina laktacij\u0105. Juod\u0173j\u0173 s\u0117kl\u0173 medus ypa\u010d efektyvus kaip stipri antimikrobin\u0117 priemon\u0117. Turi \u012ftakos kraujo spaudimui.<\/p>\n<h3><\/h3>\n<h3>Imunitetas<\/h3>\n<p>B\u016btina pa\u017eym\u0117ti, kad juod\u0173j\u0173 s\u0117kl\u0173 medus skatina visapusi\u0161k\u0105 organizmo i\u0161sivalym\u0105 nuo susikaupusi\u0173 kenksming\u0173 med\u017eiag\u0173 ir maksimaliai sustiprina imunin\u0119 sistem\u0105. Juod\u0173j\u0173 s\u0117kl\u0173 medus padeda i\u0161laikyti juod\u0173j\u0173 s\u0117kl\u0173 aliejaus poveik\u012f maksimaliam organizmo sustiprinimui ir padeda ilgesn\u012f laikotarp\u012f i\u0161saugoti pasiekt\u0105 lymen\u012f.<\/p>\n<h3><\/h3>\n<h3>Odos prie\u017ei\u016bra<\/h3>\n<p>Juod\u0173j\u0173 s\u0117kl\u0173 medus naudojamas kosmetini\u0173 \u012fvyniojim\u0173 terapijoje taip pat medaus-druskos \u0161veitikli\u0173 gamyboje. Ypatingai efektyvus kauki\u0173, skirtose problemin\u0117s odos prie\u017ei\u016brai, sud\u0117tyje. Tokios kauk\u0117s ypa\u010d efektyviai lygina od\u0105, mink\u0161tina j\u0105 ir padeda gydyti odos infekcijas.<\/p>\n<h3><\/h3>\n<h3>Rekomenduojama<\/h3>\n<p>Vaikams nuo 1-6 met\u0173 po pus\u0119 arbatinio \u0161auk\u0161telio per dien\u0105. Suaugusiems po 1-2 arbatinius \u0161auk\u0161telius tris kartus per dien\u0105. Atsargiai naudoti n\u0117\u0161tumo metu.<\/p>\n<\/div>\n<\/div>\n","protected":false},"excerpt":{"rendered":"<p>Stirpina ir palaiko \u017emogaus imunin\u0119 sistem\u0105, stiprina \u017emogaus organizm\u0105. Saugo nuo lig\u0173 ir efektyviai naudojamas kompleksiniame daugelio lig\u0173 gydyme, o taip taip pat ivairiausi\u0173 lig\u0173 profilaktikai.<\/p>\n","protected":false},"featured_media":13559,"comment_status":"open","ping_status":"closed","template":"","meta":[],"product_brand":[],"product_cat":[183],"product_tag":[],"class_list":{"0":"post-11336","1":"product","2":"type-product","3":"status-publish","4":"has-post-thumbnail","6":"product_cat-honey","8":"first","9":"instock","10":"shipping-taxable","11":"purchasable","12":"product-type-simple"},"_links":{"self":[{"href":"https:\/\/airshiptrips.com\/lt\/wp-json\/wp\/v2\/product\/11336","targetHints":{"allow":["GET"]}}],"collection":[{"href":"https:\/\/airshiptrips.com\/lt\/wp-json\/wp\/v2\/product"}],"about":[{"href":"https:\/\/airshiptrips.com\/lt\/wp-json\/wp\/v2\/types\/product"}],"replies":[{"embeddable":true,"href":"https:\/\/airshiptrips.com\/lt\/wp-json\/wp\/v2\/comments?post=11336"}],"wp:featuredmedia":[{"embeddable":true,"href":"https:\/\/airshiptrips.com\/lt\/wp-json\/wp\/v2\/media\/13559"}],"wp:attachment":[{"href":"https:\/\/airshiptrips.com\/lt\/wp-json\/wp\/v2\/media?parent=11336"}],"wp:term":[{"taxonomy":"product_brand","embeddable":true,"href":"https:\/\/airshiptrips.com\/lt\/wp-json\/wp\/v2\/product_brand?post=11336"},{"taxonomy":"product_cat","embeddable":true,"href":"https:\/\/airshiptrips.com\/lt\/wp-json\/wp\/v2\/product_cat?post=11336"},{"taxonomy":"product_tag","embeddable":true,"href":"https:\/\/airshiptrips.com\/lt\/wp-json\/wp\/v2\/product_tag?post=11336"}],"curies":[{"name":"wp","href":"https:\/\/api.w.org\/{rel}","templated":true}]}}