{"id":11320,"date":"2025-10-08T12:22:26","date_gmt":"2025-10-08T12:22:26","guid":{"rendered":"https:\/\/megaroboticsacademy.com\/shop\/be-kategorijos\/castor-seed-oil\/"},"modified":"2025-11-21T15:43:31","modified_gmt":"2025-11-21T15:43:31","slug":"castor-seeds-oil","status":"publish","type":"product","link":"https:\/\/airshiptrips.com\/lt\/shop\/natural-oils\/castor-seeds-oil\/","title":{"rendered":"Ricinos aliejus"},"content":{"rendered":"<h3><strong>\u017darnyno valymas<\/strong><\/h3>\n<p>Ricinos aliejus yra naudojamas kaip laisvinamoji priemon\u0117 \u017earnyno valymui. Gan da\u017enai \u0161is aliejus yra naudojamas medicinoje kaip nat\u016bralus preparatas prie\u0161 operaciniam \u017earnyno valymui, kai cheminiai preparatai \u0161iai proced\u016brai atlikti yra nerekomenduojami.\u00a0 Padeda esant viduri\u0173 u\u017ekiet\u0117jimui, ta\u010diau nerekomenduojama vartoti esant l\u0117tiniam viduri\u0173 u\u017ekiet\u0117jimui (obstipacija), enterokolitui, ar storosios \u017earnos u\u017edegimui. I\u0161ori\u0161kai ricinos aliejus retais atvejais naudojamas gimdos kaklelio erozijos, hemorojaus, analin\u0117s angos \u012ftr\u016bkim\u0173 gydymui.<\/p>\n<h3><\/h3>\n<h3><strong>I\u0161orinis naudojimas<\/strong><\/h3>\n<p>Vis da\u017eniau ricinos aliejus naudojamas manualin\u0117j\u0117 terapijoje, nes pasi\u017eymi puikiomis u\u017edegim\u0173 mal\u0161inimo savyb\u0117mis. Gali suma\u017einti sanari\u0173 tinim\u0105 ir kraujagysli\u0173 i\u0161sipl\u0117tim\u0105. \u0160velniais sukamaisiais judesiais lengvai \u012fmasa\u017euotas \u012f od\u0105 ricinos aliejus mal\u0161ina sanari\u0173 skausm\u0105 ir pagerina lankstum\u0105. Kompresai ir aplikacijos su ricinos aliejumi taip pat naudojami esant \u0161iems simptomams: m\u0117\u0161lungis, nugaros traumos, sanari\u0173 ligos. Ricinos aliejus yra puikiausia priemon\u0117 surag\u0117jusios, dehidratacijos pa\u017eeistos odos gydymui ir yra naudojamas koj\u0173, keli\u0173, alk\u016bni\u0173 odai, taip pat odai pa\u017eeistai psoriazes. Ricinos aliejus atstato pa\u017eeist\u0173 plauk\u0173 strukt\u016br\u0105, stimuliuoja plauk\u0173 augim\u0105 ir saugo plaukus nuo prie\u0161laikinio \u017eilimo. Ricinos aliejus puikiausiai maitina blakstienas, antakius ir skatina j\u0173 augim\u0105.<\/p>\n<h3><\/h3>\n<h3><strong>Atsargumo priemon\u0117s<\/strong><\/h3>\n<p>Ricinos aliejus yra veiksmingas kaip vidurius laisvinanti priemon\u0117, kurios pagrindin\u0117 veiksm\u0173 kryptis koncentruota plonosiose \u017earnose stimuliuojant lubrikacin\u012f \u017earnyno i\u0161valym\u0105. Ta\u010diau tai n\u0117ra visais atvejais tinkamiausias gydymas, nes jis gali sukelti skausmingus spazmus, i\u0161mat\u0173 nelaikym\u0105 ir viduriavim\u0105.<\/p>\n<p>&nbsp;<\/p>\n<h3><strong>Sveika oda<\/strong><\/h3>\n<p>I\u0161ori\u0161kai naudojamas ricinos aliejus gali b\u016bti naudingas kompleksiniame \u0161i\u0173 lig\u0173 gydyme kaip: keratoz\u0117, kontaktinis dermatitas, gil\u016bs odos \u012ftr\u016bkimai, taip pat grybelini\u0173 ir virusini\u0173 (papiloma) odos lig\u0173 simptom\u0173 ma\u017einimui. Ricinos aliejuje esanti ricinoleino r\u016bg\u0161tis paspartina kit\u0173 komponent\u0173 \u012fsisavinim\u0105 per od\u0105. Ricinos aliejus naikina akn\u0119, ma\u017eina odos infekcijas ir l\u0117tina rand\u0173 formavim\u0105si.<\/p>\n<h3><\/h3>\n<h3><strong>Plauk\u0173 prie\u017ei\u016bra<\/strong><\/h3>\n<p>Ricinos aliejus pasi\u017eymi daugeliu puosel\u0117jan\u010di\u0173 ir gydan\u010di\u0173 savybi\u0173 tod\u0117l yra da\u017enai naudojamas plauk\u0173, blakstien\u0173 ir antaki\u0173 prie\u017ei\u016brai. Plauk\u0173 kauk\u0117s praturtintos ricinos aliejumi sugr\u0105\u017eins plaukams prarast\u0105 mink\u0161tum\u0105 ir \u017evilges\u012f. Ricinos aliejaus terapija stabdo plauk\u0173 slinkim\u0105 ir yra puiki priemon\u0117 pa\u017eeistos plauk\u0173 strukt\u016bros atstatymui.<\/p>\n<p>Rekomenduojama plauk\u0173 kauk\u0119 panaudoti\u00a0 20 minu\u010di\u0173 prie\u0161 galvos plovim\u0105.<\/p>\n<p><strong>Nerekomenduojama vidiniam naudojimui n<\/strong><strong>\u0117\u0161tumo ir \u017eindymo metu.<\/strong><\/p>\n","protected":false},"excerpt":{"rendered":"<p style=\"font-weight: initial; font-size: 20px;\"><b>Gamintojas:<\/b>\u00a0Nefertiti nat\u016bral\u016bs aliejai ir vaista\u017eol\u0117s<br \/>\n<b>Pristatymo kaina:<\/b>\u00a0apskai\u010diuojama atsiskaitant u\u017e pirkinius<br \/>\n<b>Kilm\u0117s \u0161alis:<\/b>\u00a0Vidur\u017eemio j\u016bros regionas, Ryt\u0173 Afrika ir Indija<br \/>\n<b>Botaninis pavadinimas:<\/b>\u00a0Paprastasis ricinmedis (lot. Ricinus communis)<br \/>\n<b>\u0160eima:<\/b>\u00a0Karpa\u017eoliniai<br \/>\n<b>INCI:<\/b>\u00a0Ricinus Communis (Castor) Seed Oil<br \/>\n<b>Kiti pavadinimai:<\/b>\u00a0Carrapateiro, Krapata, lama palagi, Ricin, Wonderboom, Risiini, L\u00e4usebaum, Oudla, aceite de higuereta, kastorka.<br \/>\n<b>Naudojamos dalys:<\/b>\u00a0Pupos<br \/>\n<b>I\u0161gavimo metodas:<\/b>\u00a0\u0161altas spaudimas<br \/>\n<b>Kvapas:<\/b>\u00a0specifinis skonis ir kvapas<br \/>\n<b>Spalva:<\/b>\u00a0\u0161viesi geltona<br \/>\n<b>Fizin\u0117 b\u016bkl\u0117:<\/b>\u00a0skystis<br \/>\n<b>Nat\u016bralus:<\/b>\u00a0Taip<br \/>\n<b>Grynumas:<\/b>\u00a0100%<br \/>\n<b>ISO sertifikatas:<\/b>\u00a0sertifikuota<\/p>\n","protected":false},"featured_media":13638,"comment_status":"open","ping_status":"closed","template":"","meta":[],"product_brand":[],"product_cat":[141],"product_tag":[],"class_list":{"0":"post-11320","1":"product","2":"type-product","3":"status-publish","4":"has-post-thumbnail","6":"product_cat-natural-oils","8":"first","9":"outofstock","10":"shipping-taxable","11":"purchasable","12":"product-type-variable","13":"has-default-attributes"},"_links":{"self":[{"href":"https:\/\/airshiptrips.com\/lt\/wp-json\/wp\/v2\/product\/11320","targetHints":{"allow":["GET"]}}],"collection":[{"href":"https:\/\/airshiptrips.com\/lt\/wp-json\/wp\/v2\/product"}],"about":[{"href":"https:\/\/airshiptrips.com\/lt\/wp-json\/wp\/v2\/types\/product"}],"replies":[{"embeddable":true,"href":"https:\/\/airshiptrips.com\/lt\/wp-json\/wp\/v2\/comments?post=11320"}],"wp:featuredmedia":[{"embeddable":true,"href":"https:\/\/airshiptrips.com\/lt\/wp-json\/wp\/v2\/media\/13638"}],"wp:attachment":[{"href":"https:\/\/airshiptrips.com\/lt\/wp-json\/wp\/v2\/media?parent=11320"}],"wp:term":[{"taxonomy":"product_brand","embeddable":true,"href":"https:\/\/airshiptrips.com\/lt\/wp-json\/wp\/v2\/product_brand?post=11320"},{"taxonomy":"product_cat","embeddable":true,"href":"https:\/\/airshiptrips.com\/lt\/wp-json\/wp\/v2\/product_cat?post=11320"},{"taxonomy":"product_tag","embeddable":true,"href":"https:\/\/airshiptrips.com\/lt\/wp-json\/wp\/v2\/product_tag?post=11320"}],"curies":[{"name":"wp","href":"https:\/\/api.w.org\/{rel}","templated":true}]}}