{"id":11250,"date":"2025-10-08T12:22:18","date_gmt":"2025-10-08T12:22:18","guid":{"rendered":"https:\/\/megaroboticsacademy.com\/shop\/be-kategorijos\/bronzing-oil\/"},"modified":"2025-11-21T14:08:35","modified_gmt":"2025-11-21T14:08:35","slug":"bronzing-oil-for-face-and-body","status":"publish","type":"product","link":"https:\/\/airshiptrips.com\/lt\/shop\/cosmetics\/bronzing-oil-for-face-and-body\/","title":{"rendered":"Aliejus intensyviam \u012fdegiui"},"content":{"rendered":"<h3>Sud\u0117tis ir privalumai<\/h3>\n<p>Unikali greito \u012fdegio aliejaus mi\u0161inio formul\u0117 ne tik suteiks jums tobulai gra\u017e\u0173 ideg\u012f, bet ir u\u017etikrins maksimali\u0105 apsaug\u0105 j\u016bs\u0173 odai ir i\u0161saugos odos sveikat\u0105. \u0160io aliej\u0173 mi\u0161inio sud\u0117tyje esantis muskusas suteikia odai nuostab\u0173 bronzin\u012f atspalv\u012f, vitaminas E l\u0117tina odos sen\u0117jimo proces\u0105, o jojoba aliejus r\u016bpinasi odos sveikata ir elastingumu. Norint i\u0161gauti sodresn\u012f atspalv\u012f reikia \u0161iuo mi\u0161iniu i\u0161tepti visa k\u016bn\u0105, taip pat veido, kaklo ir dekolte od\u0105 ir po maudymosi proced\u016br\u0105 pakartoti. Norint suteikti odai lengv\u0105 bronzin\u012f atspalv\u012f, sumai\u0161yti \u012fdegio aliej\u0173 mi\u0161in\u012f su dr\u0117kinan\u010diu ar apsauginiu kremu.<\/p>\n<h3>Odos prie\u017ei\u016bra<\/h3>\n<p>\u0160is aliej\u0173 mi\u0161inys saugo j\u016bs\u0173 od\u0105 nuo \u017ealing\u0173 saul\u0117s spinduli\u0173 poveikio ir suteikia odai sveik\u0105 tamsiai bronzin\u012f atspalv\u012f. Unikalios \u0161io aliejaus mi\u0161inio sud\u0117ties d\u0117ka j\u016bs\u0173 oda gaus papildom\u0105 gili\u0173j\u0173 odos sluoksni\u0173 maitinim\u0105 ir dr\u0117kinim\u0105.<\/p>\n<h3>Rekomenduojama<\/h3>\n<p>Itin jautri\u0105 ir bly\u0161ki\u0105 od\u0105 turintiems \u017emon\u0117ms rekomenduojama sutepti veido ir k\u016bno od\u0105 \u012fdegio aliejaus mi\u0161iniu ir po 10 minu\u010di\u0173 padengti plonu apsauginio kremo sluoksniu.<\/p>\n","protected":false},"excerpt":{"rendered":"<p><b>Gamintojas:<\/b>\u00a0Nefertiti nat\u016bral\u016bs aliejai ir vaista\u017eol\u0117s<br \/>\n<b>Pristatymo kaina:<\/b>\u00a0apskai\u010diuojama atsiskaitant u\u017e pirkinius<br \/>\n<b>Kilm\u0117s \u0161alis:<\/b>\u00a0Egiptas<br \/>\n<b>Botanin\u0117 sud\u0117tis:<\/b>\u00a0Jojobos aliejus, mork\u0173 s\u0117kl\u0173 aliejus, sanda\u013cmed\u017eio aliejus, eteriniai aliejai.<br \/>\n<b>Naudojimas:<\/b>\u00a0kosmetika; SPF 12<br \/>\n<b>INCI:<\/b>\u00a0nat\u016bralaus \u012fdegio katalizatorius su lengva apsauga nuo \u017ealingo saul\u0117s poveikio<br \/>\n<b>Spalva:<\/b>\u00a0tamsi gintarin\u0117<br \/>\n<b>Kvapas:<\/b>\u00a0Rie\u0161utinis aromatas su ry\u0161kiomis \u017eoleli\u0173 natomis<br \/>\n<b>Fizin\u0117 b\u016bkl\u0117:<\/b>\u00a0skystis<br \/>\n<b>Nat\u016bralus:<\/b>\u00a0Taip<br \/>\n<b>Grynumas:<\/b>\u00a0100%<br \/>\n<b>ISO sertifikatas:<\/b>\u00a0sertifikuota<\/p>\n","protected":false},"featured_media":12571,"comment_status":"open","ping_status":"closed","template":"","meta":[],"product_brand":[],"product_cat":[180],"product_tag":[],"class_list":{"0":"post-11250","1":"product","2":"type-product","3":"status-publish","4":"has-post-thumbnail","6":"product_cat-cosmetics","8":"first","9":"instock","10":"sale","11":"purchasable","12":"product-type-variable","13":"has-default-attributes"},"_links":{"self":[{"href":"https:\/\/airshiptrips.com\/lt\/wp-json\/wp\/v2\/product\/11250","targetHints":{"allow":["GET"]}}],"collection":[{"href":"https:\/\/airshiptrips.com\/lt\/wp-json\/wp\/v2\/product"}],"about":[{"href":"https:\/\/airshiptrips.com\/lt\/wp-json\/wp\/v2\/types\/product"}],"replies":[{"embeddable":true,"href":"https:\/\/airshiptrips.com\/lt\/wp-json\/wp\/v2\/comments?post=11250"}],"wp:featuredmedia":[{"embeddable":true,"href":"https:\/\/airshiptrips.com\/lt\/wp-json\/wp\/v2\/media\/12571"}],"wp:attachment":[{"href":"https:\/\/airshiptrips.com\/lt\/wp-json\/wp\/v2\/media?parent=11250"}],"wp:term":[{"taxonomy":"product_brand","embeddable":true,"href":"https:\/\/airshiptrips.com\/lt\/wp-json\/wp\/v2\/product_brand?post=11250"},{"taxonomy":"product_cat","embeddable":true,"href":"https:\/\/airshiptrips.com\/lt\/wp-json\/wp\/v2\/product_cat?post=11250"},{"taxonomy":"product_tag","embeddable":true,"href":"https:\/\/airshiptrips.com\/lt\/wp-json\/wp\/v2\/product_tag?post=11250"}],"curies":[{"name":"wp","href":"https:\/\/api.w.org\/{rel}","templated":true}]}}