{"id":11213,"date":"2025-10-08T12:22:18","date_gmt":"2025-10-08T12:22:18","guid":{"rendered":"https:\/\/megaroboticsacademy.com\/shop\/be-kategorijos\/grape-seed-oil\/"},"modified":"2025-11-21T13:49:43","modified_gmt":"2025-11-21T13:49:43","slug":"grape-seed-oil","status":"publish","type":"product","link":"https:\/\/airshiptrips.com\/lt\/shop\/essential-oils\/grape-seed-oil\/","title":{"rendered":"Vynuogi\u0173 kauliuk\u0173 aliejus"},"content":{"rendered":"<h3><span style=\"font-size: 16px;\">Vynuogi\u0173 kauliuk\u0173 aliejus vadinamas vienu is svarbiausi\u0173 kosmetini\u0173 priemoni\u0173 ingridient\u0173, padedan\u010di\u0173 palaikyti dr\u0117gm\u0117s balans\u0105 odoje. \u0160io aliejaus sud\u0117tyje linolio r\u016bg\u0161ties randama daugiau nei kituose nat\u016braliuose augaliniuose aliejuose. Vynuogi\u0173 kauliuk\u0173 aliejus taip pat rekomenduojamas naudoti kaip nat\u016brali skutimosi priemon\u0117.<\/span><\/h3>\n<div class=\"woocommerce-tabs wc-tabs-wrapper\">\n<div id=\"tab-description\" class=\"woocommerce-Tabs-panel woocommerce-Tabs-panel--description panel entry-content wc-tab\" role=\"tabpanel\" aria-labelledby=\"tab-title-description\">\n<h3><strong>Odos prie\u017ei\u016bra<\/strong><\/h3>\n<p>Vynuogi\u0173 kauliuk\u0173 aliejus turi nat\u016brali\u0173 sutraukian\u010di\u0173j\u0173 savybi\u0173, kas padeda palaikyti odos stangrum\u0105 ir tonus\u0105. Vynuogi\u0173 kauliuk\u0173 aliejaus sud\u0117tyje esanti linolio r\u016bg\u0161tis padeda kovoti su tokiomis odos ligomis kaip: akn\u0117 (spuogai), dermatitas, ir egzema. Vynuogi\u0173 kauliuk\u0173 aliejus ramina sudirgusi\u0105 od\u0105 ir j\u0105 maitina. Turi puiki\u0105 savyb\u0119\u00a0 lengvai susigerti. Da\u017enai naudojamas kompleksin\u0117je pigmentini\u0173 d\u0117mi\u0173, mimikos rauk\u0161li\u0173 ir strij\u0173 naikinimo terapijoje. Daugelis \u017emoni\u0173 naudoja vynuogi\u0173 s\u0117kl\u0173 aliej\u0173 viso k\u016bno odos prie\u017ei\u016brai b\u016btent d\u0117l \u0161io aliejaus mink\u0161tinan\u010di\u0173 savybi\u0173. Vynuogi\u0173 s\u0117kl\u0173 aliejus \u012feina \u012f\u00a0 daugelio kosmetikos produkt\u0173 sud\u0117t\u012f, toki\u0173 kaip: \u00a0balzamai, kremai veido odos prie\u017ei\u016brai, dr\u0117kinantys kremai riebiai odai, losjonai, ir aliej\u0173 mi\u0161iniai sveikam \u012fdegiui. \u0160is aliejus\u00a0 taip pat populiarus ir preparatuose, skirtuose plauk\u0173 prie\u017ei\u016brai. Vynuogi\u0173 s\u0117kl\u0173 aliejus efektyviai\u00a0 lygina veido mimikos ir am\u017eiaus rauk\u0161les, tuo tarpu maitindamas ir dr\u0117kinandamas veido ir kaklo od\u0105. \u0160is aliejus skatina odos elastingum\u0105, kas padeda sul\u0117tinti odos sen\u0117jimo proces\u0105 ir \u017eenkliai suma\u017einti am\u017eiaus rauk\u0161li\u0173 ant veido, kaklo ir dekolte.<\/p>\n<h3><strong>Antioksidantas<\/strong><\/h3>\n<p>Vynuogi\u0173 kauliuk\u0173 sud\u0117tyje esantys flavonoidai \u2013 oligomerik procyanidin yra pripa\u017einti ne\u012ftik\u0117tinai stipriu antioksidantu. Manoma kad \u0161io antioksidanto poveikis stipresnis nei vitamin\u0173 C ir E poveikis \u017emogaus organizmui. \u0160is unikalus junginys gali apsaugoti nuo l\u0105steli\u0173 ir audini\u0173 pa\u017eeidimo, kur\u012f paprastai sukelia laisvieji radikalai. Savo antioksidacini\u0173 savybi\u0173 d\u0117ka vynuogi\u0173 s\u0117kl\u0173 aliejus paj\u0117gus sul\u0117tinti odos sen\u0117jimo proces\u0105 ir suma\u017einti laisv\u0173j\u0173 radikal\u0173 poveik\u012f organizmui.<\/p>\n<h3><strong>Gydomosios vynuogi\u0173 kauliuk\u0173 aliejaus savyb\u0117s<\/strong><\/h3>\n<p>Vynuogi\u0173 kauliuk\u0173 aliejus naudojamas pa\u017eeist\u0173 kraujo kapiliar\u0173 ir kraujagysli\u0173 kompleksiniame gydyme. Turi \u012ftakos geresnei kraujo cirkuliacijai u\u017etikrinti ir naudojamas ven\u0173 varikoz\u0117s ir hemorojaus gydymui palengvinti.<\/p>\n<\/div>\n<\/div>\n<section class=\"related-wrapper\"><\/section>\n","protected":false},"excerpt":{"rendered":"<div class=\"woocommerce-product-details__short-description\">\n<h3>Vynuogi\u0173 kauliuk\u0173 aliejus.<\/h3>\n<p><b>Gamintojas:<\/b>\u00a0Nefertiti nat\u016bral\u016bs aliejai ir vaista\u017eol\u0117s<br \/>\n<b>Pristatymo kaina:<\/b>\u00a0apskai\u010diuojama atsiskaitant u\u017e pirkinius<br \/>\n<b>Kilm\u0117s \u0161alis:<\/b>\u00a0Italija, Pranc\u016bzija, Ispanija, Rusija<br \/>\n<b>Botaninis pavadinimas:<\/b>\u00a0vynuog\u0117 Vitis vinifera L.<br \/>\n<b>\u0160eima:<\/b>\u00a0vynmedini\u0173<br \/>\n<b>INCI:<\/b>\u00a0Vitis Vinifera (Grape seed) oil<br \/>\n<b>Kiti pavadinimai:<\/b>\u00a0Muscat, Vitis vinifera ,Vitis Vinefera (Grape) Seed Extract,Asma, Auzum, Domestic Grape, European Grape, Grape, Grape Vine, I\u2019Nab, P\u2019U T\u2019Ao, P\u2019U T\u2019Ao Chiu, Raisin, Roseinekaerne, Tray, Vid, Vigne, Vine, Vite.<br \/>\n<b>Naudojamos dalys:<\/b>\u00a0vynuogi\u0173 kauliukai<br \/>\n<b>I\u0161gavimo metodas:<\/b>\u00a0garin\u0117 distiliacija<br \/>\n<b>Kvapas:<\/b>\u00a0Silpnai saldus kvapas<br \/>\n<b>Spalva:<\/b>\u00a0\u0161viesi geltona<br \/>\n<b>Fizin\u0117 b\u016bkl\u0117:<\/b>\u00a0skystis<br \/>\n<b>Nat\u016bralus:<\/b>\u00a0Taip<br \/>\n<b>Grynumas:<\/b>\u00a0100%<br \/>\n<b>ISO sertifikatas:<\/b> sertifikuota<\/p>\n<\/div>\n","protected":false},"featured_media":12553,"comment_status":"open","ping_status":"closed","template":"","meta":[],"product_brand":[],"product_cat":[189],"product_tag":[],"class_list":{"0":"post-11213","1":"product","2":"type-product","3":"status-publish","4":"has-post-thumbnail","6":"product_cat-essential-oils","8":"first","9":"instock","10":"sale","11":"shipping-taxable","12":"purchasable","13":"product-type-variable","14":"has-default-attributes"},"_links":{"self":[{"href":"https:\/\/airshiptrips.com\/lt\/wp-json\/wp\/v2\/product\/11213","targetHints":{"allow":["GET"]}}],"collection":[{"href":"https:\/\/airshiptrips.com\/lt\/wp-json\/wp\/v2\/product"}],"about":[{"href":"https:\/\/airshiptrips.com\/lt\/wp-json\/wp\/v2\/types\/product"}],"replies":[{"embeddable":true,"href":"https:\/\/airshiptrips.com\/lt\/wp-json\/wp\/v2\/comments?post=11213"}],"wp:featuredmedia":[{"embeddable":true,"href":"https:\/\/airshiptrips.com\/lt\/wp-json\/wp\/v2\/media\/12553"}],"wp:attachment":[{"href":"https:\/\/airshiptrips.com\/lt\/wp-json\/wp\/v2\/media?parent=11213"}],"wp:term":[{"taxonomy":"product_brand","embeddable":true,"href":"https:\/\/airshiptrips.com\/lt\/wp-json\/wp\/v2\/product_brand?post=11213"},{"taxonomy":"product_cat","embeddable":true,"href":"https:\/\/airshiptrips.com\/lt\/wp-json\/wp\/v2\/product_cat?post=11213"},{"taxonomy":"product_tag","embeddable":true,"href":"https:\/\/airshiptrips.com\/lt\/wp-json\/wp\/v2\/product_tag?post=11213"}],"curies":[{"name":"wp","href":"https:\/\/api.w.org\/{rel}","templated":true}]}}