{"id":11109,"date":"2025-10-08T12:23:50","date_gmt":"2025-10-08T12:23:50","guid":{"rendered":"https:\/\/megaroboticsacademy.com\/shop\/be-kategorijos\/beach-kit\/"},"modified":"2025-11-20T12:57:27","modified_gmt":"2025-11-20T12:57:27","slug":"beach-kit","status":"publish","type":"product","link":"https:\/\/airshiptrips.com\/lt\/shop\/oil-kits\/beach-kit\/","title":{"rendered":"Papl\u016bdimio rinkinys"},"content":{"rendered":"<p>Aloe Vera losjonas \u2013 200 ml<\/p>\n<p>Saulei atsparus aliejus \u2013 125 ml<\/p>\n<p>Jogurto ir agurk\u0173 kremas \u2013 75 g<\/p>\n","protected":false},"excerpt":{"rendered":"<p>Palaikykite, maitinkite ir saugokite savo od\u0105 su m\u016bs\u0173 vasaros b\u016btiniausi\u0173 papl\u016bdimio rinkiniu.<\/p>\n<p>Aloe Vera losjonas \u2013 200 ml<\/p>\n<p>Saulei atsparus aliejus \u2013 125 ml<\/p>\n<p>Jogurto ir agurk\u0173 kremas \u2013 75 g<\/p>\n","protected":false},"featured_media":13028,"comment_status":"open","ping_status":"closed","template":"","meta":[],"product_brand":[],"product_cat":[177],"product_tag":[],"class_list":{"0":"post-11109","1":"product","2":"type-product","3":"status-publish","4":"has-post-thumbnail","6":"product_cat-oil-kits","8":"first","9":"instock","10":"sale","11":"shipping-taxable","12":"purchasable","13":"product-type-simple"},"_links":{"self":[{"href":"https:\/\/airshiptrips.com\/lt\/wp-json\/wp\/v2\/product\/11109","targetHints":{"allow":["GET"]}}],"collection":[{"href":"https:\/\/airshiptrips.com\/lt\/wp-json\/wp\/v2\/product"}],"about":[{"href":"https:\/\/airshiptrips.com\/lt\/wp-json\/wp\/v2\/types\/product"}],"replies":[{"embeddable":true,"href":"https:\/\/airshiptrips.com\/lt\/wp-json\/wp\/v2\/comments?post=11109"}],"wp:featuredmedia":[{"embeddable":true,"href":"https:\/\/airshiptrips.com\/lt\/wp-json\/wp\/v2\/media\/13028"}],"wp:attachment":[{"href":"https:\/\/airshiptrips.com\/lt\/wp-json\/wp\/v2\/media?parent=11109"}],"wp:term":[{"taxonomy":"product_brand","embeddable":true,"href":"https:\/\/airshiptrips.com\/lt\/wp-json\/wp\/v2\/product_brand?post=11109"},{"taxonomy":"product_cat","embeddable":true,"href":"https:\/\/airshiptrips.com\/lt\/wp-json\/wp\/v2\/product_cat?post=11109"},{"taxonomy":"product_tag","embeddable":true,"href":"https:\/\/airshiptrips.com\/lt\/wp-json\/wp\/v2\/product_tag?post=11109"}],"curies":[{"name":"wp","href":"https:\/\/api.w.org\/{rel}","templated":true}]}}