{"id":11091,"date":"2025-10-08T12:22:19","date_gmt":"2025-10-08T12:22:19","guid":{"rendered":"https:\/\/megaroboticsacademy.com\/shop\/be-kategorijos\/tamarind-tea\/"},"modified":"2025-11-20T11:59:55","modified_gmt":"2025-11-20T11:59:55","slug":"tamarind","status":"publish","type":"product","link":"https:\/\/airshiptrips.com\/lt\/shop\/herbs\/tamarind\/","title":{"rendered":"Tamarindas"},"content":{"rendered":"<div class=\"woocommerce-tabs wc-tabs-wrapper\">\n<div id=\"tab-description\" class=\"woocommerce-Tabs-panel woocommerce-Tabs-panel--description panel entry-content wc-tab\" role=\"tabpanel\" aria-labelledby=\"tab-title-description\">\n<p><strong>Apra\u0161ymas<\/strong><\/p>\n<p>Sud\u0117tis ir privalumai<\/p>\n<p>Indinis tamarindas arba tiesiog tamarindas (Tamarindus indica L.) \u2013 vienintelis \u0161ios r\u016b\u0161ies pupini\u0173 (Fabaceae) \u0161eimos lapuotis medis. Vaisiuose gausiai sutinkami vitaminai A, C, D ir folin\u0117 r\u016bg\u0161tis. Puikus nauding\u0173 mineral\u0173 ir mikroelement\u0173 \u0161altinis kurio sud\u0117tyje: varis, kalis, kalcis, gele\u017eis, selenas, cinkas, magnis. Stiprina kraujagysli\u0173 sieneles ir gerina \u0161irdies veikl\u0105. Tamarinas efektyviai reguliuoja arterin\u012f kraujo spaudim\u0105. Skatina raudon\u0173j\u0173 kraujo k\u016bneli\u0173 proliferacij\u0105. Puikiausia gydomoji priemon\u0117 intoksikacijos priepuoli\u0173 metu,o taip pat pykinimo simptomams \u0161alinti. Padeda esant \u017earnyno sutrikimams, chroni\u0161kai diar\u0117jai, skydliauk\u0117s veiklos sutrikimams. Lengvina kolik\u0173 simptomatik\u0105.<\/p>\n<p>Antioksidantinis ir prie\u0161virusinis poveikis<\/p>\n<p>Tamarinas padeda reguliuoti cholesterolio kiek\u012f kraujyje ir efektyvus esant med\u017eiag\u0173 apykaitos sutrikimams, bei reguliuoja cukraus kiek\u012f kraujyje. Naudojamas kompleksiniame \u017earnyno lig\u0173 gydyme. Padeda atstatyti nualinto organizmo funkcijas ir apsaugoti organizm\u0105 nuo per\u0161alimo ir virusini\u0173 lig\u0173, nes pasi\u017eymi dideliu vitamino C kiekiu. Kartais naudojamas kompleksiniame astmos gydyme. Vaisi\u0173 sud\u0117tyje esanti vyno r\u016bg\u0161tis u\u017etikrina puikiausias tamarino antioksidantines savybes.<\/p>\n<p>Kaip paruo\u0161ti tamarino g\u0117rim\u0105<\/p>\n<p>Smulkintus tamarino vaisius reikia u\u017epilti iki 60\u02daC laipsni\u0173 atv\u0117sintu virintu vandeniu ir palikti nusistov\u0117ti 3-4 valandas. V\u0117liau perko\u0161ti ir gerti atv\u0117sint\u0105. Esant poreikiui pasaldinti cukrumi arba medumi.<\/p>\n<\/div>\n<\/div>\n<section class=\"related-wrapper\"><\/section>\n","protected":false},"excerpt":{"rendered":"<p>Tamarinas puikiai \u017einomas kaip veiksmingas antioksidantas ir nat\u016brali krauj\u0105 valanti priemon\u0117. Skatina raudon\u0173j\u0173 kraujo k\u016bneli\u0173 proliferacij\u0105 ir apsaugo organizm\u0105 nuo \u017ealingo laisv\u0173j\u0173 radikal\u0173 povekio. Sud\u0117tyje turi gausius l\u0105stelienos kiekius ir naudojamas vir\u0161kinimo sistemos veiklos suaktyvinimui, bei viduri\u0173 u\u017ekiet\u0117jimo profilaktikai.<\/p>\n","protected":false},"featured_media":13632,"comment_status":"closed","ping_status":"closed","template":"","meta":[],"product_brand":[],"product_cat":[186],"product_tag":[],"class_list":{"0":"post-11091","1":"product","2":"type-product","3":"status-publish","4":"has-post-thumbnail","6":"product_cat-herbs","8":"first","9":"outofstock","10":"shipping-taxable","11":"purchasable","12":"product-type-simple"},"_links":{"self":[{"href":"https:\/\/airshiptrips.com\/lt\/wp-json\/wp\/v2\/product\/11091","targetHints":{"allow":["GET"]}}],"collection":[{"href":"https:\/\/airshiptrips.com\/lt\/wp-json\/wp\/v2\/product"}],"about":[{"href":"https:\/\/airshiptrips.com\/lt\/wp-json\/wp\/v2\/types\/product"}],"replies":[{"embeddable":true,"href":"https:\/\/airshiptrips.com\/lt\/wp-json\/wp\/v2\/comments?post=11091"}],"wp:featuredmedia":[{"embeddable":true,"href":"https:\/\/airshiptrips.com\/lt\/wp-json\/wp\/v2\/media\/13632"}],"wp:attachment":[{"href":"https:\/\/airshiptrips.com\/lt\/wp-json\/wp\/v2\/media?parent=11091"}],"wp:term":[{"taxonomy":"product_brand","embeddable":true,"href":"https:\/\/airshiptrips.com\/lt\/wp-json\/wp\/v2\/product_brand?post=11091"},{"taxonomy":"product_cat","embeddable":true,"href":"https:\/\/airshiptrips.com\/lt\/wp-json\/wp\/v2\/product_cat?post=11091"},{"taxonomy":"product_tag","embeddable":true,"href":"https:\/\/airshiptrips.com\/lt\/wp-json\/wp\/v2\/product_tag?post=11091"}],"curies":[{"name":"wp","href":"https:\/\/api.w.org\/{rel}","templated":true}]}}