{"id":11076,"date":"2025-10-08T12:22:22","date_gmt":"2025-10-08T12:22:22","guid":{"rendered":"https:\/\/megaroboticsacademy.com\/shop\/be-kategorijos\/marmaraya-tea-sage\/"},"modified":"2025-11-20T11:36:45","modified_gmt":"2025-11-20T11:36:45","slug":"marmaraya-tea","status":"publish","type":"product","link":"https:\/\/airshiptrips.com\/lt\/shop\/herbs\/marmaraya-tea\/","title":{"rendered":"Marmaria"},"content":{"rendered":"<div class=\"woocommerce-tabs wc-tabs-wrapper\">\n<div id=\"tab-description\" class=\"woocommerce-Tabs-panel woocommerce-Tabs-panel--description panel entry-content wc-tab\" role=\"tabpanel\" aria-labelledby=\"tab-title-description\">\n<p><strong>Apra\u0161ymas<\/strong><\/p>\n<p>Marmaria \u2013\u00a0 kas tai<\/p>\n<p>Sinajaus \u0160alavijas. (Sinai Jerusalem Sage, Phlomis aurea L.). Tai vaistinis augalas, kuris yra da\u017eniausiai sutinkamas Sinajaus dykumoje. Daugiausia \u0161io vertingo augalo surenkama tarp Sinajaus (Moz\u0117s) kalno ir \u0160v. Kotrynos vienuolyno teritorij\u0173. Augimo laikotarpis labai trumpas. Paprastai aktyviai auga ir gerai ve\u0161i gausaus lietaus laikotrpiu, ma\u017edaug sausio-kovo m\u0117nesiais, \u017eiemos sezono metu. Marmaria lapus surenka ir d\u017eiovina lauke, tam kad i\u0161saugoti kuo daugiau verting\u0173j\u0173 \u0161i\u0173 augal\u0173 savybi\u0173 ir kuo ilgiau i\u0161laikyti \u017ealiav\u0105 gydymo tikslams.<\/p>\n<p>Nauda sveikatai<\/p>\n<p>Marmaria pla\u010diai naudojama virusini\u0173 ir per\u0161alimo lig\u0173 gydyme. Reguliarus \u0161io gydan\u010dio g\u0117rimo vartojimas mal\u0161ina \u0161i\u0173 susirgim\u0173 simptomus, palengvina kosul\u012f ir atpalaiduoja kv\u0117pavimo takus, tuo palengvindamas kv\u0117pavim\u0105. Kai kurie tyrimai parod\u0117, kad reguliraus marmaria arbatos vartojimas gali suma\u017einti cukraus kiek\u012f kraujyje ir turi \u012ftakos plon\u0173j\u0173 kapiliar\u0173 kraujotakos stabilizavimui.<\/p>\n<p>Nauda vir\u0161kinimo sistemai ir k\u016bno svorio ma\u017einimui<\/p>\n<p>Marmaria g\u0117rimo vartojimas turi didel\u0119 \u012ftak\u0105 vir\u0161kinimo sistemai ir stiprina kepen\u0173 funkcij\u0105. Pasi\u017eymi ypatingomis savyb\u0117mis ir stimuliuoja \u0161lapimtaki\u0173 funkcij\u0105. Naudojama kai kuriose antsvorio reguliavimo programose.<\/p>\n<p>Kur dar naudojama<\/p>\n<p>Intensyvus marmaria g\u0117rimo vartojimas lengvai sustabdo diar\u0117j\u0105. Gan da\u017enai marmaria naudojama kompleksiniame \u017earnyno lig\u0173 ir vir\u0161kinimo sistemos sutrikim\u0173 gydyme. Taip pat marmaria rekomenduojama anginos gydyme. Marmaria antpilas ypatingai rekomenduojamas burnos skalavimui, vis\u0173 virusini\u0173 infekcij\u0173 ir burnos ertm\u0117s u\u017edegimini\u0173 lig\u0173 gydymo metu.<\/p>\n<p>Kaip paruo\u0161ti marmaria g\u0117rim\u0105<\/p>\n<p>Vien\u0105 arbatini\u0105 \u0161auk\u0161tel\u012f d\u017eiovint\u0173 marmaria augal\u0173 u\u017epilti 200 ml vandens ir u\u017evirinti.<\/p>\n<\/div>\n<\/div>\n<section class=\"related-wrapper\"><\/section>\n","protected":false},"excerpt":{"rendered":"<p>Unikalus i\u0161skirtinai tiktai dykumoje sutinkamas augalas. Nuo neatmenam\u0173 laik\u0173 naudojamas daugelio lig\u0173 gydymui. Efektyvus pagalbininkas per\u0161alimo ir virusini\u0173 lig\u0173 gydyme. Padeda sutrikus vir\u0161kinamojo trakto veiklai, esant antsvoriui ir naudojamas k\u016bno mas\u0117s kontrol\u0117s programose.<\/p>\n","protected":false},"featured_media":13622,"comment_status":"open","ping_status":"closed","template":"","meta":[],"product_brand":[],"product_cat":[186],"product_tag":[],"class_list":{"0":"post-11076","1":"product","2":"type-product","3":"status-publish","4":"has-post-thumbnail","6":"product_cat-herbs","8":"first","9":"outofstock","10":"shipping-taxable","11":"purchasable","12":"product-type-variable","13":"has-default-attributes"},"_links":{"self":[{"href":"https:\/\/airshiptrips.com\/lt\/wp-json\/wp\/v2\/product\/11076","targetHints":{"allow":["GET"]}}],"collection":[{"href":"https:\/\/airshiptrips.com\/lt\/wp-json\/wp\/v2\/product"}],"about":[{"href":"https:\/\/airshiptrips.com\/lt\/wp-json\/wp\/v2\/types\/product"}],"replies":[{"embeddable":true,"href":"https:\/\/airshiptrips.com\/lt\/wp-json\/wp\/v2\/comments?post=11076"}],"wp:featuredmedia":[{"embeddable":true,"href":"https:\/\/airshiptrips.com\/lt\/wp-json\/wp\/v2\/media\/13622"}],"wp:attachment":[{"href":"https:\/\/airshiptrips.com\/lt\/wp-json\/wp\/v2\/media?parent=11076"}],"wp:term":[{"taxonomy":"product_brand","embeddable":true,"href":"https:\/\/airshiptrips.com\/lt\/wp-json\/wp\/v2\/product_brand?post=11076"},{"taxonomy":"product_cat","embeddable":true,"href":"https:\/\/airshiptrips.com\/lt\/wp-json\/wp\/v2\/product_cat?post=11076"},{"taxonomy":"product_tag","embeddable":true,"href":"https:\/\/airshiptrips.com\/lt\/wp-json\/wp\/v2\/product_tag?post=11076"}],"curies":[{"name":"wp","href":"https:\/\/api.w.org\/{rel}","templated":true}]}}