{"id":11050,"date":"2025-10-08T12:22:22","date_gmt":"2025-10-08T12:22:22","guid":{"rendered":"https:\/\/megaroboticsacademy.com\/shop\/be-kategorijos\/artemisia-tea\/"},"modified":"2025-11-20T10:47:42","modified_gmt":"2025-11-20T10:47:42","slug":"artemisia","status":"publish","type":"product","link":"https:\/\/airshiptrips.com\/lt\/shop\/herbs\/artemisia\/","title":{"rendered":"Ramun\u0117li\u0173 arbata"},"content":{"rendered":"<div class=\"woocommerce-tabs wc-tabs-wrapper\">\n<div id=\"tab-description\" class=\"woocommerce-Tabs-panel woocommerce-Tabs-panel--description panel entry-content wc-tab\" role=\"tabpanel\" aria-labelledby=\"tab-title-description\">\n<p><strong>Apra\u0161ymas<\/strong><\/p>\n<p>Nauda sveikatai<\/p>\n<p>Efektyviai ma\u017eina kosulio, per\u0161alimo ir virusini\u0173 lig\u0173 simptomatik\u0105. Rekomenduojama skrand\u017eio ir \u017earnyno disfunkcijos, taip pat kiaulyt\u0117s ir diabeto\u00a0 gydymui palengvinti. Ma\u017eina \u017earnyno audini\u0173 u\u017edegiminius procesus, padeda tiek diar\u0117jos tiek ir viduri\u0173 u\u017ekiet\u0117jimo atvejais. Mal\u0161ina \u017earnyno spazmus ir ir skausm\u0105. Pasi\u017eymi lengvu raminan\u010diu efektu \u0161irdies ritmo sutrikimo priepuoli\u0173 metu. Da\u017enai naudojama infekcini\u0173 susirgim\u0173, kuriuos sukelia parazitiniai helmitai (spalin\u0117 ir kaspinuo\u010diai) gydymui. Skatina \u017earnyno metabolizm\u0105 ir riebal\u0173 pasisavinim\u0105.<\/p>\n<p>Sud\u0117tis<\/p>\n<p>Turtinga triterpenais, flavonoidais, kumarinais ir taninais. \u0160ios sud\u0117tin\u0117s dalys turi \u012ftakos \u0161irdies-kraujagysli\u0173 lig\u0173 gydyme. Rekomenduojama i\u0161balansuotos nerv\u0173 sistemos atstymui. Pasi\u017eymi gan stipriu antiseptiniu ir prie\u0161grybeliniu poveikiu. Taipogi vienas i\u0161 \u0161alavijo ingridient\u0173 \u2013 artemizinas, pripa\u017eintas vien\u0173 i\u0161 nat\u016brali\u0173 vaist\u0173 maliarijos gydymui.<\/p>\n<p>Antibakterinis<\/p>\n<p>Reguliarus savalaikis \u0161alavijo arbatos vartojimas gydo \u0161lapimo p\u016bsl\u0117s u\u017edegiminius procesus, tuo tarpu nesukeldamas \u017earnyno mikroflorai jokio \u0161alutinio poveikio. \u017dadina apetit\u0105.<\/p>\n<p>Kur dar naudojama<\/p>\n<p>Kai kurie homeopatai rekomenduoja \u0161alavijo arbat\u0105 reproduktyvin\u0117s sistemos veiklos sutrikimams gydyti. \u0160alavijo arbata mal\u0161ina skausm\u0105 ir pernelyg intensyv\u0173 kraujavim\u0105 ilgai trunkan\u010di\u0173 menstruacij\u0173 metu.<\/p>\n<p>Vartojimo b\u016bdas<\/p>\n<p>100 gram\u0173 \u0161alavijo \u017ealiavos u\u017epilti 500 ml vandens ir duoti nusistov\u0117ti par\u0105 laiko. Kaitinti vandens vonel\u0117je ma\u017edaug pusvaland\u012f, po to perko\u0161ti. Rekomenduojama gerti po pus\u0119 stiklin\u0117s tris kartus \u012f dien\u0105.<\/p>\n<\/div>\n<\/div>\n<section class=\"related-wrapper\"><\/section>\n","protected":false},"excerpt":{"rendered":"<h2>Pelynas<\/h2>\n<p><b>Gamintojas:<\/b>\u00a0Nefertiti nat\u016bral\u016bs aliejai ir vaista\u017eol\u0117s<br \/>\n<b>Pristatymo kaina:<\/b>\u00a0apskai\u010diuojama atsiskaitant u\u017e pirkinius<br \/>\n<b>Kilm\u0117s \u0161alis:<\/b>\u00a0Eurazija<br \/>\n<b>Botaninis pavadinimas:<\/b>\u00a0Pelynas Artemisia absinthium L.<br \/>\n<b>\u0160eima:<\/b>\u00a0Astriniai<br \/>\n<b>INCI:<\/b>\u00a0Artemisia vulgaris plant<br \/>\n<b>Kiti pavadinimai:<\/b>\u00a0kartusis kietis, pilkasis pel\u016bnas, met\u0117lis, kart\u0117lio \u017eol\u0117, ir kiti.<br \/>\n<b>Naudojamos dalys:<\/b>\u00a0Ant\u017eemin\u0117 augalo dalis<br \/>\n<b>Pakavimo metodas:<\/b>\u00a022\/PAP<br \/>\n<b>Kvapas:<\/b>\u00a0specifinis \u0161velniai kartus<br \/>\n<b>Skonis:<\/b>\u00a0kartokas<br \/>\n<b>Spalva:<\/b>\u00a0\u017ealsvai pilka<br \/>\n<b>Fizin\u0117 b\u016bkl\u0117:<\/b>\u00a0nat\u016bral\u016bs d\u017eiovinti augalai<br \/>\n<b>Nat\u016bralus:<\/b>\u00a0Taip<br \/>\n<b>Grynumas:<\/b>\u00a0100%<br \/>\n<b>ISO sertifikatas:<\/b>\u00a0sertifikuota<\/p>\n","protected":false},"featured_media":13676,"comment_status":"closed","ping_status":"closed","template":"","meta":[],"product_brand":[],"product_cat":[186],"product_tag":[],"class_list":{"0":"post-11050","1":"product","2":"type-product","3":"status-publish","4":"has-post-thumbnail","6":"product_cat-herbs","8":"first","9":"outofstock","10":"shipping-taxable","11":"purchasable","12":"product-type-simple"},"_links":{"self":[{"href":"https:\/\/airshiptrips.com\/lt\/wp-json\/wp\/v2\/product\/11050","targetHints":{"allow":["GET"]}}],"collection":[{"href":"https:\/\/airshiptrips.com\/lt\/wp-json\/wp\/v2\/product"}],"about":[{"href":"https:\/\/airshiptrips.com\/lt\/wp-json\/wp\/v2\/types\/product"}],"replies":[{"embeddable":true,"href":"https:\/\/airshiptrips.com\/lt\/wp-json\/wp\/v2\/comments?post=11050"}],"wp:featuredmedia":[{"embeddable":true,"href":"https:\/\/airshiptrips.com\/lt\/wp-json\/wp\/v2\/media\/13676"}],"wp:attachment":[{"href":"https:\/\/airshiptrips.com\/lt\/wp-json\/wp\/v2\/media?parent=11050"}],"wp:term":[{"taxonomy":"product_brand","embeddable":true,"href":"https:\/\/airshiptrips.com\/lt\/wp-json\/wp\/v2\/product_brand?post=11050"},{"taxonomy":"product_cat","embeddable":true,"href":"https:\/\/airshiptrips.com\/lt\/wp-json\/wp\/v2\/product_cat?post=11050"},{"taxonomy":"product_tag","embeddable":true,"href":"https:\/\/airshiptrips.com\/lt\/wp-json\/wp\/v2\/product_tag?post=11050"}],"curies":[{"name":"wp","href":"https:\/\/api.w.org\/{rel}","templated":true}]}}