{"id":11023,"date":"2025-10-08T12:22:22","date_gmt":"2025-10-08T12:22:22","guid":{"rendered":"https:\/\/megaroboticsacademy.com\/shop\/be-kategorijos\/fenugreek-tea\/"},"modified":"2025-11-20T10:26:56","modified_gmt":"2025-11-20T10:26:56","slug":"helba-fenugreek","status":"publish","type":"product","link":"https:\/\/airshiptrips.com\/lt\/shop\/herbs\/helba-fenugreek\/","title":{"rendered":"Helba"},"content":{"rendered":"<h3>Maistin\u0117 vert\u0117<\/h3>\n<p>Helba turtinga baltymais ir angliavandeniais. Taip pat sud\u0117tyje yra kalio, fosforo, magnio, gele\u017eies, kalcio, folio r\u016bg\u0161ties ir vitamin\u0173 A, C, PP, ir B grup\u0117s vitaminai.<\/p>\n<h3><\/h3>\n<h3>Nauda sveikatai<\/h3>\n<p>Helba \u017einoma kaip viena i\u0161 populiariausi\u0173 gamtini\u0173 priemoni\u0173 per\u0161alimo ir plau\u010di\u0173 lig\u0173 gydymui. Pasi\u017eymi stipriu gydomuoju poveikiu ir naudojama profilaktikai ir gydymui toki\u0173 lig\u0173 kaip: gripas, bronchitas, laringitas, sinusitas, pneumonija, chroni\u0161kas kosulys.<\/p>\n<h3><\/h3>\n<h3>Moters sveikata<\/h3>\n<p>Helbos sud\u0117tyje yra didelis kiekis diosgenino, kuris savo strukt\u016bra ir poveikiu yra artimiausias moteri\u0161kam hormonui \u2013 estrogenui. Naudojama esant menstrualinio ciklo ir hormon\u0173 balanso sutrikimams. Rekomenduojamas pereinamuoju ir menopauz\u0117s laikotarpiu. Helba stimuliuoja laktacij\u0105 tod\u0117l yra rekomenduojama kr\u016btimi maitinan\u010dioms moterims.<\/p>\n<h3><\/h3>\n<h3>Skrand\u017eio ir \u017earnyno, bei vir\u0161kinamojo trakto veiklos sutrikimai<\/h3>\n<p>Reguliarus helba g\u0117rimo vartojimas padeda skrand\u017eiui, \u017earnynui ir inkstams i\u0161sivalyti nuo susikaupusi\u0173 gleivi\u0173 ir \u0161lak\u0173. Padengia skrand\u017eio sieneles apsaugine nauding\u0173 ir tausojan\u010di\u0173 gleivi\u0173 pl\u0117vele, kas \u017eymiai palengvina skrand\u017eio ir \u017earnyno, taipogi dvylikapir\u0161t\u0117s \u017earnos lig\u0173 gydym\u0105.<\/p>\n<h3><\/h3>\n<h3>Kaip paruo\u0161ti helba g\u0117rim\u0105<\/h3>\n<p>Du arbatinius \u0161auk\u0161telius helba s\u0117kl\u0173 u\u017epilti \u0161alto vandens stikline. U\u017evirinti ir pavirti kelet\u0105 minu\u010di\u0173. Rekomenduojama gerti po 3-4 stiklines dienos b\u0117gyje. Pagal poreikius galima pagardinti pienu, medumi arba cukrumi.\u00a0<strong>Kontraindikacijos: nerekomenduojama pirmo ir paskutinio n\u0117\u0161tumo trimestr\u0173 laikotarpiu.<\/strong><\/p>\n","protected":false},"excerpt":{"rendered":"<p style=\"font-weight: initial; font-size: 20px;\"><b>Gamintojas:<\/b>\u00a0Nefertiti nat\u016bral\u016bs aliejai ir vaista\u017eol\u0117s<br \/>\n<b>Pristatymo kaina:<\/b>\u00a0apskai\u010diuojama atsiskaitant u\u017e pirkinius<br \/>\n<b>Kilm\u0117s \u0161alis:<\/b>\u00a0Pietry\u010di\u0173 Europa, \u0160iaur\u0117s Afrika, Vakar\u0173 Azija<br \/>\n<b>Botaninis pavadinimas:<\/b>\u00a0Vaistin\u0117 o\u017erag\u0117 (lot. Trigonella foenum-graecum)<br \/>\n<b>\u0160eima:<\/b>\u00a0Pupiniai<br \/>\n<b>INCI:<\/b>\u00a0Hydrolyzed Trigonella Foenum-Graecum Seed Oil<br \/>\n<b>Kiti pavadinimai:<\/b>\u00a0Bird\u2019s Foot, Bockshornklee, Greek Hayseed, Methi, O\u017ekarag\u0117, kupranugari\u0173 \u017eol\u0117, graikininis \u0161ienas, F\u00e9nugrec, Foin grec, Graines de f\u00e9nugrec, S\u00e9negrain, Trigonelle, malaj. Kelabet, kin. Hu lu ba<br \/>\n<b>Naudojamos dalys:<\/b>\u00a0s\u0117klos<br \/>\n<b>Pakavimo metodas:<\/b>\u00a022\/PAP<br \/>\n<b>Kvapas:<\/b>\u00a0specifinis<br \/>\n<b>Skonis:<\/b>\u00a0kartokai saldus<br \/>\n<b>Spalva:<\/b>\u00a0geltona<br \/>\n<b>Fizin\u0117 b\u016bkl\u0117:<\/b>\u00a0nat\u016bralios d\u017eiovintos s\u0117klos<br \/>\n<b>Nat\u016bralus:<\/b>\u00a0Taip<br \/>\n<b>Grynumas:<\/b>\u00a0100%<br \/>\n<b>ISO sertifikatas:<\/b>\u00a0sertifikuota<\/p>\n","protected":false},"featured_media":13488,"comment_status":"open","ping_status":"closed","template":"","meta":[],"product_brand":[],"product_cat":[186],"product_tag":[],"class_list":{"0":"post-11023","1":"product","2":"type-product","3":"status-publish","4":"has-post-thumbnail","6":"product_cat-herbs","8":"first","9":"instock","10":"shipping-taxable","11":"purchasable","12":"product-type-variable","13":"has-default-attributes"},"_links":{"self":[{"href":"https:\/\/airshiptrips.com\/lt\/wp-json\/wp\/v2\/product\/11023","targetHints":{"allow":["GET"]}}],"collection":[{"href":"https:\/\/airshiptrips.com\/lt\/wp-json\/wp\/v2\/product"}],"about":[{"href":"https:\/\/airshiptrips.com\/lt\/wp-json\/wp\/v2\/types\/product"}],"replies":[{"embeddable":true,"href":"https:\/\/airshiptrips.com\/lt\/wp-json\/wp\/v2\/comments?post=11023"}],"wp:featuredmedia":[{"embeddable":true,"href":"https:\/\/airshiptrips.com\/lt\/wp-json\/wp\/v2\/media\/13488"}],"wp:attachment":[{"href":"https:\/\/airshiptrips.com\/lt\/wp-json\/wp\/v2\/media?parent=11023"}],"wp:term":[{"taxonomy":"product_brand","embeddable":true,"href":"https:\/\/airshiptrips.com\/lt\/wp-json\/wp\/v2\/product_brand?post=11023"},{"taxonomy":"product_cat","embeddable":true,"href":"https:\/\/airshiptrips.com\/lt\/wp-json\/wp\/v2\/product_cat?post=11023"},{"taxonomy":"product_tag","embeddable":true,"href":"https:\/\/airshiptrips.com\/lt\/wp-json\/wp\/v2\/product_tag?post=11023"}],"curies":[{"name":"wp","href":"https:\/\/api.w.org\/{rel}","templated":true}]}}