{"id":11009,"date":"2025-10-08T12:22:22","date_gmt":"2025-10-08T12:22:22","guid":{"rendered":"https:\/\/megaroboticsacademy.com\/shop\/be-kategorijos\/black-tea\/"},"modified":"2025-11-20T10:12:31","modified_gmt":"2025-11-20T10:12:31","slug":"black-tea","status":"publish","type":"product","link":"https:\/\/airshiptrips.com\/lt\/shop\/herbs\/black-tea\/","title":{"rendered":"Juodoji arbata"},"content":{"rendered":"<div class=\"woocommerce-tabs wc-tabs-wrapper\">\n<div id=\"tab-description\" class=\"woocommerce-Tabs-panel woocommerce-Tabs-panel--description panel entry-content wc-tab\" role=\"tabpanel\" aria-labelledby=\"tab-title-description\">\n<p><strong>Apra\u0161ymas<\/strong><\/p>\n<p>Antioksidantas<\/p>\n<p>Juodoji arbata turtinga polifenoliais, kurie \u017emonijai \u017einomi kaip vienas i\u0161 pa\u010di\u0173 stipriausi\u0173 organizm\u0105 apsaugan\u010di\u0173 antioksidant\u0173.<\/p>\n<p>Naudingosios savyb\u0117s<\/p>\n<p>Nesuskai\u010diuojama daugyb\u0117 tyrim\u0173, atlikt\u0173 \u012fvairiose \u0161alyse parod\u0117, kad reguliarus ilgalaikis juodosios arbatos vartojimas skatina smegen\u0173 veiklos aktyvum\u0105, gerina atmint\u012f ir aktyvuoja intelektualin\u0117s smegen\u0173 veiklos proces\u0105. D\u0117l puiki\u0173 savybi\u0173 reguliuoti arterin\u012f kraujo spaudim\u0105, juodoji arbata rekomenduojama hipertonikams ir da\u017enai naudojama galvos skausmo mal\u0161inimui. Kai kurie medikai taip pat rekomenduoja juod\u0105j\u0105 arbat\u0105 kompleksiniame infarkto ir Parkinsono lig\u0173 gydyme. Juodoji arbata ma\u017eina toki\u0173 onkologini\u0173 lig\u0173 kaip: \u017earnyno ir storosios \u017earnos; plau\u010di\u0173; kiau\u0161id\u017ei\u0173 ir kr\u016bties v\u0117\u017eio rizik\u0105.<\/p>\n<p>Rekomenduojama<\/p>\n<p>Reguliarus juodosios arbatos vartojimas gana da\u017enai rekoneduojamas II tipo diabeto kompleksiniame gydyme. Padeda esant \u017earnyno sutrikimams , pykinimui, diar\u0117jai (ypatingai juodoji arbata paruo\u0161ta su citrina). Juodoji arbata pasi\u017eymi itin stipriomis \u0161lapim\u0105 varan\u010diomis savyb\u0117mis. Turi lengv\u0105 sistolinio ir taipogi disatolinio kraujo spaudimo reguliavimo poveik\u012f.<\/p>\n<p>Tonizuojantis poveikis ir gaivinan\u010dios savyb\u0117s<\/p>\n<p>Skirtingai nei kava, kuri turi tiktai trumpalaik\u012f tonizuojant\u012f efekt\u0105, juodoji arbata tuo tarpu pasi\u017eymi ilgalaikiu veikimu. U\u017etikrina organizmo aktyvum\u0105 ir budrum\u0105 ilgam laikotarpiui.<\/p>\n<\/div>\n<\/div>\n<section class=\"related-wrapper\"><\/section>\n","protected":false},"excerpt":{"rendered":"<div class=\"woocommerce-product-details__short-description\">\n<h2>Juodoji arbata<\/h2>\n<p><b>Gamintojas:<\/b>\u00a0Nefertiti nat\u016bral\u016bs aliejai ir vaista\u017eol\u0117s<br \/>\n<b>Pristatymo kaina:<\/b>\u00a0apskai\u010diuojama atsiskaitant u\u017e pirkinius<br \/>\n<b>Kilm\u0117s \u0161alis:<\/b>\u00a0Kinija<br \/>\n<b>Botaninis pavadinimas:<\/b>\u00a0Camellia sinensis<br \/>\n<b>\u0160eima:<\/b>\u00a0Kamelija<br \/>\n<b>INCI:<\/b>\u00a0Camellia sinensis leaf<br \/>\n<b>Kiti pavadinimai:<\/b>\u00a0\u9ed1\u8336, arbatkr\u016bmis, arbatmedis, assamica, chiornyi chai, \u0634\u0627\u064a \u0623\u0633\u0648\u062f , Orange Pekoe<br \/>\n<b>Naudojamos dalys:<\/b>\u00a0rinktiniai lapeliai<br \/>\n<b>Pakavimo metodas:<\/b>\u00a022\/PAP<br \/>\n<b>Kvapas:<\/b>\u00a0aromatingas<br \/>\n<b>Skonis:<\/b>\u00a0sodrus<br \/>\n<b>Spalva:<\/b>\u00a0d\u017eiovinti lapeliai tamsios spalvos<br \/>\n<b>Fizin\u0117 b\u016bkl\u0117:<\/b>\u00a0nat\u016bral\u016bs d\u017eiovinti augalai<br \/>\n<b>Nat\u016bralus:<\/b>\u00a0Taip<br \/>\n<b>Grynumas:<\/b>\u00a0100%<br \/>\n<b>ISO sertifikatas:<\/b> sertifikuota<\/p>\n<\/div>\n","protected":false},"featured_media":13482,"comment_status":"open","ping_status":"closed","template":"","meta":[],"product_brand":[],"product_cat":[186],"product_tag":[],"class_list":{"0":"post-11009","1":"product","2":"type-product","3":"status-publish","4":"has-post-thumbnail","6":"product_cat-herbs","8":"first","9":"instock","10":"shipping-taxable","11":"purchasable","12":"product-type-variable","13":"has-default-attributes"},"_links":{"self":[{"href":"https:\/\/airshiptrips.com\/lt\/wp-json\/wp\/v2\/product\/11009","targetHints":{"allow":["GET"]}}],"collection":[{"href":"https:\/\/airshiptrips.com\/lt\/wp-json\/wp\/v2\/product"}],"about":[{"href":"https:\/\/airshiptrips.com\/lt\/wp-json\/wp\/v2\/types\/product"}],"replies":[{"embeddable":true,"href":"https:\/\/airshiptrips.com\/lt\/wp-json\/wp\/v2\/comments?post=11009"}],"wp:featuredmedia":[{"embeddable":true,"href":"https:\/\/airshiptrips.com\/lt\/wp-json\/wp\/v2\/media\/13482"}],"wp:attachment":[{"href":"https:\/\/airshiptrips.com\/lt\/wp-json\/wp\/v2\/media?parent=11009"}],"wp:term":[{"taxonomy":"product_brand","embeddable":true,"href":"https:\/\/airshiptrips.com\/lt\/wp-json\/wp\/v2\/product_brand?post=11009"},{"taxonomy":"product_cat","embeddable":true,"href":"https:\/\/airshiptrips.com\/lt\/wp-json\/wp\/v2\/product_cat?post=11009"},{"taxonomy":"product_tag","embeddable":true,"href":"https:\/\/airshiptrips.com\/lt\/wp-json\/wp\/v2\/product_tag?post=11009"}],"curies":[{"name":"wp","href":"https:\/\/api.w.org\/{rel}","templated":true}]}}