{"id":10994,"date":"2025-10-08T12:22:22","date_gmt":"2025-10-08T12:22:22","guid":{"rendered":"https:\/\/megaroboticsacademy.com\/shop\/be-kategorijos\/moringa-tea\/"},"modified":"2025-11-20T09:59:49","modified_gmt":"2025-11-20T09:59:49","slug":"moringa-drumstick-tree","status":"publish","type":"product","link":"https:\/\/airshiptrips.com\/lt\/shop\/herbs\/moringa-drumstick-tree\/","title":{"rendered":"Moringa"},"content":{"rendered":"<div class=\"woocommerce-tabs wc-tabs-wrapper\">\n<div id=\"tab-description\" class=\"woocommerce-Tabs-panel woocommerce-Tabs-panel--description panel entry-content wc-tab\" role=\"tabpanel\" aria-labelledby=\"tab-title-description\">\n<p><strong>Apra\u0161ymas<\/strong><\/p>\n<p>Naudingosios savyb\u0117s<\/p>\n<p>Moringa oleifera L. rekomenduojama kaip skystas vitamin\u0173 C, A (beta-karotino), Vitamino K, bei B grup\u0117s vitamin\u0173 \u0161altinis. Marmaria sud\u0117tyje randamas gan didelis kiekis mangano, baltym\u0173 ir kit\u0173 b\u016btin\u0173 maistini\u0173 med\u017eiag\u0173, o taip pat nedidelis kiekis kalcio, aktyviosios l\u0105stelienos, kalio ir magnio.<\/p>\n<p>Apetito praradimas<\/p>\n<p>Moringa labai da\u017enai rekomenduojama organizmo funkcij\u0173 atstytmui po sunki\u0173 persirgt\u0173 lig\u0173 ir chirurgini\u0173 intervencij\u0173. Patartina moringos arbat\u0105 gerti kr\u016btimi maitinan\u010dioms moterims. Taip pat rekomenduojama moringos arbata gydyti da\u017enai sergan\u010dius vaikus, kad pagerinti apetit\u0105 ir atstatyti energijos resursus.<\/p>\n<p>Gydomosios savyb\u0117s<\/p>\n<p>Reguliariai vartojama moringos arbata mal\u0161ina nerimo jausm\u0105. Puikiai susidoroja su pradine depresijos stadija ir padeda gydyti nemig\u0105. Moringa gerina med\u017eiag\u0173 apykait\u0105, ma\u017eina kraujo spaudim\u0105. Rekomenduojama kompleksiniame skrand\u017eio u\u017edegimo gydyme. Reguliuoja kraujo lipid\u0173 balans\u0105. Moringa taip pat labai naudinga \u0161irdies ir kraujagysli\u0173 lig\u0173 kompleksiniame gydyme. Padeda intoksikacijos, migrenos, storojo \u017earnyno atonijos, dirglios \u017earnos sindromo atvejais. Gausus moringa arbatos vartojimas mal\u0161ina u\u017edegiminius \u0161lapimtaki\u0173 procesus.<\/p>\n<p>Kitas panaudojimas<\/p>\n<p>Did\u017eiulis kiekis katijonini\u0173 dimerini\u0173 baltym\u0173, randam\u0173 moringa s\u0117klose, kai kuriose \u0161alyse naudojamas kaip nat\u016bralus filtras vandens valymui. Moringa s\u0117klos geba sugerti ir neutralizuoti koloidines u\u017eter\u0161to vandends dalelytes.<\/p>\n<\/div>\n<\/div>\n<section class=\"related-wrapper\"><\/section>\n","protected":false},"excerpt":{"rendered":"<p>Gyvyb\u0117s medis \u2013\u00a0 taip da\u017eniausiai vadinama Moringa. Labai sveikatai naudingas augalas, kuris naudojamas daugyb\u0117s lig\u0173 kompleksiniame gydyme, o taip pat daygelio lig\u0173 prevencijai. Pasi\u017eymi nesuskai\u010diujama daugybe maistini\u0173 ir gydom\u0173j\u0173 savybi\u0173. Atstato organizmo energetinius resursus ir gerina bendr\u0105 organizmo b\u016bkl\u0119.<\/p>\n","protected":false},"featured_media":13476,"comment_status":"open","ping_status":"closed","template":"","meta":[],"product_brand":[],"product_cat":[186],"product_tag":[],"class_list":{"0":"post-10994","1":"product","2":"type-product","3":"status-publish","4":"has-post-thumbnail","6":"product_cat-herbs","8":"first","9":"instock","10":"shipping-taxable","11":"purchasable","12":"product-type-variable","13":"has-default-attributes"},"_links":{"self":[{"href":"https:\/\/airshiptrips.com\/lt\/wp-json\/wp\/v2\/product\/10994","targetHints":{"allow":["GET"]}}],"collection":[{"href":"https:\/\/airshiptrips.com\/lt\/wp-json\/wp\/v2\/product"}],"about":[{"href":"https:\/\/airshiptrips.com\/lt\/wp-json\/wp\/v2\/types\/product"}],"replies":[{"embeddable":true,"href":"https:\/\/airshiptrips.com\/lt\/wp-json\/wp\/v2\/comments?post=10994"}],"wp:featuredmedia":[{"embeddable":true,"href":"https:\/\/airshiptrips.com\/lt\/wp-json\/wp\/v2\/media\/13476"}],"wp:attachment":[{"href":"https:\/\/airshiptrips.com\/lt\/wp-json\/wp\/v2\/media?parent=10994"}],"wp:term":[{"taxonomy":"product_brand","embeddable":true,"href":"https:\/\/airshiptrips.com\/lt\/wp-json\/wp\/v2\/product_brand?post=10994"},{"taxonomy":"product_cat","embeddable":true,"href":"https:\/\/airshiptrips.com\/lt\/wp-json\/wp\/v2\/product_cat?post=10994"},{"taxonomy":"product_tag","embeddable":true,"href":"https:\/\/airshiptrips.com\/lt\/wp-json\/wp\/v2\/product_tag?post=10994"}],"curies":[{"name":"wp","href":"https:\/\/api.w.org\/{rel}","templated":true}]}}