{"id":10951,"date":"2025-10-08T12:22:40","date_gmt":"2025-10-08T12:22:40","guid":{"rendered":"https:\/\/megaroboticsacademy.com\/shop\/be-kategorijos\/doum-tea\/"},"modified":"2025-11-19T16:41:41","modified_gmt":"2025-11-19T16:41:41","slug":"doum","status":"publish","type":"product","link":"https:\/\/airshiptrips.com\/lt\/shop\/herbs\/doum\/","title":{"rendered":"Doum"},"content":{"rendered":"<h3>Naudingosios savyb\u0117s<\/h3>\n<p>Ypating\u0105 gydom\u0105j\u0105 vert\u0119 doum vaisiai turi kai yra paruo\u0161ti g\u0117rimo pavidalu, pasi\u017eymin\u010diu nepakartojamu skoniu, aromatu ir nauda sveikatai. Jis vadinamas tikr\u0173 vyr\u0173 g\u0117rimu dar \u017einomas kaip prostatito profilaktikos priemon\u0117. Rekomenduojama vartoti po 2 stiklines dienos b\u0117gyje.<\/p>\n<h3>Nauda sveikatai<\/h3>\n<p>Tuo tarpu doum g\u0117rimas ypatingai rekomenduojamas ne tik vyrams, bet taip pat visiems, ken\u010diantiems nuo meteorizmo ir diskomforto pilvo ertm\u0117je. Turi stipri\u0173 antibakterini\u0173 savybi\u0173, stabilizuojan\u010di\u0173 \u017earnyno bakterij\u0173 balans\u0105, gerina \u017earnyno veikl\u0105, skatina vir\u0161kinimo proces\u0105 ir palengvina duj\u0173 pasi\u0161alinim\u0105 i\u0161 organizmo. Doum efektyviai reguliuoja kraujo spaudim\u0105 ir ypatingai rekomenduojamas nuo nepastovaus kraujo spaudimo ken\u010diantiems \u017emon\u0117ms.<\/p>\n<h3><\/h3>\n<h3>Kaip vartoti<\/h3>\n<p>Du arbatinius \u0161auk\u0161telius d\u017eiovint\u0173 doum vaisi\u0173 u\u017epilti kambario temperat\u016bros virintu vandeniu ir palikti nusistov\u0117ti keletui valand\u0173. Gerti atv\u0117sint\u0105.<\/p>\n","protected":false},"excerpt":{"rendered":"<div class=\"woocommerce-product-details__short-description\">\n<h3>Doum<\/h3>\n<p><b>Gamintojas:<\/b>\u00a0Nefertiti nat\u016bral\u016bs aliejai ir vaista\u017eol\u0117s<br \/>\n<b>Pristatymo kaina:<\/b>\u00a0apskai\u010diuojama atsiskaitant u\u017e pirkinius<br \/>\n<b>Kilm\u0117s \u0161alis:<\/b>\u00a0\u0160iaur\u0117s Afrika; Auk\u0161tutinis Egiptas\u00a0<b>Botaninis pavadinimas:<\/b>\u00a0Hyphaene thebaica\u00a0<b>\u0160eima:<\/b>\u00a0Arekiniai arba palminiai<br \/>\n<b>INCI:<\/b>\u00a0Hyphaene thebaica palm fruits<br \/>\n<b>Kiti pavadinimai:<\/b>\u00a0\u062f\u0648\u0645, Dum palm\u0117, sweet gingerbread, doom palm<br \/>\n<b>Naudojamos dalys:<\/b>\u00a0d\u017eiovinti vaisiai<br \/>\n<b>Pakavimo metodas:<\/b>\u00a022\/PAP<br \/>\n<b>Kvapas:<\/b>\u00a0salsvas duonos giros kvapas\u00a0\u00a0<b>Skonis:<\/b>\u00a0\u0161velniai saldus<br \/>\n<b>Spalva:<\/b>\u00a0raudonai oran\u017einis vaisius<br \/>\n<b>Fizin\u0117 b\u016bkl\u0117:<\/b>\u00a0nat\u016bral\u016bs d\u017eiovinti vaisiai\u00a0<b>Nat\u016bralus:<\/b>\u00a0Taip<br \/>\n<b>Grynumas:<\/b>\u00a0100%<br \/>\n<b>ISO sertifikatas:<\/b> sertifikuota<\/p>\n<\/div>\n","protected":false},"featured_media":13450,"comment_status":"open","ping_status":"closed","template":"","meta":[],"product_brand":[],"product_cat":[186],"product_tag":[],"class_list":{"0":"post-10951","1":"product","2":"type-product","3":"status-publish","4":"has-post-thumbnail","6":"product_cat-herbs","8":"first","9":"instock","10":"shipping-taxable","11":"purchasable","12":"product-type-simple"},"_links":{"self":[{"href":"https:\/\/airshiptrips.com\/lt\/wp-json\/wp\/v2\/product\/10951","targetHints":{"allow":["GET"]}}],"collection":[{"href":"https:\/\/airshiptrips.com\/lt\/wp-json\/wp\/v2\/product"}],"about":[{"href":"https:\/\/airshiptrips.com\/lt\/wp-json\/wp\/v2\/types\/product"}],"replies":[{"embeddable":true,"href":"https:\/\/airshiptrips.com\/lt\/wp-json\/wp\/v2\/comments?post=10951"}],"wp:featuredmedia":[{"embeddable":true,"href":"https:\/\/airshiptrips.com\/lt\/wp-json\/wp\/v2\/media\/13450"}],"wp:attachment":[{"href":"https:\/\/airshiptrips.com\/lt\/wp-json\/wp\/v2\/media?parent=10951"}],"wp:term":[{"taxonomy":"product_brand","embeddable":true,"href":"https:\/\/airshiptrips.com\/lt\/wp-json\/wp\/v2\/product_brand?post=10951"},{"taxonomy":"product_cat","embeddable":true,"href":"https:\/\/airshiptrips.com\/lt\/wp-json\/wp\/v2\/product_cat?post=10951"},{"taxonomy":"product_tag","embeddable":true,"href":"https:\/\/airshiptrips.com\/lt\/wp-json\/wp\/v2\/product_tag?post=10951"}],"curies":[{"name":"wp","href":"https:\/\/api.w.org\/{rel}","templated":true}]}}