{"id":10925,"date":"2025-10-08T12:22:19","date_gmt":"2025-10-08T12:22:19","guid":{"rendered":"https:\/\/megaroboticsacademy.com\/shop\/be-kategorijos\/lemongrass-tea\/"},"modified":"2025-11-19T16:04:36","modified_gmt":"2025-11-19T16:04:36","slug":"lemongrass-tea","status":"publish","type":"product","link":"https:\/\/airshiptrips.com\/lt\/shop\/herbs\/lemongrass-tea\/","title":{"rendered":"Citrin\u017eol\u0117"},"content":{"rendered":"<h3><strong>Apra\u0161ymas<\/strong>\u00a0Citrin\u017eol\u0117s panaudojimas nat\u016bralioje medicinoje Citrin\u017eol\u0117 (Cymbopogon L.) tai vaistinis augalas priklausantis miglini\u0173 (Poaceae) ir varpini\u0173 (Gramineae) \u0161eimoms. Augalas pasi\u017eymi puikiomis antibakterin\u0117mis savyb\u0117mis ir rekomenduojamas i\u0161oriniam naudojimui kandidoz\u0117s (pienlig\u0117) ir vaginalini\u0173 infekcij\u0173 gydymui. Taip pat naudojamas kepen\u0173 detoksikacijai esant alkoholiniam apsinuodijimui. Pagiri\u0173 sindromo mal\u0161inimui rekomenduojama gerti atv\u0117sint\u0105 cintrin\u017eol\u0117s arbat\u0105. Itin efektyvus \u0161is g\u0117rimas endokrinin\u0117s liaukos funkcijos suaktyvinimui. Atstato ir aktyvuoja balso styg\u0173 veikl\u0105. Citrin\u017eol\u0117s arbata turi teigiam\u0105 poveik\u012f skrand\u017eio \u017earnyno sutrikim\u0173, kolik\u0173 ir meteorizmo gydyme. Odos prie\u017ei\u016bra Citrin\u017eol\u0117s arbata pasi\u017eymi prie\u0161grybelin\u0117mis ir antimikrobin\u0117mis savyb\u0117mis ir rekomenduojama odos tonuso ir riebal\u0173 sebumo balanso palaikymui. Citrin\u017eol\u0117 paruo\u0161iama kaip arbatos g\u0117rimas ir naudojama kaip tonikas veido valymui. Antsvoris Padeda atsikratyti nemaloni\u0173 poj\u016b\u010di\u0173 persivalgius, taip pat daug pavartojus sintetinio ar \u201egreito\u201c maisto. Ven\u0173 varikoz\u0117s profilaktika Stimuliuoja kraujotak\u0105 ir limfodrena\u017e\u0105. Naudojamas kaip profilaktin\u0117 priemon\u0117 tromb\u0173 formavimuisi venose ir kraujagysl\u0117se. Atsargumo priemon\u0117s Gali padidinti arterin\u012f kraujo spaudim\u0105 tod\u0117l nerekomenduojamas gerti nuo auk\u0161to kraujo spaudimo ken\u010diantiems \u017emon\u0117ms.<\/h3>\n","protected":false},"excerpt":{"rendered":"<div class=\"woocommerce-product-details__short-description\">\n<p>Citrin\u017eol\u0117s arbata gerai \u017einoma kaip nuostabus gaivinantis g\u0117rimas ir efektyviausia priemon\u0117 nuotaik\u0173 sureguliavimui. Dar naudojama kaip kavos pakaitalas. Puikiai mal\u0161ina galvos skausm\u0105, \u0161alina pykinimo simptomus. Padeda numal\u0161inti kosul\u012f, gydyti slog\u0105, laringit\u0105. Silpnina nuovargio jausm\u0105 ir ma\u017eina kar\u0161\u010diavim\u0105.<\/p>\n<div id=\"gtx-trans\">\n<div class=\"gtx-trans-icon\"><\/div>\n<\/div>\n<\/div>\n<div id=\"shoptimizer-sticky-anchor\"><\/div>\n<form id=\"sticky-scroll\" class=\"variations_form cart\" action=\"https:\/\/nefertiti-eg.com\/lt\/shop\/herbs\/lemongrass-tea\/\" enctype=\"multipart\/form-data\" method=\"post\" data-product_id=\"53893\" data-product_variations=\"[{&quot;attributes&quot;:{&quot;attribute_pa_weight&quot;:&quot;75-g-lt&quot;},&quot;availability_html&quot;:&quot;&quot;,&quot;backorders_allowed&quot;:false,&quot;dimensions&quot;:{&quot;length&quot;:&quot;&quot;,&quot;width&quot;:&quot;&quot;,&quot;height&quot;:&quot;&quot;},&quot;dimensions_html&quot;:&quot;N\\\/A&quot;,&quot;display_price&quot;:13,&quot;display_regular_price&quot;:13,&quot;image&quot;:{&quot;title&quot;:&quot;lemongrass&quot;,&quot;caption&quot;:&quot;&quot;,&quot;url&quot;:&quot;https:\\\/\\\/nefertiti-eg.com\\\/wp-content\\\/uploads\\\/2015\\\/06\\\/lemongrass.webp&quot;,&quot;alt&quot;:&quot;lemongrass&quot;,&quot;src&quot;:&quot;https:\\\/\\\/nefertiti-eg.com\\\/wp-content\\\/uploads\\\/2015\\\/06\\\/lemongrass-600x728.webp&quot;,&quot;srcset&quot;:&quot;https:\\\/\\\/nefertiti-eg.com\\\/wp-content\\\/uploads\\\/2015\\\/06\\\/lemongrass-600x728.webp 600w, https:\\\/\\\/nefertiti-eg.com\\\/wp-content\\\/uploads\\\/2015\\\/06\\\/lemongrass-300x364.webp 300w, https:\\\/\\\/nefertiti-eg.com\\\/wp-content\\\/uploads\\\/2015\\\/06\\\/lemongrass-150x182.webp 150w, https:\\\/\\\/nefertiti-eg.com\\\/wp-content\\\/uploads\\\/2015\\\/06\\\/lemongrass-247x300.webp 247w, https:\\\/\\\/nefertiti-eg.com\\\/wp-content\\\/uploads\\\/2015\\\/06\\\/lemongrass-844x1024.webp 844w, https:\\\/\\\/nefertiti-eg.com\\\/wp-content\\\/uploads\\\/2015\\\/06\\\/lemongrass-768x931.webp 768w, https:\\\/\\\/nefertiti-eg.com\\\/wp-content\\\/uploads\\\/2015\\\/06\\\/lemongrass-441x535.webp 441w, https:\\\/\\\/nefertiti-eg.com\\\/wp-content\\\/uploads\\\/2015\\\/06\\\/lemongrass.webp 940w&quot;,&quot;sizes&quot;:&quot;(max-width: 600px) 100vw, 600px&quot;,&quot;full_src&quot;:&quot;https:\\\/\\\/nefertiti-eg.com\\\/wp-content\\\/uploads\\\/2015\\\/06\\\/lemongrass.webp&quot;,&quot;full_src_w&quot;:940,&quot;full_src_h&quot;:1140,&quot;gallery_thumbnail_src&quot;:&quot;https:\\\/\\\/nefertiti-eg.com\\\/wp-content\\\/uploads\\\/2015\\\/06\\\/lemongrass.webp&quot;,&quot;gallery_thumbnail_src_w&quot;:150,&quot;gallery_thumbnail_src_h&quot;:182,&quot;thumb_src&quot;:&quot;https:\\\/\\\/nefertiti-eg.com\\\/wp-content\\\/uploads\\\/2015\\\/06\\\/lemongrass-300x364.webp&quot;,&quot;thumb_src_w&quot;:300,&quot;thumb_src_h&quot;:364,&quot;src_w&quot;:600,&quot;src_h&quot;:728},&quot;image_id&quot;:275816,&quot;is_downloadable&quot;:false,&quot;is_in_stock&quot;:true,&quot;is_purchasable&quot;:true,&quot;is_sold_individually&quot;:&quot;no&quot;,&quot;is_virtual&quot;:false,&quot;max_qty&quot;:&quot;&quot;,&quot;min_qty&quot;:1,&quot;price_html&quot;:&quot;&quot;,&quot;sku&quot;:&quot;&quot;,&quot;variation_description&quot;:&quot;&quot;,&quot;variation_id&quot;:76818,&quot;variation_is_active&quot;:true,&quot;variation_is_visible&quot;:true,&quot;weight&quot;:&quot;150&quot;,&quot;weight_html&quot;:&quot;150 g&quot;,&quot;max_qty_reached&quot;:false}]\">\n<div class=\"woovr-variations woovr-variations-default\" data-click=\"1\" data-description=\"no\">\n<div class=\"woovr-variation woovr-variation-radio woovr-variation-active\" style=\"box-sizing: border-box; display: flex; align-items: center; cursor: pointer; margin-left: -5px; margin-right: -5px;\" data-id=\"76818\" data-pid=\"53893\" data-sku=\"\" data-purchasable=\"yes\" data-attrs=\"{&quot;attribute_pa_weight&quot;:&quot;75-g-lt&quot;}\" data-price=\"13\" data-regular-price=\"13\" data-pricehtml=\"&lt;span class=&quot;woocommerce-Price-amount amount&quot;&gt;&lt;bdi&gt;&lt;span class=&quot;woocommerce-Price-currencySymbol&quot;&gt;$&lt;\/span&gt;13.00&lt;\/bdi&gt;&lt;\/span&gt;\" data-imagesrc=\"https:\/\/nefertiti-eg.com\/wp-content\/uploads\/2015\/06\/lemongrass-300x364.webp\" data-availability=\"\" data-weight=\"150 g\" data-dimensions=\"N\/A\" data-images=\"no\"><\/div>\n<\/div>\n<\/form>\n<p>&nbsp;<\/p>\n","protected":false},"featured_media":13444,"comment_status":"open","ping_status":"closed","template":"","meta":[],"product_brand":[],"product_cat":[186],"product_tag":[],"class_list":{"0":"post-10925","1":"product","2":"type-product","3":"status-publish","4":"has-post-thumbnail","6":"product_cat-herbs","8":"first","9":"instock","10":"shipping-taxable","11":"purchasable","12":"product-type-variable","13":"has-default-attributes"},"_links":{"self":[{"href":"https:\/\/airshiptrips.com\/lt\/wp-json\/wp\/v2\/product\/10925","targetHints":{"allow":["GET"]}}],"collection":[{"href":"https:\/\/airshiptrips.com\/lt\/wp-json\/wp\/v2\/product"}],"about":[{"href":"https:\/\/airshiptrips.com\/lt\/wp-json\/wp\/v2\/types\/product"}],"replies":[{"embeddable":true,"href":"https:\/\/airshiptrips.com\/lt\/wp-json\/wp\/v2\/comments?post=10925"}],"wp:featuredmedia":[{"embeddable":true,"href":"https:\/\/airshiptrips.com\/lt\/wp-json\/wp\/v2\/media\/13444"}],"wp:attachment":[{"href":"https:\/\/airshiptrips.com\/lt\/wp-json\/wp\/v2\/media?parent=10925"}],"wp:term":[{"taxonomy":"product_brand","embeddable":true,"href":"https:\/\/airshiptrips.com\/lt\/wp-json\/wp\/v2\/product_brand?post=10925"},{"taxonomy":"product_cat","embeddable":true,"href":"https:\/\/airshiptrips.com\/lt\/wp-json\/wp\/v2\/product_cat?post=10925"},{"taxonomy":"product_tag","embeddable":true,"href":"https:\/\/airshiptrips.com\/lt\/wp-json\/wp\/v2\/product_tag?post=10925"}],"curies":[{"name":"wp","href":"https:\/\/api.w.org\/{rel}","templated":true}]}}